{"id":106,"date":"2017-10-25T12:41:08","date_gmt":"2017-10-25T12:41:08","guid":{"rendered":"http:\/\/www.technidor.com\/?page_id=106"},"modified":"2023-03-10T11:18:37","modified_gmt":"2023-03-10T11:18:37","slug":"texto-legal-y-politica-de-privacidad","status":"publish","type":"page","link":"https:\/\/www.technidor.com\/index.php\/texto-legal-y-politica-de-privacidad\/","title":{"rendered":"Aviso Legal"},"content":{"rendered":"<p>CONDICIONES DE USO DE LA WEB<\/p>\n<p>Condiciones de uso de la web de EL TITULAR<\/p>\n<p>1) IDENTIDAD DEL TITULAR DEL WEB<\/p>\n<p>TECHNIDOR S.L, en adelante EL TITULAR es una entidad mercantil de nacionalidad espa\u00f1ola, con domicilio en Av. Mare de D\u00e9u de Montserrat 2 bajos, 08970 Sant Joan Desp\u00ed (Barcelona), C.I.F. N\u00ba B-08753006 y tel\u00e9fono 934 560 200.<\/p>\n<p>2) ACEPTACI\u00d3N DE LAS CONDICIONES DE USO<\/p>\n<p>Las presentes Condiciones de Uso tienen por objeto regular el uso de los servicios que TECHNIDOR, S.L. pone gratuitamente a disposici\u00f3n de los Usuarios del sitio Web www.technidor.com<\/p>\n<p>TECHNIDOR, S.L. puede ofrecer a trav\u00e9s del mismo, servicios o productos sometidos a unas condiciones particulares propias que, seg\u00fan los casos, sustituyen, completan y\/o modifican las presentes Condiciones, y sobre las cuales se informar\u00e1 al Usuario en cada caso concreto.<\/p>\n<p>3) USO CORRECTO DEL SITIO WEB<\/p>\n<p>El Usuario se compromete a utilizar el sitio Web, los contenidos y servicios, de conformidad con la Ley, las presentes Condiciones de Uso, las buenas costumbres y el orden p\u00fablico. Del mismo modo, el Usuario se obliga a no utilizar el sitio Web o los servicios que se presten a trav\u00e9s de \u00e9l, con fines o efectos il\u00edcitos o contrarios al contenido de las presentes Condiciones de Uso, lesivos de los intereses o derechos de terceros, o que de cualquier forma puedan da\u00f1ar, inutilizar o deteriorar el sitio Web o sus servicios, o impedir un normal disfrute del mismo por otros Usuarios.<\/p>\n<p>Asimismo, el Usuario se compromete expresamente a no destruir, alterar, inutilizar o, de cualquier otra forma, da\u00f1ar los datos, programas o documentos electr\u00f3nicos y dem\u00e1s que se encuentren en los sitios Web de EL TITULAR.<\/p>\n<p>El Usuario se compromete a no obstaculizar el acceso de otros usuarios al servicio de acceso mediante el consumo masivo de los recursos inform\u00e1ticos a trav\u00e9s de los cuales TECHNIDOR, S.L. presta el servicio, as\u00ed como realizar acciones que da\u00f1en, interrumpan o generen errores en dichos sistemas.<\/p>\n<p>El Usuario se compromete a no introducir programas, virus, macros, applets, controles ActiveX o cualquier otro dispositivo l\u00f3gico o secuencia de caracteres, que causen o sean susceptibles de causar cualquier tipo de alteraci\u00f3n en los sistemas inform\u00e1ticos de TECHNIDOR, S.L. o de terceros.<\/p>\n<p>4) PUBLICIDAD<\/p>\n<p>Parte del sitio web puede albergar contenidos publicitarios o estar patrocinado. Los anunciantes y patrocinadores son los \u00fanicos responsables de asegurarse que el material remitido para su inclusi\u00f3n en el sitio web cumple con las leyes que en cada caso puedan ser de aplicaci\u00f3n. TECHNIDOR, S.L. no ser\u00e1 responsable de cualquier error, inexactitud o irregularidad que puedan albergar los contenidos publicitarios o de los patrocinadores. En todo caso, para interponer cualquier reclamaci\u00f3n relacionada con los contenidos publicitarios insertados en este sitio web pueden dirigirse a la siguiente direcci\u00f3n de correo electr\u00f3nico: info@technidor.com<\/p>\n<p>5) PROPIEDAD INTELECTUAL E INDUSTRIAL<\/p>\n<p>Todos los contenidos del sitio Web, salvo que se indique lo contrario, son titularidad exclusiva de TECHNIDOR, S.L. y, con car\u00e1cter enunciativo, que no limitativo, el dise\u00f1o gr\u00e1fico, c\u00f3digo fuente, logos, textos, gr\u00e1ficos, ilustraciones, fotograf\u00edas, y dem\u00e1s elementos que aparecen en el sitio Web. Igualmente, todos los nombres comerciales, marcas o signos distintivos de cualquier clase contenidos en el sitio Web est\u00e1n protegidos por la Ley.<\/p>\n<p>TECHNIDOR, S.L. no concede ning\u00fan tipo de licencia o autorizaci\u00f3n de uso personal al Usuario sobre sus derechos de propiedad intelectual e industrial o sobre cualquier otro derecho relacionado con el sitio Web y los servicios ofrecidos en el mismo.<\/p>\n<p>Por ello, el Usuario reconoce que la reproducci\u00f3n, distribuci\u00f3n, comercializaci\u00f3n, transformaci\u00f3n, y en general, cualquier otra forma de explotaci\u00f3n, por cualquier procedimiento, de todo o parte de los contenidos del sitio Web constituye una infracci\u00f3n de los derechos de propiedad intelectual y\/o industrial de TECHNIDOR, S.L. o del titular de los mismos.<\/p>\n<p>6) R\u00c9GIMEN DE RESPONSABILIDAD<\/p>\n<p>6.1 Responsabilidad por el Uso del Web<\/p>\n<p>El Usuario es el \u00fanico responsable de las infracciones en las que pueda incurrir o de los perjuicios que pueda causar por la utilizaci\u00f3n del sitio Web, quedando TECHNIDOR, S.L., sus socios, empresas del grupo, colaboradores, empleados y representantes, exonerados de cualquier clase de responsabilidad que se pudiera derivar por las acciones del Usuario.<\/p>\n<p>TECHNIDOR, S.L. emplear\u00e1 todos los esfuerzos y medios razonables para facilitar informaci\u00f3n actualizada y fehaciente en el sitio Web, no obstante, TECHNIDOR, S.L. no asume ninguna garant\u00eda en relaci\u00f3n con la ausencia de errores, o de posibles inexactitudes y\/u omisiones en ninguno de los contenidos accesibles a trav\u00e9s de este Web.<\/p>\n<p>El Usuario es el \u00fanico responsable frente a cualquier reclamaci\u00f3n o acci\u00f3n legal, judicial o extrajudicial, iniciada por terceras personas contra EL TITULAR basada en la utilizaci\u00f3n por el Usuario del sitio Web. En su caso, el Usuario asumir\u00e1 cuantos gastos, costes e indemnizaciones sean irrogados a TECHNIDOR, S.L. con motivo de tales reclamaciones o acciones legales.<\/p>\n<p>6.2. Responsabilidad por el funcionamiento del Web<\/p>\n<p>TECHNIDOR, S.L. excluye toda responsabilidad que se pudiera derivar de interferencias, omisiones, interrupciones, virus inform\u00e1ticos, aver\u00edas telef\u00f3nicas o desconexiones en el funcionamiento operativo del sistema electr\u00f3nico, motivado por causas ajenas a TECHNIDOR, S.L..<\/p>\n<p>Asimismo, TECHNIDOR, S.L. tambi\u00e9n excluye cualquier responsabilidad que pudiera derivarse por retrasos o bloqueos en el funcionamiento operativo de este sistema electr\u00f3nico causado por deficiencias o sobre carga en las l\u00edneas telef\u00f3nicas o en Internet, as\u00ed como de da\u00f1os causados por terceras personas mediante intromisiones ilegitimas fuera del control de TECHNIDOR, S.L..<\/p>\n<p>TECHNIDOR, S.L. est\u00e1 facultado para suspender temporalmente, y sin previo aviso, la accesibilidad al sitio Web con motivo de operaciones de mantenimiento, reparaci\u00f3n, actualizaci\u00f3n o mejora.<\/p>\n<p>6.3. Responsabilidad por links<\/p>\n<p>Los enlaces o links contenidos en el sitio Web pueden conducir al Usuario a otros sitios Web gestionados por terceros.<\/p>\n<p>TECHNIDOR, S.L. declina cualquier responsabilidad respecto a la informaci\u00f3n que se halle fuera de su sitio Web, ya que la funci\u00f3n de los links que aparecen es \u00fanicamente la de informar al Usuario sobre la existencia de otras fuentes de informaci\u00f3n sobre un tema en concreto.<\/p>\n<p>TECHNIDOR, S.L. queda exonerado de toda responsabilidad por el correcto funcionamiento de tales enlaces, del resultado obtenido a trav\u00e9s de dichos enlaces, de la veracidad y licitud del contenido o informaci\u00f3n a la que se puede acceder, as\u00ed como de los perjuicios que pueda sufrir el Usuario en virtud de la informaci\u00f3n encontrada en el sitio Web enlazado.<\/p>\n<p>7) POL\u00cdTICA RESPECTO A LOS DATOS PERSONALES OBTENIDOS A TRAV\u00c9S DEL SITIO WEB<\/p>\n<p>7.1. A trav\u00e9s de formularios<\/p>\n<p>El prop\u00f3sito de este Aviso Legal, es informar a los usuarios de <u>www.technidor.com<\/u>, domiciliada en, Avinguda Mare de Deu de Montserrat, 2, Nau C\u00a0 cuya raz\u00f3n social del Responsable del tratamiento es TECHNIDOR, S.L. , de cu\u00e1l es su <strong>pol\u00edtica de protecci\u00f3n de la privacidad y confidencialidad de los datos de car\u00e1cter personal<\/strong> seg\u00fan el Reglamento General de Protecci\u00f3n de Datos (RGPD) que sus usuarios facilitan de forma libre y voluntaria.<\/p>\n<p>TECHNIDOR, S.L.\u00a0 pone en su conocimiento que dispone de sus datos de car\u00e1cter personal especificados en el correspondiente registro de actividades del tratamiento de la empresa denominado Gesti\u00f3n de Usuarios Web.<\/p>\n<p>La base legal para el tratamiento de sus datos es el consentimiento obtenido del propio titular del tratamiento en el momento de cumplimentar nuestros formularios on-line y aceptar de forma expresa el mismo.<\/p>\n<p>La finalidad de la creaci\u00f3n, existencia y mantenimiento es el tratamiento de los datos con los exclusivos fines de de poder hacer efectiva la solicitud de informaci\u00f3n.<\/p>\n<p>Los destinatarios de la informaci\u00f3n son todos los departamentos, compartimentos, locales y entes asociados en los que se organiza TECHNIDOR, S.L.\u00a0 y no ser\u00e1n cedidos a ning\u00fan tercero salvo en los casos que exista una obligaci\u00f3n legal.<\/p>\n<p>En todo caso, usted tiene derecho a obtener confirmaci\u00f3n sobre si en TECHNIDOR, S.L. \u00a0estamos tratando sus datos personales por tanto tiene derecho a acceder a sus datos personales, rectificar los datos inexactos o solicitar su supresi\u00f3n cuando los datos ya no sean necesarios.<\/p>\n<p>Todos los campos del formulario on-line marcados como requeridos son de obligada cumplimentaci\u00f3n para poder hacer efectiva su solicitud de informaci\u00f3n.<\/p>\n<p>La Web <u>www.technidor.com<\/u> ha adoptado las medidas de \u00edndole t\u00e9cnica y organizativas necesarias, seg\u00fan el nivel de seguridad de protecci\u00f3n de datos que le corresponde legalmente, para garantizar la seguridad del tratamiento de datos de car\u00e1cter personal que constituyen su fichero automatizado. Sin embargo, el usuario debe ser consciente de que en la actualidad las medidas de seguridad en Internet no son inexpugnables y por lo tanto no se est\u00e1 a salvo de posibles intromisiones ilegales e indebidas, que no ser\u00edan responsabilidad de TECHNIDOR, S.L. , ya que ella ha actuado con la diligencia debida para proteger los datos conforme determina la ley.<\/p>\n<p>La pol\u00edtica de cookies de la Web <u>www.technidor.com<\/u> se encuentra determinada en el apartado correspondiente<\/p>\n<p>La Web <u>www.technidor.com<\/u> har\u00e1 todo lo posible porque sus datos est\u00e9n siempre actualizados. No obstante, la responsabilidad acerca de la calidad de los datos depende del titular de ellos, de ah\u00ed que si existe alguna modificaci\u00f3n de los datos el usuario de la web los comunicar\u00e1 al Responsable del Fichero, declinando esta toda responsabilidad en caso de que omita su obligaci\u00f3n de notificar los cambios.<\/p>\n<p>La prestaci\u00f3n del servicio de esta Web y las presentes condiciones de Uso del Sitio Web se rigen por la Ley Espa\u00f1ola. Para cualquier discrepancia en la ejecuci\u00f3n, interpretaci\u00f3n, cumplimiento de estas condiciones, las partes se someten a los Juzgados y Tribunales competentes.<\/p>\n<p>7.2. A trav\u00e9s de Cookies<\/p>\n<p>Este Web utiliza cookies. Los cookies son peque\u00f1os ficheros de datos que se generan en el ordenador del usuario y que nos permiten conocer la siguiente informaci\u00f3n:<\/p>\n<p>La fecha y la hora de la \u00faltima vez que el Usuario visit\u00f3 el sitio Web, as\u00ed como el tiempo dedicado.<br \/>\nLas p\u00e1ginas de destino que ha visitado i las acciones realizadas en las mismas.<br \/>\nElementos de seguridad que intervienen en el control de acceso a las \u00e1reas restringidas.<\/p>\n<p>Esta web utiliza cookies de Google:\u00a0<a href=\"http:\/\/www.technidor.com\/index.php\/politica-de-cookies\/\">Pol\u00edticas de cookies de Google<\/a><\/p>\n<p>7.3. Confidencialidad<\/p>\n<p>TECHNIDOR, S.L. se compromete al cumplimiento de su obligaci\u00f3n de secreto de los datos de car\u00e1cter personal y de su deber de guardarlos de forma confidencial y adoptar\u00e1 las medidas necesarias para evitar su alteraci\u00f3n, p\u00e9rdida, tratamiento o acceso no autorizado, habida cuenta en todo momento del estado de la tecnolog\u00eda.<\/p>\n<p>8) OBSERVACIONES DEL USUARIO<\/p>\n<p>El Usuario garantiza que la informaci\u00f3n, material, contenidos u observaciones que no sean sus propios datos personales y que sean facilitados a TECHNIDOR, S.L. a trav\u00e9s del sitio Web, no infringen los derechos de propiedad intelectual o industrial de terceros, ni ninguna otra disposici\u00f3n legal. La informaci\u00f3n, materiales, contenidos u observaciones que el Usuario facilite a TECHNIDOR, S.L., se considerar\u00e1n no confidenciales, reserv\u00e1ndose TECHNIDOR, S.L. el derecho a usarlos de la forma que considere m\u00e1s adecuada.<\/p>\n<p>9) MODIFICACIONES DE LAS CONDICIONES DE USO<\/p>\n<p>EL TITULAR se reserva el derecho a modificar, desarrollar o actualizar en cualquier momento y sin previa notificaci\u00f3n, las Condiciones de Uso del presente sitio Web. El Usuario quedar\u00e1 obligado autom\u00e1ticamente por las Condiciones de Uso que se hallen vigentes en el momento en que acceda al sitio Web, por lo que deber\u00e1 leer peri\u00f3dicamente dichas Condiciones de Uso.<\/p>\n<p>10) LEY APLICABLE Y JURISDICCI\u00d3N<\/p>\n<p>La relaci\u00f3n entre EL TIULAR y el Usuario se regir\u00e1 por la normativa espa\u00f1ola vigente y cualquier controversia se someter\u00e1 a los Juzgados y Tribunales del domicilio del usuario.<\/p>\n","protected":false},"excerpt":{"rendered":"<p>CONDICIONES DE USO DE LA WEB Condiciones de uso de la web de EL TITULAR 1) IDENTIDAD DEL TITULAR DEL WEB TECHNIDOR S.L, en adelante EL TITULAR es una entidad mercantil de nacionalidad espa\u00f1ola, con domicilio en Av. Mare de D\u00e9u de Montserrat 2 bajos, 08970 Sant Joan Desp\u00ed (Barcelona), C.I.F. N\u00ba B-08753006 y tel\u00e9fono&hellip;<\/p>\n<p class=\"more-link\"><a href=\"https:\/\/www.technidor.com\/index.php\/texto-legal-y-politica-de-privacidad\/\" class=\"themebutton2\">Leer m\u00e1s<\/a><\/p>\n","protected":false},"author":2,"featured_media":0,"parent":0,"menu_order":0,"comment_status":"closed","ping_status":"closed","template":"","meta":{"_uf_show_specific_survey":0,"_uf_disable_surveys":false,"footnotes":""},"class_list":["post-106","page","type-page","status-publish","hentry"],"aioseo_notices":[],"_links":{"self":[{"href":"https:\/\/www.technidor.com\/index.php\/wp-json\/wp\/v2\/pages\/106","targetHints":{"allow":["GET"]}}],"collection":[{"href":"https:\/\/www.technidor.com\/index.php\/wp-json\/wp\/v2\/pages"}],"about":[{"href":"https:\/\/www.technidor.com\/index.php\/wp-json\/wp\/v2\/types\/page"}],"author":[{"embeddable":true,"href":"https:\/\/www.technidor.com\/index.php\/wp-json\/wp\/v2\/users\/2"}],"replies":[{"embeddable":true,"href":"https:\/\/www.technidor.com\/index.php\/wp-json\/wp\/v2\/comments?post=106"}],"version-history":[{"count":5,"href":"https:\/\/www.technidor.com\/index.php\/wp-json\/wp\/v2\/pages\/106\/revisions"}],"predecessor-version":[{"id":4673,"href":"https:\/\/www.technidor.com\/index.php\/wp-json\/wp\/v2\/pages\/106\/revisions\/4673"}],"wp:attachment":[{"href":"https:\/\/www.technidor.com\/index.php\/wp-json\/wp\/v2\/media?parent=106"}],"curies":[{"name":"wp","href":"https:\/\/api.w.org\/{rel}","templated":true}]}}