{"id":1240,"date":"2018-03-06T17:39:12","date_gmt":"2018-03-06T17:39:12","guid":{"rendered":"http:\/\/www.technidor.com\/?page_id=1240"},"modified":"2018-05-14T15:52:27","modified_gmt":"2018-05-14T15:52:27","slug":"plasticos-tecnicos","status":"publish","type":"page","link":"https:\/\/www.technidor.com\/index.php\/estanqueidad-dinamica-y-estatica\/plasticos-tecnicos\/","title":{"rendered":"Pl\u00e1sticos T\u00e9cnicos"},"content":{"rendered":"<div id=\"pl-1240\"  class=\"panel-layout\" ><div id=\"pg-1240-0\"  class=\"panel-grid panel-no-style\" ><div id=\"pgc-1240-0-0\"  class=\"panel-grid-cell\" ><div id=\"panel-1240-0-0-0\" class=\"so-panel widget widget_sow-hero panel-first-child\" data-index=\"0\" ><div\n\t\t\t\n\t\t\tclass=\"so-widget-sow-hero so-widget-sow-hero-default-eb77c8863727-1240 so-widget-fittext-wrapper\"\n\t\t\t data-fit-text-compressor=\"0.85\"\n\t\t>\t\t\t\t<div class=\"sow-slider-base\" style=\"display: none\" tabindex=\"0\">\n\t\t\t\t\t<ul\n\t\t\t\t\tclass=\"sow-slider-images\"\n\t\t\t\t\tdata-settings=\"{&quot;pagination&quot;:true,&quot;speed&quot;:800,&quot;timeout&quot;:8000,&quot;paused&quot;:false,&quot;pause_on_hover&quot;:false,&quot;swipe&quot;:true,&quot;nav_always_show_desktop&quot;:&quot;&quot;,&quot;nav_always_show_mobile&quot;:&quot;&quot;,&quot;breakpoint&quot;:&quot;780px&quot;,&quot;unmute&quot;:false,&quot;anchor&quot;:null}\"\n\t\t\t\t\t\t\t\t\t\tdata-anchor-id=\"\"\n\t\t\t\t>\t\t<li class=\"sow-slider-image\" style=\"visibility: visible;;background-color: #ffffff\" >\n\t\t\t\t\t<div class=\"sow-slider-image-container\">\n\t\t\t<div class=\"sow-slider-image-wrapper\">\n\t\t\t\t<p><img loading=\"lazy\" decoding=\"async\" class=\"alignnone size-medium wp-image-1389\" src=\"http:\/\/www.technidor.com\/wp-content\/uploads\/2018\/03\/Fluorten-Logo-300x63.png\" alt=\"\" width=\"300\" height=\"63\" srcset=\"https:\/\/www.technidor.com\/wp-content\/uploads\/2018\/03\/Fluorten-Logo-300x63.png 300w, https:\/\/www.technidor.com\/wp-content\/uploads\/2018\/03\/Fluorten-Logo.png 606w\" sizes=\"auto, (max-width: 300px) 100vw, 300px\" \/><\/p>\t\t\t<\/div>\n\t\t<\/div>\n\t\t\t\t<\/li>\n\t\t<\/ul>\t\t\t\t<ol class=\"sow-slider-pagination\">\n\t\t\t\t\t\t\t\t\t\t\t<li><a href=\"#\" data-goto=\"0\" aria-label=\"mostrar diapositiva 1\"><\/a><\/li>\n\t\t\t\t\t\t\t\t\t<\/ol>\n\n\t\t\t\t<div class=\"sow-slide-nav sow-slide-nav-next\">\n\t\t\t\t\t<a href=\"#\" data-goto=\"next\" aria-label=\"diapositiva siguiente\" data-action=\"next\">\n\t\t\t\t\t\t<em class=\"sow-sld-icon-thin-right\"><\/em>\n\t\t\t\t\t<\/a>\n\t\t\t\t<\/div>\n\n\t\t\t\t<div class=\"sow-slide-nav sow-slide-nav-prev\">\n\t\t\t\t\t<a href=\"#\" data-goto=\"previous\" aria-label=\"diapositiva anterior\" data-action=\"prev\">\n\t\t\t\t\t\t<em class=\"sow-sld-icon-thin-left\"><\/em>\n\t\t\t\t\t<\/a>\n\t\t\t\t<\/div>\n\t\t\t\t<\/div><\/div><\/div><div id=\"panel-1240-0-0-1\" class=\"so-panel widget widget_media_gallery panel-last-child\" data-index=\"1\" >\n\t\t<style type=\"text\/css\">\n\t\t\t#gallery-1 {\n\t\t\t\tmargin: auto;\n\t\t\t}\n\t\t\t#gallery-1 .gallery-item {\n\t\t\t\tfloat: left;\n\t\t\t\tmargin-top: 10px;\n\t\t\t\ttext-align: center;\n\t\t\t\twidth: 100%;\n\t\t\t}\n\t\t\t#gallery-1 img {\n\t\t\t\tborder: 2px solid #cfcfcf;\n\t\t\t}\n\t\t\t#gallery-1 .gallery-caption {\n\t\t\t\tmargin-left: 0;\n\t\t\t}\n\t\t\t\/* see gallery_shortcode() in wp-includes\/media.php *\/\n\t\t<\/style>\n\t\t<div id='gallery-1' class='gallery galleryid-1240 gallery-columns-1 gallery-size-medium'><dl class='gallery-item'>\n\t\t\t<dt class='gallery-icon landscape'>\n\t\t\t\t<a href='https:\/\/www.technidor.com\/wp-content\/uploads\/2018\/03\/PTFE_Fluoropolymers.jpg'><img loading=\"lazy\" decoding=\"async\" width=\"300\" height=\"139\" src=\"https:\/\/www.technidor.com\/wp-content\/uploads\/2018\/03\/PTFE_Fluoropolymers-300x139.jpg\" class=\"attachment-medium size-medium\" alt=\"\" aria-describedby=\"gallery-1-1390\" srcset=\"https:\/\/www.technidor.com\/wp-content\/uploads\/2018\/03\/PTFE_Fluoropolymers-300x139.jpg 300w, https:\/\/www.technidor.com\/wp-content\/uploads\/2018\/03\/PTFE_Fluoropolymers-768x356.jpg 768w, https:\/\/www.technidor.com\/wp-content\/uploads\/2018\/03\/PTFE_Fluoropolymers-1024x474.jpg 1024w, https:\/\/www.technidor.com\/wp-content\/uploads\/2018\/03\/PTFE_Fluoropolymers.jpg 1440w\" sizes=\"auto, (max-width: 300px) 100vw, 300px\" \/><\/a>\n\t\t\t<\/dt>\n\t\t\t\t<dd class='wp-caption-text gallery-caption' id='gallery-1-1390'>\n\t\t\t\tPTFE y Fluoropol\u00edmeros\n\t\t\t\t<\/dd><\/dl><br style=\"clear: both\" \/><dl class='gallery-item'>\n\t\t\t<dt class='gallery-icon landscape'>\n\t\t\t\t<a href='https:\/\/www.technidor.com\/wp-content\/uploads\/2018\/03\/Technopolymer-injection-moulding.jpg'><img loading=\"lazy\" decoding=\"async\" width=\"300\" height=\"139\" src=\"https:\/\/www.technidor.com\/wp-content\/uploads\/2018\/03\/Technopolymer-injection-moulding-300x139.jpg\" class=\"attachment-medium size-medium\" alt=\"\" aria-describedby=\"gallery-1-1397\" srcset=\"https:\/\/www.technidor.com\/wp-content\/uploads\/2018\/03\/Technopolymer-injection-moulding-300x139.jpg 300w, https:\/\/www.technidor.com\/wp-content\/uploads\/2018\/03\/Technopolymer-injection-moulding-768x356.jpg 768w, https:\/\/www.technidor.com\/wp-content\/uploads\/2018\/03\/Technopolymer-injection-moulding-1024x474.jpg 1024w, https:\/\/www.technidor.com\/wp-content\/uploads\/2018\/03\/Technopolymer-injection-moulding.jpg 1440w\" sizes=\"auto, (max-width: 300px) 100vw, 300px\" \/><\/a>\n\t\t\t<\/dt>\n\t\t\t\t<dd class='wp-caption-text gallery-caption' id='gallery-1-1397'>\n\t\t\t\tMoldeo por inyecci\u00f3n de tecnopol\u00edmeros\n\t\t\t\t<\/dd><\/dl><br style=\"clear: both\" \/><dl class='gallery-item'>\n\t\t\t<dt class='gallery-icon landscape'>\n\t\t\t\t<a href='https:\/\/www.technidor.com\/wp-content\/uploads\/2018\/03\/Ball-valve-components.jpg'><img loading=\"lazy\" decoding=\"async\" width=\"300\" height=\"139\" src=\"https:\/\/www.technidor.com\/wp-content\/uploads\/2018\/03\/Ball-valve-components-300x139.jpg\" class=\"attachment-medium size-medium\" alt=\"\" aria-describedby=\"gallery-1-1398\" srcset=\"https:\/\/www.technidor.com\/wp-content\/uploads\/2018\/03\/Ball-valve-components-300x139.jpg 300w, https:\/\/www.technidor.com\/wp-content\/uploads\/2018\/03\/Ball-valve-components-768x356.jpg 768w, https:\/\/www.technidor.com\/wp-content\/uploads\/2018\/03\/Ball-valve-components-1024x474.jpg 1024w, https:\/\/www.technidor.com\/wp-content\/uploads\/2018\/03\/Ball-valve-components.jpg 1440w\" sizes=\"auto, (max-width: 300px) 100vw, 300px\" \/><\/a>\n\t\t\t<\/dt>\n\t\t\t\t<dd class='wp-caption-text gallery-caption' id='gallery-1-1398'>\n\t\t\t\tComponentes de v\u00e1lvula de bolas\n\t\t\t\t<\/dd><\/dl><br style=\"clear: both\" \/><dl class='gallery-item'>\n\t\t\t<dt class='gallery-icon landscape'>\n\t\t\t\t<a href='https:\/\/www.technidor.com\/wp-content\/uploads\/2018\/03\/VICTREX-PEEK.jpg'><img loading=\"lazy\" decoding=\"async\" width=\"300\" height=\"139\" src=\"https:\/\/www.technidor.com\/wp-content\/uploads\/2018\/03\/VICTREX-PEEK-300x139.jpg\" class=\"attachment-medium size-medium\" alt=\"\" aria-describedby=\"gallery-1-1411\" srcset=\"https:\/\/www.technidor.com\/wp-content\/uploads\/2018\/03\/VICTREX-PEEK-300x139.jpg 300w, https:\/\/www.technidor.com\/wp-content\/uploads\/2018\/03\/VICTREX-PEEK-768x356.jpg 768w, https:\/\/www.technidor.com\/wp-content\/uploads\/2018\/03\/VICTREX-PEEK-1024x474.jpg 1024w, https:\/\/www.technidor.com\/wp-content\/uploads\/2018\/03\/VICTREX-PEEK.jpg 1440w\" sizes=\"auto, (max-width: 300px) 100vw, 300px\" \/><\/a>\n\t\t\t<\/dt>\n\t\t\t\t<dd class='wp-caption-text gallery-caption' id='gallery-1-1411'>\n\t\t\t\tVICTREX\u00aePEEK\n\t\t\t\t<\/dd><\/dl><br style=\"clear: both\" \/><dl class='gallery-item'>\n\t\t\t<dt class='gallery-icon landscape'>\n\t\t\t\t<a href='https:\/\/www.technidor.com\/wp-content\/uploads\/2018\/03\/Productos-semicacabados-Victrex-_PCTFE.jpg'><img loading=\"lazy\" decoding=\"async\" width=\"300\" height=\"139\" src=\"https:\/\/www.technidor.com\/wp-content\/uploads\/2018\/03\/Productos-semicacabados-Victrex-_PCTFE-300x139.jpg\" class=\"attachment-medium size-medium\" alt=\"\" aria-describedby=\"gallery-1-1412\" srcset=\"https:\/\/www.technidor.com\/wp-content\/uploads\/2018\/03\/Productos-semicacabados-Victrex-_PCTFE-300x139.jpg 300w, https:\/\/www.technidor.com\/wp-content\/uploads\/2018\/03\/Productos-semicacabados-Victrex-_PCTFE-768x356.jpg 768w, https:\/\/www.technidor.com\/wp-content\/uploads\/2018\/03\/Productos-semicacabados-Victrex-_PCTFE-1024x474.jpg 1024w, https:\/\/www.technidor.com\/wp-content\/uploads\/2018\/03\/Productos-semicacabados-Victrex-_PCTFE.jpg 1440w\" sizes=\"auto, (max-width: 300px) 100vw, 300px\" \/><\/a>\n\t\t\t<\/dt>\n\t\t\t\t<dd class='wp-caption-text gallery-caption' id='gallery-1-1412'>\n\t\t\t\tProductos semicabados VICTREX y PCTFE\n\t\t\t\t<\/dd><\/dl><br style=\"clear: both\" \/>\n\t\t<\/div>\n<\/div><\/div><div id=\"pgc-1240-0-1\"  class=\"panel-grid-cell\" ><div id=\"panel-1240-0-1-0\" class=\"so-panel widget widget_sow-headline panel-first-child\" data-index=\"2\" ><div\n\t\t\t\n\t\t\tclass=\"so-widget-sow-headline so-widget-sow-headline-default-571c10ba984c-1240\"\n\t\t\t\n\t\t><div class=\"sow-headline-container \">\n\t\t\t\t\t\t\t<h3 class=\"sow-headline\">\n\t\t\t\t\t\tPTFE Y FLUOROPOLIMEROS . Producci\u00f3n de formas de stock y productos acabados a medida\t\t\t\t\t\t<\/h3>\n\t\t\t\t\t\t\t\t\t\t\t<div class=\"decoration\">\n\t\t\t\t\t\t<div class=\"decoration-inside\"><\/div>\n\t\t\t\t\t<\/div>\n\t\t\t\t\t\t\t\t\t\t\t<h4 class=\"sow-sub-headline\">\n\t\t\t\t\t\tEl PTFE es un fluoropol\u00edmero, normalmente considerado un material termopl\u00e1stico, pero con caracter\u00edsticas f\u00edsico-qu\u00edmicas que hacen que las t\u00e9cnicas de procesamiento espec\u00edficas sean esenciales.\t\t\t\t\t\t<\/h4>\n\t\t\t\t\t\t<\/div>\n<\/div><\/div><div id=\"panel-1240-0-1-1\" class=\"so-panel widget widget_sow-editor\" data-index=\"3\" ><div\n\t\t\t\n\t\t\tclass=\"so-widget-sow-editor so-widget-sow-editor-base\"\n\t\t\t\n\t\t>\n<div class=\"siteorigin-widget-tinymce textwidget\">\n\t<p class=\"tw-data-text tw-ta tw-text-small\" dir=\"ltr\" data-placeholder=\"Traducci\u00f3n\"><span lang=\"es\"><strong>FLUORTEN\u00a0<\/strong> utiliza PTFE solo virgen de primera calidad, califica materias primas puras y rellenas de PTFE est\u00e1 equipado con m\u00e1quinas modernas para la <strong>producci\u00f3n de formas de stock<\/strong>\u00a0y<strong>\u00a0productos terminados a medida.<\/strong><\/span><\/p>\n<p class=\"tw-data-text tw-ta tw-text-small\" dir=\"ltr\" data-placeholder=\"Traducci\u00f3n\"><strong>PTFE relleno \/\/ PTFE grabado<\/strong> \/\/ Otros materiales : <strong>PFA <span lang=\"es\">\u2022<\/span> FEP <span lang=\"es\">\u2022<\/span> PVDF <span lang=\"es\">\u2022<\/span> PCTFE\u00a0<span lang=\"es\">\u2022<\/span> <\/strong><strong>RULON<sup>\u00ae <\/sup><\/strong><strong><span lang=\"es\">\u2022\u00a0<\/span>TEFZEL<sup>\u00ae\u00a0<\/sup><\/strong><\/p>\n<\/div>\n<\/div><\/div><div id=\"panel-1240-0-1-2\" class=\"so-panel widget widget_sow-headline\" data-index=\"4\" ><div\n\t\t\t\n\t\t\tclass=\"so-widget-sow-headline so-widget-sow-headline-default-571c10ba984c-1240\"\n\t\t\t\n\t\t><div class=\"sow-headline-container \">\n\t\t\t\t\t\t\t<h3 class=\"sow-headline\">\n\t\t\t\t\t\t MOLDEO POR INYECCI\u00d3N DE TECNOPOL\u00cdMEROS\t\t\t\t\t\t<\/h3>\n\t\t\t\t\t\t\t\t\t\t\t<div class=\"decoration\">\n\t\t\t\t\t\t<div class=\"decoration-inside\"><\/div>\n\t\t\t\t\t<\/div>\n\t\t\t\t\t\t\t\t\t\t\t<h4 class=\"sow-sub-headline\">\n\t\t\t\t\t\tFLUORTEN realiza moldeo por inyecci\u00f3n de peque\u00f1as y grandes series de piezas t\u00e9cnicas hechas de tecnopol\u00edmeros fluorados:\t\t\t\t\t\t<\/h4>\n\t\t\t\t\t\t<\/div>\n<\/div><\/div><div id=\"panel-1240-0-1-3\" class=\"so-panel widget widget_sow-editor\" data-index=\"5\" ><div\n\t\t\t\n\t\t\tclass=\"so-widget-sow-editor so-widget-sow-editor-base\"\n\t\t\t\n\t\t>\n<div class=\"siteorigin-widget-tinymce textwidget\">\n\t<p class=\"tw-data-text tw-ta tw-text-small\" dir=\"ltr\" data-placeholder=\"Traducci\u00f3n\">Materiales utilizados: <strong>PFA <span lang=\"es\">\u2022<\/span> FEP <span lang=\"es\">\u2022<\/span> PVDF <span lang=\"es\">\u2022<\/span> PCTFE\u00a0<span lang=\"es\">\u2022<\/span> <\/strong><strong>RULON<sup>\u00ae <\/sup><\/strong><strong><span lang=\"es\">\u2022<\/span>TEFZEL<sup>\u00ae\u00a0<\/sup><\/strong><\/p>\n<p id=\"tw-target-text\" class=\"tw-data-text tw-ta tw-text-small\" dir=\"ltr\" data-placeholder=\"Traducci\u00f3n\"><span lang=\"es\">Y en materiales de alto rendimiento: <strong>VICTREX \u00ae PEEK \u2022 Poliuretano \u2022 Policarbonato \u2022 PPS<\/strong><\/span><\/p>\n<\/div>\n<\/div><\/div><div id=\"panel-1240-0-1-4\" class=\"so-panel widget widget_sow-headline\" data-index=\"6\" ><div\n\t\t\t\n\t\t\tclass=\"so-widget-sow-headline so-widget-sow-headline-default-571c10ba984c-1240\"\n\t\t\t\n\t\t><div class=\"sow-headline-container \">\n\t\t\t\t\t\t\t<h3 class=\"sow-headline\">\n\t\t\t\t\t\tCOMPONENTES DE V\u00c1LVULA DE BOLA\t\t\t\t\t\t<\/h3>\n\t\t\t\t\t\t\t\t\t\t\t<div class=\"decoration\">\n\t\t\t\t\t\t<div class=\"decoration-inside\"><\/div>\n\t\t\t\t\t<\/div>\n\t\t\t\t\t\t\t\t\t\t\t<h4 class=\"sow-sub-headline\">\n\t\t\t\t\t\tFluorten es un fabricante l\u00edder en el mercado de componentes industriales de v\u00e1lvulas de bola como asientos, sellos, resortes y empaquetadura en PTFE y HPP - Pol\u00edmeros de alto rendimiento \t\t\t\t\t\t<\/h4>\n\t\t\t\t\t\t<\/div>\n<\/div><\/div><div id=\"panel-1240-0-1-5\" class=\"so-panel widget widget_sow-editor\" data-index=\"7\" ><div\n\t\t\t\n\t\t\tclass=\"so-widget-sow-editor so-widget-sow-editor-base\"\n\t\t\t\n\t\t>\n<div class=\"siteorigin-widget-tinymce textwidget\">\n\t<p id=\"tw-target-text\" class=\"tw-data-text tw-ta tw-text-small\" dir=\"ltr\" data-placeholder=\"Traducci\u00f3n\"><span lang=\"es\">Campo de aplicaci\u00f3n de los componentes de la v\u00e1lvula de bola \u2022 Gas de petr\u00f3leo \u2022 Qu\u00edmico \u2022 Criogenia \u2022 Farmac\u00e9utico \u2022 Calefacci\u00f3n \u2022 Marina \u2022 Agua y comida<\/span><\/p>\n<\/div>\n<\/div><\/div><div id=\"panel-1240-0-1-6\" class=\"so-panel widget widget_sow-headline\" data-index=\"8\" ><div\n\t\t\t\n\t\t\tclass=\"so-widget-sow-headline so-widget-sow-headline-default-571c10ba984c-1240\"\n\t\t\t\n\t\t><div class=\"sow-headline-container \">\n\t\t\t\t\t\t\t<h3 class=\"sow-headline\">\n\t\t\t\t\t\tVICTREX\u00aePEEK\t\t\t\t\t\t<\/h3>\n\t\t\t\t\t\t\t\t\t\t\t<div class=\"decoration\">\n\t\t\t\t\t\t<div class=\"decoration-inside\"><\/div>\n\t\t\t\t\t<\/div>\n\t\t\t\t\t\t\t\t\t\t\t<h4 class=\"sow-sub-headline\">\n\t\t\t\t\t\t PRODUCTOS SEMIACABADOS VICTREX\u00aePEEK \/ PCTFE\t\t\t\t\t\t<\/h4>\n\t\t\t\t\t\t<\/div>\n<\/div><\/div><div id=\"panel-1240-0-1-7\" class=\"so-panel widget widget_sow-editor panel-last-child\" data-index=\"9\" ><div\n\t\t\t\n\t\t\tclass=\"so-widget-sow-editor so-widget-sow-editor-base\"\n\t\t\t\n\t\t>\n<div class=\"siteorigin-widget-tinymce textwidget\">\n\t<p id=\"tw-target-text\" class=\"tw-data-text tw-ta tw-text-small\" dir=\"ltr\" data-placeholder=\"Traducci\u00f3n\"><span lang=\"es\"><strong>Campo de aplicaci\u00f3n de VICTREX\u00ae PEEK<\/strong> \u2022 El espacio a\u00e9reo como un sustituto ideal para los metales \u2022 Automotriz, debido a sus propiedades tribol\u00f3gicas y excelentes propiedades mec\u00e1nicas \u2022 Electr\u00f3nica, debido a su alta resistencia mec\u00e1nica, su alta estabilidad dimensional y resistencia a la fluencia\u00a0 \u2022 Aplicaci\u00f3n t\u00e9cnica general en la industria mec\u00e1nica \u2022 M\u00e9dico, para herramientas quir\u00fargicas y dentales \u2022 Alimentos, para elementos mec\u00e1nicos con formas complejas \u2022 Revestimiento de protecci\u00f3n para aplicaciones qu\u00edmicas, alimentarias y\u00a0 la industria en general, en entornos agresivos y corrosivos.<\/span><\/p>\n<p id=\"tw-target-text\" class=\"tw-data-text tw-ta tw-text-small\" dir=\"ltr\" data-placeholder=\"Traducci\u00f3n\"><span lang=\"es\"><strong>Campo de aplicaci\u00f3n de PCTFE (homopol\u00edmero etileno-tetrafluoroetileno)<\/strong>\u00a0<\/span><\/p>\n<p class=\"tw-data-text tw-ta tw-text-small\" dir=\"ltr\" data-placeholder=\"Traducci\u00f3n\"><span lang=\"es\">En uso cada vez m\u00e1s extendido, especialmente en la industria criog\u00e9nica. Los procesos especiales involucrados en la producci\u00f3n de hojas, barras, anillos y mangas implican el uso de equipos y maquinaria espec\u00edficamente dise\u00f1ados y construidos.<\/span><\/p>\n<\/div>\n<\/div><\/div><\/div><div id=\"pgc-1240-0-2\"  class=\"panel-grid-cell\" ><div id=\"panel-1240-0-2-0\" class=\"so-panel widget widget_sow-editor panel-first-child panel-last-child\" data-index=\"10\" ><div class=\"panel-widget-style panel-widget-style-for-1240-0-2-0\" ><div\n\t\t\t\n\t\t\tclass=\"so-widget-sow-editor so-widget-sow-editor-base\"\n\t\t\t\n\t\t>\n<div class=\"siteorigin-widget-tinymce textwidget\">\n\t<h3 style=\"text-align: center;\">Necesitas m\u00e1s informaci\u00f3n?<\/h3>\n<p style=\"text-align: center;\">\n<div class=\"wpcf7 no-js\" id=\"wpcf7-f1642-o1\" lang=\"es-ES\" dir=\"ltr\" data-wpcf7-id=\"1642\">\n<div class=\"screen-reader-response\"><p role=\"status\" aria-live=\"polite\" aria-atomic=\"true\"><\/p> <ul><\/ul><\/div>\n<form action=\"\/index.php\/wp-json\/wp\/v2\/pages\/1240#wpcf7-f1642-o1\" method=\"post\" class=\"wpcf7-form init\" aria-label=\"Formulario de contacto\" novalidate=\"novalidate\" data-status=\"init\">\n<fieldset class=\"hidden-fields-container\"><input type=\"hidden\" name=\"_wpcf7\" value=\"1642\" \/><input type=\"hidden\" name=\"_wpcf7_version\" value=\"6.1.5\" \/><input type=\"hidden\" name=\"_wpcf7_locale\" value=\"es_ES\" \/><input type=\"hidden\" name=\"_wpcf7_unit_tag\" value=\"wpcf7-f1642-o1\" \/><input type=\"hidden\" name=\"_wpcf7_container_post\" value=\"0\" \/><input type=\"hidden\" name=\"_wpcf7_posted_data_hash\" value=\"\" \/><input type=\"hidden\" name=\"_wpcf7_recaptcha_response\" value=\"\" \/>\n<\/fieldset>\n<p><label> Nombre (requerido)<br \/>\n<span class=\"wpcf7-form-control-wrap\" data-name=\"your-name\"><input size=\"40\" maxlength=\"400\" class=\"wpcf7-form-control wpcf7-text wpcf7-validates-as-required\" aria-required=\"true\" aria-invalid=\"false\" value=\"\" type=\"text\" name=\"your-name\" \/><\/span> <\/label>\n<\/p>\n<p><label> Tu correo electr\u00f3nico (requerido)<br \/>\n<span class=\"wpcf7-form-control-wrap\" data-name=\"your-email\"><input size=\"40\" maxlength=\"400\" class=\"wpcf7-form-control wpcf7-email wpcf7-validates-as-required wpcf7-text wpcf7-validates-as-email\" aria-required=\"true\" aria-invalid=\"false\" value=\"\" type=\"email\" name=\"your-email\" \/><\/span> <\/label>\n<\/p>\n<p><label> Tel\u00e9fono (requerido)<br \/>\n<span class=\"wpcf7-form-control-wrap\" data-name=\"Telefono\"><input size=\"40\" maxlength=\"400\" class=\"wpcf7-form-control wpcf7-tel wpcf7-validates-as-required wpcf7-text wpcf7-validates-as-tel\" aria-required=\"true\" aria-invalid=\"false\" value=\"\" type=\"tel\" name=\"Telefono\" \/><\/span> <\/label>\n<\/p>\n<p><label> Asunto<br \/>\n<span class=\"wpcf7-form-control-wrap\" data-name=\"your-subject\"><input size=\"40\" maxlength=\"400\" class=\"wpcf7-form-control wpcf7-text\" aria-invalid=\"false\" value=\"\" type=\"text\" name=\"your-subject\" \/><\/span> <\/label>\n<\/p>\n<p><label> Mensaje<br \/>\n<span class=\"wpcf7-form-control-wrap\" data-name=\"your-message\"><textarea cols=\"40\" rows=\"10\" maxlength=\"2000\" class=\"wpcf7-form-control wpcf7-textarea\" aria-invalid=\"false\" name=\"your-message\"><\/textarea><\/span> <\/label>\n<\/p>\n<p><small><b>Reglamento General de Protecci\u00f3n de Datos:<\/b><br \/>\nEn nombre de la empresa TECHNIDOR, S.L., propietaria del dominio web www.technidor.com y en virtud de lo establecido en el Reglamento General de Protecci\u00f3n de Datos (UE 1679\/2016) les informamos que tratamos los datos que nos facilita en el presente formulario con el fin de poder hacer efectiva su solicitud de informaci\u00f3n. Los datos proporcionados se conservar\u00e1n mientras se realiza el procesamiento de su solicitud y se le da respuesta. Usted tiene derecho a obtener confirmaci\u00f3n sobre si en TECHNIDOR, S.L. estamos tratando sus datos personales por tanto tiene derecho a acceder a sus datos personales, rectificar los inexactos o solicitar su supresi\u00f3n cuando ya no sean necesarios.<\/small>\n<\/p>\n<p><span class=\"wpcf7-form-control-wrap\" data-name=\"Consentimiento\"><span class=\"wpcf7-form-control wpcf7-acceptance\"><span class=\"wpcf7-list-item\"><label><input type=\"checkbox\" name=\"Consentimiento\" value=\"1\" aria-invalid=\"false\" \/><span class=\"wpcf7-list-item-label\">He le\u00eddo y acepto la pol\u00edtica de privacidad<\/span><\/label><\/span><\/span><\/span>\n<\/p>\n<p><input class=\"wpcf7-form-control wpcf7-submit has-spinner\" type=\"submit\" value=\"Solicitar informaci\u00f3n\" \/>\n<\/p><div class=\"wpcf7-response-output\" aria-hidden=\"true\"><\/div>\n<\/form>\n<\/div>\n<\/p>\n<\/div>\n<\/div><\/div><\/div><\/div><\/div><\/div>","protected":false},"excerpt":{"rendered":"<p>FLUORTEN\u00a0 utiliza PTFE solo virgen de primera calidad, califica materias primas puras y rellenas de PTFE est\u00e1 equipado con m\u00e1quinas modernas para la producci\u00f3n de formas de stock\u00a0y\u00a0productos terminados a medida. PTFE relleno \/\/ PTFE grabado \/\/ Otros materiales : PFA \u2022 FEP \u2022 PVDF \u2022 PCTFE\u00a0\u2022 RULON\u00ae \u2022\u00a0TEFZEL\u00ae\u00a0 Materiales utilizados: PFA \u2022 FEP \u2022&hellip;<\/p>\n<p class=\"more-link\"><a href=\"https:\/\/www.technidor.com\/index.php\/estanqueidad-dinamica-y-estatica\/plasticos-tecnicos\/\" class=\"themebutton2\">Leer m\u00e1s<\/a><\/p>\n","protected":false},"author":2,"featured_media":1412,"parent":64,"menu_order":9,"comment_status":"closed","ping_status":"closed","template":"","meta":{"_uf_show_specific_survey":0,"_uf_disable_surveys":false,"footnotes":""},"class_list":["post-1240","page","type-page","status-publish","has-post-thumbnail","hentry"],"aioseo_notices":[],"_links":{"self":[{"href":"https:\/\/www.technidor.com\/index.php\/wp-json\/wp\/v2\/pages\/1240","targetHints":{"allow":["GET"]}}],"collection":[{"href":"https:\/\/www.technidor.com\/index.php\/wp-json\/wp\/v2\/pages"}],"about":[{"href":"https:\/\/www.technidor.com\/index.php\/wp-json\/wp\/v2\/types\/page"}],"author":[{"embeddable":true,"href":"https:\/\/www.technidor.com\/index.php\/wp-json\/wp\/v2\/users\/2"}],"replies":[{"embeddable":true,"href":"https:\/\/www.technidor.com\/index.php\/wp-json\/wp\/v2\/comments?post=1240"}],"version-history":[{"count":29,"href":"https:\/\/www.technidor.com\/index.php\/wp-json\/wp\/v2\/pages\/1240\/revisions"}],"predecessor-version":[{"id":1717,"href":"https:\/\/www.technidor.com\/index.php\/wp-json\/wp\/v2\/pages\/1240\/revisions\/1717"}],"up":[{"embeddable":true,"href":"https:\/\/www.technidor.com\/index.php\/wp-json\/wp\/v2\/pages\/64"}],"wp:featuredmedia":[{"embeddable":true,"href":"https:\/\/www.technidor.com\/index.php\/wp-json\/wp\/v2\/media\/1412"}],"wp:attachment":[{"href":"https:\/\/www.technidor.com\/index.php\/wp-json\/wp\/v2\/media?parent=1240"}],"curies":[{"name":"wp","href":"https:\/\/api.w.org\/{rel}","templated":true}]}}