{"id":1503,"date":"2018-03-08T12:26:17","date_gmt":"2018-03-08T12:26:17","guid":{"rendered":"http:\/\/www.technidor.com\/?page_id=1503"},"modified":"2021-05-07T09:56:41","modified_gmt":"2021-05-07T09:56:41","slug":"aislante-termico-y-acustico","status":"publish","type":"page","link":"https:\/\/www.technidor.com\/index.php\/sistemas-de-escape\/aislante-termico-y-acustico\/","title":{"rendered":"Aislante T\u00e9rmico"},"content":{"rendered":"<div id=\"pl-1503\"  class=\"panel-layout\" ><div id=\"pg-1503-0\"  class=\"panel-grid panel-no-style\" ><div id=\"pgc-1503-0-0\"  class=\"panel-grid-cell\" ><div id=\"panel-1503-0-0-0\" class=\"so-panel widget widget_media_gallery panel-first-child panel-last-child\" data-index=\"0\" >\n\t\t<style type=\"text\/css\">\n\t\t\t#gallery-1 {\n\t\t\t\tmargin: auto;\n\t\t\t}\n\t\t\t#gallery-1 .gallery-item {\n\t\t\t\tfloat: left;\n\t\t\t\tmargin-top: 10px;\n\t\t\t\ttext-align: center;\n\t\t\t\twidth: 100%;\n\t\t\t}\n\t\t\t#gallery-1 img {\n\t\t\t\tborder: 2px solid #cfcfcf;\n\t\t\t}\n\t\t\t#gallery-1 .gallery-caption {\n\t\t\t\tmargin-left: 0;\n\t\t\t}\n\t\t\t\/* see gallery_shortcode() in wp-includes\/media.php *\/\n\t\t<\/style>\n\t\t<div id='gallery-1' class='gallery galleryid-1503 gallery-columns-1 gallery-size-thumbnail'><dl class='gallery-item'>\n\t\t\t<dt class='gallery-icon landscape'>\n\t\t\t\t<a href='https:\/\/www.technidor.com\/wp-content\/uploads\/2018\/03\/Materiales-aislantes.jpg'><img loading=\"lazy\" decoding=\"async\" width=\"150\" height=\"150\" src=\"https:\/\/www.technidor.com\/wp-content\/uploads\/2018\/03\/Materiales-aislantes-150x150.jpg\" class=\"attachment-thumbnail size-thumbnail\" alt=\"\" \/><\/a>\n\t\t\t<\/dt><\/dl><br style=\"clear: both\" \/><dl class='gallery-item'>\n\t\t\t<dt class='gallery-icon landscape'>\n\t\t\t\t<a href='https:\/\/www.technidor.com\/wp-content\/uploads\/2018\/03\/material-aislante.jpg'><img loading=\"lazy\" decoding=\"async\" width=\"150\" height=\"150\" src=\"https:\/\/www.technidor.com\/wp-content\/uploads\/2018\/03\/material-aislante-150x150.jpg\" class=\"attachment-thumbnail size-thumbnail\" alt=\"\" \/><\/a>\n\t\t\t<\/dt><\/dl><br style=\"clear: both\" \/><dl class='gallery-item'>\n\t\t\t<dt class='gallery-icon landscape'>\n\t\t\t\t<a href='https:\/\/www.technidor.com\/wp-content\/uploads\/2018\/03\/funda-aislante.jpg'><img loading=\"lazy\" decoding=\"async\" width=\"150\" height=\"150\" src=\"https:\/\/www.technidor.com\/wp-content\/uploads\/2018\/03\/funda-aislante-150x150.jpg\" class=\"attachment-thumbnail size-thumbnail\" alt=\"Funda aislante t\u00e9rmico para ecape\" \/><\/a>\n\t\t\t<\/dt><\/dl><br style=\"clear: both\" \/>\n\t\t<\/div>\n<\/div><\/div><div id=\"pgc-1503-0-1\"  class=\"panel-grid-cell\" ><div id=\"panel-1503-0-1-0\" class=\"so-panel widget widget_sow-headline panel-first-child\" data-index=\"1\" ><div\n\t\t\t\n\t\t\tclass=\"so-widget-sow-headline so-widget-sow-headline-default-11ef186fff24-1503\"\n\t\t\t\n\t\t><div class=\"sow-headline-container \">\n\t\t\t\t\t\t\t<h3 class=\"sow-headline\">\n\t\t\t\t\t\t AISLANTE T\u00c9RMICO\t\t\t\t\t\t<\/h3>\n\t\t\t\t\t\t\t\t\t\t\t<div class=\"decoration\">\n\t\t\t\t\t\t<div class=\"decoration-inside\"><\/div>\n\t\t\t\t\t<\/div>\n\t\t\t\t\t\t\t\t\t\t\t<h3 class=\"sow-sub-headline\">\n\t\t\t\t\t\tConformados de aislamiento t\u00e9rmico adaptables a dise\u00f1o pieza o componente\t\t\t\t\t\t<\/h3>\n\t\t\t\t\t\t<\/div>\n<\/div><\/div><div id=\"panel-1503-0-1-1\" class=\"so-panel widget widget_sow-editor panel-last-child\" data-index=\"2\" ><div\n\t\t\t\n\t\t\tclass=\"so-widget-sow-editor so-widget-sow-editor-base\"\n\t\t\t\n\t\t>\n<div class=\"siteorigin-widget-tinymce textwidget\">\n\t<h4>SOLUCIONES DE PROTECCI\u00d3N T\u00c9RMICA A MEDIDA<\/h4>\n<p>\u00bfQu\u00e9 funciones de protecci\u00f3n necesita? \u00bfQu\u00e9 requisitos se plantean?<\/p>\n<p>Le asesoramos con competencia y confeccionamos a la medida exacta.<\/p>\n<ul>\n<li>- materiales certificados (T\u00dcV\/BG\/MPA Dresden\/See BG)<\/li>\n<li>- elaboraci\u00f3n de alta precisi\u00f3n y calidad<\/li>\n<li>- absorci\u00f3n t\u00e9rmica directa<\/li>\n<li>- producci\u00f3n propia con herramientas optimizadas para las necesidades concretas<\/li>\n<\/ul>\n<p>&nbsp;<\/p>\n<p>______________________________________________________________________________<\/p>\n<h4>CINTA DE VIDRIO TIPO \"E\" TEXTURIZADO<\/h4>\n<p><a href=\"https:\/\/www.technidor.com\/wp-content\/uploads\/2021\/05\/cinta-de-vidrio.jpg\"><img loading=\"lazy\" decoding=\"async\" class=\"alignnone size-medium wp-image-3977\" src=\"https:\/\/www.technidor.com\/wp-content\/uploads\/2021\/05\/cinta-de-vidrio-300x169.jpg\" alt=\"CINTA DE VIDRIO\" width=\"300\" height=\"169\" srcset=\"https:\/\/www.technidor.com\/wp-content\/uploads\/2021\/05\/cinta-de-vidrio-300x169.jpg 300w, https:\/\/www.technidor.com\/wp-content\/uploads\/2021\/05\/cinta-de-vidrio-1024x576.jpg 1024w, https:\/\/www.technidor.com\/wp-content\/uploads\/2021\/05\/cinta-de-vidrio-768x432.jpg 768w, https:\/\/www.technidor.com\/wp-content\/uploads\/2021\/05\/cinta-de-vidrio-1536x864.jpg 1536w, https:\/\/www.technidor.com\/wp-content\/uploads\/2021\/05\/cinta-de-vidrio-640x360.jpg 640w, https:\/\/www.technidor.com\/wp-content\/uploads\/2021\/05\/cinta-de-vidrio.jpg 1600w\" sizes=\"auto, (max-width: 300px) 100vw, 300px\" \/><\/a><\/p>\n<p><strong>Aplicaciones:<\/strong> Aislamiento de tuber\u00edas en industria, protecci\u00f3n t\u00e9rmica, protecci\u00f3n de cable el\u00e9ctrico.<\/p>\n<p><strong>Formato:<\/strong> Rollos de 50 mts en espesores de 2 y 3 mm.<\/p>\n<p>** Consultar medidas<\/p>\n<\/div>\n<\/div><\/div><\/div><div id=\"pgc-1503-0-2\"  class=\"panel-grid-cell\" ><div id=\"panel-1503-0-2-0\" class=\"so-panel widget widget_sow-editor panel-first-child panel-last-child\" data-index=\"3\" ><div class=\"panel-widget-style panel-widget-style-for-1503-0-2-0\" ><div\n\t\t\t\n\t\t\tclass=\"so-widget-sow-editor so-widget-sow-editor-base\"\n\t\t\t\n\t\t>\n<div class=\"siteorigin-widget-tinymce textwidget\">\n\t<h3 style=\"text-align: center;\">Necesitas m\u00e1s informaci\u00f3n?<\/h3>\n<p style=\"text-align: center;\">\n<div class=\"wpcf7 no-js\" id=\"wpcf7-f1642-o1\" lang=\"es-ES\" dir=\"ltr\" data-wpcf7-id=\"1642\">\n<div class=\"screen-reader-response\"><p role=\"status\" aria-live=\"polite\" aria-atomic=\"true\"><\/p> <ul><\/ul><\/div>\n<form action=\"\/index.php\/wp-json\/wp\/v2\/pages\/1503#wpcf7-f1642-o1\" method=\"post\" class=\"wpcf7-form init\" aria-label=\"Formulario de contacto\" novalidate=\"novalidate\" data-status=\"init\">\n<fieldset class=\"hidden-fields-container\"><input type=\"hidden\" name=\"_wpcf7\" value=\"1642\" \/><input type=\"hidden\" name=\"_wpcf7_version\" value=\"6.1.5\" \/><input type=\"hidden\" name=\"_wpcf7_locale\" value=\"es_ES\" \/><input type=\"hidden\" name=\"_wpcf7_unit_tag\" value=\"wpcf7-f1642-o1\" \/><input type=\"hidden\" name=\"_wpcf7_container_post\" value=\"0\" \/><input type=\"hidden\" name=\"_wpcf7_posted_data_hash\" value=\"\" \/><input type=\"hidden\" name=\"_wpcf7_recaptcha_response\" value=\"\" \/>\n<\/fieldset>\n<p><label> Nombre (requerido)<br \/>\n<span class=\"wpcf7-form-control-wrap\" data-name=\"your-name\"><input size=\"40\" maxlength=\"400\" class=\"wpcf7-form-control wpcf7-text wpcf7-validates-as-required\" aria-required=\"true\" aria-invalid=\"false\" value=\"\" type=\"text\" name=\"your-name\" \/><\/span> <\/label>\n<\/p>\n<p><label> Tu correo electr\u00f3nico (requerido)<br \/>\n<span class=\"wpcf7-form-control-wrap\" data-name=\"your-email\"><input size=\"40\" maxlength=\"400\" class=\"wpcf7-form-control wpcf7-email wpcf7-validates-as-required wpcf7-text wpcf7-validates-as-email\" aria-required=\"true\" aria-invalid=\"false\" value=\"\" type=\"email\" name=\"your-email\" \/><\/span> <\/label>\n<\/p>\n<p><label> Tel\u00e9fono (requerido)<br \/>\n<span class=\"wpcf7-form-control-wrap\" data-name=\"Telefono\"><input size=\"40\" maxlength=\"400\" class=\"wpcf7-form-control wpcf7-tel wpcf7-validates-as-required wpcf7-text wpcf7-validates-as-tel\" aria-required=\"true\" aria-invalid=\"false\" value=\"\" type=\"tel\" name=\"Telefono\" \/><\/span> <\/label>\n<\/p>\n<p><label> Asunto<br \/>\n<span class=\"wpcf7-form-control-wrap\" data-name=\"your-subject\"><input size=\"40\" maxlength=\"400\" class=\"wpcf7-form-control wpcf7-text\" aria-invalid=\"false\" value=\"\" type=\"text\" name=\"your-subject\" \/><\/span> <\/label>\n<\/p>\n<p><label> Mensaje<br \/>\n<span class=\"wpcf7-form-control-wrap\" data-name=\"your-message\"><textarea cols=\"40\" rows=\"10\" maxlength=\"2000\" class=\"wpcf7-form-control wpcf7-textarea\" aria-invalid=\"false\" name=\"your-message\"><\/textarea><\/span> <\/label>\n<\/p>\n<p><small><b>Reglamento General de Protecci\u00f3n de Datos:<\/b><br \/>\nEn nombre de la empresa TECHNIDOR, S.L., propietaria del dominio web www.technidor.com y en virtud de lo establecido en el Reglamento General de Protecci\u00f3n de Datos (UE 1679\/2016) les informamos que tratamos los datos que nos facilita en el presente formulario con el fin de poder hacer efectiva su solicitud de informaci\u00f3n. Los datos proporcionados se conservar\u00e1n mientras se realiza el procesamiento de su solicitud y se le da respuesta. Usted tiene derecho a obtener confirmaci\u00f3n sobre si en TECHNIDOR, S.L. estamos tratando sus datos personales por tanto tiene derecho a acceder a sus datos personales, rectificar los inexactos o solicitar su supresi\u00f3n cuando ya no sean necesarios.<\/small>\n<\/p>\n<p><span class=\"wpcf7-form-control-wrap\" data-name=\"Consentimiento\"><span class=\"wpcf7-form-control wpcf7-acceptance\"><span class=\"wpcf7-list-item\"><label><input type=\"checkbox\" name=\"Consentimiento\" value=\"1\" aria-invalid=\"false\" \/><span class=\"wpcf7-list-item-label\">He le\u00eddo y acepto la pol\u00edtica de privacidad<\/span><\/label><\/span><\/span><\/span>\n<\/p>\n<p><input class=\"wpcf7-form-control wpcf7-submit has-spinner\" type=\"submit\" value=\"Solicitar informaci\u00f3n\" \/>\n<\/p><div class=\"wpcf7-response-output\" aria-hidden=\"true\"><\/div>\n<\/form>\n<\/div>\n<\/p>\n<\/div>\n<\/div><\/div><\/div><\/div><\/div><\/div>","protected":false},"excerpt":{"rendered":"<p>SOLUCIONES DE PROTECCI\u00d3N T\u00c9RMICA A MEDIDA \u00bfQu\u00e9 funciones de protecci\u00f3n necesita? \u00bfQu\u00e9 requisitos se plantean? Le asesoramos con competencia y confeccionamos a la medida exacta. &#8211; materiales certificados (T\u00dcV\/BG\/MPA Dresden\/See BG) &#8211; elaboraci\u00f3n de alta precisi\u00f3n y calidad &#8211; absorci\u00f3n t\u00e9rmica directa &#8211; producci\u00f3n propia con herramientas optimizadas para las necesidades concretas &nbsp; ______________________________________________________________________________ CINTA&hellip;<\/p>\n<p class=\"more-link\"><a href=\"https:\/\/www.technidor.com\/index.php\/sistemas-de-escape\/aislante-termico-y-acustico\/\" class=\"themebutton2\">Leer m\u00e1s<\/a><\/p>\n","protected":false},"author":2,"featured_media":0,"parent":70,"menu_order":2,"comment_status":"closed","ping_status":"closed","template":"","meta":{"_uf_show_specific_survey":0,"_uf_disable_surveys":false,"footnotes":""},"class_list":["post-1503","page","type-page","status-publish","hentry"],"aioseo_notices":[],"_links":{"self":[{"href":"https:\/\/www.technidor.com\/index.php\/wp-json\/wp\/v2\/pages\/1503","targetHints":{"allow":["GET"]}}],"collection":[{"href":"https:\/\/www.technidor.com\/index.php\/wp-json\/wp\/v2\/pages"}],"about":[{"href":"https:\/\/www.technidor.com\/index.php\/wp-json\/wp\/v2\/types\/page"}],"author":[{"embeddable":true,"href":"https:\/\/www.technidor.com\/index.php\/wp-json\/wp\/v2\/users\/2"}],"replies":[{"embeddable":true,"href":"https:\/\/www.technidor.com\/index.php\/wp-json\/wp\/v2\/comments?post=1503"}],"version-history":[{"count":26,"href":"https:\/\/www.technidor.com\/index.php\/wp-json\/wp\/v2\/pages\/1503\/revisions"}],"predecessor-version":[{"id":3983,"href":"https:\/\/www.technidor.com\/index.php\/wp-json\/wp\/v2\/pages\/1503\/revisions\/3983"}],"up":[{"embeddable":true,"href":"https:\/\/www.technidor.com\/index.php\/wp-json\/wp\/v2\/pages\/70"}],"wp:attachment":[{"href":"https:\/\/www.technidor.com\/index.php\/wp-json\/wp\/v2\/media?parent=1503"}],"curies":[{"name":"wp","href":"https:\/\/api.w.org\/{rel}","templated":true}]}}