{"id":193,"date":"2017-10-26T16:41:49","date_gmt":"2017-10-26T16:41:49","guid":{"rendered":"http:\/\/www.technidor.com\/?page_id=193"},"modified":"2018-05-14T15:49:12","modified_gmt":"2018-05-14T15:49:12","slug":"empaquetaduras","status":"publish","type":"page","link":"https:\/\/www.technidor.com\/index.php\/estanqueidad-dinamica-y-estatica\/empaquetaduras\/","title":{"rendered":"Empaquetaduras"},"content":{"rendered":"<div id=\"pl-193\"  class=\"panel-layout\" ><div id=\"pg-193-0\"  class=\"panel-grid panel-no-style\" ><div id=\"pgc-193-0-0\"  class=\"panel-grid-cell\" ><div id=\"panel-193-0-0-0\" class=\"so-panel widget widget_sow-hero panel-first-child\" data-index=\"0\" ><div\n\t\t\t\n\t\t\tclass=\"so-widget-sow-hero so-widget-sow-hero-default-eb77c8863727-193 so-widget-fittext-wrapper\"\n\t\t\t data-fit-text-compressor=\"0.85\"\n\t\t>\t\t\t\t<div class=\"sow-slider-base\" style=\"display: none\" tabindex=\"0\">\n\t\t\t\t\t<ul\n\t\t\t\t\tclass=\"sow-slider-images\"\n\t\t\t\t\tdata-settings=\"{&quot;pagination&quot;:true,&quot;speed&quot;:800,&quot;timeout&quot;:8000,&quot;paused&quot;:false,&quot;pause_on_hover&quot;:false,&quot;swipe&quot;:true,&quot;nav_always_show_desktop&quot;:&quot;&quot;,&quot;nav_always_show_mobile&quot;:&quot;&quot;,&quot;breakpoint&quot;:&quot;780px&quot;,&quot;unmute&quot;:false,&quot;anchor&quot;:null}\"\n\t\t\t\t\t\t\t\t\t\tdata-anchor-id=\"\"\n\t\t\t\t>\t\t<li class=\"sow-slider-image\" style=\"visibility: visible;;background-color: #ffffff\" >\n\t\t\t\t\t<div class=\"sow-slider-image-container\">\n\t\t\t<div class=\"sow-slider-image-wrapper\">\n\t\t\t\t<img loading=\"lazy\" decoding=\"async\" class=\"size-medium wp-image-1289 aligncenter\" src=\"http:\/\/www.technidor.com\/wp-content\/uploads\/2018\/03\/ESTANQ_4-EMPAQ_PowerandSteamcategoryimage-300x225.png\" alt=\"\" width=\"300\" height=\"225\" srcset=\"https:\/\/www.technidor.com\/wp-content\/uploads\/2018\/03\/ESTANQ_4-EMPAQ_PowerandSteamcategoryimage-300x225.png 300w, https:\/\/www.technidor.com\/wp-content\/uploads\/2018\/03\/ESTANQ_4-EMPAQ_PowerandSteamcategoryimage-768x576.png 768w, https:\/\/www.technidor.com\/wp-content\/uploads\/2018\/03\/ESTANQ_4-EMPAQ_PowerandSteamcategoryimage-1024x768.png 1024w, https:\/\/www.technidor.com\/wp-content\/uploads\/2018\/03\/ESTANQ_4-EMPAQ_PowerandSteamcategoryimage.png 1200w\" sizes=\"auto, (max-width: 300px) 100vw, 300px\" \/>\t\t\t<\/div>\n\t\t<\/div>\n\t\t\t\t<\/li>\n\t\t<\/ul>\t\t\t\t<ol class=\"sow-slider-pagination\">\n\t\t\t\t\t\t\t\t\t\t\t<li><a href=\"#\" data-goto=\"0\" aria-label=\"mostrar diapositiva 1\"><\/a><\/li>\n\t\t\t\t\t\t\t\t\t<\/ol>\n\n\t\t\t\t<div class=\"sow-slide-nav sow-slide-nav-next\">\n\t\t\t\t\t<a href=\"#\" data-goto=\"next\" aria-label=\"diapositiva siguiente\" data-action=\"next\">\n\t\t\t\t\t\t<em class=\"sow-sld-icon-thin-right\"><\/em>\n\t\t\t\t\t<\/a>\n\t\t\t\t<\/div>\n\n\t\t\t\t<div class=\"sow-slide-nav sow-slide-nav-prev\">\n\t\t\t\t\t<a href=\"#\" data-goto=\"previous\" aria-label=\"diapositiva anterior\" data-action=\"prev\">\n\t\t\t\t\t\t<em class=\"sow-sld-icon-thin-left\"><\/em>\n\t\t\t\t\t<\/a>\n\t\t\t\t<\/div>\n\t\t\t\t<\/div><\/div><\/div><div id=\"panel-193-0-0-1\" class=\"so-panel widget widget_media_gallery panel-last-child\" data-index=\"1\" >\n\t\t<style type=\"text\/css\">\n\t\t\t#gallery-1 {\n\t\t\t\tmargin: auto;\n\t\t\t}\n\t\t\t#gallery-1 .gallery-item {\n\t\t\t\tfloat: left;\n\t\t\t\tmargin-top: 10px;\n\t\t\t\ttext-align: center;\n\t\t\t\twidth: 50%;\n\t\t\t}\n\t\t\t#gallery-1 img {\n\t\t\t\tborder: 2px solid #cfcfcf;\n\t\t\t}\n\t\t\t#gallery-1 .gallery-caption {\n\t\t\t\tmargin-left: 0;\n\t\t\t}\n\t\t\t\/* see gallery_shortcode() in wp-includes\/media.php *\/\n\t\t<\/style>\n\t\t<div id='gallery-1' class='gallery galleryid-193 gallery-columns-2 gallery-size-medium'><dl class='gallery-item'>\n\t\t\t<dt class='gallery-icon landscape'>\n\t\t\t\t<a href='https:\/\/www.technidor.com\/wp-content\/uploads\/2018\/03\/ESTANQ_4-EMPAQ_Style-5882-Set1200x900.jpg'><img loading=\"lazy\" decoding=\"async\" width=\"300\" height=\"225\" src=\"https:\/\/www.technidor.com\/wp-content\/uploads\/2018\/03\/ESTANQ_4-EMPAQ_Style-5882-Set1200x900-300x225.jpg\" class=\"attachment-medium size-medium\" alt=\"\" aria-describedby=\"gallery-1-1292\" srcset=\"https:\/\/www.technidor.com\/wp-content\/uploads\/2018\/03\/ESTANQ_4-EMPAQ_Style-5882-Set1200x900-300x225.jpg 300w, https:\/\/www.technidor.com\/wp-content\/uploads\/2018\/03\/ESTANQ_4-EMPAQ_Style-5882-Set1200x900.jpg 740w\" sizes=\"auto, (max-width: 300px) 100vw, 300px\" \/><\/a>\n\t\t\t<\/dt>\n\t\t\t\t<dd class='wp-caption-text gallery-caption' id='gallery-1-1292'>\n\t\t\t\tEmapquetadura Estilo 5882\n\t\t\t\t<\/dd><\/dl><dl class='gallery-item'>\n\t\t\t<dt class='gallery-icon landscape'>\n\t\t\t\t<a href='https:\/\/www.technidor.com\/wp-content\/uploads\/2018\/03\/ESTANQ_4-EMPAQ_9000-EVSP_1200x900.png'><img loading=\"lazy\" decoding=\"async\" width=\"220\" height=\"165\" src=\"https:\/\/www.technidor.com\/wp-content\/uploads\/2018\/03\/ESTANQ_4-EMPAQ_9000-EVSP_1200x900.png\" class=\"attachment-medium size-medium\" alt=\"\" aria-describedby=\"gallery-1-1282\" \/><\/a>\n\t\t\t<\/dt>\n\t\t\t\t<dd class='wp-caption-text gallery-caption' id='gallery-1-1282'>\n\t\t\t\tEmpaquetadura V\u00e1lvulas 9000 EVSP\n\t\t\t\t<\/dd><\/dl><br style=\"clear: both\" \/><dl class='gallery-item'>\n\t\t\t<dt class='gallery-icon landscape'>\n\t\t\t\t<a href='https:\/\/www.technidor.com\/wp-content\/uploads\/2018\/03\/ESTANQ_4-EMPAQ_Quickset9001hi_1200x900.png'><img loading=\"lazy\" decoding=\"async\" width=\"220\" height=\"165\" src=\"https:\/\/www.technidor.com\/wp-content\/uploads\/2018\/03\/ESTANQ_4-EMPAQ_Quickset9001hi_1200x900.png\" class=\"attachment-medium size-medium\" alt=\"\" aria-describedby=\"gallery-1-1291\" \/><\/a>\n\t\t\t<\/dt>\n\t\t\t\t<dd class='wp-caption-text gallery-caption' id='gallery-1-1291'>\n\t\t\t\tEmpaquetadura V\u00e1lvula Quickset 9001\n\t\t\t\t<\/dd><\/dl><dl class='gallery-item'>\n\t\t\t<dt class='gallery-icon landscape'>\n\t\t\t\t<a href='https:\/\/www.technidor.com\/wp-content\/uploads\/2018\/03\/ESTANQ_4-EMPAQ_FIBRA-SINTETICA.jpg'><img loading=\"lazy\" decoding=\"async\" width=\"145\" height=\"109\" src=\"https:\/\/www.technidor.com\/wp-content\/uploads\/2018\/03\/ESTANQ_4-EMPAQ_FIBRA-SINTETICA.jpg\" class=\"attachment-medium size-medium\" alt=\"\" aria-describedby=\"gallery-1-1285\" \/><\/a>\n\t\t\t<\/dt>\n\t\t\t\t<dd class='wp-caption-text gallery-caption' id='gallery-1-1285'>\n\t\t\t\tInyectable : Fibra sint\u00e9tica con lubricantes no contaminantes, para un uso general\n\t\t\t\t<\/dd><\/dl><br style=\"clear: both\" \/><dl class='gallery-item'>\n\t\t\t<dt class='gallery-icon landscape'>\n\t\t\t\t<a href='https:\/\/www.technidor.com\/wp-content\/uploads\/2018\/03\/ESTANQ_4-EMPAQ_GRAFITO.png'><img loading=\"lazy\" decoding=\"async\" width=\"161\" height=\"108\" src=\"https:\/\/www.technidor.com\/wp-content\/uploads\/2018\/03\/ESTANQ_4-EMPAQ_GRAFITO.png\" class=\"attachment-medium size-medium\" alt=\"\" aria-describedby=\"gallery-1-1287\" \/><\/a>\n\t\t\t<\/dt>\n\t\t\t\t<dd class='wp-caption-text gallery-caption' id='gallery-1-1287'>\n\t\t\t\tInyectable : Formulaci\u00f3n en base PTFE con grafito y lubricantes para fluidos qu\u00edmicamente agresivos\n\t\t\t\t<\/dd><\/dl><dl class='gallery-item'>\n\t\t\t<dt class='gallery-icon landscape'>\n\t\t\t\t<a href='https:\/\/www.technidor.com\/wp-content\/uploads\/2018\/03\/ESTANQ_4-EMPAQ_PTFE.png'><img loading=\"lazy\" decoding=\"async\" width=\"160\" height=\"113\" src=\"https:\/\/www.technidor.com\/wp-content\/uploads\/2018\/03\/ESTANQ_4-EMPAQ_PTFE.png\" class=\"attachment-medium size-medium\" alt=\"\" aria-describedby=\"gallery-1-1290\" \/><\/a>\n\t\t\t<\/dt>\n\t\t\t\t<dd class='wp-caption-text gallery-caption' id='gallery-1-1290'>\n\t\t\t\tInyectable : Formulaci\u00f3n en base PTFE lubricado para servicios FDA\n\t\t\t\t<\/dd><\/dl><br style=\"clear: both\" \/>\n\t\t<\/div>\n<\/div><\/div><div id=\"pgc-193-0-1\"  class=\"panel-grid-cell\" ><div id=\"panel-193-0-1-0\" class=\"so-panel widget widget_sow-headline panel-first-child\" data-index=\"2\" ><div\n\t\t\t\n\t\t\tclass=\"so-widget-sow-headline so-widget-sow-headline-default-11ef186fff24-193\"\n\t\t\t\n\t\t><div class=\"sow-headline-container \">\n\t\t\t\t\t\t\t<h3 class=\"sow-headline\">\n\t\t\t\t\t\tEl m\u00e9todo de sellado m\u00e1s antiguo y que todav\u00eda se emplea es la empaquetadura de compresi\u00f3n, llamada as\u00ed por el modo en que realiza la estanqueidad de la m\u00e1quina\t\t\t\t\t\t<\/h3>\n\t\t\t\t\t\t\t\t\t\t\t<div class=\"decoration\">\n\t\t\t\t\t\t<div class=\"decoration-inside\"><\/div>\n\t\t\t\t\t<\/div>\n\t\t\t\t\t\t\t\t\t\t\t<h3 class=\"sow-sub-headline\">\n\t\t\t\t\t\tEn todo equipo que manipule un fluido, el control de fugas o p\u00e9rdidas resulta esencial para su buen funcionamiento.\t\t\t\t\t\t<\/h3>\n\t\t\t\t\t\t<\/div>\n<\/div><\/div><div id=\"panel-193-0-1-1\" class=\"so-panel widget widget_sow-editor panel-last-child\" data-index=\"3\" ><div\n\t\t\t\n\t\t\tclass=\"so-widget-sow-editor so-widget-sow-editor-base\"\n\t\t\t\n\t\t>\n<div class=\"siteorigin-widget-tinymce textwidget\">\n\t<p>Hecha a partir de materiales relativamente blandos y flexibles, consiste en un n\u00ba de anillos que se insertan en una cajera situada entre los elementos rotativos de la m\u00e1quina y su cuerpo o carcasa.<\/p>\n<p><img loading=\"lazy\" decoding=\"async\" class=\"size-medium wp-image-1288 alignright\" src=\"http:\/\/www.technidor.com\/wp-content\/uploads\/2018\/03\/ESTANQ_4-EMPAQ_plano-300x175.jpg\" alt=\"\" width=\"300\" height=\"175\" srcset=\"https:\/\/www.technidor.com\/wp-content\/uploads\/2018\/03\/ESTANQ_4-EMPAQ_plano-300x175.jpg 300w, https:\/\/www.technidor.com\/wp-content\/uploads\/2018\/03\/ESTANQ_4-EMPAQ_plano.jpg 450w\" sizes=\"auto, (max-width: 300px) 100vw, 300px\" \/>Atornillando el prensaestopas al cuerpo de la m\u00e1quina, la fuerza de compresi\u00f3n se transmite a la empaquetaduracuyos anillos se expanden radialmente para realizar el sellado del equipo. Se debe ajustar dicha fuerza para poder refrigerar correctamente la empaquetadura y evitar el sobrecalentamiento de los anillos con el consiguiente deterioro del eje o de su camisa.<\/p>\n<p><strong>Aplicaciones:\u00a0<\/strong>Bombas - Agitadores - V\u00e1stagos de v\u00e1lvula - Juntas de expansi\u00f3n tipo deslizable - Mezcladores - Reactores - Autoclaves - Bombas centr\u00edfugas - Turbinas hidroel\u00e9ctricas - V\u00e1stagos de v\u00e1lvula de aguja y de retenci\u00f3n - Varillas reciprocantes - Cilindros - \u00c9mbolos - V\u00e1lvulas con sistemas de inyecci\u00f3n de seguridad - Sopladores de holl\u00edn -\u00a0<strong>Generaci\u00f3n de energ\u00eda -\u00a0\u00a0<\/strong><strong>Qu\u00edmica\/petroqu\u00edmica -\u00a0<\/strong><strong>Pulpa y papel -\u00a0<\/strong><strong>Metales primarios<\/strong><\/p>\n<p><strong>Empaquetadura trenzada<\/strong><\/p>\n<p>En general, la formulaci\u00f3n de una empaquetadura consiste en un <em>trenzado de fibras<\/em>, al que se a\u00f1ade un lubricante, un posible refuerzo con filamento met\u00e1lico y un inhibidor de la corrosi\u00f3n, obteniendo un gran rango de opciones:<\/p>\n<p><img loading=\"lazy\" decoding=\"async\" class=\" wp-image-1283 aligncenter\" src=\"http:\/\/www.technidor.com\/wp-content\/uploads\/2018\/03\/ESTANQ_4-EMPAQ_esquema-300x69.jpg\" alt=\"\" width=\"322\" height=\"74\" srcset=\"https:\/\/www.technidor.com\/wp-content\/uploads\/2018\/03\/ESTANQ_4-EMPAQ_esquema-300x69.jpg 300w, https:\/\/www.technidor.com\/wp-content\/uploads\/2018\/03\/ESTANQ_4-EMPAQ_esquema.jpg 374w\" sizes=\"auto, (max-width: 322px) 100vw, 322px\" \/><\/p>\n<ul>\n<li>Empaquetaduras de fibra de carbono \/\/ Empaquetaduras de grafito \/\/\u00a0Empaquetaduras de PTFE expandido \/\/\u00a0Empaquetaduras de fibras sint\u00e9ticas y otros<\/li>\n<\/ul>\n<p>\u00a0<\/p>\n<p><strong><u>Empaquetadura Inyectable<\/u><\/strong><\/p>\n<p>Existe la empaquetadura inyectable que se puede aplicar mientras la m\u00e1quina rotativa est\u00e1 en funcionamiento. Debido a su formulaci\u00f3n, la empaquetadura inyectable tiene un coeficiente de fricci\u00f3n tan bajo que evita el uso de agua de refrigeraci\u00f3n, a diferencia de las empaquetaduras convencionales. Es autolubricada y reduce los costes de producci\u00f3n.<\/p>\n<p><strong><u>Empaquetadura para V\u00e1lvulas<\/u><\/strong><\/p>\n<p>Disponemos de soluciones para v\u00e1lvulas en forma de conjuntos de anillos conformados de grafito. Incluso, se combinan con anillos de empaquetaduras para reducir el nivel de emisiones fugitivas a trav\u00e9s del v\u00e1stago de la v\u00e1lvula.<\/p>\n<\/div>\n<\/div><\/div><\/div><div id=\"pgc-193-0-2\"  class=\"panel-grid-cell\" ><div id=\"panel-193-0-2-0\" class=\"so-panel widget widget_sow-editor panel-first-child panel-last-child\" data-index=\"4\" ><div class=\"panel-widget-style panel-widget-style-for-193-0-2-0\" ><div\n\t\t\t\n\t\t\tclass=\"so-widget-sow-editor so-widget-sow-editor-base\"\n\t\t\t\n\t\t>\n<div class=\"siteorigin-widget-tinymce textwidget\">\n\t<h3 style=\"text-align: center;\">Necesitas m\u00e1s informaci\u00f3n?<\/h3>\n<p style=\"text-align: center;\">\n<div class=\"wpcf7 no-js\" id=\"wpcf7-f1642-o1\" lang=\"es-ES\" dir=\"ltr\" data-wpcf7-id=\"1642\">\n<div class=\"screen-reader-response\"><p role=\"status\" aria-live=\"polite\" aria-atomic=\"true\"><\/p> <ul><\/ul><\/div>\n<form action=\"\/index.php\/wp-json\/wp\/v2\/pages\/193#wpcf7-f1642-o1\" method=\"post\" class=\"wpcf7-form init\" aria-label=\"Formulario de contacto\" novalidate=\"novalidate\" data-status=\"init\">\n<fieldset class=\"hidden-fields-container\"><input type=\"hidden\" name=\"_wpcf7\" value=\"1642\" \/><input type=\"hidden\" name=\"_wpcf7_version\" value=\"6.1.5\" \/><input type=\"hidden\" name=\"_wpcf7_locale\" value=\"es_ES\" \/><input type=\"hidden\" name=\"_wpcf7_unit_tag\" value=\"wpcf7-f1642-o1\" \/><input type=\"hidden\" name=\"_wpcf7_container_post\" value=\"0\" \/><input type=\"hidden\" name=\"_wpcf7_posted_data_hash\" value=\"\" \/><input type=\"hidden\" name=\"_wpcf7_recaptcha_response\" value=\"\" \/>\n<\/fieldset>\n<p><label> Nombre (requerido)<br \/>\n<span class=\"wpcf7-form-control-wrap\" data-name=\"your-name\"><input size=\"40\" maxlength=\"400\" class=\"wpcf7-form-control wpcf7-text wpcf7-validates-as-required\" aria-required=\"true\" aria-invalid=\"false\" value=\"\" type=\"text\" name=\"your-name\" \/><\/span> <\/label>\n<\/p>\n<p><label> Tu correo electr\u00f3nico (requerido)<br \/>\n<span class=\"wpcf7-form-control-wrap\" data-name=\"your-email\"><input size=\"40\" maxlength=\"400\" class=\"wpcf7-form-control wpcf7-email wpcf7-validates-as-required wpcf7-text wpcf7-validates-as-email\" aria-required=\"true\" aria-invalid=\"false\" value=\"\" type=\"email\" name=\"your-email\" \/><\/span> <\/label>\n<\/p>\n<p><label> Tel\u00e9fono (requerido)<br \/>\n<span class=\"wpcf7-form-control-wrap\" data-name=\"Telefono\"><input size=\"40\" maxlength=\"400\" class=\"wpcf7-form-control wpcf7-tel wpcf7-validates-as-required wpcf7-text wpcf7-validates-as-tel\" aria-required=\"true\" aria-invalid=\"false\" value=\"\" type=\"tel\" name=\"Telefono\" \/><\/span> <\/label>\n<\/p>\n<p><label> Asunto<br \/>\n<span class=\"wpcf7-form-control-wrap\" data-name=\"your-subject\"><input size=\"40\" maxlength=\"400\" class=\"wpcf7-form-control wpcf7-text\" aria-invalid=\"false\" value=\"\" type=\"text\" name=\"your-subject\" \/><\/span> <\/label>\n<\/p>\n<p><label> Mensaje<br \/>\n<span class=\"wpcf7-form-control-wrap\" data-name=\"your-message\"><textarea cols=\"40\" rows=\"10\" maxlength=\"2000\" class=\"wpcf7-form-control wpcf7-textarea\" aria-invalid=\"false\" name=\"your-message\"><\/textarea><\/span> <\/label>\n<\/p>\n<p><small><b>Reglamento General de Protecci\u00f3n de Datos:<\/b><br \/>\nEn nombre de la empresa TECHNIDOR, S.L., propietaria del dominio web www.technidor.com y en virtud de lo establecido en el Reglamento General de Protecci\u00f3n de Datos (UE 1679\/2016) les informamos que tratamos los datos que nos facilita en el presente formulario con el fin de poder hacer efectiva su solicitud de informaci\u00f3n. Los datos proporcionados se conservar\u00e1n mientras se realiza el procesamiento de su solicitud y se le da respuesta. Usted tiene derecho a obtener confirmaci\u00f3n sobre si en TECHNIDOR, S.L. estamos tratando sus datos personales por tanto tiene derecho a acceder a sus datos personales, rectificar los inexactos o solicitar su supresi\u00f3n cuando ya no sean necesarios.<\/small>\n<\/p>\n<p><span class=\"wpcf7-form-control-wrap\" data-name=\"Consentimiento\"><span class=\"wpcf7-form-control wpcf7-acceptance\"><span class=\"wpcf7-list-item\"><label><input type=\"checkbox\" name=\"Consentimiento\" value=\"1\" aria-invalid=\"false\" \/><span class=\"wpcf7-list-item-label\">He le\u00eddo y acepto la pol\u00edtica de privacidad<\/span><\/label><\/span><\/span><\/span>\n<\/p>\n<p><input class=\"wpcf7-form-control wpcf7-submit has-spinner\" type=\"submit\" value=\"Solicitar informaci\u00f3n\" \/>\n<\/p><div class=\"wpcf7-response-output\" aria-hidden=\"true\"><\/div>\n<\/form>\n<\/div>\n<\/p>\n<\/div>\n<\/div><\/div><\/div><\/div><\/div><\/div>","protected":false},"excerpt":{"rendered":"<p>Hecha a partir de materiales relativamente blandos y flexibles, consiste en un n\u00ba de anillos que se insertan en una cajera situada entre los elementos rotativos de la m\u00e1quina y su cuerpo o carcasa. Atornillando el prensaestopas al cuerpo de la m\u00e1quina, la fuerza de compresi\u00f3n se transmite a la empaquetaduracuyos anillos se expanden radialmente&hellip;<\/p>\n<p class=\"more-link\"><a href=\"https:\/\/www.technidor.com\/index.php\/estanqueidad-dinamica-y-estatica\/empaquetaduras\/\" class=\"themebutton2\">Leer m\u00e1s<\/a><\/p>\n","protected":false},"author":2,"featured_media":1289,"parent":64,"menu_order":4,"comment_status":"closed","ping_status":"closed","template":"","meta":{"_uf_show_specific_survey":0,"_uf_disable_surveys":false,"footnotes":""},"class_list":["post-193","page","type-page","status-publish","has-post-thumbnail","hentry"],"aioseo_notices":[],"_links":{"self":[{"href":"https:\/\/www.technidor.com\/index.php\/wp-json\/wp\/v2\/pages\/193","targetHints":{"allow":["GET"]}}],"collection":[{"href":"https:\/\/www.technidor.com\/index.php\/wp-json\/wp\/v2\/pages"}],"about":[{"href":"https:\/\/www.technidor.com\/index.php\/wp-json\/wp\/v2\/types\/page"}],"author":[{"embeddable":true,"href":"https:\/\/www.technidor.com\/index.php\/wp-json\/wp\/v2\/users\/2"}],"replies":[{"embeddable":true,"href":"https:\/\/www.technidor.com\/index.php\/wp-json\/wp\/v2\/comments?post=193"}],"version-history":[{"count":12,"href":"https:\/\/www.technidor.com\/index.php\/wp-json\/wp\/v2\/pages\/193\/revisions"}],"predecessor-version":[{"id":1707,"href":"https:\/\/www.technidor.com\/index.php\/wp-json\/wp\/v2\/pages\/193\/revisions\/1707"}],"up":[{"embeddable":true,"href":"https:\/\/www.technidor.com\/index.php\/wp-json\/wp\/v2\/pages\/64"}],"wp:featuredmedia":[{"embeddable":true,"href":"https:\/\/www.technidor.com\/index.php\/wp-json\/wp\/v2\/media\/1289"}],"wp:attachment":[{"href":"https:\/\/www.technidor.com\/index.php\/wp-json\/wp\/v2\/media?parent=193"}],"curies":[{"name":"wp","href":"https:\/\/api.w.org\/{rel}","templated":true}]}}