{"id":197,"date":"2017-10-26T16:42:53","date_gmt":"2017-10-26T16:42:53","guid":{"rendered":"http:\/\/www.technidor.com\/?page_id=197"},"modified":"2018-05-14T15:51:07","modified_gmt":"2018-05-14T15:51:07","slug":"componentes-para-compresores","status":"publish","type":"page","link":"https:\/\/www.technidor.com\/index.php\/estanqueidad-dinamica-y-estatica\/componentes-para-compresores\/","title":{"rendered":"Soluciones para Compresores"},"content":{"rendered":"<div id=\"pl-197\"  class=\"panel-layout\" ><div id=\"pg-197-0\"  class=\"panel-grid panel-no-style\" ><div id=\"pgc-197-0-0\"  class=\"panel-grid-cell\" ><div id=\"panel-197-0-0-0\" class=\"so-panel widget widget_sow-hero panel-first-child\" data-index=\"0\" ><div\n\t\t\t\n\t\t\tclass=\"so-widget-sow-hero so-widget-sow-hero-default-eb77c8863727-197 so-widget-fittext-wrapper\"\n\t\t\t data-fit-text-compressor=\"0.85\"\n\t\t>\t\t\t\t<div class=\"sow-slider-base\" style=\"display: none\" tabindex=\"0\">\n\t\t\t\t\t<ul\n\t\t\t\t\tclass=\"sow-slider-images\"\n\t\t\t\t\tdata-settings=\"{&quot;pagination&quot;:true,&quot;speed&quot;:800,&quot;timeout&quot;:8000,&quot;paused&quot;:false,&quot;pause_on_hover&quot;:false,&quot;swipe&quot;:true,&quot;nav_always_show_desktop&quot;:&quot;&quot;,&quot;nav_always_show_mobile&quot;:&quot;&quot;,&quot;breakpoint&quot;:&quot;780px&quot;,&quot;unmute&quot;:false,&quot;anchor&quot;:null}\"\n\t\t\t\t\t\t\t\t\t\tdata-anchor-id=\"\"\n\t\t\t\t>\t\t<li class=\"sow-slider-image\" style=\"visibility: visible;;background-color: #ffffff\" >\n\t\t\t\t\t<div class=\"sow-slider-image-container\">\n\t\t\t<div class=\"sow-slider-image-wrapper\">\n\t\t\t\t<p><img loading=\"lazy\" decoding=\"async\" class=\"size-medium wp-image-1370 aligncenter\" src=\"http:\/\/www.technidor.com\/wp-content\/uploads\/2018\/03\/compresores-alternativos-300x271.jpg\" alt=\"\" width=\"300\" height=\"271\" srcset=\"https:\/\/www.technidor.com\/wp-content\/uploads\/2018\/03\/compresores-alternativos-300x271.jpg 300w, https:\/\/www.technidor.com\/wp-content\/uploads\/2018\/03\/compresores-alternativos.jpg 377w\" sizes=\"auto, (max-width: 300px) 100vw, 300px\" \/><\/p>\t\t\t<\/div>\n\t\t<\/div>\n\t\t\t\t<\/li>\n\t\t<\/ul>\t\t\t\t<ol class=\"sow-slider-pagination\">\n\t\t\t\t\t\t\t\t\t\t\t<li><a href=\"#\" data-goto=\"0\" aria-label=\"mostrar diapositiva 1\"><\/a><\/li>\n\t\t\t\t\t\t\t\t\t<\/ol>\n\n\t\t\t\t<div class=\"sow-slide-nav sow-slide-nav-next\">\n\t\t\t\t\t<a href=\"#\" data-goto=\"next\" aria-label=\"diapositiva siguiente\" data-action=\"next\">\n\t\t\t\t\t\t<em class=\"sow-sld-icon-thin-right\"><\/em>\n\t\t\t\t\t<\/a>\n\t\t\t\t<\/div>\n\n\t\t\t\t<div class=\"sow-slide-nav sow-slide-nav-prev\">\n\t\t\t\t\t<a href=\"#\" data-goto=\"previous\" aria-label=\"diapositiva anterior\" data-action=\"prev\">\n\t\t\t\t\t\t<em class=\"sow-sld-icon-thin-left\"><\/em>\n\t\t\t\t\t<\/a>\n\t\t\t\t<\/div>\n\t\t\t\t<\/div><\/div><\/div><div id=\"panel-197-0-0-1\" class=\"so-panel widget widget_media_gallery panel-last-child\" data-index=\"1\" >\n\t\t<style type=\"text\/css\">\n\t\t\t#gallery-1 {\n\t\t\t\tmargin: auto;\n\t\t\t}\n\t\t\t#gallery-1 .gallery-item {\n\t\t\t\tfloat: left;\n\t\t\t\tmargin-top: 10px;\n\t\t\t\ttext-align: center;\n\t\t\t\twidth: 100%;\n\t\t\t}\n\t\t\t#gallery-1 img {\n\t\t\t\tborder: 2px solid #cfcfcf;\n\t\t\t}\n\t\t\t#gallery-1 .gallery-caption {\n\t\t\t\tmargin-left: 0;\n\t\t\t}\n\t\t\t\/* see gallery_shortcode() in wp-includes\/media.php *\/\n\t\t<\/style>\n\t\t<div id='gallery-1' class='gallery galleryid-197 gallery-columns-1 gallery-size-medium'><dl class='gallery-item'>\n\t\t\t<dt class='gallery-icon landscape'>\n\t\t\t\t<a href='https:\/\/www.technidor.com\/wp-content\/uploads\/2018\/03\/repuestos-para-compresores.png'><img loading=\"lazy\" decoding=\"async\" width=\"300\" height=\"139\" src=\"https:\/\/www.technidor.com\/wp-content\/uploads\/2018\/03\/repuestos-para-compresores-300x139.png\" class=\"attachment-medium size-medium\" alt=\"\" aria-describedby=\"gallery-1-1357\" srcset=\"https:\/\/www.technidor.com\/wp-content\/uploads\/2018\/03\/repuestos-para-compresores-300x139.png 300w, https:\/\/www.technidor.com\/wp-content\/uploads\/2018\/03\/repuestos-para-compresores-768x356.png 768w, https:\/\/www.technidor.com\/wp-content\/uploads\/2018\/03\/repuestos-para-compresores-1024x474.png 1024w, https:\/\/www.technidor.com\/wp-content\/uploads\/2018\/03\/repuestos-para-compresores.png 1440w\" sizes=\"auto, (max-width: 300px) 100vw, 300px\" \/><\/a>\n\t\t\t<\/dt>\n\t\t\t\t<dd class='wp-caption-text gallery-caption' id='gallery-1-1357'>\n\t\t\t\tAros Piston y anillos gu\u00edas\n\t\t\t\t<\/dd><\/dl><br style=\"clear: both\" \/><dl class='gallery-item'>\n\t\t\t<dt class='gallery-icon landscape'>\n\t\t\t\t<a href='https:\/\/www.technidor.com\/wp-content\/uploads\/2018\/03\/ESTANQ_7-SCOMPRESORES-_2-Componentes-hidraulicos-Rascadores.jpg'><img loading=\"lazy\" decoding=\"async\" width=\"300\" height=\"174\" src=\"https:\/\/www.technidor.com\/wp-content\/uploads\/2018\/03\/ESTANQ_7-SCOMPRESORES-_2-Componentes-hidraulicos-Rascadores-300x174.jpg\" class=\"attachment-medium size-medium\" alt=\"\" aria-describedby=\"gallery-1-1341\" srcset=\"https:\/\/www.technidor.com\/wp-content\/uploads\/2018\/03\/ESTANQ_7-SCOMPRESORES-_2-Componentes-hidraulicos-Rascadores-300x174.jpg 300w, https:\/\/www.technidor.com\/wp-content\/uploads\/2018\/03\/ESTANQ_7-SCOMPRESORES-_2-Componentes-hidraulicos-Rascadores.jpg 396w\" sizes=\"auto, (max-width: 300px) 100vw, 300px\" \/><\/a>\n\t\t\t<\/dt>\n\t\t\t\t<dd class='wp-caption-text gallery-caption' id='gallery-1-1341'>\n\t\t\t\tRascadores\n\t\t\t\t<\/dd><\/dl><br style=\"clear: both\" \/><dl class='gallery-item'>\n\t\t\t<dt class='gallery-icon landscape'>\n\t\t\t\t<a href='https:\/\/www.technidor.com\/wp-content\/uploads\/2018\/03\/ESTANQ_7-SCOMPRESORES-_2-Componentes-hidraulicos-Chevron.jpg'><img loading=\"lazy\" decoding=\"async\" width=\"246\" height=\"241\" src=\"https:\/\/www.technidor.com\/wp-content\/uploads\/2018\/03\/ESTANQ_7-SCOMPRESORES-_2-Componentes-hidraulicos-Chevron.jpg\" class=\"attachment-medium size-medium\" alt=\"\" aria-describedby=\"gallery-1-1338\" \/><\/a>\n\t\t\t<\/dt>\n\t\t\t\t<dd class='wp-caption-text gallery-caption' id='gallery-1-1338'>\n\t\t\t\tAnillos en V Chevron\n\t\t\t\t<\/dd><\/dl><br style=\"clear: both\" \/><dl class='gallery-item'>\n\t\t\t<dt class='gallery-icon landscape'>\n\t\t\t\t<a href='https:\/\/www.technidor.com\/wp-content\/uploads\/2018\/03\/ESTANQ_7-SCOMPRESORES-_2-Componentes-hidraulicos-Collarines.jpg'><img loading=\"lazy\" decoding=\"async\" width=\"300\" height=\"182\" src=\"https:\/\/www.technidor.com\/wp-content\/uploads\/2018\/03\/ESTANQ_7-SCOMPRESORES-_2-Componentes-hidraulicos-Collarines-300x182.jpg\" class=\"attachment-medium size-medium\" alt=\"\" aria-describedby=\"gallery-1-1339\" srcset=\"https:\/\/www.technidor.com\/wp-content\/uploads\/2018\/03\/ESTANQ_7-SCOMPRESORES-_2-Componentes-hidraulicos-Collarines-300x182.jpg 300w, https:\/\/www.technidor.com\/wp-content\/uploads\/2018\/03\/ESTANQ_7-SCOMPRESORES-_2-Componentes-hidraulicos-Collarines.jpg 351w\" sizes=\"auto, (max-width: 300px) 100vw, 300px\" \/><\/a>\n\t\t\t<\/dt>\n\t\t\t\t<dd class='wp-caption-text gallery-caption' id='gallery-1-1339'>\n\t\t\t\tAnillos en U o collarines\n\t\t\t\t<\/dd><\/dl><br style=\"clear: both\" \/><dl class='gallery-item'>\n\t\t\t<dt class='gallery-icon landscape'>\n\t\t\t\t<a href='https:\/\/www.technidor.com\/wp-content\/uploads\/2018\/03\/ESTANQ_7-SCOMPRESORES-_2-Componentes-hidraulicos-Aros-guia.jpg'><img loading=\"lazy\" decoding=\"async\" width=\"139\" height=\"129\" src=\"https:\/\/www.technidor.com\/wp-content\/uploads\/2018\/03\/ESTANQ_7-SCOMPRESORES-_2-Componentes-hidraulicos-Aros-guia.jpg\" class=\"attachment-medium size-medium\" alt=\"\" aria-describedby=\"gallery-1-1337\" \/><\/a>\n\t\t\t<\/dt>\n\t\t\t\t<dd class='wp-caption-text gallery-caption' id='gallery-1-1337'>\n\t\t\t\tAros gu\u00eda\n\t\t\t\t<\/dd><\/dl><br style=\"clear: both\" \/>\n\t\t<\/div>\n<\/div><\/div><div id=\"pgc-197-0-1\"  class=\"panel-grid-cell\" ><div id=\"panel-197-0-1-0\" class=\"so-panel widget widget_sow-headline panel-first-child\" data-index=\"2\" ><div\n\t\t\t\n\t\t\tclass=\"so-widget-sow-headline so-widget-sow-headline-default-11ef186fff24-197\"\n\t\t\t\n\t\t><div class=\"sow-headline-container \">\n\t\t\t\t\t\t\t<h3 class=\"sow-headline\">\n\t\t\t\t\t\tEn el caso de cilindros hidr\u00e1ulicos o neum\u00e1ticos, los ejes trabajan alternativamente con carreras largas (movimiento rectil\u00edneo) a alta presi\u00f3n y elevada velocidad, y es donde se plantea una estanqueidad de compleja resoluci\u00f3n, m\u00e1xime cuando los fluidos de trabajo son aire o aceite hidr\u00e1ulico.\t\t\t\t\t\t<\/h3>\n\t\t\t\t\t\t\t\t\t\t\t<div class=\"decoration\">\n\t\t\t\t\t\t<div class=\"decoration-inside\"><\/div>\n\t\t\t\t\t<\/div>\n\t\t\t\t\t<\/div>\n<\/div><\/div><div id=\"panel-197-0-1-1\" class=\"so-panel widget widget_sow-editor panel-last-child\" data-index=\"3\" ><div\n\t\t\t\n\t\t\tclass=\"so-widget-sow-editor so-widget-sow-editor-base\"\n\t\t\t\n\t\t>\n<div class=\"siteorigin-widget-tinymce textwidget\">\n\t<p><img loading=\"lazy\" decoding=\"async\" class=\"wp-image-1340 alignright\" src=\"http:\/\/www.technidor.com\/wp-content\/uploads\/2018\/03\/ESTANQ_7-SCOMPRESORES-_2-Componentes-hidraulicos-Esquema-300x124.jpg\" alt=\"\" width=\"423\" height=\"175\" srcset=\"https:\/\/www.technidor.com\/wp-content\/uploads\/2018\/03\/ESTANQ_7-SCOMPRESORES-_2-Componentes-hidraulicos-Esquema-300x124.jpg 300w, https:\/\/www.technidor.com\/wp-content\/uploads\/2018\/03\/ESTANQ_7-SCOMPRESORES-_2-Componentes-hidraulicos-Esquema-768x317.jpg 768w, https:\/\/www.technidor.com\/wp-content\/uploads\/2018\/03\/ESTANQ_7-SCOMPRESORES-_2-Componentes-hidraulicos-Esquema.jpg 937w\" sizes=\"auto, (max-width: 423px) 100vw, 423px\" \/><img loading=\"lazy\" decoding=\"async\" class=\"size-medium wp-image-1371 alignright\" src=\"http:\/\/www.technidor.com\/wp-content\/uploads\/2018\/03\/compressor_4_1-300x165.png\" alt=\"\" width=\"300\" height=\"165\" srcset=\"https:\/\/www.technidor.com\/wp-content\/uploads\/2018\/03\/compressor_4_1-300x165.png 300w, https:\/\/www.technidor.com\/wp-content\/uploads\/2018\/03\/compressor_4_1-768x422.png 768w, https:\/\/www.technidor.com\/wp-content\/uploads\/2018\/03\/compressor_4_1-1024x563.png 1024w\" sizes=\"auto, (max-width: 300px) 100vw, 300px\" \/><\/p>\n<p>\u00a0<\/p>\n<p>\u00a0<\/p>\n<p>\u00a0<\/p>\n<p>\u00a0<\/p>\n<p>Para resolver el problema de estanqueidad, se combinan cuatro soluciones en el mismo cuerpo del cilindro de trabajo. Cada soluci\u00f3n admite multitud de dise\u00f1os, seg\u00fan la severidad de las condiciones de trabajo.<\/p>\n<p><img loading=\"lazy\" decoding=\"async\" class=\"wp-image-1357 aligncenter\" src=\"http:\/\/www.technidor.com\/wp-content\/uploads\/2018\/03\/repuestos-para-compresores-300x139.png\" alt=\"\" width=\"496\" height=\"230\" srcset=\"https:\/\/www.technidor.com\/wp-content\/uploads\/2018\/03\/repuestos-para-compresores-300x139.png 300w, https:\/\/www.technidor.com\/wp-content\/uploads\/2018\/03\/repuestos-para-compresores-768x356.png 768w, https:\/\/www.technidor.com\/wp-content\/uploads\/2018\/03\/repuestos-para-compresores-1024x474.png 1024w, https:\/\/www.technidor.com\/wp-content\/uploads\/2018\/03\/repuestos-para-compresores.png 1440w\" sizes=\"auto, (max-width: 496px) 100vw, 496px\" \/><\/p>\n<table width=\"487\">\n<tbody>\n<tr>\n<td width=\"204\">\n<p style=\"text-align: center;\"><strong>1.\u00a0 <\/strong><strong>Rascadores<\/strong><\/p>\n<\/td>\n<td style=\"text-align: center;\" width=\"283\">\n<p>Eliminan la suciedad acumulada a lo largo del v\u00e1stago e impiden el ingreso de contaminantes del exterior al cilindro de trabajo.<\/p>\n<\/td>\n<\/tr>\n<tr>\n<td width=\"204\">\n<p><strong>2.\u00a0 <\/strong><strong>Empaquetadura de anillos en V Chevron<\/strong><strong><sup>\u00ae<\/sup><\/strong><\/p>\n<\/td>\n<td width=\"283\">\n<p>Juego de anillos en V que se encajan entre dos adaptadores, uno en la tapa (hembra) y otro en la base (macho). Para servicios de hasta 600 bar.<\/p>\n<\/td>\n<\/tr>\n<tr>\n<td width=\"204\">\n<p><strong>3.\u00a0 <\/strong><strong>Aros gu\u00eda<\/strong><\/p>\n<\/td>\n<td width=\"283\">\n<p>Tanto para el v\u00e1stago como para el \u00e9mbolo. Evitan el contacto metal contra metal del pist\u00f3n - cilindro, como del v\u00e1stago \u2013 tapa cilindro.<\/p>\n<\/td>\n<\/tr>\n<tr>\n<td width=\"204\">\n<p><strong>4.\u00a0 <\/strong><strong>Anillos en U o collarines<\/strong><\/p>\n<\/td>\n<td width=\"283\">\n<p style=\"text-align: center;\">Impiden la fuga del fluido presurizado (aceite hidr\u00e1ulico o aire)a trav\u00e9s del v\u00e1stagoy del \u00e9mbolo.<\/p>\n<\/td>\n<\/tr>\n<\/tbody>\n<\/table>\n<p><strong><br \/>Elast\u00f3meros m\u00e1s habituales:<\/strong> Poliuretano (<strong>PU<\/strong>); nitrilo (<strong>NBR<\/strong>); nitrilo hidrogenado (<strong>HNBR<\/strong>); fluoruro de vinilideno-hexafluorpropileno (<strong>FPM<\/strong>); vinil metil silicona (<strong>VMQ<\/strong>); <strong>Aflas<\/strong><strong><sup>\u00ae<\/sup><\/strong> y etileno-propileno-dieno no conjugado (<strong>EPDM<\/strong>).Las condiciones de trabajo inciden en el desgaste que sufren los elementos de estanqueidad y por ello se han desarrollado toda una gama de elast\u00f3meros y termopl\u00e1sticos para aumentar su vida \u00fatil.<\/p>\n<p><strong>Termopl\u00e1sticos m\u00e1s frecuentes:<\/strong>Poli\u00f3xido de metileno (<strong>POM<\/strong>); politetrafluoretileno (<strong>PTFE<\/strong>); poliamida (<strong>PA<\/strong>); poli\u00e9ter \u00e9ter cetona (<strong>PEEK<\/strong>) y polietileno de ultra alto peso molecular (<strong>UHMW PE<\/strong>).<\/p>\n<p>Entre las diversas calidades de cada material, hay disponible la certificaci\u00f3n alimentaria FDA.<\/p>\n<\/div>\n<\/div><\/div><\/div><div id=\"pgc-197-0-2\"  class=\"panel-grid-cell\" ><div id=\"panel-197-0-2-0\" class=\"so-panel widget widget_sow-editor panel-first-child panel-last-child\" data-index=\"4\" ><div class=\"panel-widget-style panel-widget-style-for-197-0-2-0\" ><div\n\t\t\t\n\t\t\tclass=\"so-widget-sow-editor so-widget-sow-editor-base\"\n\t\t\t\n\t\t>\n<div class=\"siteorigin-widget-tinymce textwidget\">\n\t<h3 style=\"text-align: center;\">Necesitas m\u00e1s informaci\u00f3n?<\/h3>\n<p style=\"text-align: center;\">\n<div class=\"wpcf7 no-js\" id=\"wpcf7-f1642-o1\" lang=\"es-ES\" dir=\"ltr\" data-wpcf7-id=\"1642\">\n<div class=\"screen-reader-response\"><p role=\"status\" aria-live=\"polite\" aria-atomic=\"true\"><\/p> <ul><\/ul><\/div>\n<form action=\"\/index.php\/wp-json\/wp\/v2\/pages\/197#wpcf7-f1642-o1\" method=\"post\" class=\"wpcf7-form init\" aria-label=\"Formulario de contacto\" novalidate=\"novalidate\" data-status=\"init\">\n<fieldset class=\"hidden-fields-container\"><input type=\"hidden\" name=\"_wpcf7\" value=\"1642\" \/><input type=\"hidden\" name=\"_wpcf7_version\" value=\"6.1.5\" \/><input type=\"hidden\" name=\"_wpcf7_locale\" value=\"es_ES\" \/><input type=\"hidden\" name=\"_wpcf7_unit_tag\" value=\"wpcf7-f1642-o1\" \/><input type=\"hidden\" name=\"_wpcf7_container_post\" value=\"0\" \/><input type=\"hidden\" name=\"_wpcf7_posted_data_hash\" value=\"\" \/><input type=\"hidden\" name=\"_wpcf7_recaptcha_response\" value=\"\" \/>\n<\/fieldset>\n<p><label> Nombre (requerido)<br \/>\n<span class=\"wpcf7-form-control-wrap\" data-name=\"your-name\"><input size=\"40\" maxlength=\"400\" class=\"wpcf7-form-control wpcf7-text wpcf7-validates-as-required\" aria-required=\"true\" aria-invalid=\"false\" value=\"\" type=\"text\" name=\"your-name\" \/><\/span> <\/label>\n<\/p>\n<p><label> Tu correo electr\u00f3nico (requerido)<br \/>\n<span class=\"wpcf7-form-control-wrap\" data-name=\"your-email\"><input size=\"40\" maxlength=\"400\" class=\"wpcf7-form-control wpcf7-email wpcf7-validates-as-required wpcf7-text wpcf7-validates-as-email\" aria-required=\"true\" aria-invalid=\"false\" value=\"\" type=\"email\" name=\"your-email\" \/><\/span> <\/label>\n<\/p>\n<p><label> Tel\u00e9fono (requerido)<br \/>\n<span class=\"wpcf7-form-control-wrap\" data-name=\"Telefono\"><input size=\"40\" maxlength=\"400\" class=\"wpcf7-form-control wpcf7-tel wpcf7-validates-as-required wpcf7-text wpcf7-validates-as-tel\" aria-required=\"true\" aria-invalid=\"false\" value=\"\" type=\"tel\" name=\"Telefono\" \/><\/span> <\/label>\n<\/p>\n<p><label> Asunto<br \/>\n<span class=\"wpcf7-form-control-wrap\" data-name=\"your-subject\"><input size=\"40\" maxlength=\"400\" class=\"wpcf7-form-control wpcf7-text\" aria-invalid=\"false\" value=\"\" type=\"text\" name=\"your-subject\" \/><\/span> <\/label>\n<\/p>\n<p><label> Mensaje<br \/>\n<span class=\"wpcf7-form-control-wrap\" data-name=\"your-message\"><textarea cols=\"40\" rows=\"10\" maxlength=\"2000\" class=\"wpcf7-form-control wpcf7-textarea\" aria-invalid=\"false\" name=\"your-message\"><\/textarea><\/span> <\/label>\n<\/p>\n<p><small><b>Reglamento General de Protecci\u00f3n de Datos:<\/b><br \/>\nEn nombre de la empresa TECHNIDOR, S.L., propietaria del dominio web www.technidor.com y en virtud de lo establecido en el Reglamento General de Protecci\u00f3n de Datos (UE 1679\/2016) les informamos que tratamos los datos que nos facilita en el presente formulario con el fin de poder hacer efectiva su solicitud de informaci\u00f3n. Los datos proporcionados se conservar\u00e1n mientras se realiza el procesamiento de su solicitud y se le da respuesta. Usted tiene derecho a obtener confirmaci\u00f3n sobre si en TECHNIDOR, S.L. estamos tratando sus datos personales por tanto tiene derecho a acceder a sus datos personales, rectificar los inexactos o solicitar su supresi\u00f3n cuando ya no sean necesarios.<\/small>\n<\/p>\n<p><span class=\"wpcf7-form-control-wrap\" data-name=\"Consentimiento\"><span class=\"wpcf7-form-control wpcf7-acceptance\"><span class=\"wpcf7-list-item\"><label><input type=\"checkbox\" name=\"Consentimiento\" value=\"1\" aria-invalid=\"false\" \/><span class=\"wpcf7-list-item-label\">He le\u00eddo y acepto la pol\u00edtica de privacidad<\/span><\/label><\/span><\/span><\/span>\n<\/p>\n<p><input class=\"wpcf7-form-control wpcf7-submit has-spinner\" type=\"submit\" value=\"Solicitar informaci\u00f3n\" \/>\n<\/p><div class=\"wpcf7-response-output\" aria-hidden=\"true\"><\/div>\n<\/form>\n<\/div>\n<\/p>\n<\/div>\n<\/div><\/div><\/div><\/div><\/div><\/div>","protected":false},"excerpt":{"rendered":"<p>\u00a0 \u00a0 \u00a0 \u00a0 Para resolver el problema de estanqueidad, se combinan cuatro soluciones en el mismo cuerpo del cilindro de trabajo. Cada soluci\u00f3n admite multitud de dise\u00f1os, seg\u00fan la severidad de las condiciones de trabajo. 1.\u00a0 Rascadores Eliminan la suciedad acumulada a lo largo del v\u00e1stago e impiden el ingreso de contaminantes del exterior&hellip;<\/p>\n<p class=\"more-link\"><a href=\"https:\/\/www.technidor.com\/index.php\/estanqueidad-dinamica-y-estatica\/componentes-para-compresores\/\" class=\"themebutton2\">Leer m\u00e1s<\/a><\/p>\n","protected":false},"author":2,"featured_media":1370,"parent":64,"menu_order":7,"comment_status":"closed","ping_status":"closed","template":"","meta":{"_uf_show_specific_survey":0,"_uf_disable_surveys":false,"footnotes":""},"class_list":["post-197","page","type-page","status-publish","has-post-thumbnail","hentry"],"aioseo_notices":[],"_links":{"self":[{"href":"https:\/\/www.technidor.com\/index.php\/wp-json\/wp\/v2\/pages\/197","targetHints":{"allow":["GET"]}}],"collection":[{"href":"https:\/\/www.technidor.com\/index.php\/wp-json\/wp\/v2\/pages"}],"about":[{"href":"https:\/\/www.technidor.com\/index.php\/wp-json\/wp\/v2\/types\/page"}],"author":[{"embeddable":true,"href":"https:\/\/www.technidor.com\/index.php\/wp-json\/wp\/v2\/users\/2"}],"replies":[{"embeddable":true,"href":"https:\/\/www.technidor.com\/index.php\/wp-json\/wp\/v2\/comments?post=197"}],"version-history":[{"count":27,"href":"https:\/\/www.technidor.com\/index.php\/wp-json\/wp\/v2\/pages\/197\/revisions"}],"predecessor-version":[{"id":1713,"href":"https:\/\/www.technidor.com\/index.php\/wp-json\/wp\/v2\/pages\/197\/revisions\/1713"}],"up":[{"embeddable":true,"href":"https:\/\/www.technidor.com\/index.php\/wp-json\/wp\/v2\/pages\/64"}],"wp:featuredmedia":[{"embeddable":true,"href":"https:\/\/www.technidor.com\/index.php\/wp-json\/wp\/v2\/media\/1370"}],"wp:attachment":[{"href":"https:\/\/www.technidor.com\/index.php\/wp-json\/wp\/v2\/media?parent=197"}],"curies":[{"name":"wp","href":"https:\/\/api.w.org\/{rel}","templated":true}]}}