{"id":2,"date":"2017-08-24T09:28:08","date_gmt":"2017-08-24T09:28:08","guid":{"rendered":"http:\/\/&#038;&#038;&#038;RUTAWEB&#038;&#038;&#038;?page_id=2"},"modified":"2025-05-28T06:44:18","modified_gmt":"2025-05-28T06:44:18","slug":"technidor","status":"publish","type":"page","link":"https:\/\/www.technidor.com\/","title":{"rendered":"Inicio"},"content":{"rendered":"<div id=\"pl-2\"  class=\"panel-layout\" ><div id=\"pg-2-0\"  class=\"panel-grid panel-no-style\" ><div id=\"pgc-2-0-0\"  class=\"panel-grid-cell\" ><div class=\"panel-cell-style panel-cell-style-for-2-0-0\" ><div id=\"panel-2-0-0-0\" class=\"so-panel widget widget_sow-headline panel-first-child\" data-index=\"0\" ><div\n\t\t\t\n\t\t\tclass=\"so-widget-sow-headline so-widget-sow-headline-default-9b7424dd7762-2 so-widget-fittext-wrapper\"\n\t\t\t data-fit-text-compressor=\"0.85\"\n\t\t><div class=\"sow-headline-container \">\n\t\t\t\t\t\t\t<h2 class=\"sow-headline\">\n\t\t\t\t\t\tNuevo Tr\u00edptico Technidor\t\t\t\t\t\t<\/h2>\n\t\t\t\t\t\t\t\t\t\t\t\t<h3 class=\"sow-sub-headline\">\n\t\t\t\t\t\t\t\t\t\t\t\t\t<a href=\"https:\/\/www.technidor.com\/wp-content\/uploads\/2022\/09\/TECHNIDOR-Triptico-corporativo-Ed-Web-v2.pdf\" target=\"_blank\" rel=\"noopener noreferrer\">\n\t\t\t\t\t\t\t\tDesc\u00e1rgalo aqu\u00ed para una consulta \u00e1gil de nuestros productos<\/a>\t\t\t\t\t\t<\/h3>\n\t\t\t\t\t\t\t\t\t\t\t<div class=\"decoration\">\n\t\t\t\t\t\t<div class=\"decoration-inside\"><\/div>\n\t\t\t\t\t<\/div>\n\t\t\t\t\t<\/div>\n<\/div><\/div><div id=\"panel-2-0-0-1\" class=\"so-panel widget widget_sow-image panel-last-child\" data-index=\"1\" ><div\n\t\t\t\n\t\t\tclass=\"so-widget-sow-image so-widget-sow-image-default-6ec9e3772f75-2\"\n\t\t\t\n\t\t>\n<div class=\"sow-image-container\">\n\t\t\t<a href=\"https:\/\/www.technidor.com\/wp-content\/uploads\/2022\/09\/TECHNIDOR-Triptico-corporativo-Ed-Web-v2.pdf\"\n\t\t\ttarget=\"_blank\" rel=\"noopener noreferrer\" \t\t>\n\t\t\t<img \n\tsrc=\"https:\/\/www.technidor.com\/wp-content\/uploads\/2022\/09\/CABECERA3-triptico-1536x590-v2.png\" width=\"1536\" height=\"590\" srcset=\"https:\/\/www.technidor.com\/wp-content\/uploads\/2022\/09\/CABECERA3-triptico-1536x590-v2.png 1536w, https:\/\/www.technidor.com\/wp-content\/uploads\/2022\/09\/CABECERA3-triptico-1536x590-v2-300x115.png 300w, https:\/\/www.technidor.com\/wp-content\/uploads\/2022\/09\/CABECERA3-triptico-1536x590-v2-1024x393.png 1024w, https:\/\/www.technidor.com\/wp-content\/uploads\/2022\/09\/CABECERA3-triptico-1536x590-v2-768x295.png 768w, https:\/\/www.technidor.com\/wp-content\/uploads\/2022\/09\/CABECERA3-triptico-1536x590-v2-640x246.png 640w\" sizes=\"(max-width: 1536px) 100vw, 1536px\" title=\"Nuevo Triptico Technidor\" alt=\"TRIPTICO TECHNIDOR\" \t\tclass=\"so-widget-image\"\/>\n\t\t\t<\/a><\/div>\n\n<\/div><\/div><\/div><\/div><\/div><div id=\"pg-2-1\"  class=\"panel-grid panel-no-style\" ><div id=\"pgc-2-1-0\"  class=\"panel-grid-cell\" ><div class=\"panel-cell-style panel-cell-style-for-2-1-0\" ><div id=\"panel-2-1-0-0\" class=\"so-panel widget widget_sow-editor panel-first-child panel-last-child\" data-index=\"2\" ><div\n\t\t\t\n\t\t\tclass=\"so-widget-sow-editor so-widget-sow-editor-base\"\n\t\t\t\n\t\t>\n<div class=\"siteorigin-widget-tinymce textwidget\">\n\t<p>&nbsp;<\/p>\n<p><a href=\"https:\/\/www.technidor.com\/index.php\/estanqueidad-dinamica-y-estatica\/\"><img loading=\"lazy\" decoding=\"async\" class=\"aligncenter wp-image-3782 size-medium\" src=\"https:\/\/www.technidor.com\/wp-content\/uploads\/2019\/11\/SEALTECHv1-300x75.jpg\" alt=\"SEALTECH\" width=\"300\" height=\"75\" srcset=\"https:\/\/www.technidor.com\/wp-content\/uploads\/2019\/11\/SEALTECHv1-300x75.jpg 300w, https:\/\/www.technidor.com\/wp-content\/uploads\/2019\/11\/SEALTECHv1-768x192.jpg 768w, https:\/\/www.technidor.com\/wp-content\/uploads\/2019\/11\/SEALTECHv1-640x160.jpg 640w, https:\/\/www.technidor.com\/wp-content\/uploads\/2019\/11\/SEALTECHv1.jpg 800w\" sizes=\"auto, (max-width: 300px) 100vw, 300px\" \/><\/a><\/p>\n<h2 style=\"text-align: center;\">ESTANQUEIDAD INDUSTRIAL<\/h2>\n<p style=\"text-align: center;\">ESTANQUEIDAD DINAMICA: Retenes de aceite, sellos de labio de tefl\u00f3n, Protectores de Rodamientos, Sellos mec\u00e1nicos;\u00a0 ESTANQUEIDAD ESTATICA: Juntas y materiales para juntas, Gylon, Juntas BioPro, Juntas Stress Saver, Juntas met\u00e1licas, HELICOFLEX, Cinta adhesiva PTFE; Empaquetaduras;<\/p>\n<p style=\"text-align: center;\">Juntas hinchables Cefil'air; Juntas Rotativas MAIER; Boquillas y Pulverizadores;\u00a0 Soluciones para Compresores; Protectores de Bridas; Pl\u00e1sticos T\u00e9cnicos.<\/p>\n<\/div>\n<\/div><\/div><\/div><\/div><div id=\"pgc-2-1-1\"  class=\"panel-grid-cell\" ><div class=\"panel-cell-style panel-cell-style-for-2-1-1\" ><div id=\"panel-2-1-1-0\" class=\"so-panel widget widget_sow-editor panel-first-child panel-last-child\" data-index=\"3\" ><div\n\t\t\t\n\t\t\tclass=\"so-widget-sow-editor so-widget-sow-editor-base\"\n\t\t\t\n\t\t>\n<div class=\"siteorigin-widget-tinymce textwidget\">\n\t<p>&nbsp;<\/p>\n<p><a href=\"https:\/\/www.technidor.com\/index.php\/instrumentacion-y-control-de-procesos\/\"><img loading=\"lazy\" decoding=\"async\" class=\"aligncenter wp-image-3783 size-medium\" src=\"https:\/\/www.technidor.com\/wp-content\/uploads\/2019\/11\/INSTRUTECHv1-300x75.jpg\" alt=\"INSTRUTECH\" width=\"300\" height=\"75\" srcset=\"https:\/\/www.technidor.com\/wp-content\/uploads\/2019\/11\/INSTRUTECHv1-300x75.jpg 300w, https:\/\/www.technidor.com\/wp-content\/uploads\/2019\/11\/INSTRUTECHv1-768x192.jpg 768w, https:\/\/www.technidor.com\/wp-content\/uploads\/2019\/11\/INSTRUTECHv1-640x160.jpg 640w, https:\/\/www.technidor.com\/wp-content\/uploads\/2019\/11\/INSTRUTECHv1.jpg 800w\" sizes=\"auto, (max-width: 300px) 100vw, 300px\" \/><\/a><\/p>\n<h2 style=\"text-align: center;\">CONTROL DE PROCESOS<\/h2>\n<p>&nbsp;<\/p>\n<p style=\"text-align: center;\">Filtros; Rot\u00e1metros y Caudal\u00edmetros; INSTRUMENTACION: Equipos de Medici\u00f3n de Humedad y grasa por tecnolog\u00eda NIR; Color\u00edmetros SENWARE; Refract\u00f3metros de Procesos.<\/p>\n<p>&nbsp;<\/p>\n<p>&nbsp;<\/p>\n<\/div>\n<\/div><\/div><\/div><\/div><div id=\"pgc-2-1-2\"  class=\"panel-grid-cell\" ><div class=\"panel-cell-style panel-cell-style-for-2-1-2\" ><div id=\"panel-2-1-2-0\" class=\"so-panel widget widget_sow-editor panel-first-child panel-last-child\" data-index=\"4\" ><div\n\t\t\t\n\t\t\tclass=\"so-widget-sow-editor so-widget-sow-editor-base\"\n\t\t\t\n\t\t>\n<div class=\"siteorigin-widget-tinymce textwidget\">\n\t<p>&nbsp;<\/p>\n<p><a href=\"https:\/\/www.technidor.com\/index.php\/sistemas-de-escape\/\"><img loading=\"lazy\" decoding=\"async\" class=\"aligncenter wp-image-3784 size-medium\" src=\"https:\/\/www.technidor.com\/wp-content\/uploads\/2019\/11\/technitubsv1-300x75.jpg\" alt=\"TECHNITUBS\" width=\"300\" height=\"75\" srcset=\"https:\/\/www.technidor.com\/wp-content\/uploads\/2019\/11\/technitubsv1-300x75.jpg 300w, https:\/\/www.technidor.com\/wp-content\/uploads\/2019\/11\/technitubsv1-768x192.jpg 768w, https:\/\/www.technidor.com\/wp-content\/uploads\/2019\/11\/technitubsv1-640x160.jpg 640w, https:\/\/www.technidor.com\/wp-content\/uploads\/2019\/11\/technitubsv1.jpg 800w\" sizes=\"auto, (max-width: 300px) 100vw, 300px\" \/><\/a><\/p>\n<h2 style=\"text-align: center;\">SISTEMAS DE ESCAPE<\/h2>\n<p>&nbsp;<\/p>\n<p style=\"text-align: center;\">Adem\u00e1s de suministrar productos para sistemas de escape utilizados en veh\u00edculos y maquinaria industrial, tambi\u00e9n fabricamos y comercializamos una gran variedad de elementos mecanizados bajo pedido.<\/p>\n<p>&nbsp;<\/p>\n<p>&nbsp;<\/p>\n<\/div>\n<\/div><\/div><\/div><\/div><\/div><div id=\"pg-2-2\"  class=\"panel-grid panel-no-style\" ><div id=\"pgc-2-2-0\"  class=\"panel-grid-cell\" ><div id=\"panel-2-2-0-0\" class=\"so-panel widget widget_sow-features panel-first-child panel-last-child\" data-index=\"5\" ><div\n\t\t\t\n\t\t\tclass=\"so-widget-sow-features so-widget-sow-features-default-681ad9f8c8d1-2\"\n\t\t\t\n\t\t><ul\n\tclass=\"sow-features-list\n\tsow-features-responsive\">\n\n\t\t\t<li\n\t\t\tclass=\"sow-features-feature sow-icon-container-position-top\"\n\t\t\tstyle=\"display: flex; flex-direction: column; width: calc(20% - 25px);\"\n\t\t>\n\t\t\t\n\t\t\t\t\t\t<div\t\t\t\tclass=\"sow-icon-container sow-container-none\"\n\t\t\t\tstyle=\"color: #1d5775; \"\n\t\t\t\ttitle=\"Pilares\"\n\t\t\t\t\t\t\t>\n\t\t\t\t<span class=\"sow-icon-fontawesome sow-fas\" data-sow-icon=\"&#xf19c;\"\n\t\tstyle=\"font-size: 40px; color: #1d5775\" \n\t\taria-hidden=\"true\"><\/span>\t\t\t<\/div>\n\n\t\t\t<div class=\"textwidget\">\n\t\t\t\t\n\t\t\t\t\t\t\t\t\t<h5 class=\"sow-features-feature-title\">\n\t\t\t\t\t\tNuestros Valores\t\t\t\t\t<\/h5>\n\t\t\t\t\n\t\t\t\t\t\t\t\t\t<div class=\"sow-features-feature-text\">\n\t\t\t\t\t<ul>\n<li>Innovaci\u00f3n<\/li>\n<li>Calidad<\/li>\n<li>Conocimiento<\/li>\n<li>Agilidad<\/li>\n<li>\u00c9tica profesional<\/li>\n<li>Futuro<\/li>\n<li>Transparencia<\/li>\n<li>Rentabilidad<\/li>\n<li>Trabajo en equipo<\/li>\n<\/ul>\n<h6><\/h6>\n<h6><a href=\"https:\/\/www.technidor.com\/wp-content\/uploads\/2022\/03\/TECHNIDOR-politica_Calidad.pdf\"><img loading=\"lazy\" decoding=\"async\" class=\"alignleft size-full wp-image-4264\" src=\"https:\/\/www.technidor.com\/wp-content\/uploads\/2022\/03\/politica-calidad-TECHNIDOR-e1646385435351.jpg\" alt=\"\" width=\"177\" height=\"247\" \/><\/a><\/h6>\n<h6><\/h6>\n<p><img loading=\"lazy\" decoding=\"async\" class=\"alignleft size-full wp-image-5175\" src=\"https:\/\/www.technidor.com\/wp-content\/uploads\/2025\/05\/Optimized-logo-ISO9001_color-01.png\" alt=\"ISO 9001 CERTIFIED\" width=\"211\" height=\"102\" \/><\/p>\n\t\t\t\t\t<\/div>\n\t\t\t\t\t\t\t\t<\/div>\n\t\t\t\t\t\t\t\t<\/li>\n\n\t\t\t<li\n\t\t\tclass=\"sow-features-feature sow-icon-container-position-top\"\n\t\t\tstyle=\"display: flex; flex-direction: column; width: calc(20% - 25px);\"\n\t\t>\n\t\t\t\n\t\t\t\t\t\t<div\t\t\t\tclass=\"sow-icon-container sow-container-none\"\n\t\t\t\tstyle=\"color: #1d5775; \"\n\t\t\t\ttitle=\"Misi\u00f3n\"\n\t\t\t\t\t\t\t>\n\t\t\t\t<span class=\"sow-icon-fontawesome sow-fas\" data-sow-icon=\"&#xf0a1;\"\n\t\tstyle=\"font-size: 40px; color: #1d5775\" \n\t\taria-hidden=\"true\"><\/span>\t\t\t<\/div>\n\n\t\t\t<div class=\"textwidget\">\n\t\t\t\t\n\t\t\t\t\t\t\t\t\t<h5 class=\"sow-features-feature-title\">\n\t\t\t\t\t\tVisi\u00f3n y Misi\u00f3n\t\t\t\t\t<\/h5>\n\t\t\t\t\n\t\t\t\t\t\t\t\t\t<div class=\"sow-features-feature-text\">\n\t\t\t\t\t<p><strong>Technidor<\/strong>\u00a0ofrece a sus clientes todo su conocimiento, experiencia e infraestructura t\u00e9cnico comercial. Tanto a trav\u00e9s de productos propios como los de sus representadas, Technidor quiere liderar el mercado en cada una de sus unidades de negocio, siendo referencia a nivel prestacional y de calidad, y hacerlo obteniendo un resultado de negocio creciente y sostenible en el tiempo, para beneficio del Cliente, empleados y socios econ\u00f3micos y tecnol\u00f3gicos.<\/p>\n\t\t\t\t\t<\/div>\n\t\t\t\t\t\t\t\t<\/div>\n\t\t\t\t\t\t\t\t<\/li>\n\n\t\t\t<li\n\t\t\tclass=\"sow-features-feature sow-icon-container-position-top\"\n\t\t\tstyle=\"display: flex; flex-direction: column; width: calc(20% - 25px);\"\n\t\t>\n\t\t\t\n\t\t\t\t\t\t<div\t\t\t\tclass=\"sow-icon-container sow-container-none\"\n\t\t\t\tstyle=\"color: #1d5775; \"\n\t\t\t\ttitle=\"Sostenibilidad\"\n\t\t\t\t\t\t\t>\n\t\t\t\t<span class=\"sow-icon-fontawesome sow-far\" data-sow-icon=\"&#xf14a;\"\n\t\tstyle=\"font-size: 40px; color: #1d5775\" \n\t\taria-hidden=\"true\"><\/span>\t\t\t<\/div>\n\n\t\t\t<div class=\"textwidget\">\n\t\t\t\t\n\t\t\t\t\t\t\t\t\t<h5 class=\"sow-features-feature-title\">\n\t\t\t\t\t\tSostenibilidad\t\t\t\t\t<\/h5>\n\t\t\t\t\n\t\t\t\t\t\t\t\t\t<div class=\"sow-features-feature-text\">\n\t\t\t\t\t<p>Vinculados a representadas de primer orden internacional, que guardan como principal y com\u00fan elemento diferenciador el liderazgo t\u00e9cnico y prestacional, subrayar este valor com\u00fan como el \u00fanico capaz de garantizar en un escenario de permanente cambio y dificultad, el futuro de un proyecto que esta fuera de los \u00e1mbitos de producto o venta por precio.<\/p>\n\t\t\t\t\t<\/div>\n\t\t\t\t\t\t\t\t<\/div>\n\t\t\t\t\t\t\t\t<\/li>\n\n\t\t\t<li\n\t\t\tclass=\"sow-features-feature sow-icon-container-position-top\"\n\t\t\tstyle=\"display: flex; flex-direction: column; width: calc(20% - 25px);\"\n\t\t>\n\t\t\t\n\t\t\t\t\t\t<div\t\t\t\tclass=\"sow-icon-container sow-container-none\"\n\t\t\t\tstyle=\"color: #1d5775; \"\n\t\t\t\ttitle=\"Medio ambiente\"\n\t\t\t\t\t\t\t>\n\t\t\t\t<span class=\"sow-icon-fontawesome sow-fab\" data-sow-icon=\"&#xf299;\"\n\t\tstyle=\"font-size: 40px; color: #1d5775\" \n\t\taria-hidden=\"true\"><\/span>\t\t\t<\/div>\n\n\t\t\t<div class=\"textwidget\">\n\t\t\t\t\n\t\t\t\t\t\t\t\t\t<h5 class=\"sow-features-feature-title\">\n\t\t\t\t\t\tResponsabilidad con el medio ambiente\t\t\t\t\t<\/h5>\n\t\t\t\t\n\t\t\t\t\t\t\t\t\t<div class=\"sow-features-feature-text\">\n\t\t\t\t\t<p>S\u00f3lo representamos proyectos que demuestren su constante compromiso con el medio ambiente y el m\u00e1ximo respeto con el cumplimiento de las normas asociadas.<\/p>\n<p>&nbsp;<\/p>\n\t\t\t\t\t<\/div>\n\t\t\t\t\t\t\t\t<\/div>\n\t\t\t\t\t\t\t\t<\/li>\n\n\t\t\t<li\n\t\t\tclass=\"sow-features-feature sow-icon-container-position-top\"\n\t\t\tstyle=\"display: flex; flex-direction: column; width: calc(20% - 25px);\"\n\t\t>\n\t\t\t\n\t\t\t\t\t\t<div\t\t\t\tclass=\"sow-icon-container sow-container-none\"\n\t\t\t\tstyle=\"color: #1d5775; \"\n\t\t\t\ttitle=\"Responsabilidad negocio\"\n\t\t\t\t\t\t\t>\n\t\t\t\t<span class=\"sow-icon-fontawesome sow-far\" data-sow-icon=\"&#xf2b5;\"\n\t\tstyle=\"font-size: 40px; color: #1d5775\" \n\t\taria-hidden=\"true\"><\/span>\t\t\t<\/div>\n\n\t\t\t<div class=\"textwidget\">\n\t\t\t\t\n\t\t\t\t\t\t\t\t\t<h5 class=\"sow-features-feature-title\">\n\t\t\t\t\t\tResponsabilidad con nuestro negocio\t\t\t\t\t<\/h5>\n\t\t\t\t\n\t\t\t\t\t\t\t\t\t<div class=\"sow-features-feature-text\">\n\t\t\t\t\t<p>Mantenemos el compromiso con nuestros clientes y socios nacionales e internacionales, para garantizar relaciones t\u00e9cnico comerciales supervisadas siempre por la experiencia y conocimiento de un equipo humano diferenciado por su implicaci\u00f3n y m\u00e1xima vocaci\u00f3n de servicio.<\/p>\n\t\t\t\t\t<\/div>\n\t\t\t\t\t\t\t\t<\/div>\n\t\t\t\t\t\t\t\t<\/li>\n\n\t<\/ul>\n<\/div><\/div><\/div><\/div><div id=\"pg-2-3\"  class=\"panel-grid panel-no-style\" ><div id=\"pgc-2-3-0\"  class=\"panel-grid-cell\" ><div id=\"panel-2-3-0-0\" class=\"so-panel widget widget_text panel-first-child panel-last-child\" data-index=\"6\" >\t\t\t<div class=\"textwidget\"><p><strong>Technidor<\/strong>, adem\u00e1s de su implantaci\u00f3n en el mercado nacional,\u00a0es una\u00a0empresa de \u00e1mbito internacional, tanto por sus representadas como por algunos de sus clientes principales, que hacen que tenga presencia en\u00a0<strong>Europa<\/strong>,\u00a0<strong>Am\u00e9rica<\/strong>\u00a0y\u00a0<strong>Asia<\/strong>.<\/p>\n<p><strong>Desde su inicios en 1982<\/strong>, sus v\u00ednculos con representadas de diferente \u00e1mbito han hecho que hoy el conocimiento adquirido a trav\u00e9s de estos a\u00f1os nos permita participar como partners de primer orden con la mayor\u00eda de las mismas, no solo a nivel estrat\u00e9gico y comercial, sino tambi\u00e9n en \u00e1reas de desarrollo de nuevos productos y aplicaciones.<\/p>\n<p>Con este perfil es f\u00e1cil comprender el v\u00ednculo de\u00a0<strong>Technidor<\/strong>\u00a0tanto con OEMs nacionales e internacionales de primer nivel, como con firmas de producci\u00f3n con implantaci\u00f3n nacional, l\u00edderes indiscutibles en sus respectivas \u00e1reas, hablamos de participaci\u00f3n.<\/p>\n<\/div>\n\t\t<\/div><\/div><div id=\"pgc-2-3-1\"  class=\"panel-grid-cell\" ><div id=\"panel-2-3-1-0\" class=\"so-panel widget widget_text panel-first-child panel-last-child\" data-index=\"7\" >\t\t\t<div class=\"textwidget\"><p>Con 3 principales unidades de negocio, <strong>Estanqueidad Est\u00e1tica y Din\u00e1mica<\/strong>, <strong>Sistemas de Escape<\/strong> y <strong>Aislamiento Ac\u00fastico<\/strong>, <strong>T\u00e9rmico e Instrumentaci\u00f3n y Control de Procesos<\/strong>, as\u00ed como servicios de ingenier\u00eda y asesoramiento t\u00e9cnico, Technidor sigue tratando de ser un proveedor de referencia para sus principales clientes, no solo en \u00e1mbitos de instalaciones existentes, por tanto fuertemente vinculados a Departamentos de Mantenimiento, sino que adem\u00e1s es precisamente el conocimiento adquirido el que nos ha permitido participar en numerosas ocasiones del <em>desarrollo de nuevas soluciones t\u00e9cnicas<\/em>.<\/p>\n<p>Subrayando la significancia del mercado nacional, Technidor garantiza para la mayor\u00eda de sus clientes principales un est\u00e1ndar de\u00a0<strong>calidad<\/strong>\u00a0y\u00a0<strong>servicio<\/strong>\u00a0que es el que, a pesar de las dif\u00edciles coyunturas, ha hecho que la mayor\u00eda de relaciones profesionales tengan hoy peso hist\u00f3rico y est\u00e9n en constante evoluci\u00f3n.<\/p>\n<\/div>\n\t\t<\/div><\/div><\/div><\/div>","protected":false},"excerpt":{"rendered":"<p>&nbsp; ESTANQUEIDAD INDUSTRIAL ESTANQUEIDAD DINAMICA: Retenes de aceite, sellos de labio de tefl\u00f3n, Protectores de Rodamientos, Sellos mec\u00e1nicos;\u00a0 ESTANQUEIDAD ESTATICA: Juntas y materiales para juntas, Gylon, Juntas BioPro, Juntas Stress Saver, Juntas met\u00e1licas, HELICOFLEX, Cinta adhesiva PTFE; Empaquetaduras; Juntas hinchables Cefil&#8217;air; Juntas Rotativas MAIER; Boquillas y Pulverizadores;\u00a0 Soluciones para Compresores; Protectores de Bridas; Pl\u00e1sticos T\u00e9cnicos.<\/p>\n","protected":false},"author":2,"featured_media":39,"parent":0,"menu_order":0,"comment_status":"closed","ping_status":"closed","template":"","meta":{"_uf_show_specific_survey":0,"_uf_disable_surveys":false,"footnotes":""},"class_list":["post-2","page","type-page","status-publish","has-post-thumbnail","hentry"],"aioseo_notices":[],"_links":{"self":[{"href":"https:\/\/www.technidor.com\/index.php\/wp-json\/wp\/v2\/pages\/2","targetHints":{"allow":["GET"]}}],"collection":[{"href":"https:\/\/www.technidor.com\/index.php\/wp-json\/wp\/v2\/pages"}],"about":[{"href":"https:\/\/www.technidor.com\/index.php\/wp-json\/wp\/v2\/types\/page"}],"author":[{"embeddable":true,"href":"https:\/\/www.technidor.com\/index.php\/wp-json\/wp\/v2\/users\/2"}],"replies":[{"embeddable":true,"href":"https:\/\/www.technidor.com\/index.php\/wp-json\/wp\/v2\/comments?post=2"}],"version-history":[{"count":77,"href":"https:\/\/www.technidor.com\/index.php\/wp-json\/wp\/v2\/pages\/2\/revisions"}],"predecessor-version":[{"id":5177,"href":"https:\/\/www.technidor.com\/index.php\/wp-json\/wp\/v2\/pages\/2\/revisions\/5177"}],"wp:featuredmedia":[{"embeddable":true,"href":"https:\/\/www.technidor.com\/index.php\/wp-json\/wp\/v2\/media\/39"}],"wp:attachment":[{"href":"https:\/\/www.technidor.com\/index.php\/wp-json\/wp\/v2\/media?parent=2"}],"curies":[{"name":"wp","href":"https:\/\/api.w.org\/{rel}","templated":true}]}}