{"id":200,"date":"2017-10-26T16:44:57","date_gmt":"2017-10-26T16:44:57","guid":{"rendered":"http:\/\/www.technidor.com\/?page_id=200"},"modified":"2018-05-14T15:49:49","modified_gmt":"2018-05-14T15:49:49","slug":"compensadores","status":"publish","type":"page","link":"https:\/\/www.technidor.com\/index.php\/estanqueidad-dinamica-y-estatica\/compensadores\/","title":{"rendered":"Compensadores"},"content":{"rendered":"<div id=\"pl-200\"  class=\"panel-layout\" ><div id=\"pg-200-0\"  class=\"panel-grid panel-no-style\" ><div id=\"pgc-200-0-0\"  class=\"panel-grid-cell\" ><div id=\"panel-200-0-0-0\" class=\"so-panel widget widget_sow-hero panel-first-child\" data-index=\"0\" ><div\n\t\t\t\n\t\t\tclass=\"so-widget-sow-hero so-widget-sow-hero-default-eb77c8863727-200 so-widget-fittext-wrapper\"\n\t\t\t data-fit-text-compressor=\"0.85\"\n\t\t>\t\t\t\t<div class=\"sow-slider-base\" style=\"display: none\" tabindex=\"0\">\n\t\t\t\t\t<ul\n\t\t\t\t\tclass=\"sow-slider-images\"\n\t\t\t\t\tdata-settings=\"{&quot;pagination&quot;:true,&quot;speed&quot;:800,&quot;timeout&quot;:8000,&quot;paused&quot;:false,&quot;pause_on_hover&quot;:false,&quot;swipe&quot;:true,&quot;nav_always_show_desktop&quot;:&quot;&quot;,&quot;nav_always_show_mobile&quot;:&quot;&quot;,&quot;breakpoint&quot;:&quot;780px&quot;,&quot;unmute&quot;:false,&quot;anchor&quot;:null}\"\n\t\t\t\t\t\t\t\t\t\tdata-anchor-id=\"\"\n\t\t\t\t>\t\t<li class=\"sow-slider-image\" style=\"visibility: visible;;background-color: #ffffff\" >\n\t\t\t\t\t<div class=\"sow-slider-image-container\">\n\t\t\t<div class=\"sow-slider-image-wrapper\">\n\t\t\t\t<p><img loading=\"lazy\" decoding=\"async\" class=\"size-full wp-image-1307 aligncenter\" src=\"http:\/\/www.technidor.com\/wp-content\/uploads\/2018\/03\/ESTANQ_5-Compensadores-4.jpg\" alt=\"\" width=\"296\" height=\"159\" \/><\/p>\t\t\t<\/div>\n\t\t<\/div>\n\t\t\t\t<\/li>\n\t\t<\/ul>\t\t\t\t<ol class=\"sow-slider-pagination\">\n\t\t\t\t\t\t\t\t\t\t\t<li><a href=\"#\" data-goto=\"0\" aria-label=\"mostrar diapositiva 1\"><\/a><\/li>\n\t\t\t\t\t\t\t\t\t<\/ol>\n\n\t\t\t\t<div class=\"sow-slide-nav sow-slide-nav-next\">\n\t\t\t\t\t<a href=\"#\" data-goto=\"next\" aria-label=\"diapositiva siguiente\" data-action=\"next\">\n\t\t\t\t\t\t<em class=\"sow-sld-icon-thin-right\"><\/em>\n\t\t\t\t\t<\/a>\n\t\t\t\t<\/div>\n\n\t\t\t\t<div class=\"sow-slide-nav sow-slide-nav-prev\">\n\t\t\t\t\t<a href=\"#\" data-goto=\"previous\" aria-label=\"diapositiva anterior\" data-action=\"prev\">\n\t\t\t\t\t\t<em class=\"sow-sld-icon-thin-left\"><\/em>\n\t\t\t\t\t<\/a>\n\t\t\t\t<\/div>\n\t\t\t\t<\/div><\/div><\/div><div id=\"panel-200-0-0-1\" class=\"so-panel widget widget_media_gallery panel-last-child\" data-index=\"1\" >\n\t\t<style type=\"text\/css\">\n\t\t\t#gallery-1 {\n\t\t\t\tmargin: auto;\n\t\t\t}\n\t\t\t#gallery-1 .gallery-item {\n\t\t\t\tfloat: left;\n\t\t\t\tmargin-top: 10px;\n\t\t\t\ttext-align: center;\n\t\t\t\twidth: 50%;\n\t\t\t}\n\t\t\t#gallery-1 img {\n\t\t\t\tborder: 2px solid #cfcfcf;\n\t\t\t}\n\t\t\t#gallery-1 .gallery-caption {\n\t\t\t\tmargin-left: 0;\n\t\t\t}\n\t\t\t\/* see gallery_shortcode() in wp-includes\/media.php *\/\n\t\t<\/style>\n\t\t<div id='gallery-1' class='gallery galleryid-200 gallery-columns-2 gallery-size-medium'><dl class='gallery-item'>\n\t\t\t<dt class='gallery-icon portrait'>\n\t\t\t\t<a href='https:\/\/www.technidor.com\/wp-content\/uploads\/2018\/03\/ESTANQ_5-COMPENSADORES-Elastomer-Expansion-Joints.jpg'><img loading=\"lazy\" decoding=\"async\" width=\"188\" height=\"300\" src=\"https:\/\/www.technidor.com\/wp-content\/uploads\/2018\/03\/ESTANQ_5-COMPENSADORES-Elastomer-Expansion-Joints-188x300.jpg\" class=\"attachment-medium size-medium\" alt=\"\" srcset=\"https:\/\/www.technidor.com\/wp-content\/uploads\/2018\/03\/ESTANQ_5-COMPENSADORES-Elastomer-Expansion-Joints-188x300.jpg 188w, https:\/\/www.technidor.com\/wp-content\/uploads\/2018\/03\/ESTANQ_5-COMPENSADORES-Elastomer-Expansion-Joints-768x1229.jpg 768w, https:\/\/www.technidor.com\/wp-content\/uploads\/2018\/03\/ESTANQ_5-COMPENSADORES-Elastomer-Expansion-Joints-640x1024.jpg 640w, https:\/\/www.technidor.com\/wp-content\/uploads\/2018\/03\/ESTANQ_5-COMPENSADORES-Elastomer-Expansion-Joints.jpg 1250w\" sizes=\"auto, (max-width: 188px) 100vw, 188px\" \/><\/a>\n\t\t\t<\/dt><\/dl><dl class='gallery-item'>\n\t\t\t<dt class='gallery-icon portrait'>\n\t\t\t\t<a href='https:\/\/www.technidor.com\/wp-content\/uploads\/2018\/03\/ESTANQ_5-Compensasores-Fabric-expansion-joints.jpg'><img loading=\"lazy\" decoding=\"async\" width=\"225\" height=\"300\" src=\"https:\/\/www.technidor.com\/wp-content\/uploads\/2018\/03\/ESTANQ_5-Compensasores-Fabric-expansion-joints-225x300.jpg\" class=\"attachment-medium size-medium\" alt=\"\" srcset=\"https:\/\/www.technidor.com\/wp-content\/uploads\/2018\/03\/ESTANQ_5-Compensasores-Fabric-expansion-joints-225x300.jpg 225w, https:\/\/www.technidor.com\/wp-content\/uploads\/2018\/03\/ESTANQ_5-Compensasores-Fabric-expansion-joints-768x1024.jpg 768w, https:\/\/www.technidor.com\/wp-content\/uploads\/2018\/03\/ESTANQ_5-Compensasores-Fabric-expansion-joints.jpg 1500w\" sizes=\"auto, (max-width: 225px) 100vw, 225px\" \/><\/a>\n\t\t\t<\/dt><\/dl><br style=\"clear: both\" \/><dl class='gallery-item'>\n\t\t\t<dt class='gallery-icon landscape'>\n\t\t\t\t<a href='https:\/\/www.technidor.com\/wp-content\/uploads\/2018\/03\/ESTANQ_5-Compensadores-5.jpg'><img loading=\"lazy\" decoding=\"async\" width=\"225\" height=\"225\" src=\"https:\/\/www.technidor.com\/wp-content\/uploads\/2018\/03\/ESTANQ_5-Compensadores-5.jpg\" class=\"attachment-medium size-medium\" alt=\"\" srcset=\"https:\/\/www.technidor.com\/wp-content\/uploads\/2018\/03\/ESTANQ_5-Compensadores-5.jpg 225w, https:\/\/www.technidor.com\/wp-content\/uploads\/2018\/03\/ESTANQ_5-Compensadores-5-150x150.jpg 150w\" sizes=\"auto, (max-width: 225px) 100vw, 225px\" \/><\/a>\n\t\t\t<\/dt><\/dl><dl class='gallery-item'>\n\t\t\t<dt class='gallery-icon portrait'>\n\t\t\t\t<a href='https:\/\/www.technidor.com\/wp-content\/uploads\/2018\/03\/ESTANQ_5-Compensadores-2.jpg'><img loading=\"lazy\" decoding=\"async\" width=\"144\" height=\"157\" src=\"https:\/\/www.technidor.com\/wp-content\/uploads\/2018\/03\/ESTANQ_5-Compensadores-2.jpg\" class=\"attachment-medium size-medium\" alt=\"\" \/><\/a>\n\t\t\t<\/dt><\/dl><br style=\"clear: both\" \/><dl class='gallery-item'>\n\t\t\t<dt class='gallery-icon landscape'>\n\t\t\t\t<a href='https:\/\/www.technidor.com\/wp-content\/uploads\/2018\/03\/ESTANQ_5-Compensadores-1.jpg'><img loading=\"lazy\" decoding=\"async\" width=\"285\" height=\"234\" src=\"https:\/\/www.technidor.com\/wp-content\/uploads\/2018\/03\/ESTANQ_5-Compensadores-1.jpg\" class=\"attachment-medium size-medium\" alt=\"\" \/><\/a>\n\t\t\t<\/dt><\/dl><dl class='gallery-item'>\n\t\t\t<dt class='gallery-icon landscape'>\n\t\t\t\t<a href='https:\/\/www.technidor.com\/wp-content\/uploads\/2018\/03\/ESTANQ_5-COMPENSADORES.jpg'><img loading=\"lazy\" decoding=\"async\" width=\"300\" height=\"189\" src=\"https:\/\/www.technidor.com\/wp-content\/uploads\/2018\/03\/ESTANQ_5-COMPENSADORES-300x189.jpg\" class=\"attachment-medium size-medium\" alt=\"\" srcset=\"https:\/\/www.technidor.com\/wp-content\/uploads\/2018\/03\/ESTANQ_5-COMPENSADORES-300x189.jpg 300w, https:\/\/www.technidor.com\/wp-content\/uploads\/2018\/03\/ESTANQ_5-COMPENSADORES-768x483.jpg 768w, https:\/\/www.technidor.com\/wp-content\/uploads\/2018\/03\/ESTANQ_5-COMPENSADORES-1024x644.jpg 1024w, https:\/\/www.technidor.com\/wp-content\/uploads\/2018\/03\/ESTANQ_5-COMPENSADORES.jpg 1170w\" sizes=\"auto, (max-width: 300px) 100vw, 300px\" \/><\/a>\n\t\t\t<\/dt><\/dl><br style=\"clear: both\" \/>\n\t\t<\/div>\n<\/div><\/div><div id=\"pgc-200-0-1\"  class=\"panel-grid-cell\" ><div id=\"panel-200-0-1-0\" class=\"so-panel widget widget_sow-headline panel-first-child\" data-index=\"2\" ><div\n\t\t\t\n\t\t\tclass=\"so-widget-sow-headline so-widget-sow-headline-default-11ef186fff24-200\"\n\t\t\t\n\t\t><div class=\"sow-headline-container \">\n\t\t\t\t\t\t\t<h3 class=\"sow-headline\">\n\t\t\t\t\t\tUn compensador est\u00e1 constituido por un elemento flexible, capaz de absorber los movimientos de una tuber\u00eda por la que circula un fluido presurizado\t\t\t\t\t\t<\/h3>\n\t\t\t\t\t\t\t\t\t\t\t<div class=\"decoration\">\n\t\t\t\t\t\t<div class=\"decoration-inside\"><\/div>\n\t\t\t\t\t<\/div>\n\t\t\t\t\t\t\t\t\t\t\t<h3 class=\"sow-sub-headline\">\n\t\t\t\t\t\tSe dise\u00f1an de forma y manera que acusen los movimientos de las tuber\u00edas (vibraciones; dilataciones, contracciones y pulsaciones de presi\u00f3n) protegiendo de este modo, a otros equipos instalados en l\u00ednea\t\t\t\t\t\t<\/h3>\n\t\t\t\t\t\t<\/div>\n<\/div><\/div><div id=\"panel-200-0-1-1\" class=\"so-panel widget widget_sow-editor panel-last-child\" data-index=\"3\" ><div\n\t\t\t\n\t\t\tclass=\"so-widget-sow-editor so-widget-sow-editor-base\"\n\t\t\t\n\t\t>\n<div class=\"siteorigin-widget-tinymce textwidget\">\n\t<p>Se distinguen 3 movimientos b\u00e1sicos que una junta de expansi\u00f3n puede neutralizar:<\/p>\n<p><img loading=\"lazy\" decoding=\"async\" class=\"wp-image-1302 alignright\" src=\"http:\/\/www.technidor.com\/wp-content\/uploads\/2018\/03\/ESTANQ_5-Compensador-AXIAL.jpg\" alt=\"\" width=\"142\" height=\"145\" \/><img loading=\"lazy\" decoding=\"async\" class=\"wp-image-1303 alignright\" src=\"http:\/\/www.technidor.com\/wp-content\/uploads\/2018\/03\/ESTANQ_5-Compensador-LATERAL.jpg\" alt=\"\" width=\"144\" height=\"145\" srcset=\"https:\/\/www.technidor.com\/wp-content\/uploads\/2018\/03\/ESTANQ_5-Compensador-LATERAL.jpg 190w, https:\/\/www.technidor.com\/wp-content\/uploads\/2018\/03\/ESTANQ_5-Compensador-LATERAL-150x150.jpg 150w\" sizes=\"auto, (max-width: 144px) 100vw, 144px\" \/><img loading=\"lazy\" decoding=\"async\" class=\"wp-image-1301 alignright\" src=\"http:\/\/www.technidor.com\/wp-content\/uploads\/2018\/03\/ESTANQ_5-Compensador-ANGULAR.jpg\" alt=\"\" width=\"144\" height=\"142\" \/><\/p>\n<p>\u00a0<\/p>\n<p>\u00a0<\/p>\n<p>\u00a0<\/p>\n<p>\u00a0<\/p>\n<p><strong>Tipos de compensadores<\/strong><\/p>\n<p>Seg\u00fan sea su dise\u00f1o constructivo:<\/p>\n<ul>\n<li>- Compensadores met\u00e1licos:en acero inoxidable, aleaciones de N\u00edquel y de Titanio<\/li>\n<li>- Simples<\/li>\n<li>- Articulados (<em>swing<\/em>)<\/li>\n<li>- Angulares (<em>hinged<\/em>)<\/li>\n<li>- Card\u00e1n (<em>gimbal<\/em>)<\/li>\n<li>- Autocompensados<\/li>\n<li>- Presurizados<\/li>\n<li>- No circulares<\/li>\n<li>- Compensadores textiles:<\/li>\n<li>- Compensadores de elast\u00f3mero: EPDM; Silicona; FKM<\/li>\n<li>- Compensadores de PTFE<\/li>\n<\/ul>\n<p>\u00a0<\/p>\n<\/div>\n<\/div><\/div><\/div><div id=\"pgc-200-0-2\"  class=\"panel-grid-cell\" ><div id=\"panel-200-0-2-0\" class=\"so-panel widget widget_sow-editor panel-first-child panel-last-child\" data-index=\"4\" ><div class=\"panel-widget-style panel-widget-style-for-200-0-2-0\" ><div\n\t\t\t\n\t\t\tclass=\"so-widget-sow-editor so-widget-sow-editor-base\"\n\t\t\t\n\t\t>\n<div class=\"siteorigin-widget-tinymce textwidget\">\n\t<h3 style=\"text-align: center;\">Necesitas m\u00e1s informaci\u00f3n?<\/h3>\n<p style=\"text-align: center;\">\n<div class=\"wpcf7 no-js\" id=\"wpcf7-f1642-o1\" lang=\"es-ES\" dir=\"ltr\" data-wpcf7-id=\"1642\">\n<div class=\"screen-reader-response\"><p role=\"status\" aria-live=\"polite\" aria-atomic=\"true\"><\/p> <ul><\/ul><\/div>\n<form action=\"\/index.php\/wp-json\/wp\/v2\/pages\/200#wpcf7-f1642-o1\" method=\"post\" class=\"wpcf7-form init\" aria-label=\"Formulario de contacto\" novalidate=\"novalidate\" data-status=\"init\">\n<fieldset class=\"hidden-fields-container\"><input type=\"hidden\" name=\"_wpcf7\" value=\"1642\" \/><input type=\"hidden\" name=\"_wpcf7_version\" value=\"6.1.5\" \/><input type=\"hidden\" name=\"_wpcf7_locale\" value=\"es_ES\" \/><input type=\"hidden\" name=\"_wpcf7_unit_tag\" value=\"wpcf7-f1642-o1\" \/><input type=\"hidden\" name=\"_wpcf7_container_post\" value=\"0\" \/><input type=\"hidden\" name=\"_wpcf7_posted_data_hash\" value=\"\" \/><input type=\"hidden\" name=\"_wpcf7_recaptcha_response\" value=\"\" \/>\n<\/fieldset>\n<p><label> Nombre (requerido)<br \/>\n<span class=\"wpcf7-form-control-wrap\" data-name=\"your-name\"><input size=\"40\" maxlength=\"400\" class=\"wpcf7-form-control wpcf7-text wpcf7-validates-as-required\" aria-required=\"true\" aria-invalid=\"false\" value=\"\" type=\"text\" name=\"your-name\" \/><\/span> <\/label>\n<\/p>\n<p><label> Tu correo electr\u00f3nico (requerido)<br \/>\n<span class=\"wpcf7-form-control-wrap\" data-name=\"your-email\"><input size=\"40\" maxlength=\"400\" class=\"wpcf7-form-control wpcf7-email wpcf7-validates-as-required wpcf7-text wpcf7-validates-as-email\" aria-required=\"true\" aria-invalid=\"false\" value=\"\" type=\"email\" name=\"your-email\" \/><\/span> <\/label>\n<\/p>\n<p><label> Tel\u00e9fono (requerido)<br \/>\n<span class=\"wpcf7-form-control-wrap\" data-name=\"Telefono\"><input size=\"40\" maxlength=\"400\" class=\"wpcf7-form-control wpcf7-tel wpcf7-validates-as-required wpcf7-text wpcf7-validates-as-tel\" aria-required=\"true\" aria-invalid=\"false\" value=\"\" type=\"tel\" name=\"Telefono\" \/><\/span> <\/label>\n<\/p>\n<p><label> Asunto<br \/>\n<span class=\"wpcf7-form-control-wrap\" data-name=\"your-subject\"><input size=\"40\" maxlength=\"400\" class=\"wpcf7-form-control wpcf7-text\" aria-invalid=\"false\" value=\"\" type=\"text\" name=\"your-subject\" \/><\/span> <\/label>\n<\/p>\n<p><label> Mensaje<br \/>\n<span class=\"wpcf7-form-control-wrap\" data-name=\"your-message\"><textarea cols=\"40\" rows=\"10\" maxlength=\"2000\" class=\"wpcf7-form-control wpcf7-textarea\" aria-invalid=\"false\" name=\"your-message\"><\/textarea><\/span> <\/label>\n<\/p>\n<p><small><b>Reglamento General de Protecci\u00f3n de Datos:<\/b><br \/>\nEn nombre de la empresa TECHNIDOR, S.L., propietaria del dominio web www.technidor.com y en virtud de lo establecido en el Reglamento General de Protecci\u00f3n de Datos (UE 1679\/2016) les informamos que tratamos los datos que nos facilita en el presente formulario con el fin de poder hacer efectiva su solicitud de informaci\u00f3n. Los datos proporcionados se conservar\u00e1n mientras se realiza el procesamiento de su solicitud y se le da respuesta. Usted tiene derecho a obtener confirmaci\u00f3n sobre si en TECHNIDOR, S.L. estamos tratando sus datos personales por tanto tiene derecho a acceder a sus datos personales, rectificar los inexactos o solicitar su supresi\u00f3n cuando ya no sean necesarios.<\/small>\n<\/p>\n<p><span class=\"wpcf7-form-control-wrap\" data-name=\"Consentimiento\"><span class=\"wpcf7-form-control wpcf7-acceptance\"><span class=\"wpcf7-list-item\"><label><input type=\"checkbox\" name=\"Consentimiento\" value=\"1\" aria-invalid=\"false\" \/><span class=\"wpcf7-list-item-label\">He le\u00eddo y acepto la pol\u00edtica de privacidad<\/span><\/label><\/span><\/span><\/span>\n<\/p>\n<p><input class=\"wpcf7-form-control wpcf7-submit has-spinner\" type=\"submit\" value=\"Solicitar informaci\u00f3n\" \/>\n<\/p><div class=\"wpcf7-response-output\" aria-hidden=\"true\"><\/div>\n<\/form>\n<\/div>\n<\/p>\n<\/div>\n<\/div><\/div><\/div><\/div><\/div><\/div>","protected":false},"excerpt":{"rendered":"<p>Se distinguen 3 movimientos b\u00e1sicos que una junta de expansi\u00f3n puede neutralizar: \u00a0 \u00a0 \u00a0 \u00a0 Tipos de compensadores Seg\u00fan sea su dise\u00f1o constructivo: &#8211; Compensadores met\u00e1licos:en acero inoxidable, aleaciones de N\u00edquel y de Titanio &#8211; Simples &#8211; Articulados (swing) &#8211; Angulares (hinged) &#8211; Card\u00e1n (gimbal) &#8211; Autocompensados &#8211; Presurizados &#8211; No circulares &#8211; Compensadores&hellip;<\/p>\n<p class=\"more-link\"><a href=\"https:\/\/www.technidor.com\/index.php\/estanqueidad-dinamica-y-estatica\/compensadores\/\" class=\"themebutton2\">Leer m\u00e1s<\/a><\/p>\n","protected":false},"author":2,"featured_media":1309,"parent":64,"menu_order":5,"comment_status":"closed","ping_status":"closed","template":"","meta":{"_uf_show_specific_survey":0,"_uf_disable_surveys":false,"footnotes":""},"class_list":["post-200","page","type-page","status-publish","has-post-thumbnail","hentry"],"aioseo_notices":[],"_links":{"self":[{"href":"https:\/\/www.technidor.com\/index.php\/wp-json\/wp\/v2\/pages\/200","targetHints":{"allow":["GET"]}}],"collection":[{"href":"https:\/\/www.technidor.com\/index.php\/wp-json\/wp\/v2\/pages"}],"about":[{"href":"https:\/\/www.technidor.com\/index.php\/wp-json\/wp\/v2\/types\/page"}],"author":[{"embeddable":true,"href":"https:\/\/www.technidor.com\/index.php\/wp-json\/wp\/v2\/users\/2"}],"replies":[{"embeddable":true,"href":"https:\/\/www.technidor.com\/index.php\/wp-json\/wp\/v2\/comments?post=200"}],"version-history":[{"count":13,"href":"https:\/\/www.technidor.com\/index.php\/wp-json\/wp\/v2\/pages\/200\/revisions"}],"predecessor-version":[{"id":1709,"href":"https:\/\/www.technidor.com\/index.php\/wp-json\/wp\/v2\/pages\/200\/revisions\/1709"}],"up":[{"embeddable":true,"href":"https:\/\/www.technidor.com\/index.php\/wp-json\/wp\/v2\/pages\/64"}],"wp:featuredmedia":[{"embeddable":true,"href":"https:\/\/www.technidor.com\/index.php\/wp-json\/wp\/v2\/media\/1309"}],"wp:attachment":[{"href":"https:\/\/www.technidor.com\/index.php\/wp-json\/wp\/v2\/media?parent=200"}],"curies":[{"name":"wp","href":"https:\/\/api.w.org\/{rel}","templated":true}]}}