{"id":2108,"date":"2018-07-10T12:29:58","date_gmt":"2018-07-10T12:29:58","guid":{"rendered":"http:\/\/www.technidor.com\/?page_id=2108"},"modified":"2021-05-10T09:24:42","modified_gmt":"2021-05-10T09:24:42","slug":"trabaja-con-technidor","status":"publish","type":"page","link":"https:\/\/www.technidor.com\/index.php\/trabaja-con-technidor\/","title":{"rendered":"Trabaja en Technidor"},"content":{"rendered":"<div id=\"pl-2108\"  class=\"panel-layout\" ><div id=\"pg-2108-0\"  class=\"panel-grid panel-no-style\" ><div id=\"pgc-2108-0-0\"  class=\"panel-grid-cell\" ><div id=\"panel-2108-0-0-0\" class=\"so-panel widget widget_sow-editor panel-first-child\" data-index=\"0\" ><div class=\"so-parallax panel-widget-style panel-widget-style-for-2108-0-0-0\" ><img fetchpriority=\"high\" decoding=\"async\" width=\"1280\" height=\"853\" src=\"https:\/\/www.technidor.com\/wp-content\/uploads\/2018\/07\/hierarchy-2499789_1280.jpg\" class=\"attachment-full size-full\" alt=\"Trabaja en Technidor\" data-siteorigin-parallax=\"true\" loading=\"eager\" srcset=\"https:\/\/www.technidor.com\/wp-content\/uploads\/2018\/07\/hierarchy-2499789_1280.jpg 1280w, https:\/\/www.technidor.com\/wp-content\/uploads\/2018\/07\/hierarchy-2499789_1280-300x200.jpg 300w, https:\/\/www.technidor.com\/wp-content\/uploads\/2018\/07\/hierarchy-2499789_1280-768x512.jpg 768w, https:\/\/www.technidor.com\/wp-content\/uploads\/2018\/07\/hierarchy-2499789_1280-1024x682.jpg 1024w, https:\/\/www.technidor.com\/wp-content\/uploads\/2018\/07\/hierarchy-2499789_1280-640x427.jpg 640w, https:\/\/www.technidor.com\/wp-content\/uploads\/2018\/07\/hierarchy-2499789_1280-380x254.jpg 380w, https:\/\/www.technidor.com\/wp-content\/uploads\/2018\/07\/hierarchy-2499789_1280-272x182.jpg 272w\" sizes=\"(max-width: 1280px) 100vw, 1280px\" \/><div\n\t\t\t\n\t\t\tclass=\"so-widget-sow-editor so-widget-sow-editor-base\"\n\t\t\t\n\t\t><h3 class=\"widget-title\">Trabaja con nosotros<\/h3>\n<div class=\"siteorigin-widget-tinymce textwidget\">\n\t<p>&nbsp;<\/p>\n<p>&nbsp;<\/p>\n<p>&nbsp;<\/p>\n<p>.<\/p>\n<\/div>\n<\/div><\/div><\/div><div id=\"panel-2108-0-0-1\" class=\"so-panel widget widget_sow-editor panel-last-child\" data-index=\"1\" ><div\n\t\t\t\n\t\t\tclass=\"so-widget-sow-editor so-widget-sow-editor-base\"\n\t\t\t\n\t\t>\n<div class=\"siteorigin-widget-tinymce textwidget\">\n\t<p>En TECHNIDOR fomentamos el desarrollo profesional de nuestros colaboradores y colaboradoras, porque creemos que una compa\u00f1\u00eda \u00fanicamente puede continuar teniendo \u00e9xito a largo plazo si se preocupa por la capacitaci\u00f3n y motivaci\u00f3n de sus trabajadores.<\/p>\n<p>Tambi\u00e9n apostamos por la conciliaci\u00f3n de la vida laboral y familiar que es para nosotros un aspecto clave en el \u00e9xito de la empresa y la satisfacci\u00f3n en el puesto de trabajo.<\/p>\n<p>&nbsp;<\/p>\n<\/div>\n<\/div><\/div><\/div><div id=\"pgc-2108-0-1\"  class=\"panel-grid-cell\" ><div id=\"panel-2108-0-1-0\" class=\"so-panel widget widget_sow-editor panel-first-child panel-last-child\" data-index=\"2\" ><div class=\"panel-widget-style panel-widget-style-for-2108-0-1-0\" ><div\n\t\t\t\n\t\t\tclass=\"so-widget-sow-editor so-widget-sow-editor-base\"\n\t\t\t\n\t\t>\n<div class=\"siteorigin-widget-tinymce textwidget\">\n\t<h3 style=\"text-align: center;\">Env\u00edanos tu CV<\/h3>\n<p style=\"text-align: center;\">\n<div class=\"wpcf7 no-js\" id=\"wpcf7-f2142-o1\" lang=\"es-ES\" dir=\"ltr\" data-wpcf7-id=\"2142\">\n<div class=\"screen-reader-response\"><p role=\"status\" aria-live=\"polite\" aria-atomic=\"true\"><\/p> <ul><\/ul><\/div>\n<form action=\"\/index.php\/wp-json\/wp\/v2\/pages\/2108#wpcf7-f2142-o1\" method=\"post\" class=\"wpcf7-form init\" aria-label=\"Formulario de contacto\" enctype=\"multipart\/form-data\" novalidate=\"novalidate\" data-status=\"init\">\n<fieldset class=\"hidden-fields-container\"><input type=\"hidden\" name=\"_wpcf7\" value=\"2142\" \/><input type=\"hidden\" name=\"_wpcf7_version\" value=\"6.1.5\" \/><input type=\"hidden\" name=\"_wpcf7_locale\" value=\"es_ES\" \/><input type=\"hidden\" name=\"_wpcf7_unit_tag\" value=\"wpcf7-f2142-o1\" \/><input type=\"hidden\" name=\"_wpcf7_container_post\" value=\"0\" \/><input type=\"hidden\" name=\"_wpcf7_posted_data_hash\" value=\"\" \/><input type=\"hidden\" name=\"_wpcf7_recaptcha_response\" value=\"\" \/>\n<\/fieldset>\n<p><label> Nombre (requerido)<br \/>\n<span class=\"wpcf7-form-control-wrap\" data-name=\"your-name\"><input size=\"40\" maxlength=\"400\" class=\"wpcf7-form-control wpcf7-text wpcf7-validates-as-required\" aria-required=\"true\" aria-invalid=\"false\" value=\"\" type=\"text\" name=\"your-name\" \/><\/span> <\/label>\n<\/p>\n<p><label> Tu correo electr\u00f3nico (requerido)<br \/>\n<span class=\"wpcf7-form-control-wrap\" data-name=\"your-email\"><input size=\"40\" maxlength=\"400\" class=\"wpcf7-form-control wpcf7-email wpcf7-validates-as-required wpcf7-text wpcf7-validates-as-email\" aria-required=\"true\" aria-invalid=\"false\" value=\"\" type=\"email\" name=\"your-email\" \/><\/span> <\/label>\n<\/p>\n<p><label> Asunto<br \/>\n<span class=\"wpcf7-form-control-wrap\" data-name=\"your-subject\"><input size=\"40\" maxlength=\"400\" class=\"wpcf7-form-control wpcf7-text\" aria-invalid=\"false\" value=\"\" type=\"text\" name=\"your-subject\" \/><\/span> <\/label>\n<\/p>\n<p><label> Adjunta tu CV<br \/>\n<span class=\"wpcf7-form-control-wrap\" data-name=\"AdjuntoCV\"><input size=\"40\" class=\"wpcf7-form-control wpcf7-file wpcf7-validates-as-required\" accept=\"audio\/*,video\/*,image\/*\" aria-required=\"true\" aria-invalid=\"false\" type=\"file\" name=\"AdjuntoCV\" \/><\/span> <\/label>\n<\/p>\n<p><label> Mensaje<br \/>\n<span class=\"wpcf7-form-control-wrap\" data-name=\"your-message\"><textarea cols=\"40\" rows=\"10\" maxlength=\"2000\" class=\"wpcf7-form-control wpcf7-textarea\" aria-invalid=\"false\" name=\"your-message\"><\/textarea><\/span> <\/label>\n<\/p>\n<p><span class=\"wpcf7-form-control-wrap\" data-name=\"Consentimiento\"><span class=\"wpcf7-form-control wpcf7-acceptance\"><span class=\"wpcf7-list-item\"><label><input type=\"checkbox\" name=\"Consentimiento\" value=\"1\" aria-invalid=\"false\" \/><span class=\"wpcf7-list-item-label\">He le\u00eddo y acepto la pol\u00edtica de privacidad<\/span><\/label><\/span><\/span><\/span>\n<\/p>\n<p><small><b>Informaci\u00f3n b\u00e1sica sobre protecci\u00f3n de datos:<\/b><br \/>\nResponsable : Josep Gonz\u00e1lez<br \/>\nFinalidad : Dar registro de tu CV para poder contactar contigo en caso de puesto de trabajo disponible.<br \/>\nDestinatarios : No se ceden datos a terceros.<br \/>\nLegitimaci\u00f3n : Tu consentimiento expreso.<br \/>\nDerechos : Tienes derecho a acceder, rectificar, limitiar o suprimir tus datos.<br \/>\nPuedes consultar la informaci\u00f3n adicional sobre la protecci\u00f3n de datos en nuestra <a href=\"http:\/\/www.technidor.com\/index.php\/texto-legal-y-politica-de-privacidad\" target=\"_blank\" title=\"pol\u00edtica privacidad\"><b>pol\u00edtica de privacidad<\/b><\/a><\/small>\n<\/p>\n<p><input class=\"wpcf7-form-control wpcf7-submit has-spinner\" type=\"submit\" value=\"Enviar CV\" \/>\n<\/p><div class=\"wpcf7-response-output\" aria-hidden=\"true\"><\/div>\n<\/form>\n<\/div>\n<\/p>\n<\/div>\n<\/div><\/div><\/div><\/div><\/div><\/div>","protected":false},"excerpt":{"rendered":"<p>&nbsp; &nbsp; &nbsp; . En TECHNIDOR fomentamos el desarrollo profesional de nuestros colaboradores y colaboradoras, porque creemos que una compa\u00f1\u00eda \u00fanicamente puede continuar teniendo \u00e9xito a largo plazo si se preocupa por la capacitaci\u00f3n y motivaci\u00f3n de sus trabajadores. Tambi\u00e9n apostamos por la conciliaci\u00f3n de la vida laboral y familiar que es para nosotros un&hellip;<\/p>\n<p class=\"more-link\"><a href=\"https:\/\/www.technidor.com\/index.php\/trabaja-con-technidor\/\" class=\"themebutton2\">Leer m\u00e1s<\/a><\/p>\n","protected":false},"author":2,"featured_media":56,"parent":0,"menu_order":0,"comment_status":"closed","ping_status":"closed","template":"","meta":{"_uf_show_specific_survey":0,"_uf_disable_surveys":false,"footnotes":""},"class_list":["post-2108","page","type-page","status-publish","has-post-thumbnail","hentry"],"aioseo_notices":[],"_links":{"self":[{"href":"https:\/\/www.technidor.com\/index.php\/wp-json\/wp\/v2\/pages\/2108","targetHints":{"allow":["GET"]}}],"collection":[{"href":"https:\/\/www.technidor.com\/index.php\/wp-json\/wp\/v2\/pages"}],"about":[{"href":"https:\/\/www.technidor.com\/index.php\/wp-json\/wp\/v2\/types\/page"}],"author":[{"embeddable":true,"href":"https:\/\/www.technidor.com\/index.php\/wp-json\/wp\/v2\/users\/2"}],"replies":[{"embeddable":true,"href":"https:\/\/www.technidor.com\/index.php\/wp-json\/wp\/v2\/comments?post=2108"}],"version-history":[{"count":55,"href":"https:\/\/www.technidor.com\/index.php\/wp-json\/wp\/v2\/pages\/2108\/revisions"}],"predecessor-version":[{"id":4029,"href":"https:\/\/www.technidor.com\/index.php\/wp-json\/wp\/v2\/pages\/2108\/revisions\/4029"}],"wp:featuredmedia":[{"embeddable":true,"href":"https:\/\/www.technidor.com\/index.php\/wp-json\/wp\/v2\/media\/56"}],"wp:attachment":[{"href":"https:\/\/www.technidor.com\/index.php\/wp-json\/wp\/v2\/media?parent=2108"}],"curies":[{"name":"wp","href":"https:\/\/api.w.org\/{rel}","templated":true}]}}