{"id":225,"date":"2017-10-31T13:53:35","date_gmt":"2017-10-31T13:53:35","guid":{"rendered":"http:\/\/www.technidor.com\/?page_id=225"},"modified":"2024-03-26T07:53:41","modified_gmt":"2024-03-26T07:53:41","slug":"juntas-rotativas-maier","status":"publish","type":"page","link":"https:\/\/www.technidor.com\/index.php\/estanqueidad-dinamica-y-estatica\/juntas-rotativas-maier\/","title":{"rendered":"Juntas Rotativas MAIER"},"content":{"rendered":"<div id=\"pl-225\"  class=\"panel-layout\" ><div id=\"pg-225-0\"  class=\"panel-grid panel-no-style\" ><div id=\"pgc-225-0-0\"  class=\"panel-grid-cell\" ><div id=\"panel-225-0-0-0\" class=\"so-panel widget widget_sow-hero panel-first-child\" data-index=\"0\" ><div\n\t\t\t\n\t\t\tclass=\"so-widget-sow-hero so-widget-sow-hero-default-eb77c8863727-225 so-widget-fittext-wrapper\"\n\t\t\t data-fit-text-compressor=\"0.85\"\n\t\t>\t\t\t\t<div class=\"sow-slider-base\" style=\"display: none\" tabindex=\"0\">\n\t\t\t\t\t<ul\n\t\t\t\t\tclass=\"sow-slider-images\"\n\t\t\t\t\tdata-settings=\"{&quot;pagination&quot;:true,&quot;speed&quot;:800,&quot;timeout&quot;:8000,&quot;paused&quot;:false,&quot;pause_on_hover&quot;:false,&quot;swipe&quot;:true,&quot;nav_always_show_desktop&quot;:&quot;&quot;,&quot;nav_always_show_mobile&quot;:&quot;&quot;,&quot;breakpoint&quot;:&quot;780px&quot;,&quot;unmute&quot;:false,&quot;anchor&quot;:null}\"\n\t\t\t\t\t\t\t\t\t\tdata-anchor-id=\"\"\n\t\t\t\t>\t\t<li class=\"sow-slider-image\" style=\"visibility: visible;;background-color: #ffffff\" >\n\t\t\t\t\t<div class=\"sow-slider-image-container\">\n\t\t\t<div class=\"sow-slider-image-wrapper\">\n\t\t\t\t<p><img loading=\"lazy\" decoding=\"async\" class=\"size-medium wp-image-1258 aligncenter\" src=\"http:\/\/www.technidor.com\/wp-content\/uploads\/2018\/03\/Nueva-imagen-7-218x300.png\" alt=\"\" width=\"218\" height=\"300\" srcset=\"https:\/\/www.technidor.com\/wp-content\/uploads\/2018\/03\/Nueva-imagen-7-218x300.png 218w, https:\/\/www.technidor.com\/wp-content\/uploads\/2018\/03\/Nueva-imagen-7.png 507w\" sizes=\"auto, (max-width: 218px) 100vw, 218px\" \/><\/p>\t\t\t<\/div>\n\t\t<\/div>\n\t\t\t\t<\/li>\n\t\t\t\t<li class=\"sow-slider-image\" style=\"visibility: hidden;;background-color: #ffffff\" >\n\t\t\t\t\t<div class=\"sow-slider-image-container\">\n\t\t\t<div class=\"sow-slider-image-wrapper\">\n\t\t\t\t<p><img loading=\"lazy\" decoding=\"async\" class=\"size-medium wp-image-1257 aligncenter\" src=\"http:\/\/www.technidor.com\/wp-content\/uploads\/2018\/03\/Nueva-imagen-6-300x201.png\" alt=\"\" width=\"300\" height=\"201\" \/><\/p>\t\t\t<\/div>\n\t\t<\/div>\n\t\t\t\t<\/li>\n\t\t\t\t<li class=\"sow-slider-image\" style=\"visibility: hidden;;background-color: #ffffff\" >\n\t\t\t\t\t<div class=\"sow-slider-image-container\">\n\t\t\t<div class=\"sow-slider-image-wrapper\">\n\t\t\t\t<p><img loading=\"lazy\" decoding=\"async\" class=\"size-medium wp-image-1259 aligncenter\" src=\"http:\/\/www.technidor.com\/wp-content\/uploads\/2018\/03\/Nueva-imagen-8-300x225.png\" alt=\"\" width=\"300\" height=\"225\" srcset=\"https:\/\/www.technidor.com\/wp-content\/uploads\/2018\/03\/Nueva-imagen-8-300x225.png 300w, https:\/\/www.technidor.com\/wp-content\/uploads\/2018\/03\/Nueva-imagen-8.png 710w\" sizes=\"auto, (max-width: 300px) 100vw, 300px\" \/><\/p>\t\t\t<\/div>\n\t\t<\/div>\n\t\t\t\t<\/li>\n\t\t\t\t<li class=\"sow-slider-image\" style=\"visibility: hidden;;background-color: #ffffff\" >\n\t\t\t\t\t<div class=\"sow-slider-image-container\">\n\t\t\t<div class=\"sow-slider-image-wrapper\">\n\t\t\t\t<div id=\"attachment_1248\" style=\"width: 310px\" class=\"wp-caption aligncenter\"><img loading=\"lazy\" decoding=\"async\" aria-describedby=\"caption-attachment-1248\" class=\"size-medium wp-image-1248\" src=\"http:\/\/www.technidor.com\/wp-content\/uploads\/2018\/03\/Baureihe-H-S-26-3-300x225.jpeg\" alt=\"\" width=\"300\" height=\"225\" srcset=\"https:\/\/www.technidor.com\/wp-content\/uploads\/2018\/03\/Baureihe-H-S-26-3-300x225.jpeg 300w, https:\/\/www.technidor.com\/wp-content\/uploads\/2018\/03\/Baureihe-H-S-26-3-768x576.jpeg 768w, https:\/\/www.technidor.com\/wp-content\/uploads\/2018\/03\/Baureihe-H-S-26-3-1024x768.jpeg 1024w, https:\/\/www.technidor.com\/wp-content\/uploads\/2018\/03\/Baureihe-H-S-26-3.jpeg 1417w\" sizes=\"auto, (max-width: 300px) 100vw, 300px\" \/><p id=\"caption-attachment-1248\" class=\"wp-caption-text\">Baureihe H S.26-3<\/p><\/div>\t\t\t<\/div>\n\t\t<\/div>\n\t\t\t\t<\/li>\n\t\t<\/ul>\t\t\t\t<ol class=\"sow-slider-pagination\">\n\t\t\t\t\t\t\t\t\t\t\t<li><a href=\"#\" data-goto=\"0\" aria-label=\"mostrar diapositiva 1\"><\/a><\/li>\n\t\t\t\t\t\t\t\t\t\t\t<li><a href=\"#\" data-goto=\"1\" aria-label=\"mostrar diapositiva 2\"><\/a><\/li>\n\t\t\t\t\t\t\t\t\t\t\t<li><a href=\"#\" data-goto=\"2\" aria-label=\"mostrar diapositiva 3\"><\/a><\/li>\n\t\t\t\t\t\t\t\t\t\t\t<li><a href=\"#\" data-goto=\"3\" aria-label=\"mostrar diapositiva 4\"><\/a><\/li>\n\t\t\t\t\t\t\t\t\t<\/ol>\n\n\t\t\t\t<div class=\"sow-slide-nav sow-slide-nav-next\">\n\t\t\t\t\t<a href=\"#\" data-goto=\"next\" aria-label=\"diapositiva siguiente\" data-action=\"next\">\n\t\t\t\t\t\t<em class=\"sow-sld-icon-thin-right\"><\/em>\n\t\t\t\t\t<\/a>\n\t\t\t\t<\/div>\n\n\t\t\t\t<div class=\"sow-slide-nav sow-slide-nav-prev\">\n\t\t\t\t\t<a href=\"#\" data-goto=\"previous\" aria-label=\"diapositiva anterior\" data-action=\"prev\">\n\t\t\t\t\t\t<em class=\"sow-sld-icon-thin-left\"><\/em>\n\t\t\t\t\t<\/a>\n\t\t\t\t<\/div>\n\t\t\t\t<\/div><\/div><\/div><div id=\"panel-225-0-0-1\" class=\"so-panel widget widget_media_gallery panel-last-child\" data-index=\"1\" ><h3 class=\"widget-title\">Juntas rotativas MAIER<\/h3>\n\t\t<style type=\"text\/css\">\n\t\t\t#gallery-1 {\n\t\t\t\tmargin: auto;\n\t\t\t}\n\t\t\t#gallery-1 .gallery-item {\n\t\t\t\tfloat: left;\n\t\t\t\tmargin-top: 10px;\n\t\t\t\ttext-align: center;\n\t\t\t\twidth: 100%;\n\t\t\t}\n\t\t\t#gallery-1 img {\n\t\t\t\tborder: 2px solid #cfcfcf;\n\t\t\t}\n\t\t\t#gallery-1 .gallery-caption {\n\t\t\t\tmargin-left: 0;\n\t\t\t}\n\t\t\t\/* see gallery_shortcode() in wp-includes\/media.php *\/\n\t\t<\/style>\n\t\t<div id='gallery-1' class='gallery galleryid-225 gallery-columns-1 gallery-size-large'><dl class='gallery-item'>\n\t\t\t<dt class='gallery-icon landscape'>\n\t\t\t\t<a href='https:\/\/www.technidor.com\/wp-content\/uploads\/2018\/03\/Maier-DA.jpg'><img loading=\"lazy\" decoding=\"async\" width=\"820\" height=\"350\" src=\"https:\/\/www.technidor.com\/wp-content\/uploads\/2018\/03\/Maier-DA.jpg\" class=\"attachment-large size-large\" alt=\"Junta rotativa Maier DA\" aria-describedby=\"gallery-1-1325\" srcset=\"https:\/\/www.technidor.com\/wp-content\/uploads\/2018\/03\/Maier-DA.jpg 820w, https:\/\/www.technidor.com\/wp-content\/uploads\/2018\/03\/Maier-DA-300x128.jpg 300w, https:\/\/www.technidor.com\/wp-content\/uploads\/2018\/03\/Maier-DA-768x328.jpg 768w\" sizes=\"auto, (max-width: 820px) 100vw, 820px\" \/><\/a>\n\t\t\t<\/dt>\n\t\t\t\t<dd class='wp-caption-text gallery-caption' id='gallery-1-1325'>\n\t\t\t\tDA\n\t\t\t\t<\/dd><\/dl><br style=\"clear: both\" \/><dl class='gallery-item'>\n\t\t\t<dt class='gallery-icon landscape'>\n\t\t\t\t<a href='https:\/\/www.technidor.com\/wp-content\/uploads\/2018\/03\/Maier-DQ.jpg'><img loading=\"lazy\" decoding=\"async\" width=\"820\" height=\"350\" src=\"https:\/\/www.technidor.com\/wp-content\/uploads\/2018\/03\/Maier-DQ.jpg\" class=\"attachment-large size-large\" alt=\"Junta rotativa Maier DQ\" aria-describedby=\"gallery-1-1327\" srcset=\"https:\/\/www.technidor.com\/wp-content\/uploads\/2018\/03\/Maier-DQ.jpg 820w, https:\/\/www.technidor.com\/wp-content\/uploads\/2018\/03\/Maier-DQ-300x128.jpg 300w, https:\/\/www.technidor.com\/wp-content\/uploads\/2018\/03\/Maier-DQ-768x328.jpg 768w\" sizes=\"auto, (max-width: 820px) 100vw, 820px\" \/><\/a>\n\t\t\t<\/dt>\n\t\t\t\t<dd class='wp-caption-text gallery-caption' id='gallery-1-1327'>\n\t\t\t\tDQ\n\t\t\t\t<\/dd><\/dl><br style=\"clear: both\" \/><dl class='gallery-item'>\n\t\t\t<dt class='gallery-icon landscape'>\n\t\t\t\t<a href='https:\/\/www.technidor.com\/wp-content\/uploads\/2018\/03\/Maier-MP.jpg'><img loading=\"lazy\" decoding=\"async\" width=\"820\" height=\"350\" src=\"https:\/\/www.technidor.com\/wp-content\/uploads\/2018\/03\/Maier-MP.jpg\" class=\"attachment-large size-large\" alt=\"Junta rotativa Maier MP\" aria-describedby=\"gallery-1-1329\" srcset=\"https:\/\/www.technidor.com\/wp-content\/uploads\/2018\/03\/Maier-MP.jpg 820w, https:\/\/www.technidor.com\/wp-content\/uploads\/2018\/03\/Maier-MP-300x128.jpg 300w, https:\/\/www.technidor.com\/wp-content\/uploads\/2018\/03\/Maier-MP-768x328.jpg 768w\" sizes=\"auto, (max-width: 820px) 100vw, 820px\" \/><\/a>\n\t\t\t<\/dt>\n\t\t\t\t<dd class='wp-caption-text gallery-caption' id='gallery-1-1329'>\n\t\t\t\tMP\n\t\t\t\t<\/dd><\/dl><br style=\"clear: both\" \/><dl class='gallery-item'>\n\t\t\t<dt class='gallery-icon landscape'>\n\t\t\t\t<a href='https:\/\/www.technidor.com\/wp-content\/uploads\/2018\/03\/Maier_H.jpg'><img loading=\"lazy\" decoding=\"async\" width=\"820\" height=\"350\" src=\"https:\/\/www.technidor.com\/wp-content\/uploads\/2018\/03\/Maier_H.jpg\" class=\"attachment-large size-large\" alt=\"Junta rotativa Maier h\" aria-describedby=\"gallery-1-1353\" srcset=\"https:\/\/www.technidor.com\/wp-content\/uploads\/2018\/03\/Maier_H.jpg 820w, https:\/\/www.technidor.com\/wp-content\/uploads\/2018\/03\/Maier_H-300x128.jpg 300w, https:\/\/www.technidor.com\/wp-content\/uploads\/2018\/03\/Maier_H-768x328.jpg 768w\" sizes=\"auto, (max-width: 820px) 100vw, 820px\" \/><\/a>\n\t\t\t<\/dt>\n\t\t\t\t<dd class='wp-caption-text gallery-caption' id='gallery-1-1353'>\n\t\t\t\tH\n\t\t\t\t<\/dd><\/dl><br style=\"clear: both\" \/><dl class='gallery-item'>\n\t\t\t<dt class='gallery-icon landscape'>\n\t\t\t\t<a href='https:\/\/www.technidor.com\/wp-content\/uploads\/2024\/03\/DS-225-K.jpg'><img loading=\"lazy\" decoding=\"async\" width=\"1024\" height=\"1024\" src=\"https:\/\/www.technidor.com\/wp-content\/uploads\/2024\/03\/DS-225-K-1024x1024.jpg\" class=\"attachment-large size-large\" alt=\"\" aria-describedby=\"gallery-1-4819\" srcset=\"https:\/\/www.technidor.com\/wp-content\/uploads\/2024\/03\/DS-225-K-1024x1024.jpg 1024w, https:\/\/www.technidor.com\/wp-content\/uploads\/2024\/03\/DS-225-K-300x300.jpg 300w, https:\/\/www.technidor.com\/wp-content\/uploads\/2024\/03\/DS-225-K-150x150.jpg 150w, https:\/\/www.technidor.com\/wp-content\/uploads\/2024\/03\/DS-225-K-768x768.jpg 768w, https:\/\/www.technidor.com\/wp-content\/uploads\/2024\/03\/DS-225-K-1536x1536.jpg 1536w, https:\/\/www.technidor.com\/wp-content\/uploads\/2024\/03\/DS-225-K-640x640.jpg 640w, https:\/\/www.technidor.com\/wp-content\/uploads\/2024\/03\/DS-225-K.jpg 2048w\" sizes=\"auto, (max-width: 1024px) 100vw, 1024px\" \/><\/a>\n\t\t\t<\/dt>\n\t\t\t\t<dd class='wp-caption-text gallery-caption' id='gallery-1-4819'>\n\t\t\t\tDS\n\t\t\t\t<\/dd><\/dl><br style=\"clear: both\" \/>\n\t\t<\/div>\n<\/div><\/div><div id=\"pgc-225-0-1\"  class=\"panel-grid-cell\" ><div id=\"panel-225-0-1-0\" class=\"so-panel widget widget_sow-headline panel-first-child\" data-index=\"2\" ><div\n\t\t\t\n\t\t\tclass=\"so-widget-sow-headline so-widget-sow-headline-default-11ef186fff24-225\"\n\t\t\t\n\t\t><div class=\"sow-headline-container \">\n\t\t\t\t\t\t\t<h3 class=\"sow-headline\">\n\t\t\t\t\t\tJuntas Rotativas Maier\t\t\t\t\t\t<\/h3>\n\t\t\t\t\t\t\t\t\t\t\t<div class=\"decoration\">\n\t\t\t\t\t\t<div class=\"decoration-inside\"><\/div>\n\t\t\t\t\t<\/div>\n\t\t\t\t\t\t\t\t\t\t\t<h3 class=\"sow-sub-headline\">\n\t\t\t\t\t\tLas Juntas Rotativas son dispositivos que se conectan a un equipo giratorio. Permiten la transferencia del fluido de proceso desde la tuber\u00eda de alimentaci\u00f3n a dicha m\u00e1quina en movimiento.\t\t\t\t\t\t<\/h3>\n\t\t\t\t\t\t<\/div>\n<\/div><\/div><div id=\"panel-225-0-1-1\" class=\"so-panel widget widget_sow-editor panel-last-child\" data-index=\"3\" ><div\n\t\t\t\n\t\t\tclass=\"so-widget-sow-editor so-widget-sow-editor-base\"\n\t\t\t\n\t\t>\n<div class=\"siteorigin-widget-tinymce textwidget\">\n\t<ul>\n<li>En las juntas rotativas , el retorno del fluido tambi\u00e9n puede ser a trav\u00e9s de la propia junta, que est\u00e1 conectada a la tuber\u00eda de descarga. Es lo que llamamos juntas rotativas de doble paso o doble v\u00eda.<\/li>\n<\/ul>\n<p>&nbsp;<\/p>\n<ul>\n<li>Por lo tanto, existen disponibles modelos de juntas rotativas de una v\u00eda, de doble v\u00eda o de m\u00faltiples v\u00edas.<\/li>\n<\/ul>\n<p><img loading=\"lazy\" decoding=\"async\" class=\"aligncenter wp-image-1265\" src=\"http:\/\/www.technidor.com\/wp-content\/uploads\/2018\/03\/Funcionamiento-junta-rotativa-300x175.jpg\" alt=\"Paso de fluido en las juntas rotativas\" width=\"429\" height=\"250\" srcset=\"https:\/\/www.technidor.com\/wp-content\/uploads\/2018\/03\/Funcionamiento-junta-rotativa-300x175.jpg 300w, https:\/\/www.technidor.com\/wp-content\/uploads\/2018\/03\/Funcionamiento-junta-rotativa-768x448.jpg 768w, https:\/\/www.technidor.com\/wp-content\/uploads\/2018\/03\/Funcionamiento-junta-rotativa.jpg 882w\" sizes=\"auto, (max-width: 429px) 100vw, 429px\" \/><\/p>\n<p>&nbsp;<\/p>\n<p>&nbsp;<\/p>\n<p><strong>Fluidos :\u00a0<\/strong><\/p>\n<p>El fluido que se emplea en el proceso puede estar fr\u00edo, caliente o presurizado.<\/p>\n<p><img loading=\"lazy\" decoding=\"async\" class=\"wp-image-4654 alignright\" src=\"https:\/\/www.technidor.com\/wp-content\/uploads\/2023\/01\/MaierGroup-Logo_RGB.jpg\" alt=\"\" width=\"220\" height=\"115\" srcset=\"https:\/\/www.technidor.com\/wp-content\/uploads\/2023\/01\/MaierGroup-Logo_RGB.jpg 1417w, https:\/\/www.technidor.com\/wp-content\/uploads\/2023\/01\/MaierGroup-Logo_RGB-300x157.jpg 300w, https:\/\/www.technidor.com\/wp-content\/uploads\/2023\/01\/MaierGroup-Logo_RGB-1024x536.jpg 1024w, https:\/\/www.technidor.com\/wp-content\/uploads\/2023\/01\/MaierGroup-Logo_RGB-768x402.jpg 768w, https:\/\/www.technidor.com\/wp-content\/uploads\/2023\/01\/MaierGroup-Logo_RGB-640x335.jpg 640w\" sizes=\"auto, (max-width: 220px) 100vw, 220px\" \/><\/p>\n<ul>\n<li>- Vapor<\/li>\n<li>- Aceite t\u00e9rmico<\/li>\n<li>- Agua fr\u00eda<\/li>\n<li>- Agua caliente<\/li>\n<li>- Aire<\/li>\n<li>- Refrigerantes<\/li>\n<li>- Taladrina<\/li>\n<li>- Vac\u00edo<\/li>\n<\/ul>\n<p>&nbsp;<\/p>\n<p><strong>Aplicaciones donde se emplean juntas rotativas :<\/strong><\/p>\n<ul>\n<li>M\u00e1quinas de papel: sequer\u00eda, calandras y s\u00faper calandras<\/li>\n<li>Secadores rotativos y mezcladores<\/li>\n<li>Cabezales de herramientas de corte<\/li>\n<li>Acer\u00edas: instalaciones de colada cont\u00ednua y trenes de laminaci\u00f3n<\/li>\n<li>Corrugadoras: rodillos de presi\u00f3n, aplicadores, Doctor, de precalentado etc...<\/li>\n<li>Industria maderera: tableros aglomerado y de fibra de densidad media (MDF)<\/li>\n<li>Moldeo de envases de PET por soplado<\/li>\n<li>Devanadoras de chapa y centrales hidr\u00e1ulicas<\/li>\n<li>Mesas giratorias en centros de mecanizado<\/li>\n<li>Telas asf\u00e1lticas<\/li>\n<li>Moldeo rotacional<\/li>\n<li>Moldeo de pl\u00e1sticos por inyecci\u00f3n \/ extrusi\u00f3n<\/li>\n<li>Moldeo de pl\u00e1sticos por compresi\u00f3n<\/li>\n<li>Maquinaria de impresi\u00f3n flexogr\u00e1fica<\/li>\n<li>Maquinaria para el corte de bobinas<\/li>\n<li>Calandras para materiales textiles, pl\u00e1sticos, ca\u00facho y tejido-no-tejido<\/li>\n<li>Curtidur\u00edas<\/li>\n<li>Energ\u00eda e\u00f3lica (aerogeneradores)<\/li>\n<li>Sistemas de embrague y acoplamiento<\/li>\n<li>C\u00e9lulas fotovoltaicas<\/li>\n<li>Maquinaria para la elaboraci\u00f3n de alimentos<\/li>\n<li>Miner\u00eda no met\u00e1lica: m\u00e1rmol<\/li>\n<li>\u2026<\/li>\n<\/ul>\n<\/div>\n<\/div><\/div><\/div><div id=\"pgc-225-0-2\"  class=\"panel-grid-cell\" ><div id=\"panel-225-0-2-0\" class=\"so-panel widget widget_sow-editor panel-first-child panel-last-child\" data-index=\"4\" ><div class=\"panel-widget-style panel-widget-style-for-225-0-2-0\" ><div\n\t\t\t\n\t\t\tclass=\"so-widget-sow-editor so-widget-sow-editor-base\"\n\t\t\t\n\t\t>\n<div class=\"siteorigin-widget-tinymce textwidget\">\n\t<h3 style=\"text-align: center;\">Necesitas m\u00e1s informaci\u00f3n?<\/h3>\n<p style=\"text-align: center;\">\n<div class=\"wpcf7 no-js\" id=\"wpcf7-f1642-o1\" lang=\"es-ES\" dir=\"ltr\" data-wpcf7-id=\"1642\">\n<div class=\"screen-reader-response\"><p role=\"status\" aria-live=\"polite\" aria-atomic=\"true\"><\/p> <ul><\/ul><\/div>\n<form action=\"\/index.php\/wp-json\/wp\/v2\/pages\/225#wpcf7-f1642-o1\" method=\"post\" class=\"wpcf7-form init\" aria-label=\"Formulario de contacto\" novalidate=\"novalidate\" data-status=\"init\">\n<fieldset class=\"hidden-fields-container\"><input type=\"hidden\" name=\"_wpcf7\" value=\"1642\" \/><input type=\"hidden\" name=\"_wpcf7_version\" value=\"6.1.5\" \/><input type=\"hidden\" name=\"_wpcf7_locale\" value=\"es_ES\" \/><input type=\"hidden\" name=\"_wpcf7_unit_tag\" value=\"wpcf7-f1642-o1\" \/><input type=\"hidden\" name=\"_wpcf7_container_post\" value=\"0\" \/><input type=\"hidden\" name=\"_wpcf7_posted_data_hash\" value=\"\" \/><input type=\"hidden\" name=\"_wpcf7_recaptcha_response\" value=\"\" \/>\n<\/fieldset>\n<p><label> Nombre (requerido)<br \/>\n<span class=\"wpcf7-form-control-wrap\" data-name=\"your-name\"><input size=\"40\" maxlength=\"400\" class=\"wpcf7-form-control wpcf7-text wpcf7-validates-as-required\" aria-required=\"true\" aria-invalid=\"false\" value=\"\" type=\"text\" name=\"your-name\" \/><\/span> <\/label>\n<\/p>\n<p><label> Tu correo electr\u00f3nico (requerido)<br \/>\n<span class=\"wpcf7-form-control-wrap\" data-name=\"your-email\"><input size=\"40\" maxlength=\"400\" class=\"wpcf7-form-control wpcf7-email wpcf7-validates-as-required wpcf7-text wpcf7-validates-as-email\" aria-required=\"true\" aria-invalid=\"false\" value=\"\" type=\"email\" name=\"your-email\" \/><\/span> <\/label>\n<\/p>\n<p><label> Tel\u00e9fono (requerido)<br \/>\n<span class=\"wpcf7-form-control-wrap\" data-name=\"Telefono\"><input size=\"40\" maxlength=\"400\" class=\"wpcf7-form-control wpcf7-tel wpcf7-validates-as-required wpcf7-text wpcf7-validates-as-tel\" aria-required=\"true\" aria-invalid=\"false\" value=\"\" type=\"tel\" name=\"Telefono\" \/><\/span> <\/label>\n<\/p>\n<p><label> Asunto<br \/>\n<span class=\"wpcf7-form-control-wrap\" data-name=\"your-subject\"><input size=\"40\" maxlength=\"400\" class=\"wpcf7-form-control wpcf7-text\" aria-invalid=\"false\" value=\"\" type=\"text\" name=\"your-subject\" \/><\/span> <\/label>\n<\/p>\n<p><label> Mensaje<br \/>\n<span class=\"wpcf7-form-control-wrap\" data-name=\"your-message\"><textarea cols=\"40\" rows=\"10\" maxlength=\"2000\" class=\"wpcf7-form-control wpcf7-textarea\" aria-invalid=\"false\" name=\"your-message\"><\/textarea><\/span> <\/label>\n<\/p>\n<p><small><b>Reglamento General de Protecci\u00f3n de Datos:<\/b><br \/>\nEn nombre de la empresa TECHNIDOR, S.L., propietaria del dominio web www.technidor.com y en virtud de lo establecido en el Reglamento General de Protecci\u00f3n de Datos (UE 1679\/2016) les informamos que tratamos los datos que nos facilita en el presente formulario con el fin de poder hacer efectiva su solicitud de informaci\u00f3n. Los datos proporcionados se conservar\u00e1n mientras se realiza el procesamiento de su solicitud y se le da respuesta. Usted tiene derecho a obtener confirmaci\u00f3n sobre si en TECHNIDOR, S.L. estamos tratando sus datos personales por tanto tiene derecho a acceder a sus datos personales, rectificar los inexactos o solicitar su supresi\u00f3n cuando ya no sean necesarios.<\/small>\n<\/p>\n<p><span class=\"wpcf7-form-control-wrap\" data-name=\"Consentimiento\"><span class=\"wpcf7-form-control wpcf7-acceptance\"><span class=\"wpcf7-list-item\"><label><input type=\"checkbox\" name=\"Consentimiento\" value=\"1\" aria-invalid=\"false\" \/><span class=\"wpcf7-list-item-label\">He le\u00eddo y acepto la pol\u00edtica de privacidad<\/span><\/label><\/span><\/span><\/span>\n<\/p>\n<p><input class=\"wpcf7-form-control wpcf7-submit has-spinner\" type=\"submit\" value=\"Solicitar informaci\u00f3n\" \/>\n<\/p><div class=\"wpcf7-response-output\" aria-hidden=\"true\"><\/div>\n<\/form>\n<\/div>\n<\/p>\n<\/div>\n<\/div><\/div><\/div><\/div><\/div><\/div>","protected":false},"excerpt":{"rendered":"<p>En las juntas rotativas , el retorno del fluido tambi\u00e9n puede ser a trav\u00e9s de la propia junta, que est\u00e1 conectada a la tuber\u00eda de descarga. Es lo que llamamos juntas rotativas de doble paso o doble v\u00eda. &nbsp; Por lo tanto, existen disponibles modelos de juntas rotativas de una v\u00eda, de doble v\u00eda o&hellip;<\/p>\n<p class=\"more-link\"><a href=\"https:\/\/www.technidor.com\/index.php\/estanqueidad-dinamica-y-estatica\/juntas-rotativas-maier\/\" class=\"themebutton2\">Leer m\u00e1s<\/a><\/p>\n","protected":false},"author":2,"featured_media":1256,"parent":64,"menu_order":5,"comment_status":"closed","ping_status":"closed","template":"","meta":{"_uf_show_specific_survey":0,"_uf_disable_surveys":false,"footnotes":""},"class_list":["post-225","page","type-page","status-publish","has-post-thumbnail","hentry"],"aioseo_notices":[],"_links":{"self":[{"href":"https:\/\/www.technidor.com\/index.php\/wp-json\/wp\/v2\/pages\/225","targetHints":{"allow":["GET"]}}],"collection":[{"href":"https:\/\/www.technidor.com\/index.php\/wp-json\/wp\/v2\/pages"}],"about":[{"href":"https:\/\/www.technidor.com\/index.php\/wp-json\/wp\/v2\/types\/page"}],"author":[{"embeddable":true,"href":"https:\/\/www.technidor.com\/index.php\/wp-json\/wp\/v2\/users\/2"}],"replies":[{"embeddable":true,"href":"https:\/\/www.technidor.com\/index.php\/wp-json\/wp\/v2\/comments?post=225"}],"version-history":[{"count":64,"href":"https:\/\/www.technidor.com\/index.php\/wp-json\/wp\/v2\/pages\/225\/revisions"}],"predecessor-version":[{"id":4820,"href":"https:\/\/www.technidor.com\/index.php\/wp-json\/wp\/v2\/pages\/225\/revisions\/4820"}],"up":[{"embeddable":true,"href":"https:\/\/www.technidor.com\/index.php\/wp-json\/wp\/v2\/pages\/64"}],"wp:featuredmedia":[{"embeddable":true,"href":"https:\/\/www.technidor.com\/index.php\/wp-json\/wp\/v2\/media\/1256"}],"wp:attachment":[{"href":"https:\/\/www.technidor.com\/index.php\/wp-json\/wp\/v2\/media?parent=225"}],"curies":[{"name":"wp","href":"https:\/\/api.w.org\/{rel}","templated":true}]}}