{"id":230,"date":"2017-10-31T13:54:53","date_gmt":"2017-10-31T13:54:53","guid":{"rendered":"http:\/\/www.technidor.com\/?page_id=230"},"modified":"2018-05-14T16:43:05","modified_gmt":"2018-05-14T16:43:05","slug":"rotametros-kytola","status":"publish","type":"page","link":"https:\/\/www.technidor.com\/index.php\/instrumentacion-y-control-de-procesos\/rotametros-kytola\/","title":{"rendered":"Rot\u00e1metros KYTOLA"},"content":{"rendered":"<div id=\"pl-230\"  class=\"panel-layout\" ><div id=\"pg-230-0\"  class=\"panel-grid panel-no-style\" ><div id=\"pgc-230-0-0\"  class=\"panel-grid-cell\" ><div id=\"panel-230-0-0-0\" class=\"so-panel widget widget_sow-hero panel-first-child\" data-index=\"0\" ><div\n\t\t\t\n\t\t\tclass=\"so-widget-sow-hero so-widget-sow-hero-default-eb77c8863727-230 so-widget-fittext-wrapper\"\n\t\t\t data-fit-text-compressor=\"0.85\"\n\t\t>\t\t\t\t<div class=\"sow-slider-base\" style=\"display: none\" tabindex=\"0\">\n\t\t\t\t\t<ul\n\t\t\t\t\tclass=\"sow-slider-images\"\n\t\t\t\t\tdata-settings=\"{&quot;pagination&quot;:true,&quot;speed&quot;:800,&quot;timeout&quot;:8000,&quot;paused&quot;:false,&quot;pause_on_hover&quot;:false,&quot;swipe&quot;:true,&quot;nav_always_show_desktop&quot;:&quot;&quot;,&quot;nav_always_show_mobile&quot;:&quot;&quot;,&quot;breakpoint&quot;:&quot;780px&quot;,&quot;unmute&quot;:false,&quot;anchor&quot;:null}\"\n\t\t\t\t\t\t\t\t\t\tdata-anchor-id=\"\"\n\t\t\t\t>\t\t<li class=\"sow-slider-image\" style=\"visibility: visible;;background-color: #ffffff\" >\n\t\t\t\t\t<div class=\"sow-slider-image-container\">\n\t\t\t<div class=\"sow-slider-image-wrapper\">\n\t\t\t\t<p><img loading=\"lazy\" decoding=\"async\" class=\"size-medium wp-image-350 aligncenter\" src=\"http:\/\/www.technidor.com\/wp-content\/uploads\/2017\/11\/kytola-Model-D-248x300.jpg\" alt=\"\" width=\"248\" height=\"300\" srcset=\"https:\/\/www.technidor.com\/wp-content\/uploads\/2017\/11\/kytola-Model-D-248x300.jpg 248w, https:\/\/www.technidor.com\/wp-content\/uploads\/2017\/11\/kytola-Model-D.jpg 578w\" sizes=\"auto, (max-width: 248px) 100vw, 248px\" \/><\/p>\t\t\t<\/div>\n\t\t<\/div>\n\t\t\t\t<\/li>\n\t\t\t\t<li class=\"sow-slider-image\" style=\"visibility: hidden;;background-color: #ffffff\" >\n\t\t\t\t\t<div class=\"sow-slider-image-container\">\n\t\t\t<div class=\"sow-slider-image-wrapper\">\n\t\t\t\t<p><img loading=\"lazy\" decoding=\"async\" class=\"size-medium wp-image-351 aligncenter\" src=\"http:\/\/www.technidor.com\/wp-content\/uploads\/2017\/11\/kytola-Model-HV-248x300.jpg\" alt=\"\" width=\"248\" height=\"300\" srcset=\"https:\/\/www.technidor.com\/wp-content\/uploads\/2017\/11\/kytola-Model-HV-248x300.jpg 248w, https:\/\/www.technidor.com\/wp-content\/uploads\/2017\/11\/kytola-Model-HV.jpg 576w\" sizes=\"auto, (max-width: 248px) 100vw, 248px\" \/><\/p>\t\t\t<\/div>\n\t\t<\/div>\n\t\t\t\t<\/li>\n\t\t\t\t<li class=\"sow-slider-image\" style=\"visibility: hidden;;background-color: #ffffff\" >\n\t\t\t\t\t<div class=\"sow-slider-image-container\">\n\t\t\t<div class=\"sow-slider-image-wrapper\">\n\t\t\t\t\t\t\t<\/div>\n\t\t<\/div>\n\t\t\t\t<\/li>\n\t\t\t\t<li class=\"sow-slider-image\" style=\"visibility: hidden;;background-color: #ffffff\" >\n\t\t\t\t\t<div class=\"sow-slider-image-container\">\n\t\t\t<div class=\"sow-slider-image-wrapper\">\n\t\t\t\t<p><img loading=\"lazy\" decoding=\"async\" class=\"size-medium wp-image-352 aligncenter\" src=\"http:\/\/www.technidor.com\/wp-content\/uploads\/2017\/11\/kytola-Model-L-248x300.jpg\" alt=\"\" width=\"248\" height=\"300\" srcset=\"https:\/\/www.technidor.com\/wp-content\/uploads\/2017\/11\/kytola-Model-L-248x300.jpg 248w, https:\/\/www.technidor.com\/wp-content\/uploads\/2017\/11\/kytola-Model-L.jpg 576w\" sizes=\"auto, (max-width: 248px) 100vw, 248px\" \/><\/p>\t\t\t<\/div>\n\t\t<\/div>\n\t\t\t\t<\/li>\n\t\t\t\t<li class=\"sow-slider-image\" style=\"visibility: hidden;;background-color: #ffffff\" >\n\t\t\t\t\t<div class=\"sow-slider-image-container\">\n\t\t\t<div class=\"sow-slider-image-wrapper\">\n\t\t\t\t<p><img loading=\"lazy\" decoding=\"async\" class=\"size-medium wp-image-356 aligncenter\" src=\"http:\/\/www.technidor.com\/wp-content\/uploads\/2017\/11\/kytola-248x300.jpg\" alt=\"\" width=\"248\" height=\"300\" srcset=\"https:\/\/www.technidor.com\/wp-content\/uploads\/2017\/11\/kytola-248x300.jpg 248w, https:\/\/www.technidor.com\/wp-content\/uploads\/2017\/11\/kytola.jpg 578w\" sizes=\"auto, (max-width: 248px) 100vw, 248px\" \/><\/p>\t\t\t<\/div>\n\t\t<\/div>\n\t\t\t\t<\/li>\n\t\t\t\t<li class=\"sow-slider-image\" style=\"visibility: hidden;;background-color: #ffffff\" >\n\t\t\t\t\t<div class=\"sow-slider-image-container\">\n\t\t\t<div class=\"sow-slider-image-wrapper\">\n\t\t\t\t<p><img loading=\"lazy\" decoding=\"async\" class=\"size-medium wp-image-349 aligncenter\" src=\"http:\/\/www.technidor.com\/wp-content\/uploads\/2017\/11\/kytola-dpa200p-248x300.jpg\" alt=\"\" width=\"248\" height=\"300\" srcset=\"https:\/\/www.technidor.com\/wp-content\/uploads\/2017\/11\/kytola-dpa200p-248x300.jpg 248w, https:\/\/www.technidor.com\/wp-content\/uploads\/2017\/11\/kytola-dpa200p.jpg 578w\" sizes=\"auto, (max-width: 248px) 100vw, 248px\" \/><\/p>\t\t\t<\/div>\n\t\t<\/div>\n\t\t\t\t<\/li>\n\t\t\t\t<li class=\"sow-slider-image\" style=\"visibility: hidden;;background-color: #ffffff\" >\n\t\t\t\t\t<div class=\"sow-slider-image-container\">\n\t\t\t<div class=\"sow-slider-image-wrapper\">\n\t\t\t\t<p><img loading=\"lazy\" decoding=\"async\" class=\"size-medium wp-image-348 aligncenter\" src=\"http:\/\/www.technidor.com\/wp-content\/uploads\/2017\/11\/kytola-2914-248x300.jpg\" alt=\"\" width=\"248\" height=\"300\" srcset=\"https:\/\/www.technidor.com\/wp-content\/uploads\/2017\/11\/kytola-2914-248x300.jpg 248w, https:\/\/www.technidor.com\/wp-content\/uploads\/2017\/11\/kytola-2914.jpg 578w\" sizes=\"auto, (max-width: 248px) 100vw, 248px\" \/><\/p>\t\t\t<\/div>\n\t\t<\/div>\n\t\t\t\t<\/li>\n\t\t\t\t<li class=\"sow-slider-image\" style=\"visibility: hidden;;background-color: #ffffff\" >\n\t\t\t\t\t<div class=\"sow-slider-image-container\">\n\t\t\t<div class=\"sow-slider-image-wrapper\">\n\t\t\t\t<p><img loading=\"lazy\" decoding=\"async\" class=\"size-medium wp-image-353 aligncenter\" src=\"http:\/\/www.technidor.com\/wp-content\/uploads\/2017\/11\/kytola-Model-MULTI-TUBE-VEx-248x300.jpg\" alt=\"\" width=\"248\" height=\"300\" srcset=\"https:\/\/www.technidor.com\/wp-content\/uploads\/2017\/11\/kytola-Model-MULTI-TUBE-VEx-248x300.jpg 248w, https:\/\/www.technidor.com\/wp-content\/uploads\/2017\/11\/kytola-Model-MULTI-TUBE-VEx.jpg 578w\" sizes=\"auto, (max-width: 248px) 100vw, 248px\" \/><\/p>\t\t\t<\/div>\n\t\t<\/div>\n\t\t\t\t<\/li>\n\t\t\t\t<li class=\"sow-slider-image\" style=\"visibility: hidden;;background-color: #ffffff\" >\n\t\t\t\t\t<div class=\"sow-slider-image-container\">\n\t\t\t<div class=\"sow-slider-image-wrapper\">\n\t\t\t\t<p><img loading=\"lazy\" decoding=\"async\" class=\"size-medium wp-image-355 aligncenter\" src=\"http:\/\/www.technidor.com\/wp-content\/uploads\/2017\/11\/kytola-oilan-a4-248x300.jpg\" alt=\"\" width=\"248\" height=\"300\" srcset=\"https:\/\/www.technidor.com\/wp-content\/uploads\/2017\/11\/kytola-oilan-a4-248x300.jpg 248w, https:\/\/www.technidor.com\/wp-content\/uploads\/2017\/11\/kytola-oilan-a4.jpg 578w\" sizes=\"auto, (max-width: 248px) 100vw, 248px\" \/><\/p>\t\t\t<\/div>\n\t\t<\/div>\n\t\t\t\t<\/li>\n\t\t<\/ul>\t\t\t\t<ol class=\"sow-slider-pagination\">\n\t\t\t\t\t\t\t\t\t\t\t<li><a href=\"#\" data-goto=\"0\" aria-label=\"mostrar diapositiva 1\"><\/a><\/li>\n\t\t\t\t\t\t\t\t\t\t\t<li><a href=\"#\" data-goto=\"1\" aria-label=\"mostrar diapositiva 2\"><\/a><\/li>\n\t\t\t\t\t\t\t\t\t\t\t<li><a href=\"#\" data-goto=\"2\" aria-label=\"mostrar diapositiva 3\"><\/a><\/li>\n\t\t\t\t\t\t\t\t\t\t\t<li><a href=\"#\" data-goto=\"3\" aria-label=\"mostrar diapositiva 4\"><\/a><\/li>\n\t\t\t\t\t\t\t\t\t\t\t<li><a href=\"#\" data-goto=\"4\" aria-label=\"mostrar diapositiva 5\"><\/a><\/li>\n\t\t\t\t\t\t\t\t\t\t\t<li><a href=\"#\" data-goto=\"5\" aria-label=\"mostrar diapositiva 6\"><\/a><\/li>\n\t\t\t\t\t\t\t\t\t\t\t<li><a href=\"#\" data-goto=\"6\" aria-label=\"mostrar diapositiva 7\"><\/a><\/li>\n\t\t\t\t\t\t\t\t\t\t\t<li><a href=\"#\" data-goto=\"7\" aria-label=\"mostrar diapositiva 8\"><\/a><\/li>\n\t\t\t\t\t\t\t\t\t\t\t<li><a href=\"#\" data-goto=\"8\" aria-label=\"mostrar diapositiva 9\"><\/a><\/li>\n\t\t\t\t\t\t\t\t\t<\/ol>\n\n\t\t\t\t<div class=\"sow-slide-nav sow-slide-nav-next\">\n\t\t\t\t\t<a href=\"#\" data-goto=\"next\" aria-label=\"diapositiva siguiente\" data-action=\"next\">\n\t\t\t\t\t\t<em class=\"sow-sld-icon-thin-right\"><\/em>\n\t\t\t\t\t<\/a>\n\t\t\t\t<\/div>\n\n\t\t\t\t<div class=\"sow-slide-nav sow-slide-nav-prev\">\n\t\t\t\t\t<a href=\"#\" data-goto=\"previous\" aria-label=\"diapositiva anterior\" data-action=\"prev\">\n\t\t\t\t\t\t<em class=\"sow-sld-icon-thin-left\"><\/em>\n\t\t\t\t\t<\/a>\n\t\t\t\t<\/div>\n\t\t\t\t<\/div><\/div><\/div><div id=\"panel-230-0-0-1\" class=\"so-panel widget widget_media_gallery panel-last-child\" data-index=\"1\" >\n\t\t<style type=\"text\/css\">\n\t\t\t#gallery-1 {\n\t\t\t\tmargin: auto;\n\t\t\t}\n\t\t\t#gallery-1 .gallery-item {\n\t\t\t\tfloat: left;\n\t\t\t\tmargin-top: 10px;\n\t\t\t\ttext-align: center;\n\t\t\t\twidth: 33%;\n\t\t\t}\n\t\t\t#gallery-1 img {\n\t\t\t\tborder: 2px solid #cfcfcf;\n\t\t\t}\n\t\t\t#gallery-1 .gallery-caption {\n\t\t\t\tmargin-left: 0;\n\t\t\t}\n\t\t\t\/* see gallery_shortcode() in wp-includes\/media.php *\/\n\t\t<\/style>\n\t\t<div id='gallery-1' class='gallery galleryid-230 gallery-columns-3 gallery-size-thumbnail'><dl class='gallery-item'>\n\t\t\t<dt class='gallery-icon portrait'>\n\t\t\t\t<a href='https:\/\/www.technidor.com\/wp-content\/uploads\/2017\/11\/kytola.jpg'><img loading=\"lazy\" decoding=\"async\" width=\"150\" height=\"150\" src=\"https:\/\/www.technidor.com\/wp-content\/uploads\/2017\/11\/kytola-150x150.jpg\" class=\"attachment-thumbnail size-thumbnail\" alt=\"\" \/><\/a>\n\t\t\t<\/dt><\/dl><dl class='gallery-item'>\n\t\t\t<dt class='gallery-icon portrait'>\n\t\t\t\t<a href='https:\/\/www.technidor.com\/wp-content\/uploads\/2017\/11\/kytola-oilan-a4.jpg'><img loading=\"lazy\" decoding=\"async\" width=\"150\" height=\"150\" src=\"https:\/\/www.technidor.com\/wp-content\/uploads\/2017\/11\/kytola-oilan-a4-150x150.jpg\" class=\"attachment-thumbnail size-thumbnail\" alt=\"\" \/><\/a>\n\t\t\t<\/dt><\/dl><dl class='gallery-item'>\n\t\t\t<dt class='gallery-icon portrait'>\n\t\t\t\t<a href='https:\/\/www.technidor.com\/wp-content\/uploads\/2017\/11\/kytola-Model-MULTI-TUBE-VEx.jpg'><img loading=\"lazy\" decoding=\"async\" width=\"150\" height=\"150\" src=\"https:\/\/www.technidor.com\/wp-content\/uploads\/2017\/11\/kytola-Model-MULTI-TUBE-VEx-150x150.jpg\" class=\"attachment-thumbnail size-thumbnail\" alt=\"\" \/><\/a>\n\t\t\t<\/dt><\/dl><br style=\"clear: both\" \/><dl class='gallery-item'>\n\t\t\t<dt class='gallery-icon portrait'>\n\t\t\t\t<a href='https:\/\/www.technidor.com\/wp-content\/uploads\/2017\/11\/kytola-Model-VL.jpg'><img loading=\"lazy\" decoding=\"async\" width=\"150\" height=\"150\" src=\"https:\/\/www.technidor.com\/wp-content\/uploads\/2017\/11\/kytola-Model-VL-150x150.jpg\" class=\"attachment-thumbnail size-thumbnail\" alt=\"\" \/><\/a>\n\t\t\t<\/dt><\/dl><dl class='gallery-item'>\n\t\t\t<dt class='gallery-icon portrait'>\n\t\t\t\t<a href='https:\/\/www.technidor.com\/wp-content\/uploads\/2017\/11\/kytola-Model-L.jpg'><img loading=\"lazy\" decoding=\"async\" width=\"150\" height=\"150\" src=\"https:\/\/www.technidor.com\/wp-content\/uploads\/2017\/11\/kytola-Model-L-150x150.jpg\" class=\"attachment-thumbnail size-thumbnail\" alt=\"\" \/><\/a>\n\t\t\t<\/dt><\/dl><dl class='gallery-item'>\n\t\t\t<dt class='gallery-icon portrait'>\n\t\t\t\t<a href='https:\/\/www.technidor.com\/wp-content\/uploads\/2017\/11\/kytola-Model-D.jpg'><img loading=\"lazy\" decoding=\"async\" width=\"150\" height=\"150\" src=\"https:\/\/www.technidor.com\/wp-content\/uploads\/2017\/11\/kytola-Model-D-150x150.jpg\" class=\"attachment-thumbnail size-thumbnail\" alt=\"\" \/><\/a>\n\t\t\t<\/dt><\/dl><br style=\"clear: both\" \/><dl class='gallery-item'>\n\t\t\t<dt class='gallery-icon portrait'>\n\t\t\t\t<a href='https:\/\/www.technidor.com\/wp-content\/uploads\/2017\/11\/kytola-Model-HV.jpg'><img loading=\"lazy\" decoding=\"async\" width=\"150\" height=\"150\" src=\"https:\/\/www.technidor.com\/wp-content\/uploads\/2017\/11\/kytola-Model-HV-150x150.jpg\" class=\"attachment-thumbnail size-thumbnail\" alt=\"\" \/><\/a>\n\t\t\t<\/dt><\/dl><dl class='gallery-item'>\n\t\t\t<dt class='gallery-icon portrait'>\n\t\t\t\t<a href='https:\/\/www.technidor.com\/wp-content\/uploads\/2017\/11\/kytola-dpa200p.jpg'><img loading=\"lazy\" decoding=\"async\" width=\"150\" height=\"150\" src=\"https:\/\/www.technidor.com\/wp-content\/uploads\/2017\/11\/kytola-dpa200p-150x150.jpg\" class=\"attachment-thumbnail size-thumbnail\" alt=\"\" \/><\/a>\n\t\t\t<\/dt><\/dl><dl class='gallery-item'>\n\t\t\t<dt class='gallery-icon portrait'>\n\t\t\t\t<a href='https:\/\/www.technidor.com\/wp-content\/uploads\/2017\/11\/kytola-2914.jpg'><img loading=\"lazy\" decoding=\"async\" width=\"150\" height=\"150\" src=\"https:\/\/www.technidor.com\/wp-content\/uploads\/2017\/11\/kytola-2914-150x150.jpg\" class=\"attachment-thumbnail size-thumbnail\" alt=\"\" \/><\/a>\n\t\t\t<\/dt><\/dl><br style=\"clear: both\" \/>\n\t\t<\/div>\n<\/div><\/div><div id=\"pgc-230-0-1\"  class=\"panel-grid-cell\" ><div id=\"panel-230-0-1-0\" class=\"so-panel widget widget_sow-headline panel-first-child\" data-index=\"2\" ><div\n\t\t\t\n\t\t\tclass=\"so-widget-sow-headline so-widget-sow-headline-default-61edf8a06aeb-230\"\n\t\t\t\n\t\t><div class=\"sow-headline-container \">\n\t\t\t\t\t\t\t<h3 class=\"sow-headline\">\n\t\t\t\t\t\tEquipo de control del l\u00edquido de sellado en m\u00e1quinas rotativas\t\t\t\t\t\t<\/h3>\n\t\t\t\t\t\t\t\t\t\t\t<div class=\"decoration\">\n\t\t\t\t\t\t<div class=\"decoration-inside\"><\/div>\n\t\t\t\t\t<\/div>\n\t\t\t\t\t<\/div>\n<\/div><\/div><div id=\"panel-230-0-1-1\" class=\"so-panel widget widget_text panel-last-child\" data-index=\"3\" >\t\t\t<div class=\"textwidget\"><p>Dispositivo que ajusta el caudal necesario y la presi\u00f3n del fluido de sellado en empaquetaduras y sellos mec\u00e1nicos.<\/p>\n<ul>\n<li>Cierres mec\u00e1nicos sencillos<\/li>\n<li>Dobles cierres mec\u00e1nicos<\/li>\n<li>Empaquetaduras<\/li>\n<li><em>Flushing<\/em> (Plan API 11 y Plan API 32)<\/li>\n<li><em>Quenching<\/em> (Plan API 32)<\/li>\n<li>Drenajes<\/li>\n<\/ul>\n<p>&nbsp;<\/p>\n<p><strong>Rot\u00e1metros<\/strong><\/p>\n<p>Dispositivos de medida de caudal para l\u00edquidos y gases. Equipos individuales o bien, en bloques de varias unidades.<\/p>\n<ul>\n<li>Visual o de \u00e1rea variable<\/li>\n<li>Met\u00e1lico<\/li>\n<li>De engranajes, para viscosidades de entre 30 \u2013 1.000 cSt<\/li>\n<\/ul>\n<p>&nbsp;<\/p>\n<p><strong>Man\u00f3metros diferenciales<\/strong><\/p>\n<p>&nbsp;<\/p>\n<p><strong>Consignadores de caudal<\/strong><\/p>\n<p>Instrumento que mantiene la consigna de caudal, independientemente de las fluctuaciones de presi\u00f3n que pueda sufrir la l\u00ednea. Apto tanto para l\u00edquidos como para gases.<\/p>\n<\/div>\n\t\t<\/div><\/div><div id=\"pgc-230-0-2\"  class=\"panel-grid-cell\" ><div id=\"panel-230-0-2-0\" class=\"so-panel widget widget_sow-editor panel-first-child panel-last-child\" data-index=\"4\" ><div class=\"panel-widget-style panel-widget-style-for-230-0-2-0\" ><div\n\t\t\t\n\t\t\tclass=\"so-widget-sow-editor so-widget-sow-editor-base\"\n\t\t\t\n\t\t>\n<div class=\"siteorigin-widget-tinymce textwidget\">\n\t<h3 style=\"text-align: center;\">Necesitas m\u00e1s informaci\u00f3n?<\/h3>\n<p style=\"text-align: center;\">\n<div class=\"wpcf7 no-js\" id=\"wpcf7-f1642-o1\" lang=\"es-ES\" dir=\"ltr\" data-wpcf7-id=\"1642\">\n<div class=\"screen-reader-response\"><p role=\"status\" aria-live=\"polite\" aria-atomic=\"true\"><\/p> <ul><\/ul><\/div>\n<form action=\"\/index.php\/wp-json\/wp\/v2\/pages\/230#wpcf7-f1642-o1\" method=\"post\" class=\"wpcf7-form init\" aria-label=\"Formulario de contacto\" novalidate=\"novalidate\" data-status=\"init\">\n<fieldset class=\"hidden-fields-container\"><input type=\"hidden\" name=\"_wpcf7\" value=\"1642\" \/><input type=\"hidden\" name=\"_wpcf7_version\" value=\"6.1.5\" \/><input type=\"hidden\" name=\"_wpcf7_locale\" value=\"es_ES\" \/><input type=\"hidden\" name=\"_wpcf7_unit_tag\" value=\"wpcf7-f1642-o1\" \/><input type=\"hidden\" name=\"_wpcf7_container_post\" value=\"0\" \/><input type=\"hidden\" name=\"_wpcf7_posted_data_hash\" value=\"\" \/><input type=\"hidden\" name=\"_wpcf7_recaptcha_response\" value=\"\" \/>\n<\/fieldset>\n<p><label> Nombre (requerido)<br \/>\n<span class=\"wpcf7-form-control-wrap\" data-name=\"your-name\"><input size=\"40\" maxlength=\"400\" class=\"wpcf7-form-control wpcf7-text wpcf7-validates-as-required\" aria-required=\"true\" aria-invalid=\"false\" value=\"\" type=\"text\" name=\"your-name\" \/><\/span> <\/label>\n<\/p>\n<p><label> Tu correo electr\u00f3nico (requerido)<br \/>\n<span class=\"wpcf7-form-control-wrap\" data-name=\"your-email\"><input size=\"40\" maxlength=\"400\" class=\"wpcf7-form-control wpcf7-email wpcf7-validates-as-required wpcf7-text wpcf7-validates-as-email\" aria-required=\"true\" aria-invalid=\"false\" value=\"\" type=\"email\" name=\"your-email\" \/><\/span> <\/label>\n<\/p>\n<p><label> Tel\u00e9fono (requerido)<br \/>\n<span class=\"wpcf7-form-control-wrap\" data-name=\"Telefono\"><input size=\"40\" maxlength=\"400\" class=\"wpcf7-form-control wpcf7-tel wpcf7-validates-as-required wpcf7-text wpcf7-validates-as-tel\" aria-required=\"true\" aria-invalid=\"false\" value=\"\" type=\"tel\" name=\"Telefono\" \/><\/span> <\/label>\n<\/p>\n<p><label> Asunto<br \/>\n<span class=\"wpcf7-form-control-wrap\" data-name=\"your-subject\"><input size=\"40\" maxlength=\"400\" class=\"wpcf7-form-control wpcf7-text\" aria-invalid=\"false\" value=\"\" type=\"text\" name=\"your-subject\" \/><\/span> <\/label>\n<\/p>\n<p><label> Mensaje<br \/>\n<span class=\"wpcf7-form-control-wrap\" data-name=\"your-message\"><textarea cols=\"40\" rows=\"10\" maxlength=\"2000\" class=\"wpcf7-form-control wpcf7-textarea\" aria-invalid=\"false\" name=\"your-message\"><\/textarea><\/span> <\/label>\n<\/p>\n<p><small><b>Reglamento General de Protecci\u00f3n de Datos:<\/b><br \/>\nEn nombre de la empresa TECHNIDOR, S.L., propietaria del dominio web www.technidor.com y en virtud de lo establecido en el Reglamento General de Protecci\u00f3n de Datos (UE 1679\/2016) les informamos que tratamos los datos que nos facilita en el presente formulario con el fin de poder hacer efectiva su solicitud de informaci\u00f3n. Los datos proporcionados se conservar\u00e1n mientras se realiza el procesamiento de su solicitud y se le da respuesta. Usted tiene derecho a obtener confirmaci\u00f3n sobre si en TECHNIDOR, S.L. estamos tratando sus datos personales por tanto tiene derecho a acceder a sus datos personales, rectificar los inexactos o solicitar su supresi\u00f3n cuando ya no sean necesarios.<\/small>\n<\/p>\n<p><span class=\"wpcf7-form-control-wrap\" data-name=\"Consentimiento\"><span class=\"wpcf7-form-control wpcf7-acceptance\"><span class=\"wpcf7-list-item\"><label><input type=\"checkbox\" name=\"Consentimiento\" value=\"1\" aria-invalid=\"false\" \/><span class=\"wpcf7-list-item-label\">He le\u00eddo y acepto la pol\u00edtica de privacidad<\/span><\/label><\/span><\/span><\/span>\n<\/p>\n<p><input class=\"wpcf7-form-control wpcf7-submit has-spinner\" type=\"submit\" value=\"Solicitar informaci\u00f3n\" \/>\n<\/p><div class=\"wpcf7-response-output\" aria-hidden=\"true\"><\/div>\n<\/form>\n<\/div>\n<\/p>\n<\/div>\n<\/div><\/div><\/div><\/div><\/div><\/div>","protected":false},"excerpt":{"rendered":"<p>Dispositivo que ajusta el caudal necesario y la presi\u00f3n del fluido de sellado en empaquetaduras y sellos mec\u00e1nicos. Cierres mec\u00e1nicos sencillos Dobles cierres mec\u00e1nicos Empaquetaduras Flushing (Plan API 11 y Plan API 32) Quenching (Plan API 32) Drenajes &nbsp; Rot\u00e1metros Dispositivos de medida de caudal para l\u00edquidos y gases. Equipos individuales o bien, en bloques&hellip;<\/p>\n<p class=\"more-link\"><a href=\"https:\/\/www.technidor.com\/index.php\/instrumentacion-y-control-de-procesos\/rotametros-kytola\/\" class=\"themebutton2\">Leer m\u00e1s<\/a><\/p>\n","protected":false},"author":2,"featured_media":348,"parent":67,"menu_order":2,"comment_status":"closed","ping_status":"closed","template":"","meta":{"_uf_show_specific_survey":0,"_uf_disable_surveys":false,"footnotes":""},"class_list":["post-230","page","type-page","status-publish","has-post-thumbnail","hentry"],"aioseo_notices":[],"_links":{"self":[{"href":"https:\/\/www.technidor.com\/index.php\/wp-json\/wp\/v2\/pages\/230","targetHints":{"allow":["GET"]}}],"collection":[{"href":"https:\/\/www.technidor.com\/index.php\/wp-json\/wp\/v2\/pages"}],"about":[{"href":"https:\/\/www.technidor.com\/index.php\/wp-json\/wp\/v2\/types\/page"}],"author":[{"embeddable":true,"href":"https:\/\/www.technidor.com\/index.php\/wp-json\/wp\/v2\/users\/2"}],"replies":[{"embeddable":true,"href":"https:\/\/www.technidor.com\/index.php\/wp-json\/wp\/v2\/comments?post=230"}],"version-history":[{"count":15,"href":"https:\/\/www.technidor.com\/index.php\/wp-json\/wp\/v2\/pages\/230\/revisions"}],"predecessor-version":[{"id":1656,"href":"https:\/\/www.technidor.com\/index.php\/wp-json\/wp\/v2\/pages\/230\/revisions\/1656"}],"up":[{"embeddable":true,"href":"https:\/\/www.technidor.com\/index.php\/wp-json\/wp\/v2\/pages\/67"}],"wp:featuredmedia":[{"embeddable":true,"href":"https:\/\/www.technidor.com\/index.php\/wp-json\/wp\/v2\/media\/348"}],"wp:attachment":[{"href":"https:\/\/www.technidor.com\/index.php\/wp-json\/wp\/v2\/media?parent=230"}],"curies":[{"name":"wp","href":"https:\/\/api.w.org\/{rel}","templated":true}]}}