{"id":232,"date":"2017-10-31T13:55:19","date_gmt":"2017-10-31T13:55:19","guid":{"rendered":"http:\/\/www.technidor.com\/?page_id=232"},"modified":"2021-05-25T10:16:52","modified_gmt":"2021-05-25T10:16:52","slug":"equipos-de-humedad","status":"publish","type":"page","link":"https:\/\/www.technidor.com\/index.php\/instrumentacion-y-control-de-procesos\/equipos-de-humedad\/","title":{"rendered":"Equipos de Humedad"},"content":{"rendered":"<div id=\"pl-232\"  class=\"panel-layout\" ><div id=\"pg-232-0\"  class=\"panel-grid panel-no-style\" ><div id=\"pgc-232-0-0\"  class=\"panel-grid-cell\" ><div id=\"panel-232-0-0-0\" class=\"so-panel widget widget_sow-hero panel-first-child\" data-index=\"0\" ><div\n\t\t\t\n\t\t\tclass=\"so-widget-sow-hero so-widget-sow-hero-default-eb77c8863727-232 so-widget-fittext-wrapper\"\n\t\t\t data-fit-text-compressor=\"0.85\"\n\t\t>\t\t\t\t<div class=\"sow-slider-base\" style=\"display: none\" tabindex=\"0\">\n\t\t\t\t\t<ul\n\t\t\t\t\tclass=\"sow-slider-images\"\n\t\t\t\t\tdata-settings=\"{&quot;pagination&quot;:true,&quot;speed&quot;:800,&quot;timeout&quot;:8000,&quot;paused&quot;:false,&quot;pause_on_hover&quot;:false,&quot;swipe&quot;:true,&quot;nav_always_show_desktop&quot;:&quot;&quot;,&quot;nav_always_show_mobile&quot;:&quot;&quot;,&quot;breakpoint&quot;:&quot;780px&quot;,&quot;unmute&quot;:false,&quot;anchor&quot;:null}\"\n\t\t\t\t\t\t\t\t\t\tdata-anchor-id=\"\"\n\t\t\t\t>\t\t<li class=\"sow-slider-image\" style=\"visibility: visible;;background-color: #ffffff\" >\n\t\t\t\t\t<div class=\"sow-slider-image-container\">\n\t\t\t<div class=\"sow-slider-image-wrapper\">\n\t\t\t\t<p><img loading=\"lazy\" decoding=\"async\" class=\"alignnone size-full wp-image-426 aligncenter\" src=\"http:\/\/www.technidor.com\/wp-content\/uploads\/2017\/12\/Medidor-humedad-y-grasa-PSC.jpg\" alt=\"\" width=\"275\" height=\"206\" \/><\/p>\n\t\t\t<\/div>\n\t\t<\/div>\n\t\t\t\t<\/li>\n\t\t\t\t<li class=\"sow-slider-image\" style=\"visibility: hidden;;background-color: #ffffff\" >\n\t\t\t\t\t<div class=\"sow-slider-image-container\">\n\t\t\t<div class=\"sow-slider-image-wrapper\">\n\t\t\t\t<p><img loading=\"lazy\" decoding=\"async\" class=\"size-full wp-image-424 aligncenter\" src=\"http:\/\/www.technidor.com\/wp-content\/uploads\/2017\/12\/Medidor-en-linea-PSC.jpg\" alt=\"\" width=\"275\" height=\"206\" \/><\/p>\n\t\t\t<\/div>\n\t\t<\/div>\n\t\t\t\t<\/li>\n\t\t\t\t<li class=\"sow-slider-image\" style=\"visibility: hidden;;background-color: #ffffff\" >\n\t\t\t\t\t<div class=\"sow-slider-image-container\">\n\t\t\t<div class=\"sow-slider-image-wrapper\">\n\t\t\t\t<p><img loading=\"lazy\" decoding=\"async\" class=\"size-full wp-image-425 aligncenter\" src=\"http:\/\/www.technidor.com\/wp-content\/uploads\/2017\/12\/Medidor-en-linea.jpg\" alt=\"\" width=\"275\" height=\"190\" \/><\/p>\n\t\t\t<\/div>\n\t\t<\/div>\n\t\t\t\t<\/li>\n\t\t\t\t<li class=\"sow-slider-image\" style=\"visibility: hidden;;background-color: #ffffff\" >\n\t\t\t\t\t<div class=\"sow-slider-image-container\">\n\t\t\t<div class=\"sow-slider-image-wrapper\">\n\t\t\t\t<p><img loading=\"lazy\" decoding=\"async\" class=\"size-medium wp-image-432 aligncenter\" src=\"http:\/\/www.technidor.com\/wp-content\/uploads\/2017\/12\/medidor-Guardian-300x170.jpg\" alt=\"\" width=\"300\" height=\"170\" srcset=\"https:\/\/www.technidor.com\/wp-content\/uploads\/2017\/12\/medidor-Guardian-300x170.jpg 300w, https:\/\/www.technidor.com\/wp-content\/uploads\/2017\/12\/medidor-Guardian-768x435.jpg 768w, https:\/\/www.technidor.com\/wp-content\/uploads\/2017\/12\/medidor-Guardian.jpg 1008w\" sizes=\"auto, (max-width: 300px) 100vw, 300px\" \/><\/p>\n\t\t\t<\/div>\n\t\t<\/div>\n\t\t\t\t<\/li>\n\t\t<\/ul>\t\t\t\t<ol class=\"sow-slider-pagination\">\n\t\t\t\t\t\t\t\t\t\t\t<li><a href=\"#\" data-goto=\"0\" aria-label=\"mostrar diapositiva 1\"><\/a><\/li>\n\t\t\t\t\t\t\t\t\t\t\t<li><a href=\"#\" data-goto=\"1\" aria-label=\"mostrar diapositiva 2\"><\/a><\/li>\n\t\t\t\t\t\t\t\t\t\t\t<li><a href=\"#\" data-goto=\"2\" aria-label=\"mostrar diapositiva 3\"><\/a><\/li>\n\t\t\t\t\t\t\t\t\t\t\t<li><a href=\"#\" data-goto=\"3\" aria-label=\"mostrar diapositiva 4\"><\/a><\/li>\n\t\t\t\t\t\t\t\t\t<\/ol>\n\n\t\t\t\t<div class=\"sow-slide-nav sow-slide-nav-next\">\n\t\t\t\t\t<a href=\"#\" data-goto=\"next\" aria-label=\"diapositiva siguiente\" data-action=\"next\">\n\t\t\t\t\t\t<em class=\"sow-sld-icon-thin-right\"><\/em>\n\t\t\t\t\t<\/a>\n\t\t\t\t<\/div>\n\n\t\t\t\t<div class=\"sow-slide-nav sow-slide-nav-prev\">\n\t\t\t\t\t<a href=\"#\" data-goto=\"previous\" aria-label=\"diapositiva anterior\" data-action=\"prev\">\n\t\t\t\t\t\t<em class=\"sow-sld-icon-thin-left\"><\/em>\n\t\t\t\t\t<\/a>\n\t\t\t\t<\/div>\n\t\t\t\t<\/div><\/div><\/div><div id=\"panel-232-0-0-1\" class=\"so-panel widget widget_media_gallery panel-last-child\" data-index=\"1\" >\n\t\t<style type=\"text\/css\">\n\t\t\t#gallery-1 {\n\t\t\t\tmargin: auto;\n\t\t\t}\n\t\t\t#gallery-1 .gallery-item {\n\t\t\t\tfloat: left;\n\t\t\t\tmargin-top: 10px;\n\t\t\t\ttext-align: center;\n\t\t\t\twidth: 33%;\n\t\t\t}\n\t\t\t#gallery-1 img {\n\t\t\t\tborder: 2px solid #cfcfcf;\n\t\t\t}\n\t\t\t#gallery-1 .gallery-caption {\n\t\t\t\tmargin-left: 0;\n\t\t\t}\n\t\t\t\/* see gallery_shortcode() in wp-includes\/media.php *\/\n\t\t<\/style>\n\t\t<div id='gallery-1' class='gallery galleryid-232 gallery-columns-3 gallery-size-thumbnail'><dl class='gallery-item'>\n\t\t\t<dt class='gallery-icon landscape'>\n\t\t\t\t<a href='https:\/\/www.technidor.com\/wp-content\/uploads\/2017\/12\/Medidor-en-linea-PSC.jpg'><img loading=\"lazy\" decoding=\"async\" width=\"150\" height=\"150\" src=\"https:\/\/www.technidor.com\/wp-content\/uploads\/2017\/12\/Medidor-en-linea-PSC-150x150.jpg\" class=\"attachment-thumbnail size-thumbnail\" alt=\"\" \/><\/a>\n\t\t\t<\/dt><\/dl><dl class='gallery-item'>\n\t\t\t<dt class='gallery-icon landscape'>\n\t\t\t\t<a href='https:\/\/www.technidor.com\/wp-content\/uploads\/2017\/12\/Medidor-en-linea.jpg'><img loading=\"lazy\" decoding=\"async\" width=\"150\" height=\"150\" src=\"https:\/\/www.technidor.com\/wp-content\/uploads\/2017\/12\/Medidor-en-linea-150x150.jpg\" class=\"attachment-thumbnail size-thumbnail\" alt=\"\" \/><\/a>\n\t\t\t<\/dt><\/dl><dl class='gallery-item'>\n\t\t\t<dt class='gallery-icon landscape'>\n\t\t\t\t<a href='https:\/\/www.technidor.com\/wp-content\/uploads\/2017\/12\/Medidor-humedad-y-grasa-PSC.jpg'><img loading=\"lazy\" decoding=\"async\" width=\"150\" height=\"150\" src=\"https:\/\/www.technidor.com\/wp-content\/uploads\/2017\/12\/Medidor-humedad-y-grasa-PSC-150x150.jpg\" class=\"attachment-thumbnail size-thumbnail\" alt=\"\" \/><\/a>\n\t\t\t<\/dt><\/dl><br style=\"clear: both\" \/><dl class='gallery-item'>\n\t\t\t<dt class='gallery-icon landscape'>\n\t\t\t\t<a href='https:\/\/www.technidor.com\/wp-content\/uploads\/2017\/12\/medidor-Guardian.jpg'><img loading=\"lazy\" decoding=\"async\" width=\"150\" height=\"150\" src=\"https:\/\/www.technidor.com\/wp-content\/uploads\/2017\/12\/medidor-Guardian-150x150.jpg\" class=\"attachment-thumbnail size-thumbnail\" alt=\"\" \/><\/a>\n\t\t\t<\/dt><\/dl>\n\t\t\t<br style='clear: both' \/>\n\t\t<\/div>\n<\/div><\/div><div id=\"pgc-232-0-1\"  class=\"panel-grid-cell\" ><div id=\"panel-232-0-1-0\" class=\"so-panel widget widget_sow-headline panel-first-child\" data-index=\"2\" ><div\n\t\t\t\n\t\t\tclass=\"so-widget-sow-headline so-widget-sow-headline-default-61edf8a06aeb-232\"\n\t\t\t\n\t\t><div class=\"sow-headline-container \">\n\t\t\t\t\t\t\t<h3 class=\"sow-headline\">\n\t\t\t\t\t\tEquipos medidores de humedad, grasas y prote\u00ednas en la regi\u00f3n del infrarrojo cercano (NIR)\t\t\t\t\t\t<\/h3>\n\t\t\t\t\t\t\t\t\t\t\t<div class=\"decoration\">\n\t\t\t\t\t\t<div class=\"decoration-inside\"><\/div>\n\t\t\t\t\t<\/div>\n\t\t\t\t\t<\/div>\n<\/div><\/div><div id=\"panel-232-0-1-1\" class=\"so-panel widget widget_text panel-last-child\" data-index=\"3\" >\t\t\t<div class=\"textwidget\"><ul>\n<li>Medida a tiempo real, en l\u00ednea.<\/li>\n<li>Equipos de sobremesa para laboratorio.<\/li>\n<\/ul>\n<p>&nbsp;<\/p>\n<p><strong>\u00c1mbitos de aplicaci\u00f3n<\/strong><\/p>\n<ul>\n<li><strong>Productos agropecuarios :\u00a0<\/strong>Harina de pescado \/\u00a0Alfalfa \/ Harina de soja \/\u00a0Piensos \/ Pulpa de remolacha \/\u00a0Bagazo \/ Harina de ma\u00edz \/\u00a0Musgo de turbera<\/li>\n<li><strong>Productos qu\u00edmicos y farmac\u00e9uticos :\u00a0<\/strong>Pellets de fertilizantes \/\u00a0Granzas \/\u00a0Detergente en pastillas \/\u00a0Detergente en polvo \/\u00a0Polvo de PVC \/\u00a0Polvo de caucho \/\u00a0Explosivos \/ Nitrocelulosa \/\u00a0Carbonato c\u00e1lcico \/\u00a0\u00c1cido b\u00f3rico \/\u00a0Sal \/ Di\u00f3xido de titanio \/\u00a0Azufre \/\u00a0\u00d3xido de zinc<\/li>\n<li><strong>Productos alimentarios :\u00a0<\/strong>S\u00e9molas \/ Galletas saladas \/\u00a0Aceitunas \/\u00a0Caf\u00e9 torrefacto y molido \/\u00a0T\u00e9 \/\u00a0Leche en polvo \/\u00a0Almid\u00f3n \/ escamas de patata \/\u00a0Patatas fritas \/\u00a0Harinas \/\u00a0Procesado del az\u00facar \/\u00a0Procesado de cereales \/\u00a0Galletas \/\u00a0Pasta \/ Caf\u00e9 instant\u00e1neo \/\u00a0Soja \/\u00a0Bebidas solubles \/\u00a0Sal \/\u00a0Pan rallado \/\u00a0Embutidos \/ Tripas para embutidos \/\u00a0Frutos deshidratados \/\u00a0Frutos secos \/\u00a0Especias y condimentos \/\u00a0Gelatina \/\u00a0Nueces \/\u00a0Levadura en polvo \/\u00a0Sopas de sobre \/\u00a0Pectina \/\u00a0Picadillo \/\u00a0Queso rallado<\/li>\n<li><strong>Productos cer\u00e1micos :\u00a0<\/strong>Arcilla \/\u00a0Esmaltes \/\u00a0Colorantes cer\u00e1micos \/\u00a0Tejas \/ Azulejos \/\u00a0Losas \/\u00a0Cer\u00e1mica estructural<\/li>\n<li><strong>Miner\u00eda met\u00e1lica y no met\u00e1lica :\u00a0<\/strong>Bauxita \/\u00a0Creta \/\u00a0Carb\u00f3n \/\u00a0Arena \/\u00a0Arena para fundici\u00f3n \/\u00a0Cemento \/\u00a0Sepiolita \/\u00a0Caliza \/\u00a0Sinterizados \/\u00a0Recuperaci\u00f3n de vidrio \/\u00a0Bentonita \/\u00a0Relaves de cobre \/\u00a0Talco \/\u00a0Ferrita en polvo \/\u00a0Cenizas vol\u00e1tiles \/\u00a0Yeso \/\u00a0Mineral de hierro \/\u00a0Perlita \/\u00a0Escorias de hornos \/\u00a0Ceniza de sosa \/\u00a0Zeolita<\/li>\n<li><strong>Fabricaci\u00f3n de papel y derivados :\u00a0<\/strong>Humedad en banda continua de papel \/\u00a0Espesor de adhesivos sensibles a la presi\u00f3n \/\u00a0Espesor de adhesivos en base agua \/ Recubrimientos de cera \/\u00a0Humedad en papel reciclado \/\u00a0Espesor de revestimientos de fusi\u00f3n en caliente \/\u00a0Humedad en cart\u00f3n ondulado \/\u00a0Film biaxial \/\u00a0Recubrimiento para cart\u00f3n \/\u00a0Film por colada (<em>film casting<\/em>) \/\u00a0Cartonajes \/\u00a0Pasivado de acero \/ aluminio \/\u00a0Embalaje flexible \/\u00a0Film de PVB y EVA \/\u00a0Sustratos abrasivos \/\u00a0Extrusi\u00f3n de revestimientos sobre papel \/\u00a0Recubrimientos en polvo<\/li>\n<li><strong>Aperitivos :\u00a0<\/strong>Humedad en patatas fritas \/\u00a0Galletas saladas rociadas con aceite y aromas \/\u00a0Humedad y aceites en productos \/ extruidos \/\u00a0Palomitas de ma\u00edz rociadas con aceite y aromas \/\u00a0Palomitas de ma\u00edz \/\u00a0Pretzels<\/li>\n<li><strong>Industria tabacalera :\u00a0<\/strong>Hoja entera \/\u00a0Tallos \/\u00a0Tabaco reconstituido \/ Tabaco de mascar \/ Tabaco desvenado \/\u00a0Picadura de tabaco \/\u00a0Tabaco expandido \/\u00a0Mezclas de tabaco \/\u00a0Tabaco para pipa \/\u00a0Aditivos \/\u00a0Humedad, nicotina y az\u00facares<\/li>\n<li><strong>Industria de la madera :\u00a0<\/strong>Tableros de part\u00edculas \/\u00a0Tableros de fibras de densidad media (MDF) \/\u00a0Tablero duro \/\u00a0Granulados de madera (<em>pellets<\/em>) \/\u00a0Tableros de fibras \/\u00a0Tableros estructurales de tiras orientadas \/\u00a0Astillas de madera verde<\/li>\n<li><strong>Industria textil :\u00a0<\/strong>Algod\u00f3n \/\u00a0Lana \/\u00a0Piel \/ cuero \/ Lino \/ Acetato de celulosa \/\u00a0Ray\u00f3n \/\u00a0Neopreno \/ Fibra de vidrio<\/li>\n<li><strong>Energ\u00edas renovables :\u00a0<\/strong>Biomasa \/\u00a0Pellets de madera \/\u00a0Paja \/\u00a0Bioetanol \/\u00a0Biodiesel \/\u00a0Paneles solares \/ Turbinas e\u00f3licas<\/li>\n<\/ul>\n<\/div>\n\t\t<\/div><\/div><div id=\"pgc-232-0-2\"  class=\"panel-grid-cell\" ><div id=\"panel-232-0-2-0\" class=\"so-panel widget widget_sow-editor panel-first-child panel-last-child\" data-index=\"4\" ><div class=\"panel-widget-style panel-widget-style-for-232-0-2-0\" ><div\n\t\t\t\n\t\t\tclass=\"so-widget-sow-editor so-widget-sow-editor-base\"\n\t\t\t\n\t\t>\n<div class=\"siteorigin-widget-tinymce textwidget\">\n\t<h3 style=\"text-align: center;\">Necesitas m\u00e1s informaci\u00f3n?<\/h3>\n<p style=\"text-align: center;\">\n<div class=\"wpcf7 no-js\" id=\"wpcf7-f1642-o1\" lang=\"es-ES\" dir=\"ltr\" data-wpcf7-id=\"1642\">\n<div class=\"screen-reader-response\"><p role=\"status\" aria-live=\"polite\" aria-atomic=\"true\"><\/p> <ul><\/ul><\/div>\n<form action=\"\/index.php\/wp-json\/wp\/v2\/pages\/232#wpcf7-f1642-o1\" method=\"post\" class=\"wpcf7-form init\" aria-label=\"Formulario de contacto\" novalidate=\"novalidate\" data-status=\"init\">\n<fieldset class=\"hidden-fields-container\"><input type=\"hidden\" name=\"_wpcf7\" value=\"1642\" \/><input type=\"hidden\" name=\"_wpcf7_version\" value=\"6.1.5\" \/><input type=\"hidden\" name=\"_wpcf7_locale\" value=\"es_ES\" \/><input type=\"hidden\" name=\"_wpcf7_unit_tag\" value=\"wpcf7-f1642-o1\" \/><input type=\"hidden\" name=\"_wpcf7_container_post\" value=\"0\" \/><input type=\"hidden\" name=\"_wpcf7_posted_data_hash\" value=\"\" \/><input type=\"hidden\" name=\"_wpcf7_recaptcha_response\" value=\"\" \/>\n<\/fieldset>\n<p><label> Nombre (requerido)<br \/>\n<span class=\"wpcf7-form-control-wrap\" data-name=\"your-name\"><input size=\"40\" maxlength=\"400\" class=\"wpcf7-form-control wpcf7-text wpcf7-validates-as-required\" aria-required=\"true\" aria-invalid=\"false\" value=\"\" type=\"text\" name=\"your-name\" \/><\/span> <\/label>\n<\/p>\n<p><label> Tu correo electr\u00f3nico (requerido)<br \/>\n<span class=\"wpcf7-form-control-wrap\" data-name=\"your-email\"><input size=\"40\" maxlength=\"400\" class=\"wpcf7-form-control wpcf7-email wpcf7-validates-as-required wpcf7-text wpcf7-validates-as-email\" aria-required=\"true\" aria-invalid=\"false\" value=\"\" type=\"email\" name=\"your-email\" \/><\/span> <\/label>\n<\/p>\n<p><label> Tel\u00e9fono (requerido)<br \/>\n<span class=\"wpcf7-form-control-wrap\" data-name=\"Telefono\"><input size=\"40\" maxlength=\"400\" class=\"wpcf7-form-control wpcf7-tel wpcf7-validates-as-required wpcf7-text wpcf7-validates-as-tel\" aria-required=\"true\" aria-invalid=\"false\" value=\"\" type=\"tel\" name=\"Telefono\" \/><\/span> <\/label>\n<\/p>\n<p><label> Asunto<br \/>\n<span class=\"wpcf7-form-control-wrap\" data-name=\"your-subject\"><input size=\"40\" maxlength=\"400\" class=\"wpcf7-form-control wpcf7-text\" aria-invalid=\"false\" value=\"\" type=\"text\" name=\"your-subject\" \/><\/span> <\/label>\n<\/p>\n<p><label> Mensaje<br \/>\n<span class=\"wpcf7-form-control-wrap\" data-name=\"your-message\"><textarea cols=\"40\" rows=\"10\" maxlength=\"2000\" class=\"wpcf7-form-control wpcf7-textarea\" aria-invalid=\"false\" name=\"your-message\"><\/textarea><\/span> <\/label>\n<\/p>\n<p><small><b>Reglamento General de Protecci\u00f3n de Datos:<\/b><br \/>\nEn nombre de la empresa TECHNIDOR, S.L., propietaria del dominio web www.technidor.com y en virtud de lo establecido en el Reglamento General de Protecci\u00f3n de Datos (UE 1679\/2016) les informamos que tratamos los datos que nos facilita en el presente formulario con el fin de poder hacer efectiva su solicitud de informaci\u00f3n. Los datos proporcionados se conservar\u00e1n mientras se realiza el procesamiento de su solicitud y se le da respuesta. Usted tiene derecho a obtener confirmaci\u00f3n sobre si en TECHNIDOR, S.L. estamos tratando sus datos personales por tanto tiene derecho a acceder a sus datos personales, rectificar los inexactos o solicitar su supresi\u00f3n cuando ya no sean necesarios.<\/small>\n<\/p>\n<p><span class=\"wpcf7-form-control-wrap\" data-name=\"Consentimiento\"><span class=\"wpcf7-form-control wpcf7-acceptance\"><span class=\"wpcf7-list-item\"><label><input type=\"checkbox\" name=\"Consentimiento\" value=\"1\" aria-invalid=\"false\" \/><span class=\"wpcf7-list-item-label\">He le\u00eddo y acepto la pol\u00edtica de privacidad<\/span><\/label><\/span><\/span><\/span>\n<\/p>\n<p><input class=\"wpcf7-form-control wpcf7-submit has-spinner\" type=\"submit\" value=\"Solicitar informaci\u00f3n\" \/>\n<\/p><div class=\"wpcf7-response-output\" aria-hidden=\"true\"><\/div>\n<\/form>\n<\/div>\n<\/p>\n<\/div>\n<\/div><\/div><\/div><\/div><\/div><\/div>","protected":false},"excerpt":{"rendered":"<p>Medida a tiempo real, en l\u00ednea. Equipos de sobremesa para laboratorio. &nbsp; \u00c1mbitos de aplicaci\u00f3n Productos agropecuarios :\u00a0Harina de pescado \/\u00a0Alfalfa \/ Harina de soja \/\u00a0Piensos \/ Pulpa de remolacha \/\u00a0Bagazo \/ Harina de ma\u00edz \/\u00a0Musgo de turbera Productos qu\u00edmicos y farmac\u00e9uticos :\u00a0Pellets de fertilizantes \/\u00a0Granzas \/\u00a0Detergente en pastillas \/\u00a0Detergente en polvo \/\u00a0Polvo de PVC&hellip;<\/p>\n<p class=\"more-link\"><a href=\"https:\/\/www.technidor.com\/index.php\/instrumentacion-y-control-de-procesos\/equipos-de-humedad\/\" class=\"themebutton2\">Leer m\u00e1s<\/a><\/p>\n","protected":false},"author":2,"featured_media":442,"parent":67,"menu_order":3,"comment_status":"closed","ping_status":"closed","template":"","meta":{"_uf_show_specific_survey":0,"_uf_disable_surveys":false,"footnotes":""},"class_list":["post-232","page","type-page","status-publish","has-post-thumbnail","hentry"],"aioseo_notices":[],"_links":{"self":[{"href":"https:\/\/www.technidor.com\/index.php\/wp-json\/wp\/v2\/pages\/232","targetHints":{"allow":["GET"]}}],"collection":[{"href":"https:\/\/www.technidor.com\/index.php\/wp-json\/wp\/v2\/pages"}],"about":[{"href":"https:\/\/www.technidor.com\/index.php\/wp-json\/wp\/v2\/types\/page"}],"author":[{"embeddable":true,"href":"https:\/\/www.technidor.com\/index.php\/wp-json\/wp\/v2\/users\/2"}],"replies":[{"embeddable":true,"href":"https:\/\/www.technidor.com\/index.php\/wp-json\/wp\/v2\/comments?post=232"}],"version-history":[{"count":33,"href":"https:\/\/www.technidor.com\/index.php\/wp-json\/wp\/v2\/pages\/232\/revisions"}],"predecessor-version":[{"id":4056,"href":"https:\/\/www.technidor.com\/index.php\/wp-json\/wp\/v2\/pages\/232\/revisions\/4056"}],"up":[{"embeddable":true,"href":"https:\/\/www.technidor.com\/index.php\/wp-json\/wp\/v2\/pages\/67"}],"wp:featuredmedia":[{"embeddable":true,"href":"https:\/\/www.technidor.com\/index.php\/wp-json\/wp\/v2\/media\/442"}],"wp:attachment":[{"href":"https:\/\/www.technidor.com\/index.php\/wp-json\/wp\/v2\/media?parent=232"}],"curies":[{"name":"wp","href":"https:\/\/api.w.org\/{rel}","templated":true}]}}