{"id":236,"date":"2017-10-31T13:56:45","date_gmt":"2017-10-31T13:56:45","guid":{"rendered":"http:\/\/www.technidor.com\/?page_id=236"},"modified":"2018-05-14T16:43:05","modified_gmt":"2018-05-14T16:43:05","slug":"refractometros-de-procesos","status":"publish","type":"page","link":"https:\/\/www.technidor.com\/index.php\/instrumentacion-y-control-de-procesos\/refractometros-de-procesos\/","title":{"rendered":"Refract\u00f3metros de Procesos"},"content":{"rendered":"<div id=\"pl-236\"  class=\"panel-layout\" ><div id=\"pg-236-0\"  class=\"panel-grid panel-no-style\" ><div id=\"pgc-236-0-0\"  class=\"panel-grid-cell\" ><div id=\"panel-236-0-0-0\" class=\"so-panel widget widget_sow-hero panel-first-child\" data-index=\"0\" ><div\n\t\t\t\n\t\t\tclass=\"so-widget-sow-hero so-widget-sow-hero-default-eb77c8863727-236 so-widget-fittext-wrapper\"\n\t\t\t data-fit-text-compressor=\"0.85\"\n\t\t>\t\t\t\t<div class=\"sow-slider-base\" style=\"display: none\" tabindex=\"0\">\n\t\t\t\t\t<ul\n\t\t\t\t\tclass=\"sow-slider-images\"\n\t\t\t\t\tdata-settings=\"{&quot;pagination&quot;:true,&quot;speed&quot;:800,&quot;timeout&quot;:8000,&quot;paused&quot;:false,&quot;pause_on_hover&quot;:false,&quot;swipe&quot;:true,&quot;nav_always_show_desktop&quot;:&quot;&quot;,&quot;nav_always_show_mobile&quot;:&quot;&quot;,&quot;breakpoint&quot;:&quot;780px&quot;,&quot;unmute&quot;:false,&quot;anchor&quot;:null}\"\n\t\t\t\t\t\t\t\t\t\tdata-anchor-id=\"\"\n\t\t\t\t>\t\t<li class=\"sow-slider-image\" style=\"visibility: visible;;background-color: #ffffff\" >\n\t\t\t\t\t<div class=\"sow-slider-image-container\">\n\t\t\t<div class=\"sow-slider-image-wrapper\">\n\t\t\t\t<p><img loading=\"lazy\" decoding=\"async\" class=\"size-medium wp-image-384 aligncenter\" src=\"http:\/\/www.technidor.com\/wp-content\/uploads\/2017\/12\/Electron-Machine-Refractometros-232x300.jpg\" alt=\"\" width=\"232\" height=\"300\" srcset=\"https:\/\/www.technidor.com\/wp-content\/uploads\/2017\/12\/Electron-Machine-Refractometros-232x300.jpg 232w, https:\/\/www.technidor.com\/wp-content\/uploads\/2017\/12\/Electron-Machine-Refractometros.jpg 255w\" sizes=\"auto, (max-width: 232px) 100vw, 232px\" \/><\/p>\t\t\t<\/div>\n\t\t<\/div>\n\t\t\t\t<\/li>\n\t\t\t\t<li class=\"sow-slider-image\" style=\"visibility: hidden;;background-color: #ffffff\" >\n\t\t\t\t\t<div class=\"sow-slider-image-container\">\n\t\t\t<div class=\"sow-slider-image-wrapper\">\n\t\t\t\t<p><img loading=\"lazy\" decoding=\"async\" class=\"size-medium wp-image-382 aligncenter\" src=\"http:\/\/www.technidor.com\/wp-content\/uploads\/2017\/12\/EMC-MPR-E-Scan-225x300.jpg\" alt=\"\" width=\"225\" height=\"300\" srcset=\"https:\/\/www.technidor.com\/wp-content\/uploads\/2017\/12\/EMC-MPR-E-Scan-225x300.jpg 225w, https:\/\/www.technidor.com\/wp-content\/uploads\/2017\/12\/EMC-MPR-E-Scan-768x1024.jpg 768w, https:\/\/www.technidor.com\/wp-content\/uploads\/2017\/12\/EMC-MPR-E-Scan.jpg 1490w\" sizes=\"auto, (max-width: 225px) 100vw, 225px\" \/><\/p>\t\t\t<\/div>\n\t\t<\/div>\n\t\t\t\t<\/li>\n\t\t\t\t<li class=\"sow-slider-image\" style=\"visibility: hidden;;background-color: #ffffff\" >\n\t\t\t\t\t<div class=\"sow-slider-image-container\">\n\t\t\t<div class=\"sow-slider-image-wrapper\">\n\t\t\t\t<p><img loading=\"lazy\" decoding=\"async\" class=\"size-medium wp-image-381 aligncenter\" src=\"http:\/\/www.technidor.com\/wp-content\/uploads\/2017\/12\/EMC-DSA_BroSOLIDS1-230x300.jpg\" alt=\"\" width=\"230\" height=\"300\" srcset=\"https:\/\/www.technidor.com\/wp-content\/uploads\/2017\/12\/EMC-DSA_BroSOLIDS1-230x300.jpg 230w, https:\/\/www.technidor.com\/wp-content\/uploads\/2017\/12\/EMC-DSA_BroSOLIDS1-768x1001.jpg 768w, https:\/\/www.technidor.com\/wp-content\/uploads\/2017\/12\/EMC-DSA_BroSOLIDS1-786x1024.jpg 786w, https:\/\/www.technidor.com\/wp-content\/uploads\/2017\/12\/EMC-DSA_BroSOLIDS1.jpg 1618w\" sizes=\"auto, (max-width: 230px) 100vw, 230px\" \/><\/p>\t\t\t<\/div>\n\t\t<\/div>\n\t\t\t\t<\/li>\n\t\t<\/ul>\t\t\t\t<ol class=\"sow-slider-pagination\">\n\t\t\t\t\t\t\t\t\t\t\t<li><a href=\"#\" data-goto=\"0\" aria-label=\"mostrar diapositiva 1\"><\/a><\/li>\n\t\t\t\t\t\t\t\t\t\t\t<li><a href=\"#\" data-goto=\"1\" aria-label=\"mostrar diapositiva 2\"><\/a><\/li>\n\t\t\t\t\t\t\t\t\t\t\t<li><a href=\"#\" data-goto=\"2\" aria-label=\"mostrar diapositiva 3\"><\/a><\/li>\n\t\t\t\t\t\t\t\t\t<\/ol>\n\n\t\t\t\t<div class=\"sow-slide-nav sow-slide-nav-next\">\n\t\t\t\t\t<a href=\"#\" data-goto=\"next\" aria-label=\"diapositiva siguiente\" data-action=\"next\">\n\t\t\t\t\t\t<em class=\"sow-sld-icon-thin-right\"><\/em>\n\t\t\t\t\t<\/a>\n\t\t\t\t<\/div>\n\n\t\t\t\t<div class=\"sow-slide-nav sow-slide-nav-prev\">\n\t\t\t\t\t<a href=\"#\" data-goto=\"previous\" aria-label=\"diapositiva anterior\" data-action=\"prev\">\n\t\t\t\t\t\t<em class=\"sow-sld-icon-thin-left\"><\/em>\n\t\t\t\t\t<\/a>\n\t\t\t\t<\/div>\n\t\t\t\t<\/div><\/div><\/div><div id=\"panel-236-0-0-1\" class=\"so-panel widget widget_media_gallery panel-last-child\" data-index=\"1\" >\n\t\t<style type=\"text\/css\">\n\t\t\t#gallery-1 {\n\t\t\t\tmargin: auto;\n\t\t\t}\n\t\t\t#gallery-1 .gallery-item {\n\t\t\t\tfloat: left;\n\t\t\t\tmargin-top: 10px;\n\t\t\t\ttext-align: center;\n\t\t\t\twidth: 33%;\n\t\t\t}\n\t\t\t#gallery-1 img {\n\t\t\t\tborder: 2px solid #cfcfcf;\n\t\t\t}\n\t\t\t#gallery-1 .gallery-caption {\n\t\t\t\tmargin-left: 0;\n\t\t\t}\n\t\t\t\/* see gallery_shortcode() in wp-includes\/media.php *\/\n\t\t<\/style>\n\t\t<div id='gallery-1' class='gallery galleryid-236 gallery-columns-3 gallery-size-thumbnail'><dl class='gallery-item'>\n\t\t\t<dt class='gallery-icon portrait'>\n\t\t\t\t<a href='https:\/\/www.technidor.com\/wp-content\/uploads\/2017\/12\/Electron-Machine-Refractometros.jpg'><img loading=\"lazy\" decoding=\"async\" width=\"150\" height=\"150\" src=\"https:\/\/www.technidor.com\/wp-content\/uploads\/2017\/12\/Electron-Machine-Refractometros-150x150.jpg\" class=\"attachment-thumbnail size-thumbnail\" alt=\"\" srcset=\"https:\/\/www.technidor.com\/wp-content\/uploads\/2017\/12\/Electron-Machine-Refractometros-150x150.jpg 150w, https:\/\/www.technidor.com\/wp-content\/uploads\/2017\/12\/Electron-Machine-Refractometros-255x254.jpg 255w\" sizes=\"auto, (max-width: 150px) 100vw, 150px\" \/><\/a>\n\t\t\t<\/dt><\/dl><dl class='gallery-item'>\n\t\t\t<dt class='gallery-icon portrait'>\n\t\t\t\t<a href='https:\/\/www.technidor.com\/wp-content\/uploads\/2017\/12\/EMC-MPR-E-Scan.jpg'><img loading=\"lazy\" decoding=\"async\" width=\"150\" height=\"150\" src=\"https:\/\/www.technidor.com\/wp-content\/uploads\/2017\/12\/EMC-MPR-E-Scan-150x150.jpg\" class=\"attachment-thumbnail size-thumbnail\" alt=\"\" \/><\/a>\n\t\t\t<\/dt><\/dl><dl class='gallery-item'>\n\t\t\t<dt class='gallery-icon portrait'>\n\t\t\t\t<a href='https:\/\/www.technidor.com\/wp-content\/uploads\/2017\/12\/EMC-DSA_BroSOLIDS1.jpg'><img loading=\"lazy\" decoding=\"async\" width=\"150\" height=\"150\" src=\"https:\/\/www.technidor.com\/wp-content\/uploads\/2017\/12\/EMC-DSA_BroSOLIDS1-150x150.jpg\" class=\"attachment-thumbnail size-thumbnail\" alt=\"\" \/><\/a>\n\t\t\t<\/dt><\/dl><br style=\"clear: both\" \/>\n\t\t<\/div>\n<\/div><\/div><div id=\"pgc-236-0-1\"  class=\"panel-grid-cell\" ><div id=\"panel-236-0-1-0\" class=\"so-panel widget widget_sow-headline panel-first-child\" data-index=\"2\" ><div\n\t\t\t\n\t\t\tclass=\"so-widget-sow-headline so-widget-sow-headline-default-61edf8a06aeb-236\"\n\t\t\t\n\t\t><div class=\"sow-headline-container \">\n\t\t\t\t\t\t\t<h3 class=\"sow-headline\">\n\t\t\t\t\t\tRefract\u00f3metro de \u00e1ngulo cr\u00edtico MPR E-Scan\t\t\t\t\t\t<\/h3>\n\t\t\t\t\t\t\t\t\t\t\t<div class=\"decoration\">\n\t\t\t\t\t\t<div class=\"decoration-inside\"><\/div>\n\t\t\t\t\t<\/div>\n\t\t\t\t\t<\/div>\n<\/div><\/div><div id=\"panel-236-0-1-1\" class=\"so-panel widget widget_text panel-last-child\" data-index=\"3\" >\t\t\t<div class=\"textwidget\"><p><strong><img loading=\"lazy\" decoding=\"async\" class=\"size-full wp-image-385 alignright\" src=\"http:\/\/www.technidor.com\/wp-content\/uploads\/2017\/12\/EMC.jpg\" alt=\"\" width=\"183\" height=\"56\" \/>\u00bfQu\u00e9 es un refract\u00f3metro de \u00e1ngulo cr\u00edtico?<\/strong><\/p>\n<p>La desviaci\u00f3n que sufre un haz de luz al atravesar un l\u00edquido, se conoce por refracci\u00f3n. Cuanto m\u00e1s s\u00f3lidos disueltos tenga un fluido, m\u00e1s cambiar\u00e1 la direcci\u00f3n de un haz de luz cuando atraviese el mismo.<\/p>\n<p>Un refract\u00f3metro mide el cambio de direcci\u00f3n de la luz como un \u201c\u00e1ngulo de refracci\u00f3n\u201d. Y se establece un \u00edndice del \u00e1ngulo de refracci\u00f3n, que permite identificar o caracterizar un fluido.<\/p>\n<p>Hay 3 variables que influyen en el \u00edndice de refracci\u00f3n: la composici\u00f3n qu\u00edmica del fluido, su concentraci\u00f3n y la temperatura. Si se fijan dos de las tres variables, entonces se obtiene la 3\u00aa por refractrometr\u00eda. Dado un fluido que contiene un solo tipo de s\u00f3lido disuelto o en el que \u00fanicamente un s\u00f3lido cambia de concentraci\u00f3n, el \u00edndice de refracci\u00f3n cambiar\u00e1 con la concentraci\u00f3n de dicho s\u00f3lido disuelto.<\/p>\n<p><strong>Aplicaciones<\/strong><\/p>\n<ul>\n<li>Determinaci\u00f3n del contenido de s\u00f3lidos<\/li>\n<li>Verificaci\u00f3n de la pureza de materias<\/li>\n<li>Control de Calidad<\/li>\n<li>Caracterizaci\u00f3n<\/li>\n<li>Brix (0 \u2013 85 \u00baBx)<\/li>\n<\/ul>\n<p>&nbsp;<\/p>\n<p><b>Fluidos de proceso<\/b><\/p>\n<ul>\n<li><strong>PAPEL Y CELULOSA<\/strong> :\u00a0 Licor negro \/ Licor Verde \/ Licor Rojo \/ Tall Oil \/ Salsas Estucado \/ Formaldeh\u00eddo \/ PVA<\/li>\n<li><strong>INUSTRIA QUIMICA<\/strong> : Glicoles \/ Urea \/ Etanol \/ Metanol \/ Lej\u00eda \/ HCl \/ NaOH \/ HNO3 \/NH3 \/ H3PO4 \/ H2SO4 \/ Oleum \/Caucho \/ L\u00e1tex \/ Detergentes L\u00edquidos<\/li>\n<li><strong>ALIMENTACI\u00d3N<\/strong> : Mermeladas \/ Gelatinas \/ Sacarosa \/ Fructosa \/ Almid\u00f3n \/ Dextrosa \/ Tomate \/ Zumos de fruta \/ Leches \/ Batidos \/\u00a0 Helados \/ Chocolate \/ Mahonesa<\/li>\n<li><strong>BEBIDAS<\/strong> : Cerveza \/ Vino \/ Aceite \/ Melaza \/ Destilados \/ Caf\u00e9 y T\u00e9 instant\u00e1neo \/ Refrescos \/ Envasado bebidas \/ Jarabes<\/li>\n<\/ul>\n<\/div>\n\t\t<\/div><\/div><div id=\"pgc-236-0-2\"  class=\"panel-grid-cell\" ><div id=\"panel-236-0-2-0\" class=\"so-panel widget widget_sow-editor panel-first-child panel-last-child\" data-index=\"4\" ><div class=\"panel-widget-style panel-widget-style-for-236-0-2-0\" ><div\n\t\t\t\n\t\t\tclass=\"so-widget-sow-editor so-widget-sow-editor-base\"\n\t\t\t\n\t\t>\n<div class=\"siteorigin-widget-tinymce textwidget\">\n\t<h3 style=\"text-align: center;\">Necesitas m\u00e1s informaci\u00f3n?<\/h3>\n<p style=\"text-align: center;\">\n<div class=\"wpcf7 no-js\" id=\"wpcf7-f1642-o1\" lang=\"es-ES\" dir=\"ltr\" data-wpcf7-id=\"1642\">\n<div class=\"screen-reader-response\"><p role=\"status\" aria-live=\"polite\" aria-atomic=\"true\"><\/p> <ul><\/ul><\/div>\n<form action=\"\/index.php\/wp-json\/wp\/v2\/pages\/236#wpcf7-f1642-o1\" method=\"post\" class=\"wpcf7-form init\" aria-label=\"Formulario de contacto\" novalidate=\"novalidate\" data-status=\"init\">\n<fieldset class=\"hidden-fields-container\"><input type=\"hidden\" name=\"_wpcf7\" value=\"1642\" \/><input type=\"hidden\" name=\"_wpcf7_version\" value=\"6.1.5\" \/><input type=\"hidden\" name=\"_wpcf7_locale\" value=\"es_ES\" \/><input type=\"hidden\" name=\"_wpcf7_unit_tag\" value=\"wpcf7-f1642-o1\" \/><input type=\"hidden\" name=\"_wpcf7_container_post\" value=\"0\" \/><input type=\"hidden\" name=\"_wpcf7_posted_data_hash\" value=\"\" \/><input type=\"hidden\" name=\"_wpcf7_recaptcha_response\" value=\"\" \/>\n<\/fieldset>\n<p><label> Nombre (requerido)<br \/>\n<span class=\"wpcf7-form-control-wrap\" data-name=\"your-name\"><input size=\"40\" maxlength=\"400\" class=\"wpcf7-form-control wpcf7-text wpcf7-validates-as-required\" aria-required=\"true\" aria-invalid=\"false\" value=\"\" type=\"text\" name=\"your-name\" \/><\/span> <\/label>\n<\/p>\n<p><label> Tu correo electr\u00f3nico (requerido)<br \/>\n<span class=\"wpcf7-form-control-wrap\" data-name=\"your-email\"><input size=\"40\" maxlength=\"400\" class=\"wpcf7-form-control wpcf7-email wpcf7-validates-as-required wpcf7-text wpcf7-validates-as-email\" aria-required=\"true\" aria-invalid=\"false\" value=\"\" type=\"email\" name=\"your-email\" \/><\/span> <\/label>\n<\/p>\n<p><label> Tel\u00e9fono (requerido)<br \/>\n<span class=\"wpcf7-form-control-wrap\" data-name=\"Telefono\"><input size=\"40\" maxlength=\"400\" class=\"wpcf7-form-control wpcf7-tel wpcf7-validates-as-required wpcf7-text wpcf7-validates-as-tel\" aria-required=\"true\" aria-invalid=\"false\" value=\"\" type=\"tel\" name=\"Telefono\" \/><\/span> <\/label>\n<\/p>\n<p><label> Asunto<br \/>\n<span class=\"wpcf7-form-control-wrap\" data-name=\"your-subject\"><input size=\"40\" maxlength=\"400\" class=\"wpcf7-form-control wpcf7-text\" aria-invalid=\"false\" value=\"\" type=\"text\" name=\"your-subject\" \/><\/span> <\/label>\n<\/p>\n<p><label> Mensaje<br \/>\n<span class=\"wpcf7-form-control-wrap\" data-name=\"your-message\"><textarea cols=\"40\" rows=\"10\" maxlength=\"2000\" class=\"wpcf7-form-control wpcf7-textarea\" aria-invalid=\"false\" name=\"your-message\"><\/textarea><\/span> <\/label>\n<\/p>\n<p><small><b>Reglamento General de Protecci\u00f3n de Datos:<\/b><br \/>\nEn nombre de la empresa TECHNIDOR, S.L., propietaria del dominio web www.technidor.com y en virtud de lo establecido en el Reglamento General de Protecci\u00f3n de Datos (UE 1679\/2016) les informamos que tratamos los datos que nos facilita en el presente formulario con el fin de poder hacer efectiva su solicitud de informaci\u00f3n. Los datos proporcionados se conservar\u00e1n mientras se realiza el procesamiento de su solicitud y se le da respuesta. Usted tiene derecho a obtener confirmaci\u00f3n sobre si en TECHNIDOR, S.L. estamos tratando sus datos personales por tanto tiene derecho a acceder a sus datos personales, rectificar los inexactos o solicitar su supresi\u00f3n cuando ya no sean necesarios.<\/small>\n<\/p>\n<p><span class=\"wpcf7-form-control-wrap\" data-name=\"Consentimiento\"><span class=\"wpcf7-form-control wpcf7-acceptance\"><span class=\"wpcf7-list-item\"><label><input type=\"checkbox\" name=\"Consentimiento\" value=\"1\" aria-invalid=\"false\" \/><span class=\"wpcf7-list-item-label\">He le\u00eddo y acepto la pol\u00edtica de privacidad<\/span><\/label><\/span><\/span><\/span>\n<\/p>\n<p><input class=\"wpcf7-form-control wpcf7-submit has-spinner\" type=\"submit\" value=\"Solicitar informaci\u00f3n\" \/>\n<\/p><div class=\"wpcf7-response-output\" aria-hidden=\"true\"><\/div>\n<\/form>\n<\/div>\n<\/p>\n<\/div>\n<\/div><\/div><\/div><\/div><\/div><\/div>","protected":false},"excerpt":{"rendered":"<p>\u00bfQu\u00e9 es un refract\u00f3metro de \u00e1ngulo cr\u00edtico? La desviaci\u00f3n que sufre un haz de luz al atravesar un l\u00edquido, se conoce por refracci\u00f3n. Cuanto m\u00e1s s\u00f3lidos disueltos tenga un fluido, m\u00e1s cambiar\u00e1 la direcci\u00f3n de un haz de luz cuando atraviese el mismo. Un refract\u00f3metro mide el cambio de direcci\u00f3n de la luz como un&hellip;<\/p>\n<p class=\"more-link\"><a href=\"https:\/\/www.technidor.com\/index.php\/instrumentacion-y-control-de-procesos\/refractometros-de-procesos\/\" class=\"themebutton2\">Leer m\u00e1s<\/a><\/p>\n","protected":false},"author":2,"featured_media":384,"parent":67,"menu_order":5,"comment_status":"closed","ping_status":"closed","template":"","meta":{"_uf_show_specific_survey":0,"_uf_disable_surveys":false,"footnotes":""},"class_list":["post-236","page","type-page","status-publish","has-post-thumbnail","hentry"],"aioseo_notices":[],"_links":{"self":[{"href":"https:\/\/www.technidor.com\/index.php\/wp-json\/wp\/v2\/pages\/236","targetHints":{"allow":["GET"]}}],"collection":[{"href":"https:\/\/www.technidor.com\/index.php\/wp-json\/wp\/v2\/pages"}],"about":[{"href":"https:\/\/www.technidor.com\/index.php\/wp-json\/wp\/v2\/types\/page"}],"author":[{"embeddable":true,"href":"https:\/\/www.technidor.com\/index.php\/wp-json\/wp\/v2\/users\/2"}],"replies":[{"embeddable":true,"href":"https:\/\/www.technidor.com\/index.php\/wp-json\/wp\/v2\/comments?post=236"}],"version-history":[{"count":38,"href":"https:\/\/www.technidor.com\/index.php\/wp-json\/wp\/v2\/pages\/236\/revisions"}],"predecessor-version":[{"id":1662,"href":"https:\/\/www.technidor.com\/index.php\/wp-json\/wp\/v2\/pages\/236\/revisions\/1662"}],"up":[{"embeddable":true,"href":"https:\/\/www.technidor.com\/index.php\/wp-json\/wp\/v2\/pages\/67"}],"wp:featuredmedia":[{"embeddable":true,"href":"https:\/\/www.technidor.com\/index.php\/wp-json\/wp\/v2\/media\/384"}],"wp:attachment":[{"href":"https:\/\/www.technidor.com\/index.php\/wp-json\/wp\/v2\/media?parent=236"}],"curies":[{"name":"wp","href":"https:\/\/api.w.org\/{rel}","templated":true}]}}