{"id":4563,"date":"2022-09-30T11:58:39","date_gmt":"2022-09-30T11:58:39","guid":{"rendered":"https:\/\/www.technidor.com\/?page_id=4563"},"modified":"2022-10-11T09:43:24","modified_gmt":"2022-10-11T09:43:24","slug":"valvulas-de-mariposa-garlock","status":"publish","type":"page","link":"https:\/\/www.technidor.com\/index.php\/estanqueidad-otros\/valvulas-de-mariposa-garlock\/","title":{"rendered":"V\u00e1lvulas de mariposa Garlock"},"content":{"rendered":"<div id=\"pl-gb4563-69fb180e9f651\"  class=\"panel-layout\" ><div id=\"pg-gb4563-69fb180e9f651-0\"  class=\"panel-grid panel-no-style\" ><div id=\"pgc-gb4563-69fb180e9f651-0-0\"  class=\"panel-grid-cell\" ><div id=\"panel-gb4563-69fb180e9f651-0-0-0\" class=\"so-panel widget widget_sow-hero panel-first-child\" data-index=\"0\" ><div\n\t\t\t\n\t\t\tclass=\"so-widget-sow-hero so-widget-sow-hero-default-eb77c8863727-4563 so-widget-fittext-wrapper\"\n\t\t\t data-fit-text-compressor=\"0.85\"\n\t\t>\t\t\t\t<div class=\"sow-slider-base\" style=\"display: none\" tabindex=\"0\">\n\t\t\t\t\t<ul\n\t\t\t\t\tclass=\"sow-slider-images\"\n\t\t\t\t\tdata-settings=\"{&quot;pagination&quot;:true,&quot;speed&quot;:800,&quot;timeout&quot;:8000,&quot;paused&quot;:false,&quot;pause_on_hover&quot;:false,&quot;swipe&quot;:true,&quot;nav_always_show_desktop&quot;:&quot;&quot;,&quot;nav_always_show_mobile&quot;:&quot;&quot;,&quot;breakpoint&quot;:&quot;780px&quot;,&quot;unmute&quot;:false,&quot;anchor&quot;:null}\"\n\t\t\t\t\t\t\t\t\t\tdata-anchor-id=\"\"\n\t\t\t\t>\t\t<li class=\"sow-slider-image\" style=\"visibility: visible;;background-color: #ffffff\" >\n\t\t\t\t\t<div class=\"sow-slider-image-container\">\n\t\t\t<div class=\"sow-slider-image-wrapper\">\n\t\t\t\t<p><img loading=\"lazy\" decoding=\"async\" class=\"aligncenter wp-image-4565 size-full\" src=\"https:\/\/www.technidor.com\/wp-content\/uploads\/2022\/09\/Gar-Seal-1200x900-1.jpg\" alt=\"Valvulas de Mariposa Garlock\" width=\"740\" height=\"555\" srcset=\"https:\/\/www.technidor.com\/wp-content\/uploads\/2022\/09\/Gar-Seal-1200x900-1.jpg 740w, https:\/\/www.technidor.com\/wp-content\/uploads\/2022\/09\/Gar-Seal-1200x900-1-300x225.jpg 300w, https:\/\/www.technidor.com\/wp-content\/uploads\/2022\/09\/Gar-Seal-1200x900-1-640x480.jpg 640w\" sizes=\"auto, (max-width: 740px) 100vw, 740px\" \/><\/p>\n\t\t\t<\/div>\n\t\t<\/div>\n\t\t\t\t<\/li>\n\t\t\t\t<li class=\"sow-slider-image\" style=\"visibility: hidden;;background-color: #ffffff\" >\n\t\t\t\t\t<div class=\"sow-slider-image-container\">\n\t\t\t<div class=\"sow-slider-image-wrapper\">\n\t\t\t\t<p><img loading=\"lazy\" decoding=\"async\" class=\"aligncenter wp-image-4567 size-full\" src=\"https:\/\/www.technidor.com\/wp-content\/uploads\/2022\/09\/Mobile-Seal.jpg\" alt=\"Valvulas Mobile-Seal Garlock\" width=\"740\" height=\"555\" srcset=\"https:\/\/www.technidor.com\/wp-content\/uploads\/2022\/09\/Mobile-Seal.jpg 740w, https:\/\/www.technidor.com\/wp-content\/uploads\/2022\/09\/Mobile-Seal-300x225.jpg 300w, https:\/\/www.technidor.com\/wp-content\/uploads\/2022\/09\/Mobile-Seal-640x480.jpg 640w\" sizes=\"auto, (max-width: 740px) 100vw, 740px\" \/><\/p>\n\t\t\t<\/div>\n\t\t<\/div>\n\t\t\t\t<\/li>\n\t\t\t\t<li class=\"sow-slider-image\" style=\"visibility: hidden;;background-color: #ffffff\" >\n\t\t\t\t\t<div class=\"sow-slider-image-container\">\n\t\t\t<div class=\"sow-slider-image-wrapper\">\n\t\t\t\t<p><img loading=\"lazy\" decoding=\"async\" class=\"aligncenter wp-image-4568 size-full\" src=\"https:\/\/www.technidor.com\/wp-content\/uploads\/2022\/09\/Safety-SealGroup.jpg\" alt=\"Valvulas Safety-Seal Garlock\" width=\"740\" height=\"555\" srcset=\"https:\/\/www.technidor.com\/wp-content\/uploads\/2022\/09\/Safety-SealGroup.jpg 740w, https:\/\/www.technidor.com\/wp-content\/uploads\/2022\/09\/Safety-SealGroup-300x225.jpg 300w, https:\/\/www.technidor.com\/wp-content\/uploads\/2022\/09\/Safety-SealGroup-640x480.jpg 640w\" sizes=\"auto, (max-width: 740px) 100vw, 740px\" \/><\/p>\n\t\t\t<\/div>\n\t\t<\/div>\n\t\t\t\t<\/li>\n\t\t\t\t<li class=\"sow-slider-image\" style=\"visibility: hidden;;background-color: #ffffff\" >\n\t\t\t\t\t<div class=\"sow-slider-image-container\">\n\t\t\t<div class=\"sow-slider-image-wrapper\">\n\t\t\t\t<p><img loading=\"lazy\" decoding=\"async\" class=\"aligncenter wp-image-4569 size-full\" src=\"https:\/\/www.technidor.com\/wp-content\/uploads\/2022\/09\/Sterile-SealGroup.jpg\" alt=\"Valvulas Sterile-seal Garlock\" width=\"740\" height=\"555\" srcset=\"https:\/\/www.technidor.com\/wp-content\/uploads\/2022\/09\/Sterile-SealGroup.jpg 740w, https:\/\/www.technidor.com\/wp-content\/uploads\/2022\/09\/Sterile-SealGroup-300x225.jpg 300w, https:\/\/www.technidor.com\/wp-content\/uploads\/2022\/09\/Sterile-SealGroup-640x480.jpg 640w\" sizes=\"auto, (max-width: 740px) 100vw, 740px\" \/><\/p>\n\t\t\t<\/div>\n\t\t<\/div>\n\t\t\t\t<\/li>\n\t\t\t\t<li class=\"sow-slider-image\" style=\"visibility: hidden;;background-color: #ffffff\" >\n\t\t\t\t\t<div class=\"sow-slider-image-container\">\n\t\t\t<div class=\"sow-slider-image-wrapper\">\n\t\t\t\t<p><img loading=\"lazy\" decoding=\"async\" class=\"aligncenter wp-image-4566 size-full\" src=\"https:\/\/www.technidor.com\/wp-content\/uploads\/2022\/09\/Gar-Seal-Garlock.png\" alt=\"Valvulas de Mariposa Gar-seal Garlock\" width=\"1200\" height=\"900\" srcset=\"https:\/\/www.technidor.com\/wp-content\/uploads\/2022\/09\/Gar-Seal-Garlock.png 1200w, https:\/\/www.technidor.com\/wp-content\/uploads\/2022\/09\/Gar-Seal-Garlock-300x225.png 300w, https:\/\/www.technidor.com\/wp-content\/uploads\/2022\/09\/Gar-Seal-Garlock-1024x768.png 1024w, https:\/\/www.technidor.com\/wp-content\/uploads\/2022\/09\/Gar-Seal-Garlock-768x576.png 768w, https:\/\/www.technidor.com\/wp-content\/uploads\/2022\/09\/Gar-Seal-Garlock-640x480.png 640w\" sizes=\"auto, (max-width: 1200px) 100vw, 1200px\" \/><\/p>\n\t\t\t<\/div>\n\t\t<\/div>\n\t\t\t\t<\/li>\n\t\t<\/ul>\t\t\t\t<ol class=\"sow-slider-pagination\">\n\t\t\t\t\t\t\t\t\t\t\t<li><a href=\"#\" data-goto=\"0\" aria-label=\"mostrar diapositiva 1\"><\/a><\/li>\n\t\t\t\t\t\t\t\t\t\t\t<li><a href=\"#\" data-goto=\"1\" aria-label=\"mostrar diapositiva 2\"><\/a><\/li>\n\t\t\t\t\t\t\t\t\t\t\t<li><a href=\"#\" data-goto=\"2\" aria-label=\"mostrar diapositiva 3\"><\/a><\/li>\n\t\t\t\t\t\t\t\t\t\t\t<li><a href=\"#\" data-goto=\"3\" aria-label=\"mostrar diapositiva 4\"><\/a><\/li>\n\t\t\t\t\t\t\t\t\t\t\t<li><a href=\"#\" data-goto=\"4\" aria-label=\"mostrar diapositiva 5\"><\/a><\/li>\n\t\t\t\t\t\t\t\t\t<\/ol>\n\n\t\t\t\t<div class=\"sow-slide-nav sow-slide-nav-next\">\n\t\t\t\t\t<a href=\"#\" data-goto=\"next\" aria-label=\"diapositiva siguiente\" data-action=\"next\">\n\t\t\t\t\t\t<em class=\"sow-sld-icon-thin-right\"><\/em>\n\t\t\t\t\t<\/a>\n\t\t\t\t<\/div>\n\n\t\t\t\t<div class=\"sow-slide-nav sow-slide-nav-prev\">\n\t\t\t\t\t<a href=\"#\" data-goto=\"previous\" aria-label=\"diapositiva anterior\" data-action=\"prev\">\n\t\t\t\t\t\t<em class=\"sow-sld-icon-thin-left\"><\/em>\n\t\t\t\t\t<\/a>\n\t\t\t\t<\/div>\n\t\t\t\t<\/div><\/div><\/div><div id=\"panel-gb4563-69fb180e9f651-0-0-1\" class=\"so-panel widget widget_media_gallery panel-last-child\" data-index=\"1\" >\n\t\t<style type=\"text\/css\">\n\t\t\t#gallery-1 {\n\t\t\t\tmargin: auto;\n\t\t\t}\n\t\t\t#gallery-1 .gallery-item {\n\t\t\t\tfloat: left;\n\t\t\t\tmargin-top: 10px;\n\t\t\t\ttext-align: center;\n\t\t\t\twidth: 50%;\n\t\t\t}\n\t\t\t#gallery-1 img {\n\t\t\t\tborder: 2px solid #cfcfcf;\n\t\t\t}\n\t\t\t#gallery-1 .gallery-caption {\n\t\t\t\tmargin-left: 0;\n\t\t\t}\n\t\t\t\/* see gallery_shortcode() in wp-includes\/media.php *\/\n\t\t<\/style>\n\t\t<div id='gallery-1' class='gallery galleryid-4563 gallery-columns-2 gallery-size-thumbnail'><dl class='gallery-item'>\n\t\t\t<dt class='gallery-icon landscape'>\n\t\t\t\t<a href='https:\/\/www.technidor.com\/wp-content\/uploads\/2022\/09\/Gar-Seal-Garlock-1.png'><img loading=\"lazy\" decoding=\"async\" width=\"150\" height=\"150\" src=\"https:\/\/www.technidor.com\/wp-content\/uploads\/2022\/09\/Gar-Seal-Garlock-1-150x150.png\" class=\"attachment-thumbnail size-thumbnail\" alt=\"Valvulas Gar-Seal Garlock\" \/><\/a>\n\t\t\t<\/dt><\/dl><dl class='gallery-item'>\n\t\t\t<dt class='gallery-icon landscape'>\n\t\t\t\t<a href='https:\/\/www.technidor.com\/wp-content\/uploads\/2022\/09\/Mobile-Seal-1.jpg'><img loading=\"lazy\" decoding=\"async\" width=\"150\" height=\"150\" src=\"https:\/\/www.technidor.com\/wp-content\/uploads\/2022\/09\/Mobile-Seal-1-150x150.jpg\" class=\"attachment-thumbnail size-thumbnail\" alt=\"Valvulas Mobile-Seal Garlock\" \/><\/a>\n\t\t\t<\/dt><\/dl><br style=\"clear: both\" \/><dl class='gallery-item'>\n\t\t\t<dt class='gallery-icon landscape'>\n\t\t\t\t<a href='https:\/\/www.technidor.com\/wp-content\/uploads\/2022\/09\/Safety-SealGroup-1.jpg'><img loading=\"lazy\" decoding=\"async\" width=\"150\" height=\"150\" src=\"https:\/\/www.technidor.com\/wp-content\/uploads\/2022\/09\/Safety-SealGroup-1-150x150.jpg\" class=\"attachment-thumbnail size-thumbnail\" alt=\"Valvulas Safety-Seal Garlock\" \/><\/a>\n\t\t\t<\/dt><\/dl><dl class='gallery-item'>\n\t\t\t<dt class='gallery-icon landscape'>\n\t\t\t\t<a href='https:\/\/www.technidor.com\/wp-content\/uploads\/2022\/09\/Sterile-SealGroup-1.jpg'><img loading=\"lazy\" decoding=\"async\" width=\"150\" height=\"150\" src=\"https:\/\/www.technidor.com\/wp-content\/uploads\/2022\/09\/Sterile-SealGroup-1-150x150.jpg\" class=\"attachment-thumbnail size-thumbnail\" alt=\"Valvulas de Mariposa Sterile-Seal Garlock\" \/><\/a>\n\t\t\t<\/dt><\/dl><br style=\"clear: both\" \/>\n\t\t<\/div>\n<\/div><\/div><div id=\"pgc-gb4563-69fb180e9f651-0-1\"  class=\"panel-grid-cell\" ><div id=\"panel-gb4563-69fb180e9f651-0-1-0\" class=\"so-panel widget widget_sow-headline panel-first-child\" data-index=\"2\" ><div\n\t\t\t\n\t\t\tclass=\"so-widget-sow-headline so-widget-sow-headline-default-11ef186fff24-4563\"\n\t\t\t\n\t\t><div class=\"sow-headline-container \">\n\t\t\t\t\t\t\t<h3 class=\"sow-headline\">\n\t\t\t\t\t\tLas v\u00e1lvulas de confianza de las industrias qu\u00edmicas y petroqu\u00edmicas \t\t\t\t\t\t<\/h3>\n\t\t\t\t\t\t\t\t\t\t\t<div class=\"decoration\">\n\t\t\t\t\t\t<div class=\"decoration-inside\"><\/div>\n\t\t\t\t\t<\/div>\n\t\t\t\t\t\t\t\t\t\t\t<h3 class=\"sow-sub-headline\">\n\t\t\t\t\t\tUn bajo mantenimiento, un buen funcionamiento y una vida \u00fatil excepcional son sus ventajas m\u00e1s destacables.\t\t\t\t\t\t<\/h3>\n\t\t\t\t\t\t<\/div>\n<\/div><\/div><div id=\"panel-gb4563-69fb180e9f651-0-1-1\" class=\"so-panel widget widget_sow-editor panel-last-child\" data-index=\"3\" ><div\n\t\t\t\n\t\t\tclass=\"so-widget-sow-editor so-widget-sow-editor-base\"\n\t\t\t\n\t\t><h3 class=\"widget-title\">Las v\u00e1lvulas de Mariposa Garlock establecen est\u00e1ndares en el cumplimiento de la norma TA-Luft. La fiabilidad de las v\u00e1lvulas de mariposa Garlock est\u00e1 certificada con SIL 3 seg\u00fan la norma EN 61508.<\/h3>\n<div class=\"siteorigin-widget-tinymce textwidget\">\n\t<p>&nbsp;<\/p>\n<p><img loading=\"lazy\" decoding=\"async\" class=\"alignright wp-image-729 size-full\" title=\"Garlock fabricante de Gylon Epix\" src=\"http:\/\/www.technidor.com\/wp-content\/uploads\/2018\/02\/EESTATICA_JESP_JUNTAS-Bio-Line-logo-GARLOCK.jpg\" alt=\"Garlock fabricante de Gylon Epix\" width=\"162\" height=\"50\" \/><\/p>\n<p>&nbsp;<\/p>\n<p>&nbsp;<\/p>\n<p><strong>V\u00e1lvulas de mariposa GAR-SEAL\u00ae :<\/strong><\/p>\n<p>Las v\u00e1lvulas GAR-SEAL\u00ae se utilizan ampliamente en medios corrosivos, abrasivos y t\u00f3xicos que deben controlarse de forma eficaz. Se usan en tareas de control preciso, aceleraci\u00f3n y corte en una amplia variedad de industrias incluidas las industrias qu\u00edmica, petroqu\u00edmica, del cloro, del papel, del electro enchapado, de metales, etc. Las v\u00e1lvulas mariposa GAR-SEAL\u00ae ofrecen menos requisitos de mantenimiento y una mayor fiabilidad operativa.<\/p>\n<p><strong>V\u00e1lvulas mariposa MOBILE-SEAL\u00ae :<\/strong><\/p>\n<p>V\u00e1lvulas mariposa para camiones cisterna, vagones de ferrocarril, silos y otros contenedores de almacenamiento y transporte.<\/p>\n<p><strong>V\u00e1lvulas de mariposa SAFETY-SEAL\u00ae :\u00a0<\/strong><\/p>\n<p>Las v\u00e1lvulas SAFETY-SEAL\u00ae se utilizan en aplicaciones en las que deben manipularse elementos corrosivos, abrasivos y t\u00f3xicos y al mismo tiempo, deben evitarse cargas electrost\u00e1ticas.<\/p>\n<p><strong>V\u00e1lvulas de mariposa STERILE-SEAL\u00ae :<\/strong><\/p>\n<p>Estas v\u00e1lvulas se utilizan en aplicaciones propias de la industria farmac\u00e9utica y alimentaria, en las cuales los procesos est\u00e9riles necesitan mantenerse sin reacondicionamientos y sustituciones costosas e innecesarias. La caracter\u00edstica especial de este tipo de v\u00e1lvula es su capacidad de esterilizaci\u00f3n externa. Con este dise\u00f1o las \u00e1reas \u00abmuertas\u00bb cr\u00edticas de la v\u00e1lvula, as\u00ed como el disco, el recubrimiento del cuerpo y los sellos, pueden esterilizarse con vapor sin entrar en contacto con el medio del proceso.<\/p>\n<p><u>Revestimientos:<\/u><\/p>\n<ul>\n<li>&#8211; PTFE virgen de muy alta densidad<\/li>\n<li>&#8211; PTFE anti-abrasivo; especialmente resistente al desgaste mec\u00e1nico con la misma resistencia qu\u00edmica que el PTFE virgen.<\/li>\n<li>&#8211; PTFE antiest\u00e1tico; el revestimiento conductivo electrost\u00e1tico es la mejor elecci\u00f3n para entornos y fluidos potencialmente explosivos.<\/li>\n<li>&#8211; UHMWPE; Garlock ofrece un revestimiento y un disco completamente encapsulado en polietileno, de peso molecular ultra alto para fluidos extremadamente abrasivos.<\/li>\n<\/ul>\n<\/div>\n<\/div><\/div><\/div><div id=\"pgc-gb4563-69fb180e9f651-0-2\"  class=\"panel-grid-cell\" ><div id=\"panel-gb4563-69fb180e9f651-0-2-0\" class=\"so-panel widget widget_sow-editor panel-first-child panel-last-child\" data-index=\"4\" ><div class=\"panel-widget-style panel-widget-style-for-gb4563-69fb180e9f651-0-2-0\" ><div\n\t\t\t\n\t\t\tclass=\"so-widget-sow-editor so-widget-sow-editor-base\"\n\t\t\t\n\t\t>\n<div class=\"siteorigin-widget-tinymce textwidget\">\n\t<h3 style=\"text-align: center;\">Necesitas m\u00e1s informaci\u00f3n?<\/h3>\n<p style=\"text-align: center;\">\n<div class=\"wpcf7 no-js\" id=\"wpcf7-f1642-o1\" lang=\"es-ES\" dir=\"ltr\" data-wpcf7-id=\"1642\">\n<div class=\"screen-reader-response\"><p role=\"status\" aria-live=\"polite\" aria-atomic=\"true\"><\/p> <ul><\/ul><\/div>\n<form action=\"\/index.php\/wp-json\/wp\/v2\/pages\/4563#wpcf7-f1642-o1\" method=\"post\" class=\"wpcf7-form init\" aria-label=\"Formulario de contacto\" novalidate=\"novalidate\" data-status=\"init\">\n<fieldset class=\"hidden-fields-container\"><input type=\"hidden\" name=\"_wpcf7\" value=\"1642\" \/><input type=\"hidden\" name=\"_wpcf7_version\" value=\"6.1.5\" \/><input type=\"hidden\" name=\"_wpcf7_locale\" value=\"es_ES\" \/><input type=\"hidden\" name=\"_wpcf7_unit_tag\" value=\"wpcf7-f1642-o1\" \/><input type=\"hidden\" name=\"_wpcf7_container_post\" value=\"0\" \/><input type=\"hidden\" name=\"_wpcf7_posted_data_hash\" value=\"\" \/><input type=\"hidden\" name=\"_wpcf7_recaptcha_response\" value=\"\" \/>\n<\/fieldset>\n<p><label> Nombre (requerido)<br \/>\n<span class=\"wpcf7-form-control-wrap\" data-name=\"your-name\"><input size=\"40\" maxlength=\"400\" class=\"wpcf7-form-control wpcf7-text wpcf7-validates-as-required\" aria-required=\"true\" aria-invalid=\"false\" value=\"\" type=\"text\" name=\"your-name\" \/><\/span> <\/label>\n<\/p>\n<p><label> Tu correo electr\u00f3nico (requerido)<br \/>\n<span class=\"wpcf7-form-control-wrap\" data-name=\"your-email\"><input size=\"40\" maxlength=\"400\" class=\"wpcf7-form-control wpcf7-email wpcf7-validates-as-required wpcf7-text wpcf7-validates-as-email\" aria-required=\"true\" aria-invalid=\"false\" value=\"\" type=\"email\" name=\"your-email\" \/><\/span> <\/label>\n<\/p>\n<p><label> Tel\u00e9fono (requerido)<br \/>\n<span class=\"wpcf7-form-control-wrap\" data-name=\"Telefono\"><input size=\"40\" maxlength=\"400\" class=\"wpcf7-form-control wpcf7-tel wpcf7-validates-as-required wpcf7-text wpcf7-validates-as-tel\" aria-required=\"true\" aria-invalid=\"false\" value=\"\" type=\"tel\" name=\"Telefono\" \/><\/span> <\/label>\n<\/p>\n<p><label> Asunto<br \/>\n<span class=\"wpcf7-form-control-wrap\" data-name=\"your-subject\"><input size=\"40\" maxlength=\"400\" class=\"wpcf7-form-control wpcf7-text\" aria-invalid=\"false\" value=\"\" type=\"text\" name=\"your-subject\" \/><\/span> <\/label>\n<\/p>\n<p><label> Mensaje<br \/>\n<span class=\"wpcf7-form-control-wrap\" data-name=\"your-message\"><textarea cols=\"40\" rows=\"10\" maxlength=\"2000\" class=\"wpcf7-form-control wpcf7-textarea\" aria-invalid=\"false\" name=\"your-message\"><\/textarea><\/span> <\/label>\n<\/p>\n<p><small><b>Reglamento General de Protecci\u00f3n de Datos:<\/b><br \/>\nEn nombre de la empresa TECHNIDOR, S.L., propietaria del dominio web www.technidor.com y en virtud de lo establecido en el Reglamento General de Protecci\u00f3n de Datos (UE 1679\/2016) les informamos que tratamos los datos que nos facilita en el presente formulario con el fin de poder hacer efectiva su solicitud de informaci\u00f3n. Los datos proporcionados se conservar\u00e1n mientras se realiza el procesamiento de su solicitud y se le da respuesta. Usted tiene derecho a obtener confirmaci\u00f3n sobre si en TECHNIDOR, S.L. estamos tratando sus datos personales por tanto tiene derecho a acceder a sus datos personales, rectificar los inexactos o solicitar su supresi\u00f3n cuando ya no sean necesarios.<\/small>\n<\/p>\n<p><span class=\"wpcf7-form-control-wrap\" data-name=\"Consentimiento\"><span class=\"wpcf7-form-control wpcf7-acceptance\"><span class=\"wpcf7-list-item\"><label><input type=\"checkbox\" name=\"Consentimiento\" value=\"1\" aria-invalid=\"false\" \/><span class=\"wpcf7-list-item-label\">He le\u00eddo y acepto la pol\u00edtica de privacidad<\/span><\/label><\/span><\/span><\/span>\n<\/p>\n<p><input class=\"wpcf7-form-control wpcf7-submit has-spinner\" type=\"submit\" value=\"Solicitar informaci\u00f3n\" \/>\n<\/p><div class=\"wpcf7-response-output\" aria-hidden=\"true\"><\/div>\n<\/form>\n<\/div>\n<\/p>\n<\/div>\n<\/div><\/div><\/div><\/div><\/div><\/div>","protected":false},"excerpt":{"rendered":"<p>&nbsp; &nbsp; &nbsp; V\u00e1lvulas de mariposa GAR-SEAL\u00ae : Las v\u00e1lvulas GAR-SEAL\u00ae se utilizan ampliamente en medios corrosivos, abrasivos y t\u00f3xicos que deben controlarse de forma eficaz. Se usan en tareas de control preciso, aceleraci\u00f3n y corte en una amplia variedad de industrias incluidas las industrias qu\u00edmica, petroqu\u00edmica, del cloro, del papel, del electro enchapado, de&hellip;<\/p>\n<p class=\"more-link\"><a href=\"https:\/\/www.technidor.com\/index.php\/estanqueidad-otros\/valvulas-de-mariposa-garlock\/\" class=\"themebutton2\">Leer m\u00e1s<\/a><\/p>\n","protected":false},"author":2,"featured_media":0,"parent":4599,"menu_order":0,"comment_status":"closed","ping_status":"closed","template":"","meta":{"_uf_show_specific_survey":0,"_uf_disable_surveys":false,"footnotes":""},"class_list":["post-4563","page","type-page","status-publish","hentry"],"aioseo_notices":[],"_links":{"self":[{"href":"https:\/\/www.technidor.com\/index.php\/wp-json\/wp\/v2\/pages\/4563","targetHints":{"allow":["GET"]}}],"collection":[{"href":"https:\/\/www.technidor.com\/index.php\/wp-json\/wp\/v2\/pages"}],"about":[{"href":"https:\/\/www.technidor.com\/index.php\/wp-json\/wp\/v2\/types\/page"}],"author":[{"embeddable":true,"href":"https:\/\/www.technidor.com\/index.php\/wp-json\/wp\/v2\/users\/2"}],"replies":[{"embeddable":true,"href":"https:\/\/www.technidor.com\/index.php\/wp-json\/wp\/v2\/comments?post=4563"}],"version-history":[{"count":14,"href":"https:\/\/www.technidor.com\/index.php\/wp-json\/wp\/v2\/pages\/4563\/revisions"}],"predecessor-version":[{"id":4608,"href":"https:\/\/www.technidor.com\/index.php\/wp-json\/wp\/v2\/pages\/4563\/revisions\/4608"}],"up":[{"embeddable":true,"href":"https:\/\/www.technidor.com\/index.php\/wp-json\/wp\/v2\/pages\/4599"}],"wp:attachment":[{"href":"https:\/\/www.technidor.com\/index.php\/wp-json\/wp\/v2\/media?parent=4563"}],"curies":[{"name":"wp","href":"https:\/\/api.w.org\/{rel}","templated":true}]}}