{"id":551,"date":"2018-01-24T08:44:50","date_gmt":"2018-01-24T08:44:50","guid":{"rendered":"http:\/\/www.technidor.com\/?page_id=551"},"modified":"2018-06-19T08:25:49","modified_gmt":"2018-06-19T08:25:49","slug":"sellos-de-labio-de-teflon","status":"publish","type":"page","link":"https:\/\/www.technidor.com\/index.php\/estanqueidad-dinamica-y-estatica\/estanqueidad-dinamica\/sellos-de-labio-de-teflon\/","title":{"rendered":"Sellos de labio de tefl\u00f3n"},"content":{"rendered":"<div id=\"pl-551\"  class=\"panel-layout\" ><div id=\"pg-551-0\"  class=\"panel-grid panel-no-style\" ><div id=\"pgc-551-0-0\"  class=\"panel-grid-cell\" ><div id=\"panel-551-0-0-0\" class=\"so-panel widget widget_sow-hero panel-first-child\" data-index=\"0\" ><div\n\t\t\t\n\t\t\tclass=\"so-widget-sow-hero so-widget-sow-hero-default-eb77c8863727-551 so-widget-fittext-wrapper\"\n\t\t\t data-fit-text-compressor=\"0.85\"\n\t\t>\t\t\t\t<div class=\"sow-slider-base\" style=\"display: none\" tabindex=\"0\">\n\t\t\t\t\t<ul\n\t\t\t\t\tclass=\"sow-slider-images\"\n\t\t\t\t\tdata-settings=\"{&quot;pagination&quot;:true,&quot;speed&quot;:800,&quot;timeout&quot;:8000,&quot;paused&quot;:false,&quot;pause_on_hover&quot;:false,&quot;swipe&quot;:true,&quot;nav_always_show_desktop&quot;:&quot;&quot;,&quot;nav_always_show_mobile&quot;:&quot;&quot;,&quot;breakpoint&quot;:&quot;780px&quot;,&quot;unmute&quot;:false,&quot;anchor&quot;:null}\"\n\t\t\t\t\t\t\t\t\t\tdata-anchor-id=\"\"\n\t\t\t\t>\t\t<li class=\"sow-slider-image\" style=\"visibility: visible;;background-color: #ffffff\" >\n\t\t\t\t\t<div class=\"sow-slider-image-container\">\n\t\t\t<div class=\"sow-slider-image-wrapper\">\n\t\t\t\t<p><img loading=\"lazy\" decoding=\"async\" class=\"size-medium wp-image-621 aligncenter\" src=\"http:\/\/www.technidor.com\/wp-content\/uploads\/2018\/02\/Garlock-PS-Seal-256x300.jpg\" alt=\"\" width=\"256\" height=\"300\" srcset=\"https:\/\/www.technidor.com\/wp-content\/uploads\/2018\/02\/Garlock-PS-Seal-256x300.jpg 256w, https:\/\/www.technidor.com\/wp-content\/uploads\/2018\/02\/Garlock-PS-Seal-768x899.jpg 768w, https:\/\/www.technidor.com\/wp-content\/uploads\/2018\/02\/Garlock-PS-Seal-875x1024.jpg 875w, https:\/\/www.technidor.com\/wp-content\/uploads\/2018\/02\/Garlock-PS-Seal.jpg 1034w\" sizes=\"auto, (max-width: 256px) 100vw, 256px\" \/><\/p>\t\t\t<\/div>\n\t\t<\/div>\n\t\t\t\t<\/li>\n\t\t\t\t<li class=\"sow-slider-image\" style=\"visibility: hidden;;background-color: #ffffff\" >\n\t\t\t\t\t<div class=\"sow-slider-image-container\">\n\t\t\t<div class=\"sow-slider-image-wrapper\">\n\t\t\t\t<p><img loading=\"lazy\" decoding=\"async\" class=\"size-medium wp-image-614 aligncenter\" src=\"http:\/\/www.technidor.com\/wp-content\/uploads\/2018\/02\/PS-SEAL_14-lippe-schwarz-216x300.jpg\" alt=\"\" width=\"216\" height=\"300\" srcset=\"https:\/\/www.technidor.com\/wp-content\/uploads\/2018\/02\/PS-SEAL_14-lippe-schwarz-216x300.jpg 216w, https:\/\/www.technidor.com\/wp-content\/uploads\/2018\/02\/PS-SEAL_14-lippe-schwarz-768x1068.jpg 768w, https:\/\/www.technidor.com\/wp-content\/uploads\/2018\/02\/PS-SEAL_14-lippe-schwarz-736x1024.jpg 736w\" sizes=\"auto, (max-width: 216px) 100vw, 216px\" \/><\/p>\t\t\t<\/div>\n\t\t<\/div>\n\t\t\t\t<\/li>\n\t\t\t\t<li class=\"sow-slider-image\" style=\"visibility: hidden;;background-color: #ffffff\" >\n\t\t\t\t\t<div class=\"sow-slider-image-container\">\n\t\t\t<div class=\"sow-slider-image-wrapper\">\n\t\t\t\t<p><img loading=\"lazy\" decoding=\"async\" class=\"size-medium wp-image-587 aligncenter\" src=\"http:\/\/www.technidor.com\/wp-content\/uploads\/2018\/02\/EDINAMICA_0_SELLO-DE-LABIO_PS-SEAL_group_1200x900_test-300x225.jpg\" alt=\"\" width=\"300\" height=\"225\" srcset=\"https:\/\/www.technidor.com\/wp-content\/uploads\/2018\/02\/EDINAMICA_0_SELLO-DE-LABIO_PS-SEAL_group_1200x900_test-300x225.jpg 300w, https:\/\/www.technidor.com\/wp-content\/uploads\/2018\/02\/EDINAMICA_0_SELLO-DE-LABIO_PS-SEAL_group_1200x900_test.jpg 740w\" sizes=\"auto, (max-width: 300px) 100vw, 300px\" \/><\/p>\t\t\t<\/div>\n\t\t<\/div>\n\t\t\t\t<\/li>\n\t\t\t\t<li class=\"sow-slider-image\" style=\"visibility: hidden;;background-color: #ffffff\" >\n\t\t\t\t\t<div class=\"sow-slider-image-container\">\n\t\t\t<div class=\"sow-slider-image-wrapper\">\n\t\t\t\t<p><img loading=\"lazy\" decoding=\"async\" class=\"size-medium wp-image-615 aligncenter\" src=\"http:\/\/www.technidor.com\/wp-content\/uploads\/2018\/02\/PS-SEAL_007a-300dpi-252x300.jpg\" alt=\"\" width=\"252\" height=\"300\" srcset=\"https:\/\/www.technidor.com\/wp-content\/uploads\/2018\/02\/PS-SEAL_007a-300dpi-252x300.jpg 252w, https:\/\/www.technidor.com\/wp-content\/uploads\/2018\/02\/PS-SEAL_007a-300dpi-768x914.jpg 768w, https:\/\/www.technidor.com\/wp-content\/uploads\/2018\/02\/PS-SEAL_007a-300dpi-860x1024.jpg 860w, https:\/\/www.technidor.com\/wp-content\/uploads\/2018\/02\/PS-SEAL_007a-300dpi.jpg 1344w\" sizes=\"auto, (max-width: 252px) 100vw, 252px\" \/><\/p>\t\t\t<\/div>\n\t\t<\/div>\n\t\t\t\t<\/li>\n\t\t\t\t<li class=\"sow-slider-image\" style=\"visibility: hidden;;background-color: #ffffff\" >\n\t\t\t\t\t<div class=\"sow-slider-image-container\">\n\t\t\t<div class=\"sow-slider-image-wrapper\">\n\t\t\t\t<p><img loading=\"lazy\" decoding=\"async\" class=\"size-medium wp-image-617 aligncenter\" src=\"http:\/\/www.technidor.com\/wp-content\/uploads\/2018\/02\/PS-SEAL-Tandem-GYLON-black-300dpi-237x300.jpg\" alt=\"\" width=\"237\" height=\"300\" srcset=\"https:\/\/www.technidor.com\/wp-content\/uploads\/2018\/02\/PS-SEAL-Tandem-GYLON-black-300dpi-237x300.jpg 237w, https:\/\/www.technidor.com\/wp-content\/uploads\/2018\/02\/PS-SEAL-Tandem-GYLON-black-300dpi-768x973.jpg 768w, https:\/\/www.technidor.com\/wp-content\/uploads\/2018\/02\/PS-SEAL-Tandem-GYLON-black-300dpi-808x1024.jpg 808w, https:\/\/www.technidor.com\/wp-content\/uploads\/2018\/02\/PS-SEAL-Tandem-GYLON-black-300dpi.jpg 1260w\" sizes=\"auto, (max-width: 237px) 100vw, 237px\" \/><\/p>\t\t\t<\/div>\n\t\t<\/div>\n\t\t\t\t<\/li>\n\t\t\t\t<li class=\"sow-slider-image\" style=\"visibility: hidden;;background-color: #ffffff\" >\n\t\t\t\t\t<div class=\"sow-slider-image-container\">\n\t\t\t<div class=\"sow-slider-image-wrapper\">\n\t\t\t\t<p><img loading=\"lazy\" decoding=\"async\" class=\"size-medium wp-image-616 aligncenter\" src=\"http:\/\/www.technidor.com\/wp-content\/uploads\/2018\/02\/PS-SEAL_004-300dpi-242x300.jpg\" alt=\"\" width=\"242\" height=\"300\" srcset=\"https:\/\/www.technidor.com\/wp-content\/uploads\/2018\/02\/PS-SEAL_004-300dpi-242x300.jpg 242w, https:\/\/www.technidor.com\/wp-content\/uploads\/2018\/02\/PS-SEAL_004-300dpi-768x954.jpg 768w, https:\/\/www.technidor.com\/wp-content\/uploads\/2018\/02\/PS-SEAL_004-300dpi-824x1024.jpg 824w, https:\/\/www.technidor.com\/wp-content\/uploads\/2018\/02\/PS-SEAL_004-300dpi.jpg 1272w\" sizes=\"auto, (max-width: 242px) 100vw, 242px\" \/><\/p>\t\t\t<\/div>\n\t\t<\/div>\n\t\t\t\t<\/li>\n\t\t\t\t<li class=\"sow-slider-image\" style=\"visibility: hidden;;background-color: #ffffff\" >\n\t\t\t\t\t<div class=\"sow-slider-image-container\">\n\t\t\t<div class=\"sow-slider-image-wrapper\">\n\t\t\t\t<p><img loading=\"lazy\" decoding=\"async\" class=\"size-medium wp-image-618 aligncenter\" src=\"http:\/\/www.technidor.com\/wp-content\/uploads\/2018\/02\/PS-ProSet_schnitt-246x300.jpg\" alt=\"\" width=\"246\" height=\"300\" srcset=\"https:\/\/www.technidor.com\/wp-content\/uploads\/2018\/02\/PS-ProSet_schnitt-246x300.jpg 246w, https:\/\/www.technidor.com\/wp-content\/uploads\/2018\/02\/PS-ProSet_schnitt-768x938.jpg 768w, https:\/\/www.technidor.com\/wp-content\/uploads\/2018\/02\/PS-ProSet_schnitt-838x1024.jpg 838w, https:\/\/www.technidor.com\/wp-content\/uploads\/2018\/02\/PS-ProSet_schnitt.jpg 1344w\" sizes=\"auto, (max-width: 246px) 100vw, 246px\" \/><\/p>\t\t\t<\/div>\n\t\t<\/div>\n\t\t\t\t<\/li>\n\t\t\t\t<li class=\"sow-slider-image\" style=\"visibility: hidden;;background-color: #ffffff\" >\n\t\t\t\t\t<div class=\"sow-slider-image-container\">\n\t\t\t<div class=\"sow-slider-image-wrapper\">\n\t\t\t\t<p><img loading=\"lazy\" decoding=\"async\" class=\"size-medium wp-image-619 aligncenter\" src=\"http:\/\/www.technidor.com\/wp-content\/uploads\/2018\/02\/PS-ProSeal-garlock_schwimm_180schnitt_V4-300x225.jpg\" alt=\"\" width=\"300\" height=\"225\" srcset=\"https:\/\/www.technidor.com\/wp-content\/uploads\/2018\/02\/PS-ProSeal-garlock_schwimm_180schnitt_V4-300x225.jpg 300w, https:\/\/www.technidor.com\/wp-content\/uploads\/2018\/02\/PS-ProSeal-garlock_schwimm_180schnitt_V4-768x576.jpg 768w, https:\/\/www.technidor.com\/wp-content\/uploads\/2018\/02\/PS-ProSeal-garlock_schwimm_180schnitt_V4-1024x768.jpg 1024w\" sizes=\"auto, (max-width: 300px) 100vw, 300px\" \/><\/p>\t\t\t<\/div>\n\t\t<\/div>\n\t\t\t\t<\/li>\n\t\t\t\t<li class=\"sow-slider-image\" style=\"visibility: hidden;;background-color: #ffffff\" >\n\t\t\t\t\t<div class=\"sow-slider-image-container\">\n\t\t\t<div class=\"sow-slider-image-wrapper\">\n\t\t\t\t<p><img loading=\"lazy\" decoding=\"async\" class=\"size-medium wp-image-620 aligncenter\" src=\"http:\/\/www.technidor.com\/wp-content\/uploads\/2018\/02\/mox2075-0515_cmyk-300x200.jpg\" alt=\"\" width=\"300\" height=\"200\" srcset=\"https:\/\/www.technidor.com\/wp-content\/uploads\/2018\/02\/mox2075-0515_cmyk-300x200.jpg 300w, https:\/\/www.technidor.com\/wp-content\/uploads\/2018\/02\/mox2075-0515_cmyk-768x512.jpg 768w, https:\/\/www.technidor.com\/wp-content\/uploads\/2018\/02\/mox2075-0515_cmyk-1024x683.jpg 1024w, https:\/\/www.technidor.com\/wp-content\/uploads\/2018\/02\/mox2075-0515_cmyk-380x254.jpg 380w, https:\/\/www.technidor.com\/wp-content\/uploads\/2018\/02\/mox2075-0515_cmyk-272x182.jpg 272w\" sizes=\"auto, (max-width: 300px) 100vw, 300px\" \/><\/p>\t\t\t<\/div>\n\t\t<\/div>\n\t\t\t\t<\/li>\n\t\t<\/ul>\t\t\t\t<ol class=\"sow-slider-pagination\">\n\t\t\t\t\t\t\t\t\t\t\t<li><a href=\"#\" data-goto=\"0\" aria-label=\"mostrar diapositiva 1\"><\/a><\/li>\n\t\t\t\t\t\t\t\t\t\t\t<li><a href=\"#\" data-goto=\"1\" aria-label=\"mostrar diapositiva 2\"><\/a><\/li>\n\t\t\t\t\t\t\t\t\t\t\t<li><a href=\"#\" data-goto=\"2\" aria-label=\"mostrar diapositiva 3\"><\/a><\/li>\n\t\t\t\t\t\t\t\t\t\t\t<li><a href=\"#\" data-goto=\"3\" aria-label=\"mostrar diapositiva 4\"><\/a><\/li>\n\t\t\t\t\t\t\t\t\t\t\t<li><a href=\"#\" data-goto=\"4\" aria-label=\"mostrar diapositiva 5\"><\/a><\/li>\n\t\t\t\t\t\t\t\t\t\t\t<li><a href=\"#\" data-goto=\"5\" aria-label=\"mostrar diapositiva 6\"><\/a><\/li>\n\t\t\t\t\t\t\t\t\t\t\t<li><a href=\"#\" data-goto=\"6\" aria-label=\"mostrar diapositiva 7\"><\/a><\/li>\n\t\t\t\t\t\t\t\t\t\t\t<li><a href=\"#\" data-goto=\"7\" aria-label=\"mostrar diapositiva 8\"><\/a><\/li>\n\t\t\t\t\t\t\t\t\t\t\t<li><a href=\"#\" data-goto=\"8\" aria-label=\"mostrar diapositiva 9\"><\/a><\/li>\n\t\t\t\t\t\t\t\t\t<\/ol>\n\n\t\t\t\t<div class=\"sow-slide-nav sow-slide-nav-next\">\n\t\t\t\t\t<a href=\"#\" data-goto=\"next\" aria-label=\"diapositiva siguiente\" data-action=\"next\">\n\t\t\t\t\t\t<em class=\"sow-sld-icon-thin-right\"><\/em>\n\t\t\t\t\t<\/a>\n\t\t\t\t<\/div>\n\n\t\t\t\t<div class=\"sow-slide-nav sow-slide-nav-prev\">\n\t\t\t\t\t<a href=\"#\" data-goto=\"previous\" aria-label=\"diapositiva anterior\" data-action=\"prev\">\n\t\t\t\t\t\t<em class=\"sow-sld-icon-thin-left\"><\/em>\n\t\t\t\t\t<\/a>\n\t\t\t\t<\/div>\n\t\t\t\t<\/div><\/div><\/div><div id=\"panel-551-0-0-1\" class=\"so-panel widget widget_media_gallery panel-last-child\" data-index=\"1\" ><h3 class=\"widget-title\">Configuraciones PS Seal de Garlock en material Gylon<\/h3>\n\t\t<style type=\"text\/css\">\n\t\t\t#gallery-1 {\n\t\t\t\tmargin: auto;\n\t\t\t}\n\t\t\t#gallery-1 .gallery-item {\n\t\t\t\tfloat: left;\n\t\t\t\tmargin-top: 10px;\n\t\t\t\ttext-align: center;\n\t\t\t\twidth: 50%;\n\t\t\t}\n\t\t\t#gallery-1 img {\n\t\t\t\tborder: 2px solid #cfcfcf;\n\t\t\t}\n\t\t\t#gallery-1 .gallery-caption {\n\t\t\t\tmargin-left: 0;\n\t\t\t}\n\t\t\t\/* see gallery_shortcode() in wp-includes\/media.php *\/\n\t\t<\/style>\n\t\t<div id='gallery-1' class='gallery galleryid-551 gallery-columns-2 gallery-size-thumbnail'><dl class='gallery-item'>\n\t\t\t<dt class='gallery-icon portrait'>\n\t\t\t\t<a href='https:\/\/www.technidor.com\/wp-content\/uploads\/2018\/02\/PS-SEAL_007a-300dpi.jpg'><img loading=\"lazy\" decoding=\"async\" width=\"150\" height=\"150\" src=\"https:\/\/www.technidor.com\/wp-content\/uploads\/2018\/02\/PS-SEAL_007a-300dpi-150x150.jpg\" class=\"attachment-thumbnail size-thumbnail\" alt=\"Sellos de labio invertido\" aria-describedby=\"gallery-1-615\" \/><\/a>\n\t\t\t<\/dt>\n\t\t\t\t<dd class='wp-caption-text gallery-caption' id='gallery-1-615'>\n\t\t\t\tPS Seal Labio invertido\n\t\t\t\t<\/dd><\/dl><dl class='gallery-item'>\n\t\t\t<dt class='gallery-icon portrait'>\n\t\t\t\t<a href='https:\/\/www.technidor.com\/wp-content\/uploads\/2018\/02\/PS-SEAL-Tandem-GYLON-black-300dpi.jpg'><img loading=\"lazy\" decoding=\"async\" width=\"150\" height=\"150\" src=\"https:\/\/www.technidor.com\/wp-content\/uploads\/2018\/02\/PS-SEAL-Tandem-GYLON-black-300dpi-150x150.jpg\" class=\"attachment-thumbnail size-thumbnail\" alt=\"Sellos de labio doble en T\u00e1ndem\" aria-describedby=\"gallery-1-617\" \/><\/a>\n\t\t\t<\/dt>\n\t\t\t\t<dd class='wp-caption-text gallery-caption' id='gallery-1-617'>\n\t\t\t\tPS Seal doble labio tandem\n\t\t\t\t<\/dd><\/dl><br style=\"clear: both\" \/><dl class='gallery-item'>\n\t\t\t<dt class='gallery-icon portrait'>\n\t\t\t\t<a href='https:\/\/www.technidor.com\/wp-content\/uploads\/2018\/02\/PS-SEAL_004-300dpi.jpg'><img loading=\"lazy\" decoding=\"async\" width=\"150\" height=\"150\" src=\"https:\/\/www.technidor.com\/wp-content\/uploads\/2018\/02\/PS-SEAL_004-300dpi-150x150.jpg\" class=\"attachment-thumbnail size-thumbnail\" alt=\"Sellos de labio doble back to back\" aria-describedby=\"gallery-1-616\" \/><\/a>\n\t\t\t<\/dt>\n\t\t\t\t<dd class='wp-caption-text gallery-caption' id='gallery-1-616'>\n\t\t\t\tPS Seal doble labio espalda contra espalda\n\t\t\t\t<\/dd><\/dl><dl class='gallery-item'>\n\t\t\t<dt class='gallery-icon portrait'>\n\t\t\t\t<a href='https:\/\/www.technidor.com\/wp-content\/uploads\/2018\/02\/PS-ProSet_schnitt.jpg'><img loading=\"lazy\" decoding=\"async\" width=\"150\" height=\"150\" src=\"https:\/\/www.technidor.com\/wp-content\/uploads\/2018\/02\/PS-ProSet_schnitt-150x150.jpg\" class=\"attachment-thumbnail size-thumbnail\" alt=\"Sellos de labio Garlock ProSet\" aria-describedby=\"gallery-1-618\" \/><\/a>\n\t\t\t<\/dt>\n\t\t\t\t<dd class='wp-caption-text gallery-caption' id='gallery-1-618'>\n\t\t\t\tPS ProSet\n\t\t\t\t<\/dd><\/dl><br style=\"clear: both\" \/>\n\t\t<\/div>\n<\/div><\/div><div id=\"pgc-551-0-1\"  class=\"panel-grid-cell\" ><div id=\"panel-551-0-1-0\" class=\"so-panel widget widget_sow-headline panel-first-child\" data-index=\"2\" ><div\n\t\t\t\n\t\t\tclass=\"so-widget-sow-headline so-widget-sow-headline-default-95c71928eea1-551\"\n\t\t\t\n\t\t><div class=\"sow-headline-container \">\n\t\t\t\t\t\t\t<h3 class=\"sow-headline\">\n\t\t\t\t\t\tLos sellos de labio son protectores de rodamientos y est\u00e1n espec\u00edficamente dise\u00f1ados para asegurar la estanqueidad en ejes giratorios con alta presi\u00f3n, elevada velocidad de giro del eje, alta temperatura, medio agresivo, pobre lubricaci\u00f3n o incuso funcionamiento en seco.\t\t\t\t\t\t<\/h3>\n\t\t\t\t\t\t\t\t\t\t\t<div class=\"decoration\">\n\t\t\t\t\t\t<div class=\"decoration-inside\"><\/div>\n\t\t\t\t\t<\/div>\n\t\t\t\t\t<\/div>\n<\/div><\/div><div id=\"panel-551-0-1-1\" class=\"so-panel widget widget_text panel-last-child\" data-index=\"3\" >\t\t\t<div class=\"textwidget\"><p>Los Sellos de labio tambi\u00e9n se emplean como sistema de sellado de bombas de proceso para fluidos viscosos y a baja temperatura, en sustituci\u00f3n de cierres mec\u00e1nicos, as\u00ed como en mezcladores, agitadores y secadores donde los movimientos del eje rotativo superan los l\u00edmites.<\/p>\n<p><strong>DISE\u00d1O<\/strong><\/p>\n<p>Los Sellos de labio consisten en<em> una <strong>cajera de acero inoxidable<\/strong><\/em> 1.4571 (AISI 316 Ti) donde se inserta un <em><strong>elast\u00f3mero<\/strong> o junta est\u00e1tica<\/em> y un<strong> <em>labio de cierre<\/em>.<\/strong><\/p>\n<p>&#8211; El material de la junta est\u00e1tica habitualmente es de vit\u00f3n \u2013 FKM aunque por requerimiento de FDA se puede emplear el tefl\u00f3n adecuado.<\/p>\n<p>&#8211; El material del labio es <em>PTFE modificado<\/em> con una elevada inercia qu\u00edmica; con un considerable efecto memoria, no sufre fluencia y presenta una excelente recuperaci\u00f3n.<\/p>\n<h4><strong>Nuestros sellos de labio <a href=\"https:\/\/www.garlock.com\/es\/products\/ptfe-shaft-seals\" target=\"_blank\" rel=\"noopener\">PS Seal de Garlock<\/a> emplean como material del labio\u00a0\u00a0<a href=\"http:\/\/www.technidor.com\/index.php\/estanqueidad-dinamica-y-estatica\/estanqueidad-estatica\/materiales-para-juntas-ptfe-reestructurado\/\">GYLON<sup>\u00ae<\/sup><\/a>\u00a0el PTFE mejorado por Garlock.<\/strong><\/h4>\n<p><strong>Ventajas Funcionales<\/strong><\/p>\n<ul>\n<li>Admite presiones de hasta 25 bar<\/li>\n<li>Apto para vac\u00edo<\/li>\n<li>Altas velocidades perif\u00e9ricas (45 m\/s)<\/li>\n<li>Resistente al desgaste y a la fricci\u00f3n baja<\/li>\n<li>-90 \u00baC \u2264 T \u2264 +260 \u00baC<\/li>\n<li>Material del labio de excelente resistencia qu\u00edmica<\/li>\n<li>Capacidad de funcionamiento en seco.<\/li>\n<li>No necesita ning\u00fan muelle met\u00e1lico, a diferencia de un ret\u00e9n.<\/li>\n<li>Utilizable en aplicaciones de f\u00e1rmacos y de alimentos &#8211; Homologaci\u00f3n FDA<\/li>\n<li>Certificado EN 1935\/2004<\/li>\n<\/ul>\n<p>&nbsp;<\/p>\n<p><strong>Diferentes configuraciones del sello<\/strong><\/p>\n<p><img loading=\"lazy\" decoding=\"async\" class=\"aligncenter wp-image-588\" title=\"Configuraciones Sellos de labio \" src=\"http:\/\/www.technidor.com\/wp-content\/uploads\/2018\/02\/EDINAMICA_0_SELLO-DE-LABIO_Configuraciones-300x124.jpg\" alt=\"Configuraciones Sellos de labio\" width=\"370\" height=\"153\" srcset=\"https:\/\/www.technidor.com\/wp-content\/uploads\/2018\/02\/EDINAMICA_0_SELLO-DE-LABIO_Configuraciones-300x124.jpg 300w, https:\/\/www.technidor.com\/wp-content\/uploads\/2018\/02\/EDINAMICA_0_SELLO-DE-LABIO_Configuraciones.jpg 536w\" sizes=\"auto, (max-width: 370px) 100vw, 370px\" \/><\/p>\n<p>&nbsp;<\/p>\n<\/div>\n\t\t<\/div><\/div><div id=\"pgc-551-0-2\"  class=\"panel-grid-cell\" ><div id=\"panel-551-0-2-0\" class=\"so-panel widget widget_sow-editor panel-first-child panel-last-child\" data-index=\"4\" ><div class=\"panel-widget-style panel-widget-style-for-551-0-2-0\" ><div\n\t\t\t\n\t\t\tclass=\"so-widget-sow-editor so-widget-sow-editor-base\"\n\t\t\t\n\t\t>\n<div class=\"siteorigin-widget-tinymce textwidget\">\n\t<h3 style=\"text-align: center;\">Necesitas m\u00e1s informaci\u00f3n?<\/h3>\n<p style=\"text-align: center;\">\n<div class=\"wpcf7 no-js\" id=\"wpcf7-f1642-o1\" lang=\"es-ES\" dir=\"ltr\" data-wpcf7-id=\"1642\">\n<div class=\"screen-reader-response\"><p role=\"status\" aria-live=\"polite\" aria-atomic=\"true\"><\/p> <ul><\/ul><\/div>\n<form action=\"\/index.php\/wp-json\/wp\/v2\/pages\/551#wpcf7-f1642-o1\" method=\"post\" class=\"wpcf7-form init\" aria-label=\"Formulario de contacto\" novalidate=\"novalidate\" data-status=\"init\">\n<fieldset class=\"hidden-fields-container\"><input type=\"hidden\" name=\"_wpcf7\" value=\"1642\" \/><input type=\"hidden\" name=\"_wpcf7_version\" value=\"6.1.5\" \/><input type=\"hidden\" name=\"_wpcf7_locale\" value=\"es_ES\" \/><input type=\"hidden\" name=\"_wpcf7_unit_tag\" value=\"wpcf7-f1642-o1\" \/><input type=\"hidden\" name=\"_wpcf7_container_post\" value=\"0\" \/><input type=\"hidden\" name=\"_wpcf7_posted_data_hash\" value=\"\" \/><input type=\"hidden\" name=\"_wpcf7_recaptcha_response\" value=\"\" \/>\n<\/fieldset>\n<p><label> Nombre (requerido)<br \/>\n<span class=\"wpcf7-form-control-wrap\" data-name=\"your-name\"><input size=\"40\" maxlength=\"400\" class=\"wpcf7-form-control wpcf7-text wpcf7-validates-as-required\" aria-required=\"true\" aria-invalid=\"false\" value=\"\" type=\"text\" name=\"your-name\" \/><\/span> <\/label>\n<\/p>\n<p><label> Tu correo electr\u00f3nico (requerido)<br \/>\n<span class=\"wpcf7-form-control-wrap\" data-name=\"your-email\"><input size=\"40\" maxlength=\"400\" class=\"wpcf7-form-control wpcf7-email wpcf7-validates-as-required wpcf7-text wpcf7-validates-as-email\" aria-required=\"true\" aria-invalid=\"false\" value=\"\" type=\"email\" name=\"your-email\" \/><\/span> <\/label>\n<\/p>\n<p><label> Tel\u00e9fono (requerido)<br \/>\n<span class=\"wpcf7-form-control-wrap\" data-name=\"Telefono\"><input size=\"40\" maxlength=\"400\" class=\"wpcf7-form-control wpcf7-tel wpcf7-validates-as-required wpcf7-text wpcf7-validates-as-tel\" aria-required=\"true\" aria-invalid=\"false\" value=\"\" type=\"tel\" name=\"Telefono\" \/><\/span> <\/label>\n<\/p>\n<p><label> Asunto<br \/>\n<span class=\"wpcf7-form-control-wrap\" data-name=\"your-subject\"><input size=\"40\" maxlength=\"400\" class=\"wpcf7-form-control wpcf7-text\" aria-invalid=\"false\" value=\"\" type=\"text\" name=\"your-subject\" \/><\/span> <\/label>\n<\/p>\n<p><label> Mensaje<br \/>\n<span class=\"wpcf7-form-control-wrap\" data-name=\"your-message\"><textarea cols=\"40\" rows=\"10\" maxlength=\"2000\" class=\"wpcf7-form-control wpcf7-textarea\" aria-invalid=\"false\" name=\"your-message\"><\/textarea><\/span> <\/label>\n<\/p>\n<p><small><b>Reglamento General de Protecci\u00f3n de Datos:<\/b><br \/>\nEn nombre de la empresa TECHNIDOR, S.L., propietaria del dominio web www.technidor.com y en virtud de lo establecido en el Reglamento General de Protecci\u00f3n de Datos (UE 1679\/2016) les informamos que tratamos los datos que nos facilita en el presente formulario con el fin de poder hacer efectiva su solicitud de informaci\u00f3n. Los datos proporcionados se conservar\u00e1n mientras se realiza el procesamiento de su solicitud y se le da respuesta. Usted tiene derecho a obtener confirmaci\u00f3n sobre si en TECHNIDOR, S.L. estamos tratando sus datos personales por tanto tiene derecho a acceder a sus datos personales, rectificar los inexactos o solicitar su supresi\u00f3n cuando ya no sean necesarios.<\/small>\n<\/p>\n<p><span class=\"wpcf7-form-control-wrap\" data-name=\"Consentimiento\"><span class=\"wpcf7-form-control wpcf7-acceptance\"><span class=\"wpcf7-list-item\"><label><input type=\"checkbox\" name=\"Consentimiento\" value=\"1\" aria-invalid=\"false\" \/><span class=\"wpcf7-list-item-label\">He le\u00eddo y acepto la pol\u00edtica de privacidad<\/span><\/label><\/span><\/span><\/span>\n<\/p>\n<p><input class=\"wpcf7-form-control wpcf7-submit has-spinner\" type=\"submit\" value=\"Solicitar informaci\u00f3n\" \/>\n<\/p><div class=\"wpcf7-response-output\" aria-hidden=\"true\"><\/div>\n<\/form>\n<\/div>\n<\/p>\n<\/div>\n<\/div><\/div><\/div><\/div><\/div><\/div>","protected":false},"excerpt":{"rendered":"<p>Los Sellos de labio tambi\u00e9n se emplean como sistema de sellado de bombas de proceso para fluidos viscosos y a baja temperatura, en sustituci\u00f3n de cierres mec\u00e1nicos, as\u00ed como en mezcladores, agitadores y secadores donde los movimientos del eje rotativo superan los l\u00edmites. DISE\u00d1O Los Sellos de labio consisten en una cajera de acero inoxidable&hellip;<\/p>\n<p class=\"more-link\"><a href=\"https:\/\/www.technidor.com\/index.php\/estanqueidad-dinamica-y-estatica\/estanqueidad-dinamica\/sellos-de-labio-de-teflon\/\" class=\"themebutton2\">Leer m\u00e1s<\/a><\/p>\n","protected":false},"author":2,"featured_media":614,"parent":180,"menu_order":2,"comment_status":"closed","ping_status":"closed","template":"","meta":{"_uf_show_specific_survey":0,"_uf_disable_surveys":false,"footnotes":""},"class_list":["post-551","page","type-page","status-publish","has-post-thumbnail","hentry"],"aioseo_notices":[],"_links":{"self":[{"href":"https:\/\/www.technidor.com\/index.php\/wp-json\/wp\/v2\/pages\/551","targetHints":{"allow":["GET"]}}],"collection":[{"href":"https:\/\/www.technidor.com\/index.php\/wp-json\/wp\/v2\/pages"}],"about":[{"href":"https:\/\/www.technidor.com\/index.php\/wp-json\/wp\/v2\/types\/page"}],"author":[{"embeddable":true,"href":"https:\/\/www.technidor.com\/index.php\/wp-json\/wp\/v2\/users\/2"}],"replies":[{"embeddable":true,"href":"https:\/\/www.technidor.com\/index.php\/wp-json\/wp\/v2\/comments?post=551"}],"version-history":[{"count":56,"href":"https:\/\/www.technidor.com\/index.php\/wp-json\/wp\/v2\/pages\/551\/revisions"}],"predecessor-version":[{"id":1865,"href":"https:\/\/www.technidor.com\/index.php\/wp-json\/wp\/v2\/pages\/551\/revisions\/1865"}],"up":[{"embeddable":true,"href":"https:\/\/www.technidor.com\/index.php\/wp-json\/wp\/v2\/pages\/180"}],"wp:featuredmedia":[{"embeddable":true,"href":"https:\/\/www.technidor.com\/index.php\/wp-json\/wp\/v2\/media\/614"}],"wp:attachment":[{"href":"https:\/\/www.technidor.com\/index.php\/wp-json\/wp\/v2\/media?parent=551"}],"curies":[{"name":"wp","href":"https:\/\/api.w.org\/{rel}","templated":true}]}}