{"id":553,"date":"2018-01-24T08:45:33","date_gmt":"2018-01-24T08:45:33","guid":{"rendered":"http:\/\/www.technidor.com\/?page_id=553"},"modified":"2018-06-22T11:22:05","modified_gmt":"2018-06-22T11:22:05","slug":"sellos-mecanicos","status":"publish","type":"page","link":"https:\/\/www.technidor.com\/index.php\/estanqueidad-dinamica-y-estatica\/estanqueidad-dinamica\/sellos-mecanicos\/","title":{"rendered":"Sellos Mec\u00e1nicos"},"content":{"rendered":"<div id=\"pl-553\"  class=\"panel-layout\" ><div id=\"pg-553-0\"  class=\"panel-grid panel-no-style\" ><div id=\"pgc-553-0-0\"  class=\"panel-grid-cell\" ><div id=\"panel-553-0-0-0\" class=\"so-panel widget widget_sow-hero panel-first-child\" data-index=\"0\" ><div\n\t\t\t\n\t\t\tclass=\"so-widget-sow-hero so-widget-sow-hero-default-eb77c8863727-553 so-widget-fittext-wrapper\"\n\t\t\t data-fit-text-compressor=\"0.85\"\n\t\t>\t\t\t\t<div class=\"sow-slider-base\" style=\"display: none\" tabindex=\"0\">\n\t\t\t\t\t<ul\n\t\t\t\t\tclass=\"sow-slider-images\"\n\t\t\t\t\tdata-settings=\"{&quot;pagination&quot;:true,&quot;speed&quot;:800,&quot;timeout&quot;:8000,&quot;paused&quot;:false,&quot;pause_on_hover&quot;:false,&quot;swipe&quot;:true,&quot;nav_always_show_desktop&quot;:&quot;&quot;,&quot;nav_always_show_mobile&quot;:&quot;&quot;,&quot;breakpoint&quot;:&quot;780px&quot;,&quot;unmute&quot;:false,&quot;anchor&quot;:null}\"\n\t\t\t\t\t\t\t\t\t\tdata-anchor-id=\"\"\n\t\t\t\t>\t\t<li class=\"sow-slider-image\" style=\"visibility: visible;;background-color: #ffffff\" >\n\t\t\t\t\t<div class=\"sow-slider-image-container\">\n\t\t\t<div class=\"sow-slider-image-wrapper\">\n\t\t\t\t<p><img loading=\"lazy\" decoding=\"async\" class=\"size-medium wp-image-609 aligncenter\" src=\"http:\/\/www.technidor.com\/wp-content\/uploads\/2018\/02\/EDINAMICA_3_SELLOS-MEC-300x132.jpg\" alt=\"\" width=\"300\" height=\"132\" srcset=\"https:\/\/www.technidor.com\/wp-content\/uploads\/2018\/02\/EDINAMICA_3_SELLOS-MEC-300x132.jpg 300w, https:\/\/www.technidor.com\/wp-content\/uploads\/2018\/02\/EDINAMICA_3_SELLOS-MEC.jpg 518w\" sizes=\"auto, (max-width: 300px) 100vw, 300px\" \/><\/p>\t\t\t<\/div>\n\t\t<\/div>\n\t\t\t\t<\/li>\n\t\t\t\t<li class=\"sow-slider-image\" style=\"visibility: hidden;;background-color: #ffffff\" >\n\t\t\t\t\t<div class=\"sow-slider-image-container\">\n\t\t\t<div class=\"sow-slider-image-wrapper\">\n\t\t\t\t<p><img loading=\"lazy\" decoding=\"async\" class=\"size-medium wp-image-611 aligncenter\" src=\"http:\/\/www.technidor.com\/wp-content\/uploads\/2018\/02\/EDINAMICA_3_SELLOS-MEC_GPA-300x132.jpg\" alt=\"\" width=\"300\" height=\"132\" srcset=\"https:\/\/www.technidor.com\/wp-content\/uploads\/2018\/02\/EDINAMICA_3_SELLOS-MEC_GPA-300x132.jpg 300w, https:\/\/www.technidor.com\/wp-content\/uploads\/2018\/02\/EDINAMICA_3_SELLOS-MEC_GPA.jpg 518w\" sizes=\"auto, (max-width: 300px) 100vw, 300px\" \/><\/p>\t\t\t<\/div>\n\t\t<\/div>\n\t\t\t\t<\/li>\n\t\t\t\t<li class=\"sow-slider-image\" style=\"visibility: hidden;;background-color: #ffffff\" >\n\t\t\t\t\t<div class=\"sow-slider-image-container\">\n\t\t\t<div class=\"sow-slider-image-wrapper\">\n\t\t\t\t<p><img loading=\"lazy\" decoding=\"async\" class=\"size-medium wp-image-612 aligncenter\" src=\"http:\/\/www.technidor.com\/wp-content\/uploads\/2018\/02\/EDINAMICA_3_SELLOS-MEC_GULLIVER-300x132.jpg\" alt=\"\" width=\"300\" height=\"132\" srcset=\"https:\/\/www.technidor.com\/wp-content\/uploads\/2018\/02\/EDINAMICA_3_SELLOS-MEC_GULLIVER-300x132.jpg 300w, https:\/\/www.technidor.com\/wp-content\/uploads\/2018\/02\/EDINAMICA_3_SELLOS-MEC_GULLIVER.jpg 518w\" sizes=\"auto, (max-width: 300px) 100vw, 300px\" \/><\/p>\t\t\t<\/div>\n\t\t<\/div>\n\t\t\t\t<\/li>\n\t\t<\/ul>\t\t\t\t<ol class=\"sow-slider-pagination\">\n\t\t\t\t\t\t\t\t\t\t\t<li><a href=\"#\" data-goto=\"0\" aria-label=\"mostrar diapositiva 1\"><\/a><\/li>\n\t\t\t\t\t\t\t\t\t\t\t<li><a href=\"#\" data-goto=\"1\" aria-label=\"mostrar diapositiva 2\"><\/a><\/li>\n\t\t\t\t\t\t\t\t\t\t\t<li><a href=\"#\" data-goto=\"2\" aria-label=\"mostrar diapositiva 3\"><\/a><\/li>\n\t\t\t\t\t\t\t\t\t<\/ol>\n\n\t\t\t\t<div class=\"sow-slide-nav sow-slide-nav-next\">\n\t\t\t\t\t<a href=\"#\" data-goto=\"next\" aria-label=\"diapositiva siguiente\" data-action=\"next\">\n\t\t\t\t\t\t<em class=\"sow-sld-icon-thin-right\"><\/em>\n\t\t\t\t\t<\/a>\n\t\t\t\t<\/div>\n\n\t\t\t\t<div class=\"sow-slide-nav sow-slide-nav-prev\">\n\t\t\t\t\t<a href=\"#\" data-goto=\"previous\" aria-label=\"diapositiva anterior\" data-action=\"prev\">\n\t\t\t\t\t\t<em class=\"sow-sld-icon-thin-left\"><\/em>\n\t\t\t\t\t<\/a>\n\t\t\t\t<\/div>\n\t\t\t\t<\/div><\/div><\/div><div id=\"panel-553-0-0-1\" class=\"so-panel widget widget_media_gallery panel-last-child\" data-index=\"1\" >\n\t\t<style type=\"text\/css\">\n\t\t\t#gallery-1 {\n\t\t\t\tmargin: auto;\n\t\t\t}\n\t\t\t#gallery-1 .gallery-item {\n\t\t\t\tfloat: left;\n\t\t\t\tmargin-top: 10px;\n\t\t\t\ttext-align: center;\n\t\t\t\twidth: 100%;\n\t\t\t}\n\t\t\t#gallery-1 img {\n\t\t\t\tborder: 2px solid #cfcfcf;\n\t\t\t}\n\t\t\t#gallery-1 .gallery-caption {\n\t\t\t\tmargin-left: 0;\n\t\t\t}\n\t\t\t\/* see gallery_shortcode() in wp-includes\/media.php *\/\n\t\t<\/style>\n\t\t<div id='gallery-1' class='gallery galleryid-553 gallery-columns-1 gallery-size-thumbnail'><dl class='gallery-item'>\n\t\t\t<dt class='gallery-icon landscape'>\n\t\t\t\t<a href='https:\/\/www.technidor.com\/wp-content\/uploads\/2018\/02\/EDINAMICA_3_SELLOS-MEC_GPA.jpg'><img loading=\"lazy\" decoding=\"async\" width=\"150\" height=\"150\" src=\"https:\/\/www.technidor.com\/wp-content\/uploads\/2018\/02\/EDINAMICA_3_SELLOS-MEC_GPA-150x150.jpg\" class=\"attachment-thumbnail size-thumbnail\" alt=\"\" aria-describedby=\"gallery-1-611\" \/><\/a>\n\t\t\t<\/dt>\n\t\t\t\t<dd class='wp-caption-text gallery-caption' id='gallery-1-611'>\n\t\t\t\tCierres mec\u00e1nicos GPA\n\t\t\t\t<\/dd><\/dl><br style=\"clear: both\" \/><dl class='gallery-item'>\n\t\t\t<dt class='gallery-icon landscape'>\n\t\t\t\t<a href='https:\/\/www.technidor.com\/wp-content\/uploads\/2018\/02\/EDINAMICA_3_SELLOS-MEC_GULLIVER.jpg'><img loading=\"lazy\" decoding=\"async\" width=\"150\" height=\"150\" src=\"https:\/\/www.technidor.com\/wp-content\/uploads\/2018\/02\/EDINAMICA_3_SELLOS-MEC_GULLIVER-150x150.jpg\" class=\"attachment-thumbnail size-thumbnail\" alt=\"Cierres mec\u00e1nicos Gulliver\" aria-describedby=\"gallery-1-612\" \/><\/a>\n\t\t\t<\/dt>\n\t\t\t\t<dd class='wp-caption-text gallery-caption' id='gallery-1-612'>\n\t\t\t\tCierres mec\u00e1nicos GULLIVER\n\t\t\t\t<\/dd><\/dl><br style=\"clear: both\" \/>\n\t\t<\/div>\n<\/div><\/div><div id=\"pgc-553-0-1\"  class=\"panel-grid-cell\" ><div id=\"panel-553-0-1-0\" class=\"so-panel widget widget_sow-headline panel-first-child\" data-index=\"2\" ><div\n\t\t\t\n\t\t\tclass=\"so-widget-sow-headline so-widget-sow-headline-default-61edf8a06aeb-553\"\n\t\t\t\n\t\t><div class=\"sow-headline-container \">\n\t\t\t\t\t\t\t<h3 class=\"sow-headline\">\n\t\t\t\t\t\tLos Sellos mec\u00e1nicos se encuentran en todo proceso industrial donde se empleen fluidos. \t\t\t\t\t\t<\/h3>\n\t\t\t\t\t\t\t\t\t\t\t<div class=\"decoration\">\n\t\t\t\t\t\t<div class=\"decoration-inside\"><\/div>\n\t\t\t\t\t<\/div>\n\t\t\t\t\t<\/div>\n<\/div><\/div><div id=\"panel-553-0-1-1\" class=\"so-panel widget widget_text panel-last-child\" data-index=\"3\" ><h3 class=\"widget-title\">Los sellos mec\u00e1nicos consiste en 2 superficies planas y anulares de rozamiento, que est\u00e1n empuj\u00e1ndose una contra otra.<\/h3>\t\t\t<div class=\"textwidget\"><p>Una de ellas est\u00e1 insertada en la cajera de la m\u00e1quina (<strong>cara ESTACIONARIA<\/strong>), mientras que la otra est\u00e1 fijada al eje y gira solidaria con \u00e9l (<strong>cara ROTATIVA<\/strong>). La presi\u00f3n del fluido y un resorte empujan la cara rotativa contra la estacionaria. El fluido a sellar penetra entre ambas superficies de rozamiento formando una pel\u00edcula de lubricaci\u00f3n, la cual fluye entre las superficies constantemente, logr\u00e1ndose la operaci\u00f3n de sellado.<\/p>\n<p><a href=\"http:\/\/technetics.com\/products\/sealing-solutions\/mechanical-seals\/\"><img loading=\"lazy\" decoding=\"async\" class=\"size-medium wp-image-1941 alignright\" src=\"http:\/\/www.technidor.com\/wp-content\/uploads\/2018\/06\/Logo-Technetics-300x101.jpg\" alt=\"Technetics Juntas neumaticas Cefilair y sellos mecanicos\" width=\"300\" height=\"101\" srcset=\"https:\/\/www.technidor.com\/wp-content\/uploads\/2018\/06\/Logo-Technetics-300x101.jpg 300w, https:\/\/www.technidor.com\/wp-content\/uploads\/2018\/06\/Logo-Technetics-768x258.jpg 768w, https:\/\/www.technidor.com\/wp-content\/uploads\/2018\/06\/Logo-Technetics-640x215.jpg 640w, https:\/\/www.technidor.com\/wp-content\/uploads\/2018\/06\/Logo-Technetics.jpg 824w\" sizes=\"auto, (max-width: 300px) 100vw, 300px\" \/><\/a><\/p>\n<p>&nbsp;<\/p>\n<h3><\/h3>\n<h3><strong>Familia de SELLOS MEC\u00c1NICOS\u00a0 &#8211; TECHNETICS<\/strong><\/h3>\n<h4><strong>GPA\u00ae\u00a0para aplicaciones extremas: Abrasi\u00f3n \u2013 Corrosi\u00f3n &#8211; Clogging<\/strong><\/h4>\n<p>Se sustituye el muelle met\u00e1lico por una membrana que realiza la misma funci\u00f3n. La membrana asegura el contacto continuo entre caras, compensando el desgaste que pueda aparecer entre ellas; act\u00faa de cierre entre el elemento rotativo \/ camisa del eje y, por \u00faltimo, posiciona la parte rotativa en relaci\u00f3n al eje de la bomba, de forma que el giro sea perfectamente paralelo y ortogonal al eje.<\/p>\n<p><em><strong>++<\/strong><strong> Servicio reparaci\u00f3n<\/strong> para cierres mec\u00e1nicos <strong>GPA<\/strong><strong><sup>\u00ae<\/sup><\/strong> con la misma garant\u00eda que un sello original.<\/em><\/p>\n<h4><strong>GULLIVER\u00ae para aplicaciones menos severas.<\/strong><\/h4>\n<p><img loading=\"lazy\" decoding=\"async\" class=\"aligncenter wp-image-613\" title=\"Sellos mec\u00e1nicos Guilliver Technetics\" src=\"http:\/\/www.technidor.com\/wp-content\/uploads\/2018\/02\/EDINAMICA_3_SELLOS-MEC_varias-300x179.jpg\" alt=\"Sellos mec\u00e1nicos Guilliver Technetics\" width=\"312\" height=\"186\" srcset=\"https:\/\/www.technidor.com\/wp-content\/uploads\/2018\/02\/EDINAMICA_3_SELLOS-MEC_varias-300x179.jpg 300w, https:\/\/www.technidor.com\/wp-content\/uploads\/2018\/02\/EDINAMICA_3_SELLOS-MEC_varias-768x458.jpg 768w, https:\/\/www.technidor.com\/wp-content\/uploads\/2018\/02\/EDINAMICA_3_SELLOS-MEC_varias.jpg 782w\" sizes=\"auto, (max-width: 312px) 100vw, 312px\" \/><\/p>\n<p><strong>Aplicaciones habituales de los sellos mec\u00e1nicos:\u00a0<\/strong>Bombas &#8211; Agitadores &#8211; Juntas rotativas &#8211; Compresores de baja presi\u00f3n &#8211; Mezcladores<\/p>\n<p><a href=\"http:\/\/technetics.com\/products\/sealing-solutions\/mechanical-seals\/\"><img loading=\"lazy\" decoding=\"async\" class=\"alignright wp-image-610 size-full\" title=\"Sellos mec\u00e1nicos dibujo\" src=\"http:\/\/www.technidor.com\/wp-content\/uploads\/2018\/02\/EDINAMICA_3_SELLOS-MEC_equema.jpg\" alt=\"Sellos mec\u00e1nicos dibujo\" width=\"239\" height=\"285\" \/><\/a><\/p>\n<ol>\n<li>1. Cajera de bomba.<\/li>\n<li>2. Eje<\/li>\n<li>3. Fluido a sellar<\/li>\n<li>4. Atm\u00f3sfera (exterior )<\/li>\n<li>5. Cara <strong>ROTATIVA<\/strong><\/li>\n<li>6. Cara <strong>ESTACIONARIA<\/strong><\/li>\n<li>7. Pel\u00edcula lubricaci\u00f3n entre caras<\/li>\n<li>8. Muelle<\/li>\n<li>9. T\u00f3rica rotativa<\/li>\n<li>10. T\u00f3rica cara estacionaria<\/li>\n<\/ol>\n<p>&nbsp;<\/p>\n<p>&nbsp;<\/p>\n<\/div>\n\t\t<\/div><\/div><div id=\"pgc-553-0-2\"  class=\"panel-grid-cell\" ><div id=\"panel-553-0-2-0\" class=\"so-panel widget widget_sow-editor panel-first-child\" data-index=\"4\" ><div class=\"panel-widget-style panel-widget-style-for-553-0-2-0\" ><div\n\t\t\t\n\t\t\tclass=\"so-widget-sow-editor so-widget-sow-editor-base\"\n\t\t\t\n\t\t>\n<div class=\"siteorigin-widget-tinymce textwidget\">\n\t<h3 style=\"text-align: center;\">Necesitas m\u00e1s informaci\u00f3n?<\/h3>\n<p style=\"text-align: center;\">\n<div class=\"wpcf7 no-js\" id=\"wpcf7-f1642-o1\" lang=\"es-ES\" dir=\"ltr\" data-wpcf7-id=\"1642\">\n<div class=\"screen-reader-response\"><p role=\"status\" aria-live=\"polite\" aria-atomic=\"true\"><\/p> <ul><\/ul><\/div>\n<form action=\"\/index.php\/wp-json\/wp\/v2\/pages\/553#wpcf7-f1642-o1\" method=\"post\" class=\"wpcf7-form init\" aria-label=\"Formulario de contacto\" novalidate=\"novalidate\" data-status=\"init\">\n<fieldset class=\"hidden-fields-container\"><input type=\"hidden\" name=\"_wpcf7\" value=\"1642\" \/><input type=\"hidden\" name=\"_wpcf7_version\" value=\"6.1.5\" \/><input type=\"hidden\" name=\"_wpcf7_locale\" value=\"es_ES\" \/><input type=\"hidden\" name=\"_wpcf7_unit_tag\" value=\"wpcf7-f1642-o1\" \/><input type=\"hidden\" name=\"_wpcf7_container_post\" value=\"0\" \/><input type=\"hidden\" name=\"_wpcf7_posted_data_hash\" value=\"\" \/><input type=\"hidden\" name=\"_wpcf7_recaptcha_response\" value=\"\" \/>\n<\/fieldset>\n<p><label> Nombre (requerido)<br \/>\n<span class=\"wpcf7-form-control-wrap\" data-name=\"your-name\"><input size=\"40\" maxlength=\"400\" class=\"wpcf7-form-control wpcf7-text wpcf7-validates-as-required\" aria-required=\"true\" aria-invalid=\"false\" value=\"\" type=\"text\" name=\"your-name\" \/><\/span> <\/label>\n<\/p>\n<p><label> Tu correo electr\u00f3nico (requerido)<br \/>\n<span class=\"wpcf7-form-control-wrap\" data-name=\"your-email\"><input size=\"40\" maxlength=\"400\" class=\"wpcf7-form-control wpcf7-email wpcf7-validates-as-required wpcf7-text wpcf7-validates-as-email\" aria-required=\"true\" aria-invalid=\"false\" value=\"\" type=\"email\" name=\"your-email\" \/><\/span> <\/label>\n<\/p>\n<p><label> Tel\u00e9fono (requerido)<br \/>\n<span class=\"wpcf7-form-control-wrap\" data-name=\"Telefono\"><input size=\"40\" maxlength=\"400\" class=\"wpcf7-form-control wpcf7-tel wpcf7-validates-as-required wpcf7-text wpcf7-validates-as-tel\" aria-required=\"true\" aria-invalid=\"false\" value=\"\" type=\"tel\" name=\"Telefono\" \/><\/span> <\/label>\n<\/p>\n<p><label> Asunto<br \/>\n<span class=\"wpcf7-form-control-wrap\" data-name=\"your-subject\"><input size=\"40\" maxlength=\"400\" class=\"wpcf7-form-control wpcf7-text\" aria-invalid=\"false\" value=\"\" type=\"text\" name=\"your-subject\" \/><\/span> <\/label>\n<\/p>\n<p><label> Mensaje<br \/>\n<span class=\"wpcf7-form-control-wrap\" data-name=\"your-message\"><textarea cols=\"40\" rows=\"10\" maxlength=\"2000\" class=\"wpcf7-form-control wpcf7-textarea\" aria-invalid=\"false\" name=\"your-message\"><\/textarea><\/span> <\/label>\n<\/p>\n<p><small><b>Reglamento General de Protecci\u00f3n de Datos:<\/b><br \/>\nEn nombre de la empresa TECHNIDOR, S.L., propietaria del dominio web www.technidor.com y en virtud de lo establecido en el Reglamento General de Protecci\u00f3n de Datos (UE 1679\/2016) les informamos que tratamos los datos que nos facilita en el presente formulario con el fin de poder hacer efectiva su solicitud de informaci\u00f3n. Los datos proporcionados se conservar\u00e1n mientras se realiza el procesamiento de su solicitud y se le da respuesta. Usted tiene derecho a obtener confirmaci\u00f3n sobre si en TECHNIDOR, S.L. estamos tratando sus datos personales por tanto tiene derecho a acceder a sus datos personales, rectificar los inexactos o solicitar su supresi\u00f3n cuando ya no sean necesarios.<\/small>\n<\/p>\n<p><span class=\"wpcf7-form-control-wrap\" data-name=\"Consentimiento\"><span class=\"wpcf7-form-control wpcf7-acceptance\"><span class=\"wpcf7-list-item\"><label><input type=\"checkbox\" name=\"Consentimiento\" value=\"1\" aria-invalid=\"false\" \/><span class=\"wpcf7-list-item-label\">He le\u00eddo y acepto la pol\u00edtica de privacidad<\/span><\/label><\/span><\/span><\/span>\n<\/p>\n<p><input class=\"wpcf7-form-control wpcf7-submit has-spinner\" type=\"submit\" value=\"Solicitar informaci\u00f3n\" \/>\n<\/p><div class=\"wpcf7-response-output\" aria-hidden=\"true\"><\/div>\n<\/form>\n<\/div>\n<\/p>\n<\/div>\n<\/div><\/div><\/div><div id=\"panel-553-0-2-1\" class=\"so-panel widget widget_sow-editor\" data-index=\"5\" ><div\n\t\t\t\n\t\t\tclass=\"so-widget-sow-editor so-widget-sow-editor-base\"\n\t\t\t\n\t\t>\n<div class=\"siteorigin-widget-tinymce textwidget\">\n\t<\/div>\n<\/div><\/div><div id=\"panel-553-0-2-2\" class=\"so-panel widget widget_sow-editor panel-last-child\" data-index=\"6\" ><div class=\"panel-widget-style panel-widget-style-for-553-0-2-2\" ><div\n\t\t\t\n\t\t\tclass=\"so-widget-sow-editor so-widget-sow-editor-base\"\n\t\t\t\n\t\t>\n<div class=\"siteorigin-widget-tinymce textwidget\">\n\t<h3 style=\"text-align: center;\">Cat\u00e1logos disponibles<\/h3>\n<p style=\"text-align: center;\"><a href=\"http:\/\/www.technidor.com\/wp-content\/uploads\/2018\/06\/ESTANQUEIDAD_CATALOGO_SELLOS-MECANICOS_GPA_English_A4_low-res.pdf\" target=\"_blank\" rel=\"noopener\">ESTANQUEIDAD_CATALOGO_SELLOS MECANICOS_GPA_English<\/a><\/p>\n<p style=\"text-align: center;\"><a href=\"http:\/\/www.technidor.com\/wp-content\/uploads\/2018\/06\/ESTANQUEIDAD_CATALOGO_SELLOS-MECANICOS_Gulliver_English_low-res.pdf\" target=\"_blank\" rel=\"noopener\">ESTANQUEIDAD_CATALOGO_SELLOS MECANICOS_Gulliver_English<\/a><\/p>\n<\/div>\n<\/div><\/div><\/div><\/div><\/div><\/div>","protected":false},"excerpt":{"rendered":"<p>Una de ellas est\u00e1 insertada en la cajera de la m\u00e1quina (cara ESTACIONARIA), mientras que la otra est\u00e1 fijada al eje y gira solidaria con \u00e9l (cara ROTATIVA). La presi\u00f3n del fluido y un resorte empujan la cara rotativa contra la estacionaria. El fluido a sellar penetra entre ambas superficies de rozamiento formando una pel\u00edcula&hellip;<\/p>\n<p class=\"more-link\"><a href=\"https:\/\/www.technidor.com\/index.php\/estanqueidad-dinamica-y-estatica\/estanqueidad-dinamica\/sellos-mecanicos\/\" class=\"themebutton2\">Leer m\u00e1s<\/a><\/p>\n","protected":false},"author":2,"featured_media":609,"parent":180,"menu_order":4,"comment_status":"closed","ping_status":"closed","template":"","meta":{"_uf_show_specific_survey":0,"_uf_disable_surveys":false,"footnotes":""},"class_list":["post-553","page","type-page","status-publish","has-post-thumbnail","hentry"],"aioseo_notices":[],"_links":{"self":[{"href":"https:\/\/www.technidor.com\/index.php\/wp-json\/wp\/v2\/pages\/553","targetHints":{"allow":["GET"]}}],"collection":[{"href":"https:\/\/www.technidor.com\/index.php\/wp-json\/wp\/v2\/pages"}],"about":[{"href":"https:\/\/www.technidor.com\/index.php\/wp-json\/wp\/v2\/types\/page"}],"author":[{"embeddable":true,"href":"https:\/\/www.technidor.com\/index.php\/wp-json\/wp\/v2\/users\/2"}],"replies":[{"embeddable":true,"href":"https:\/\/www.technidor.com\/index.php\/wp-json\/wp\/v2\/comments?post=553"}],"version-history":[{"count":42,"href":"https:\/\/www.technidor.com\/index.php\/wp-json\/wp\/v2\/pages\/553\/revisions"}],"predecessor-version":[{"id":2001,"href":"https:\/\/www.technidor.com\/index.php\/wp-json\/wp\/v2\/pages\/553\/revisions\/2001"}],"up":[{"embeddable":true,"href":"https:\/\/www.technidor.com\/index.php\/wp-json\/wp\/v2\/pages\/180"}],"wp:featuredmedia":[{"embeddable":true,"href":"https:\/\/www.technidor.com\/index.php\/wp-json\/wp\/v2\/media\/609"}],"wp:attachment":[{"href":"https:\/\/www.technidor.com\/index.php\/wp-json\/wp\/v2\/media?parent=553"}],"curies":[{"name":"wp","href":"https:\/\/api.w.org\/{rel}","templated":true}]}}