{"id":559,"date":"2018-01-24T08:51:19","date_gmt":"2018-01-24T08:51:19","guid":{"rendered":"http:\/\/www.technidor.com\/?page_id=559"},"modified":"2022-09-30T12:25:36","modified_gmt":"2022-09-30T12:25:36","slug":"materiales-para-juntas-ptfe-juntas-gylon","status":"publish","type":"page","link":"https:\/\/www.technidor.com\/index.php\/estanqueidad-dinamica-y-estatica\/estanqueidad-estatica\/materiales-para-juntas-ptfe-juntas-gylon\/","title":{"rendered":"Materiales para Juntas &#8211; PTFE &#8211; Juntas Gylon \u00ae"},"content":{"rendered":"<div id=\"pl-559\"  class=\"panel-layout\" ><div id=\"pg-559-0\"  class=\"panel-grid panel-no-style\" ><div id=\"pgc-559-0-0\"  class=\"panel-grid-cell\" ><div id=\"panel-559-0-0-0\" class=\"so-panel widget widget_sow-hero panel-first-child\" data-index=\"0\" ><div\n\t\t\t\n\t\t\tclass=\"so-widget-sow-hero so-widget-sow-hero-default-eb77c8863727-559 so-widget-fittext-wrapper\"\n\t\t\t data-fit-text-compressor=\"0.85\"\n\t\t>\t\t\t\t<div class=\"sow-slider-base\" style=\"display: none\" tabindex=\"0\">\n\t\t\t\t\t<ul\n\t\t\t\t\tclass=\"sow-slider-images\"\n\t\t\t\t\tdata-settings=\"{&quot;pagination&quot;:true,&quot;speed&quot;:800,&quot;timeout&quot;:8000,&quot;paused&quot;:false,&quot;pause_on_hover&quot;:false,&quot;swipe&quot;:true,&quot;nav_always_show_desktop&quot;:&quot;&quot;,&quot;nav_always_show_mobile&quot;:&quot;&quot;,&quot;breakpoint&quot;:&quot;780px&quot;,&quot;unmute&quot;:false,&quot;anchor&quot;:null}\"\n\t\t\t\t\t\t\t\t\t\tdata-anchor-id=\"\"\n\t\t\t\t>\t\t<li class=\"sow-slider-image\" style=\"visibility: visible;;background-color: #ffffff\" >\n\t\t\t\t\t<div class=\"sow-slider-image-container\">\n\t\t\t<div class=\"sow-slider-image-wrapper\">\n\t\t\t\t<p><img loading=\"lazy\" decoding=\"async\" class=\"aligncenter wp-image-766 size-medium\" title=\"Familia PTFE reestructurado\" src=\"http:\/\/www.technidor.com\/wp-content\/uploads\/2018\/02\/GylonGroup-300x225.png\" alt=\"\" width=\"300\" height=\"225\" srcset=\"https:\/\/www.technidor.com\/wp-content\/uploads\/2018\/02\/GylonGroup-300x225.png 300w, https:\/\/www.technidor.com\/wp-content\/uploads\/2018\/02\/GylonGroup-768x576.png 768w, https:\/\/www.technidor.com\/wp-content\/uploads\/2018\/02\/GylonGroup-1024x768.png 1024w, https:\/\/www.technidor.com\/wp-content\/uploads\/2018\/02\/GylonGroup.png 1200w\" sizes=\"auto, (max-width: 300px) 100vw, 300px\" \/><\/p>\n\t\t\t<\/div>\n\t\t<\/div>\n\t\t\t\t<\/li>\n\t\t\t\t<li class=\"sow-slider-image\" style=\"visibility: hidden;;background-color: #ffffff\" >\n\t\t\t\t\t<div class=\"sow-slider-image-container\">\n\t\t\t<div class=\"sow-slider-image-wrapper\">\n\t\t\t\t<p><img loading=\"lazy\" decoding=\"async\" class=\"aligncenter wp-image-633 size-medium\" title=\"Gylon 3510\" src=\"http:\/\/www.technidor.com\/wp-content\/uploads\/2018\/02\/Style-3545-300x225.jpg\" alt=\"\" width=\"300\" height=\"225\" srcset=\"https:\/\/www.technidor.com\/wp-content\/uploads\/2018\/02\/Style-3545-300x225.jpg 300w, https:\/\/www.technidor.com\/wp-content\/uploads\/2018\/02\/Style-3545.jpg 740w\" sizes=\"auto, (max-width: 300px) 100vw, 300px\" \/><\/p>\n\t\t\t<\/div>\n\t\t<\/div>\n\t\t\t\t<\/li>\n\t\t\t\t<li class=\"sow-slider-image\" style=\"visibility: hidden;;background-color: #ffffff\" >\n\t\t\t\t\t<div class=\"sow-slider-image-container\">\n\t\t\t<div class=\"sow-slider-image-wrapper\">\n\t\t\t\t<p><img loading=\"lazy\" decoding=\"async\" class=\"aligncenter wp-image-628 size-medium\" title=\"Gylon 3501\" src=\"http:\/\/www.technidor.com\/wp-content\/uploads\/2018\/02\/Gasket3500-300x225.jpg\" alt=\"\" width=\"300\" height=\"225\" srcset=\"https:\/\/www.technidor.com\/wp-content\/uploads\/2018\/02\/Gasket3500-300x225.jpg 300w, https:\/\/www.technidor.com\/wp-content\/uploads\/2018\/02\/Gasket3500.jpg 740w\" sizes=\"auto, (max-width: 300px) 100vw, 300px\" \/><\/p>\n\t\t\t<\/div>\n\t\t<\/div>\n\t\t\t\t<\/li>\n\t\t\t\t<li class=\"sow-slider-image\" style=\"visibility: hidden;;background-color: #ffffff\" >\n\t\t\t\t\t<div class=\"sow-slider-image-container\">\n\t\t\t<div class=\"sow-slider-image-wrapper\">\n\t\t\t\t<p><img loading=\"lazy\" decoding=\"async\" class=\"aligncenter wp-image-629 size-medium\" title=\"Gylon 3504 Azul\" src=\"http:\/\/www.technidor.com\/wp-content\/uploads\/2018\/02\/Gylon3504hi-220x300.jpg\" alt=\"\" width=\"220\" height=\"300\" srcset=\"https:\/\/www.technidor.com\/wp-content\/uploads\/2018\/02\/Gylon3504hi-220x300.jpg 220w, https:\/\/www.technidor.com\/wp-content\/uploads\/2018\/02\/Gylon3504hi-768x1048.jpg 768w, https:\/\/www.technidor.com\/wp-content\/uploads\/2018\/02\/Gylon3504hi-750x1024.jpg 750w, https:\/\/www.technidor.com\/wp-content\/uploads\/2018\/02\/Gylon3504hi.jpg 1319w\" sizes=\"auto, (max-width: 220px) 100vw, 220px\" \/><\/p>\n\t\t\t<\/div>\n\t\t<\/div>\n\t\t\t\t<\/li>\n\t\t\t\t<li class=\"sow-slider-image\" style=\"visibility: hidden;;background-color: #ffffff\" >\n\t\t\t\t\t<div class=\"sow-slider-image-container\">\n\t\t\t<div class=\"sow-slider-image-wrapper\">\n\t\t\t\t<p><img loading=\"lazy\" decoding=\"async\" class=\"aligncenter wp-image-630 size-medium\" title=\"Gylon 3510 blanco\" src=\"http:\/\/www.technidor.com\/wp-content\/uploads\/2018\/02\/Gylon3510hi-217x300.jpg\" alt=\"\" width=\"217\" height=\"300\" srcset=\"https:\/\/www.technidor.com\/wp-content\/uploads\/2018\/02\/Gylon3510hi-217x300.jpg 217w, https:\/\/www.technidor.com\/wp-content\/uploads\/2018\/02\/Gylon3510hi-768x1060.jpg 768w, https:\/\/www.technidor.com\/wp-content\/uploads\/2018\/02\/Gylon3510hi-742x1024.jpg 742w, https:\/\/www.technidor.com\/wp-content\/uploads\/2018\/02\/Gylon3510hi.jpg 1304w\" sizes=\"auto, (max-width: 217px) 100vw, 217px\" \/><\/p>\n\t\t\t<\/div>\n\t\t<\/div>\n\t\t\t\t<\/li>\n\t\t<\/ul>\t\t\t\t<ol class=\"sow-slider-pagination\">\n\t\t\t\t\t\t\t\t\t\t\t<li><a href=\"#\" data-goto=\"0\" aria-label=\"mostrar diapositiva 1\"><\/a><\/li>\n\t\t\t\t\t\t\t\t\t\t\t<li><a href=\"#\" data-goto=\"1\" aria-label=\"mostrar diapositiva 2\"><\/a><\/li>\n\t\t\t\t\t\t\t\t\t\t\t<li><a href=\"#\" data-goto=\"2\" aria-label=\"mostrar diapositiva 3\"><\/a><\/li>\n\t\t\t\t\t\t\t\t\t\t\t<li><a href=\"#\" data-goto=\"3\" aria-label=\"mostrar diapositiva 4\"><\/a><\/li>\n\t\t\t\t\t\t\t\t\t\t\t<li><a href=\"#\" data-goto=\"4\" aria-label=\"mostrar diapositiva 5\"><\/a><\/li>\n\t\t\t\t\t\t\t\t\t<\/ol>\n\n\t\t\t\t<div class=\"sow-slide-nav sow-slide-nav-next\">\n\t\t\t\t\t<a href=\"#\" data-goto=\"next\" aria-label=\"diapositiva siguiente\" data-action=\"next\">\n\t\t\t\t\t\t<em class=\"sow-sld-icon-thin-right\"><\/em>\n\t\t\t\t\t<\/a>\n\t\t\t\t<\/div>\n\n\t\t\t\t<div class=\"sow-slide-nav sow-slide-nav-prev\">\n\t\t\t\t\t<a href=\"#\" data-goto=\"previous\" aria-label=\"diapositiva anterior\" data-action=\"prev\">\n\t\t\t\t\t\t<em class=\"sow-sld-icon-thin-left\"><\/em>\n\t\t\t\t\t<\/a>\n\t\t\t\t<\/div>\n\t\t\t\t<\/div><\/div><\/div><div id=\"panel-559-0-0-1\" class=\"so-panel widget widget_media_gallery panel-last-child\" data-index=\"1\" >\n\t\t<style type=\"text\/css\">\n\t\t\t#gallery-1 {\n\t\t\t\tmargin: auto;\n\t\t\t}\n\t\t\t#gallery-1 .gallery-item {\n\t\t\t\tfloat: left;\n\t\t\t\tmargin-top: 10px;\n\t\t\t\ttext-align: center;\n\t\t\t\twidth: 33%;\n\t\t\t}\n\t\t\t#gallery-1 img {\n\t\t\t\tborder: 2px solid #cfcfcf;\n\t\t\t}\n\t\t\t#gallery-1 .gallery-caption {\n\t\t\t\tmargin-left: 0;\n\t\t\t}\n\t\t\t\/* see gallery_shortcode() in wp-includes\/media.php *\/\n\t\t<\/style>\n\t\t<div id='gallery-1' class='gallery galleryid-559 gallery-columns-3 gallery-size-thumbnail'><dl class='gallery-item'>\n\t\t\t<dt class='gallery-icon landscape'>\n\t\t\t\t<a href='https:\/\/www.technidor.com\/wp-content\/uploads\/2018\/02\/Style-3545.jpg'><img loading=\"lazy\" decoding=\"async\" width=\"150\" height=\"150\" src=\"https:\/\/www.technidor.com\/wp-content\/uploads\/2018\/02\/Style-3545-150x150.jpg\" class=\"attachment-thumbnail size-thumbnail\" alt=\"Gylon 3545\" aria-describedby=\"gallery-1-633\" \/><\/a>\n\t\t\t<\/dt>\n\t\t\t\t<dd class='wp-caption-text gallery-caption' id='gallery-1-633'>\n\t\t\t\tGylon 3545\n\t\t\t\t<\/dd><\/dl><dl class='gallery-item'>\n\t\t\t<dt class='gallery-icon landscape'>\n\t\t\t\t<a href='https:\/\/www.technidor.com\/wp-content\/uploads\/2018\/02\/Style-3510.jpg'><img loading=\"lazy\" decoding=\"async\" width=\"150\" height=\"150\" src=\"https:\/\/www.technidor.com\/wp-content\/uploads\/2018\/02\/Style-3510-150x150.jpg\" class=\"attachment-thumbnail size-thumbnail\" alt=\"Gylon 3510\" aria-describedby=\"gallery-1-632\" \/><\/a>\n\t\t\t<\/dt>\n\t\t\t\t<dd class='wp-caption-text gallery-caption' id='gallery-1-632'>\n\t\t\t\tGylon 3510 \n\t\t\t\t<\/dd><\/dl><dl class='gallery-item'>\n\t\t\t<dt class='gallery-icon landscape'>\n\t\t\t\t<a href='https:\/\/www.technidor.com\/wp-content\/uploads\/2018\/02\/Style-3504.jpg'><img loading=\"lazy\" decoding=\"async\" width=\"150\" height=\"150\" src=\"https:\/\/www.technidor.com\/wp-content\/uploads\/2018\/02\/Style-3504-150x150.jpg\" class=\"attachment-thumbnail size-thumbnail\" alt=\"Gylon 3504\" aria-describedby=\"gallery-1-631\" \/><\/a>\n\t\t\t<\/dt>\n\t\t\t\t<dd class='wp-caption-text gallery-caption' id='gallery-1-631'>\n\t\t\t\tGylon 3504\n\t\t\t\t<\/dd><\/dl><br style=\"clear: both\" \/><dl class='gallery-item'>\n\t\t\t<dt class='gallery-icon landscape'>\n\t\t\t\t<a href='https:\/\/www.technidor.com\/wp-content\/uploads\/2018\/02\/Gasket3500.jpg'><img loading=\"lazy\" decoding=\"async\" width=\"150\" height=\"150\" src=\"https:\/\/www.technidor.com\/wp-content\/uploads\/2018\/02\/Gasket3500-150x150.jpg\" class=\"attachment-thumbnail size-thumbnail\" alt=\"Gylon 3500\" aria-describedby=\"gallery-1-628\" \/><\/a>\n\t\t\t<\/dt>\n\t\t\t\t<dd class='wp-caption-text gallery-caption' id='gallery-1-628'>\n\t\t\t\tGylon 3500\n\t\t\t\t<\/dd><\/dl><dl class='gallery-item'>\n\t\t\t<dt class='gallery-icon landscape'>\n\t\t\t\t<a href='https:\/\/www.technidor.com\/wp-content\/uploads\/2018\/02\/GYLON_Style-3501_1200x900.jpg'><img loading=\"lazy\" decoding=\"async\" width=\"150\" height=\"150\" src=\"https:\/\/www.technidor.com\/wp-content\/uploads\/2018\/02\/GYLON_Style-3501_1200x900-150x150.jpg\" class=\"attachment-thumbnail size-thumbnail\" alt=\"Gylon 3501\" aria-describedby=\"gallery-1-627\" \/><\/a>\n\t\t\t<\/dt>\n\t\t\t\t<dd class='wp-caption-text gallery-caption' id='gallery-1-627'>\n\t\t\t\tGylon 3501\n\t\t\t\t<\/dd><\/dl><dl class='gallery-item'>\n\t\t\t<dt class='gallery-icon landscape'>\n\t\t\t\t<a href='https:\/\/www.technidor.com\/wp-content\/uploads\/2018\/02\/GylonGroup.png'><img loading=\"lazy\" decoding=\"async\" width=\"150\" height=\"150\" src=\"https:\/\/www.technidor.com\/wp-content\/uploads\/2018\/02\/GylonGroup-150x150.png\" class=\"attachment-thumbnail size-thumbnail\" alt=\"Familia PTFE Reestructurado\" aria-describedby=\"gallery-1-766\" \/><\/a>\n\t\t\t<\/dt>\n\t\t\t\t<dd class='wp-caption-text gallery-caption' id='gallery-1-766'>\n\t\t\t\tFamilia PTFE Reestructurado\n\t\t\t\t<\/dd><\/dl><br style=\"clear: both\" \/>\n\t\t<\/div>\n<\/div><\/div><div id=\"pgc-559-0-1\"  class=\"panel-grid-cell\" ><div id=\"panel-559-0-1-0\" class=\"so-panel widget widget_sow-headline panel-first-child\" data-index=\"2\" ><div\n\t\t\t\n\t\t\tclass=\"so-widget-sow-headline so-widget-sow-headline-default-db03b2acec36-559\"\n\t\t\t\n\t\t><div class=\"sow-headline-container \">\n\t\t\t\t\t\t\t<h3 class=\"sow-headline\">\n\t\t\t\t\t\tLas juntas GYLON \u00ae de Garlock\u00ae son una familia de materiales para juntas de PTFE Reestructurado, apto para aplicaciones extremas de trabajo, tanto en temperaturas como resistencia qu\u00edmica y excelente estabilidad dimensional bajo carga\t\t\t\t\t\t<\/h3>\n\t\t\t\t\t\t\t\t\t\t\t<div class=\"decoration\">\n\t\t\t\t\t\t<div class=\"decoration-inside\"><\/div>\n\t\t\t\t\t<\/div>\n\t\t\t\t\t\t\t\t\t\t\t<h3 class=\"sow-sub-headline\">\n\t\t\t\t\t\tLas juntas GYLON \u00ae son fabricadas utilizando un proceso patentado que imparte propiedades f\u00edsicas \u00fanicas que no pueden obtenerse a trav\u00e9s de los m\u00e9todos de fabricaci\u00f3n convencionales.\t\t\t\t\t\t<\/h3>\n\t\t\t\t\t\t<\/div>\n<\/div><\/div><div id=\"panel-559-0-1-1\" class=\"so-panel widget widget_sow-editor panel-last-child\" data-index=\"3\" ><div\n\t\t\t\n\t\t\tclass=\"so-widget-sow-editor so-widget-sow-editor-base\"\n\t\t\t\n\t\t>\n<div class=\"siteorigin-widget-tinymce textwidget\">\n\t<p><strong>Sus principales caracter\u00edsticas son las siguientes:<\/strong><\/p>\n<ul>\n<li>Excelente resistencia qu\u00edmica;<\/li>\n<li>Baja relajaci\u00f3n por fluencia;<\/li>\n<li>Excelente estabilidad dimensional bajo carga;<\/li>\n<li>Anti-adherente;<\/li>\n<li>No absorbe humedad;<\/li>\n<li>Resistente a la intemperie, a la radiaci\u00f3n solar y a la radiaci\u00f3n UV;<\/li>\n<li>Admite condiciones de trabajo en base a alta presi\u00f3n y elevada temperatura;<\/li>\n<li>Estabilidad t\u00e9rmica comprendida entre -268 \u00baC y +260 \u00baC;<\/li>\n<li>Bajo coeficiente de fricci\u00f3n;<\/li>\n<li>Buenas propiedades diel\u00e9ctricas;<\/li>\n<li>Inocuidad fisiol\u00f3gica;<\/li>\n<\/ul>\n<p>&nbsp;<\/p>\n<p><strong><u>FORMATOS<\/u><\/strong><\/p>\n<ul>\n<li><strong>Planchas<\/strong> en diferentes medidas siendo la standard 1500 x 1500 mm<\/li>\n<li><strong>Juntas cortadas<\/strong> medidas standard seg\u00fan normativas y en medidas especiales seg\u00fan planos o muestras facilitadas.<\/li>\n<li><strong>Diferentes espesores<\/strong> : 0,8mm 1,6mm 2mm 3,2mm 4,8mm y 6,4 mm<\/li>\n<\/ul>\n<p>&nbsp;<\/p>\n<p><strong><u>TIPOS DE PTFE<\/u><\/strong><\/p>\n<p>Disponible diferentes tipos de PTFE seg\u00fan los aditivos a\u00f1adidos que mejoran sus propiedades :<\/p>\n<p><span style=\"color: #ff9900;\"><em>S\u00edlica<\/em>.<\/span> Material de uso general. Recomendado para \u00e1lcalis, disolventes, combustibles y vapor. Particularmente adecuado para \u00e1cidos fuertes. Es la primera opci\u00f3n en la mayor parte de aplicaciones de la industria de proceso<\/p>\n<p><span style=\"color: #3366ff;\"><em>Microesferas de vidrio<\/em><\/span>. Material altamente compresible y flexible. Adecuado para aplicaciones de bajo par de apriete (tuber\u00edas de vidrio, esmaltadas, de PVC etc...)<\/p>\n<p><em>Sulfato de bario<\/em>. Material con la m\u00e1s amplia resistencia qu\u00edmica incluyendo cloro, \u00e1cido fluorh\u00eddrico y fluoruro de aluminio. Inhibe la polimerizaci\u00f3n de mon\u00f3meros (<em>\u201cpop-corning\u201d<\/em>).<\/p>\n<p>En aquellas instalaciones cuyas bridas est\u00e1n envejecidas y sufren graves problemas de paralelismo en sus caras, el <strong>PTFE expandido multidireccionalmente<\/strong> es una muy buena soluci\u00f3n. Se fabrica a partir de PTFE virgen y se adapta perfectamente a la superficie de alojamiento, permitiendo una elevada compresibilidad y manteniendo una gran resistencia qu\u00edmica a la mayor\u00eda de sustancias.<\/p>\n<p><strong><em>Homologaciones: TA-Luft - Blow-Out-Test - FDA -\u00a0<\/em>EU 1935\/2004 - USP Plastic Class VI - Germanischer Lloyd - BAM (Oxygen) - DVGW - WRc<\/strong><\/p>\n<\/div>\n<\/div><\/div><\/div><div id=\"pgc-559-0-2\"  class=\"panel-grid-cell\" ><div id=\"panel-559-0-2-0\" class=\"so-panel widget widget_sow-editor panel-first-child panel-last-child\" data-index=\"4\" ><div class=\"panel-widget-style panel-widget-style-for-559-0-2-0\" ><div\n\t\t\t\n\t\t\tclass=\"so-widget-sow-editor so-widget-sow-editor-base\"\n\t\t\t\n\t\t>\n<div class=\"siteorigin-widget-tinymce textwidget\">\n\t<h3 style=\"text-align: center;\">Necesitas m\u00e1s informaci\u00f3n?<\/h3>\n<p style=\"text-align: center;\">\n<div class=\"wpcf7 no-js\" id=\"wpcf7-f1642-o1\" lang=\"es-ES\" dir=\"ltr\" data-wpcf7-id=\"1642\">\n<div class=\"screen-reader-response\"><p role=\"status\" aria-live=\"polite\" aria-atomic=\"true\"><\/p> <ul><\/ul><\/div>\n<form action=\"\/index.php\/wp-json\/wp\/v2\/pages\/559#wpcf7-f1642-o1\" method=\"post\" class=\"wpcf7-form init\" aria-label=\"Formulario de contacto\" novalidate=\"novalidate\" data-status=\"init\">\n<fieldset class=\"hidden-fields-container\"><input type=\"hidden\" name=\"_wpcf7\" value=\"1642\" \/><input type=\"hidden\" name=\"_wpcf7_version\" value=\"6.1.5\" \/><input type=\"hidden\" name=\"_wpcf7_locale\" value=\"es_ES\" \/><input type=\"hidden\" name=\"_wpcf7_unit_tag\" value=\"wpcf7-f1642-o1\" \/><input type=\"hidden\" name=\"_wpcf7_container_post\" value=\"0\" \/><input type=\"hidden\" name=\"_wpcf7_posted_data_hash\" value=\"\" \/><input type=\"hidden\" name=\"_wpcf7_recaptcha_response\" value=\"\" \/>\n<\/fieldset>\n<p><label> Nombre (requerido)<br \/>\n<span class=\"wpcf7-form-control-wrap\" data-name=\"your-name\"><input size=\"40\" maxlength=\"400\" class=\"wpcf7-form-control wpcf7-text wpcf7-validates-as-required\" aria-required=\"true\" aria-invalid=\"false\" value=\"\" type=\"text\" name=\"your-name\" \/><\/span> <\/label>\n<\/p>\n<p><label> Tu correo electr\u00f3nico (requerido)<br \/>\n<span class=\"wpcf7-form-control-wrap\" data-name=\"your-email\"><input size=\"40\" maxlength=\"400\" class=\"wpcf7-form-control wpcf7-email wpcf7-validates-as-required wpcf7-text wpcf7-validates-as-email\" aria-required=\"true\" aria-invalid=\"false\" value=\"\" type=\"email\" name=\"your-email\" \/><\/span> <\/label>\n<\/p>\n<p><label> Tel\u00e9fono (requerido)<br \/>\n<span class=\"wpcf7-form-control-wrap\" data-name=\"Telefono\"><input size=\"40\" maxlength=\"400\" class=\"wpcf7-form-control wpcf7-tel wpcf7-validates-as-required wpcf7-text wpcf7-validates-as-tel\" aria-required=\"true\" aria-invalid=\"false\" value=\"\" type=\"tel\" name=\"Telefono\" \/><\/span> <\/label>\n<\/p>\n<p><label> Asunto<br \/>\n<span class=\"wpcf7-form-control-wrap\" data-name=\"your-subject\"><input size=\"40\" maxlength=\"400\" class=\"wpcf7-form-control wpcf7-text\" aria-invalid=\"false\" value=\"\" type=\"text\" name=\"your-subject\" \/><\/span> <\/label>\n<\/p>\n<p><label> Mensaje<br \/>\n<span class=\"wpcf7-form-control-wrap\" data-name=\"your-message\"><textarea cols=\"40\" rows=\"10\" maxlength=\"2000\" class=\"wpcf7-form-control wpcf7-textarea\" aria-invalid=\"false\" name=\"your-message\"><\/textarea><\/span> <\/label>\n<\/p>\n<p><small><b>Reglamento General de Protecci\u00f3n de Datos:<\/b><br \/>\nEn nombre de la empresa TECHNIDOR, S.L., propietaria del dominio web www.technidor.com y en virtud de lo establecido en el Reglamento General de Protecci\u00f3n de Datos (UE 1679\/2016) les informamos que tratamos los datos que nos facilita en el presente formulario con el fin de poder hacer efectiva su solicitud de informaci\u00f3n. Los datos proporcionados se conservar\u00e1n mientras se realiza el procesamiento de su solicitud y se le da respuesta. Usted tiene derecho a obtener confirmaci\u00f3n sobre si en TECHNIDOR, S.L. estamos tratando sus datos personales por tanto tiene derecho a acceder a sus datos personales, rectificar los inexactos o solicitar su supresi\u00f3n cuando ya no sean necesarios.<\/small>\n<\/p>\n<p><span class=\"wpcf7-form-control-wrap\" data-name=\"Consentimiento\"><span class=\"wpcf7-form-control wpcf7-acceptance\"><span class=\"wpcf7-list-item\"><label><input type=\"checkbox\" name=\"Consentimiento\" value=\"1\" aria-invalid=\"false\" \/><span class=\"wpcf7-list-item-label\">He le\u00eddo y acepto la pol\u00edtica de privacidad<\/span><\/label><\/span><\/span><\/span>\n<\/p>\n<p><input class=\"wpcf7-form-control wpcf7-submit has-spinner\" type=\"submit\" value=\"Solicitar informaci\u00f3n\" \/>\n<\/p><div class=\"wpcf7-response-output\" aria-hidden=\"true\"><\/div>\n<\/form>\n<\/div>\n<\/p>\n<\/div>\n<\/div><\/div><\/div><\/div><\/div><\/div>","protected":false},"excerpt":{"rendered":"<p>Sus principales caracter\u00edsticas son las siguientes: Excelente resistencia qu\u00edmica; Baja relajaci\u00f3n por fluencia; Excelente estabilidad dimensional bajo carga; Anti-adherente; No absorbe humedad; Resistente a la intemperie, a la radiaci\u00f3n solar y a la radiaci\u00f3n UV; Admite condiciones de trabajo en base a alta presi\u00f3n y elevada temperatura; Estabilidad t\u00e9rmica comprendida entre -268 \u00baC y +260&hellip;<\/p>\n<p class=\"more-link\"><a href=\"https:\/\/www.technidor.com\/index.php\/estanqueidad-dinamica-y-estatica\/estanqueidad-estatica\/materiales-para-juntas-ptfe-juntas-gylon\/\" class=\"themebutton2\">Leer m\u00e1s<\/a><\/p>\n","protected":false},"author":2,"featured_media":766,"parent":182,"menu_order":1,"comment_status":"closed","ping_status":"closed","template":"","meta":{"_uf_show_specific_survey":0,"_uf_disable_surveys":false,"footnotes":""},"class_list":["post-559","page","type-page","status-publish","has-post-thumbnail","hentry"],"aioseo_notices":[],"_links":{"self":[{"href":"https:\/\/www.technidor.com\/index.php\/wp-json\/wp\/v2\/pages\/559","targetHints":{"allow":["GET"]}}],"collection":[{"href":"https:\/\/www.technidor.com\/index.php\/wp-json\/wp\/v2\/pages"}],"about":[{"href":"https:\/\/www.technidor.com\/index.php\/wp-json\/wp\/v2\/types\/page"}],"author":[{"embeddable":true,"href":"https:\/\/www.technidor.com\/index.php\/wp-json\/wp\/v2\/users\/2"}],"replies":[{"embeddable":true,"href":"https:\/\/www.technidor.com\/index.php\/wp-json\/wp\/v2\/comments?post=559"}],"version-history":[{"count":63,"href":"https:\/\/www.technidor.com\/index.php\/wp-json\/wp\/v2\/pages\/559\/revisions"}],"predecessor-version":[{"id":4596,"href":"https:\/\/www.technidor.com\/index.php\/wp-json\/wp\/v2\/pages\/559\/revisions\/4596"}],"up":[{"embeddable":true,"href":"https:\/\/www.technidor.com\/index.php\/wp-json\/wp\/v2\/pages\/182"}],"wp:featuredmedia":[{"embeddable":true,"href":"https:\/\/www.technidor.com\/index.php\/wp-json\/wp\/v2\/media\/766"}],"wp:attachment":[{"href":"https:\/\/www.technidor.com\/index.php\/wp-json\/wp\/v2\/media?parent=559"}],"curies":[{"name":"wp","href":"https:\/\/api.w.org\/{rel}","templated":true}]}}