{"id":561,"date":"2018-01-24T08:52:28","date_gmt":"2018-01-24T08:52:28","guid":{"rendered":"http:\/\/www.technidor.com\/?page_id=561"},"modified":"2018-05-14T16:43:07","modified_gmt":"2018-05-14T16:43:07","slug":"materiales-para-juntas-fibras-sinteticas","status":"publish","type":"page","link":"https:\/\/www.technidor.com\/index.php\/estanqueidad-dinamica-y-estatica\/estanqueidad-estatica\/materiales-para-juntas-fibras-sinteticas\/","title":{"rendered":"Materiales para Juntas &#8211; Fibras Sint\u00e9ticas e inorg\u00e1nicas"},"content":{"rendered":"<div id=\"pl-561\"  class=\"panel-layout\" ><div id=\"pg-561-0\"  class=\"panel-grid panel-no-style\" ><div id=\"pgc-561-0-0\"  class=\"panel-grid-cell\" ><div id=\"panel-561-0-0-0\" class=\"so-panel widget widget_sow-hero panel-first-child\" data-index=\"0\" ><div\n\t\t\t\n\t\t\tclass=\"so-widget-sow-hero so-widget-sow-hero-default-eb77c8863727-561 so-widget-fittext-wrapper\"\n\t\t\t data-fit-text-compressor=\"0.85\"\n\t\t>\t\t\t\t<div class=\"sow-slider-base\" style=\"display: none\" tabindex=\"0\">\n\t\t\t\t\t<ul\n\t\t\t\t\tclass=\"sow-slider-images\"\n\t\t\t\t\tdata-settings=\"{&quot;pagination&quot;:true,&quot;speed&quot;:800,&quot;timeout&quot;:8000,&quot;paused&quot;:false,&quot;pause_on_hover&quot;:false,&quot;swipe&quot;:true,&quot;nav_always_show_desktop&quot;:&quot;&quot;,&quot;nav_always_show_mobile&quot;:&quot;&quot;,&quot;breakpoint&quot;:&quot;780px&quot;,&quot;unmute&quot;:false,&quot;anchor&quot;:null}\"\n\t\t\t\t\t\t\t\t\t\tdata-anchor-id=\"\"\n\t\t\t\t>\t\t<li class=\"sow-slider-image\" style=\"visibility: visible;;background-color: #ffffff\" >\n\t\t\t\t\t<div class=\"sow-slider-image-container\">\n\t\t\t<div class=\"sow-slider-image-wrapper\">\n\t\t\t\t<p><img loading=\"lazy\" decoding=\"async\" class=\"size-medium wp-image-738 aligncenter\" src=\"http:\/\/www.technidor.com\/wp-content\/uploads\/2018\/02\/EESTATICA_MAT_Fibras-sint\u00e9ticas-BLUE-GARD-Family12x9-300x225.png\" alt=\"\" width=\"300\" height=\"225\" srcset=\"https:\/\/www.technidor.com\/wp-content\/uploads\/2018\/02\/EESTATICA_MAT_Fibras-sint\u00e9ticas-BLUE-GARD-Family12x9-300x225.png 300w, https:\/\/www.technidor.com\/wp-content\/uploads\/2018\/02\/EESTATICA_MAT_Fibras-sint\u00e9ticas-BLUE-GARD-Family12x9-768x576.png 768w, https:\/\/www.technidor.com\/wp-content\/uploads\/2018\/02\/EESTATICA_MAT_Fibras-sint\u00e9ticas-BLUE-GARD-Family12x9-1024x768.png 1024w, https:\/\/www.technidor.com\/wp-content\/uploads\/2018\/02\/EESTATICA_MAT_Fibras-sint\u00e9ticas-BLUE-GARD-Family12x9.png 1200w\" sizes=\"auto, (max-width: 300px) 100vw, 300px\" \/><\/p>\t\t\t<\/div>\n\t\t<\/div>\n\t\t\t\t<\/li>\n\t\t\t\t<li class=\"sow-slider-image\" style=\"visibility: hidden;;background-color: #ffffff\" >\n\t\t\t\t\t<div class=\"sow-slider-image-container\">\n\t\t\t<div class=\"sow-slider-image-wrapper\">\n\t\t\t\t<p><img loading=\"lazy\" decoding=\"async\" class=\"size-medium wp-image-861 aligncenter\" src=\"http:\/\/www.technidor.com\/wp-content\/uploads\/2018\/02\/papeloes_hid-300x192.png\" alt=\"\" width=\"300\" height=\"192\" srcset=\"https:\/\/www.technidor.com\/wp-content\/uploads\/2018\/02\/papeloes_hid-300x192.png 300w, https:\/\/www.technidor.com\/wp-content\/uploads\/2018\/02\/papeloes_hid.png 440w\" sizes=\"auto, (max-width: 300px) 100vw, 300px\" \/><\/p>\t\t\t<\/div>\n\t\t<\/div>\n\t\t\t\t<\/li>\n\t\t\t\t<li class=\"sow-slider-image\" style=\"visibility: hidden;;background-color: #ffffff\" >\n\t\t\t\t\t<div class=\"sow-slider-image-container\">\n\t\t\t<div class=\"sow-slider-image-wrapper\">\n\t\t\t\t<p><img loading=\"lazy\" decoding=\"async\" class=\"size-medium wp-image-933 aligncenter\" src=\"http:\/\/www.technidor.com\/wp-content\/uploads\/2018\/02\/InorganicFiberGasketing1200x900-300x225.png\" alt=\"\" width=\"300\" height=\"225\" srcset=\"https:\/\/www.technidor.com\/wp-content\/uploads\/2018\/02\/InorganicFiberGasketing1200x900-300x225.png 300w, https:\/\/www.technidor.com\/wp-content\/uploads\/2018\/02\/InorganicFiberGasketing1200x900-768x576.png 768w, https:\/\/www.technidor.com\/wp-content\/uploads\/2018\/02\/InorganicFiberGasketing1200x900-1024x768.png 1024w, https:\/\/www.technidor.com\/wp-content\/uploads\/2018\/02\/InorganicFiberGasketing1200x900.png 1200w\" sizes=\"auto, (max-width: 300px) 100vw, 300px\" \/><\/p>\t\t\t<\/div>\n\t\t<\/div>\n\t\t\t\t<\/li>\n\t\t\t\t<li class=\"sow-slider-image\" style=\"visibility: hidden;;background-color: #ffffff\" >\n\t\t\t\t\t<div class=\"sow-slider-image-container\">\n\t\t\t<div class=\"sow-slider-image-wrapper\">\n\t\t\t\t<p><img loading=\"lazy\" decoding=\"async\" class=\"size-medium wp-image-934 aligncenter\" src=\"http:\/\/www.technidor.com\/wp-content\/uploads\/2018\/02\/HIghTempGasketing_1200x900-300x225.png\" alt=\"\" width=\"300\" height=\"225\" srcset=\"https:\/\/www.technidor.com\/wp-content\/uploads\/2018\/02\/HIghTempGasketing_1200x900-300x225.png 300w, https:\/\/www.technidor.com\/wp-content\/uploads\/2018\/02\/HIghTempGasketing_1200x900-768x576.png 768w, https:\/\/www.technidor.com\/wp-content\/uploads\/2018\/02\/HIghTempGasketing_1200x900-1024x768.png 1024w, https:\/\/www.technidor.com\/wp-content\/uploads\/2018\/02\/HIghTempGasketing_1200x900.png 1200w\" sizes=\"auto, (max-width: 300px) 100vw, 300px\" \/><\/p>\t\t\t<\/div>\n\t\t<\/div>\n\t\t\t\t<\/li>\n\t\t\t\t<li class=\"sow-slider-image\" style=\"visibility: hidden;;background-color: #ffffff\" >\n\t\t\t\t\t<div class=\"sow-slider-image-container\">\n\t\t\t<div class=\"sow-slider-image-wrapper\">\n\t\t\t\t<p><img loading=\"lazy\" decoding=\"async\" class=\"size-medium wp-image-931 aligncenter\" src=\"http:\/\/www.technidor.com\/wp-content\/uploads\/2018\/02\/Style-9850_1200x900-300x225.jpg\" alt=\"\" width=\"300\" height=\"225\" srcset=\"https:\/\/www.technidor.com\/wp-content\/uploads\/2018\/02\/Style-9850_1200x900-300x225.jpg 300w, https:\/\/www.technidor.com\/wp-content\/uploads\/2018\/02\/Style-9850_1200x900.jpg 740w\" sizes=\"auto, (max-width: 300px) 100vw, 300px\" \/><\/p>\t\t\t<\/div>\n\t\t<\/div>\n\t\t\t\t<\/li>\n\t\t\t\t<li class=\"sow-slider-image\" style=\"visibility: hidden;;background-color: #ffffff\" >\n\t\t\t\t\t<div class=\"sow-slider-image-container\">\n\t\t\t<div class=\"sow-slider-image-wrapper\">\n\t\t\t\t<p><img loading=\"lazy\" decoding=\"async\" class=\"size-medium wp-image-932 aligncenter\" src=\"http:\/\/www.technidor.com\/wp-content\/uploads\/2018\/02\/Garlock-Style-9900_1200x900-300x225.jpg\" alt=\"\" width=\"300\" height=\"225\" srcset=\"https:\/\/www.technidor.com\/wp-content\/uploads\/2018\/02\/Garlock-Style-9900_1200x900-300x225.jpg 300w, https:\/\/www.technidor.com\/wp-content\/uploads\/2018\/02\/Garlock-Style-9900_1200x900.jpg 740w\" sizes=\"auto, (max-width: 300px) 100vw, 300px\" \/><\/p>\t\t\t<\/div>\n\t\t<\/div>\n\t\t\t\t<\/li>\n\t\t<\/ul>\t\t\t\t<ol class=\"sow-slider-pagination\">\n\t\t\t\t\t\t\t\t\t\t\t<li><a href=\"#\" data-goto=\"0\" aria-label=\"mostrar diapositiva 1\"><\/a><\/li>\n\t\t\t\t\t\t\t\t\t\t\t<li><a href=\"#\" data-goto=\"1\" aria-label=\"mostrar diapositiva 2\"><\/a><\/li>\n\t\t\t\t\t\t\t\t\t\t\t<li><a href=\"#\" data-goto=\"2\" aria-label=\"mostrar diapositiva 3\"><\/a><\/li>\n\t\t\t\t\t\t\t\t\t\t\t<li><a href=\"#\" data-goto=\"3\" aria-label=\"mostrar diapositiva 4\"><\/a><\/li>\n\t\t\t\t\t\t\t\t\t\t\t<li><a href=\"#\" data-goto=\"4\" aria-label=\"mostrar diapositiva 5\"><\/a><\/li>\n\t\t\t\t\t\t\t\t\t\t\t<li><a href=\"#\" data-goto=\"5\" aria-label=\"mostrar diapositiva 6\"><\/a><\/li>\n\t\t\t\t\t\t\t\t\t<\/ol>\n\n\t\t\t\t<div class=\"sow-slide-nav sow-slide-nav-next\">\n\t\t\t\t\t<a href=\"#\" data-goto=\"next\" aria-label=\"diapositiva siguiente\" data-action=\"next\">\n\t\t\t\t\t\t<em class=\"sow-sld-icon-thin-right\"><\/em>\n\t\t\t\t\t<\/a>\n\t\t\t\t<\/div>\n\n\t\t\t\t<div class=\"sow-slide-nav sow-slide-nav-prev\">\n\t\t\t\t\t<a href=\"#\" data-goto=\"previous\" aria-label=\"diapositiva anterior\" data-action=\"prev\">\n\t\t\t\t\t\t<em class=\"sow-sld-icon-thin-left\"><\/em>\n\t\t\t\t\t<\/a>\n\t\t\t\t<\/div>\n\t\t\t\t<\/div><\/div><\/div><div id=\"panel-561-0-0-1\" class=\"so-panel widget widget_media_gallery panel-last-child\" data-index=\"1\" >\n\t\t<style type=\"text\/css\">\n\t\t\t#gallery-1 {\n\t\t\t\tmargin: auto;\n\t\t\t}\n\t\t\t#gallery-1 .gallery-item {\n\t\t\t\tfloat: left;\n\t\t\t\tmargin-top: 10px;\n\t\t\t\ttext-align: center;\n\t\t\t\twidth: 33%;\n\t\t\t}\n\t\t\t#gallery-1 img {\n\t\t\t\tborder: 2px solid #cfcfcf;\n\t\t\t}\n\t\t\t#gallery-1 .gallery-caption {\n\t\t\t\tmargin-left: 0;\n\t\t\t}\n\t\t\t\/* see gallery_shortcode() in wp-includes\/media.php *\/\n\t\t<\/style>\n\t\t<div id='gallery-1' class='gallery galleryid-561 gallery-columns-3 gallery-size-thumbnail'><dl class='gallery-item'>\n\t\t\t<dt class='gallery-icon landscape'>\n\t\t\t\t<a href='https:\/\/www.technidor.com\/wp-content\/uploads\/2018\/02\/Style-3000_NB_0.jpg'><img loading=\"lazy\" decoding=\"async\" width=\"150\" height=\"150\" src=\"https:\/\/www.technidor.com\/wp-content\/uploads\/2018\/02\/Style-3000_NB_0-150x150.jpg\" class=\"attachment-thumbnail size-thumbnail\" alt=\"\" \/><\/a>\n\t\t\t<\/dt><\/dl><dl class='gallery-item'>\n\t\t\t<dt class='gallery-icon landscape'>\n\t\t\t\t<a href='https:\/\/www.technidor.com\/wp-content\/uploads\/2018\/02\/InorganicFiberGasketing1200x900.png'><img loading=\"lazy\" decoding=\"async\" width=\"150\" height=\"150\" src=\"https:\/\/www.technidor.com\/wp-content\/uploads\/2018\/02\/InorganicFiberGasketing1200x900-150x150.png\" class=\"attachment-thumbnail size-thumbnail\" alt=\"\" \/><\/a>\n\t\t\t<\/dt><\/dl><dl class='gallery-item'>\n\t\t\t<dt class='gallery-icon landscape'>\n\t\t\t\t<a href='https:\/\/www.technidor.com\/wp-content\/uploads\/2018\/02\/HIghTempGasketing_1200x900.png'><img loading=\"lazy\" decoding=\"async\" width=\"150\" height=\"150\" src=\"https:\/\/www.technidor.com\/wp-content\/uploads\/2018\/02\/HIghTempGasketing_1200x900-150x150.png\" class=\"attachment-thumbnail size-thumbnail\" alt=\"\" \/><\/a>\n\t\t\t<\/dt><\/dl><br style=\"clear: both\" \/><dl class='gallery-item'>\n\t\t\t<dt class='gallery-icon landscape'>\n\t\t\t\t<a href='https:\/\/www.technidor.com\/wp-content\/uploads\/2018\/02\/Style-9850_1200x900.jpg'><img loading=\"lazy\" decoding=\"async\" width=\"150\" height=\"150\" src=\"https:\/\/www.technidor.com\/wp-content\/uploads\/2018\/02\/Style-9850_1200x900-150x150.jpg\" class=\"attachment-thumbnail size-thumbnail\" alt=\"\" \/><\/a>\n\t\t\t<\/dt><\/dl><dl class='gallery-item'>\n\t\t\t<dt class='gallery-icon landscape'>\n\t\t\t\t<a href='https:\/\/www.technidor.com\/wp-content\/uploads\/2018\/02\/Garlock-Style-9900_1200x900.jpg'><img loading=\"lazy\" decoding=\"async\" width=\"150\" height=\"150\" src=\"https:\/\/www.technidor.com\/wp-content\/uploads\/2018\/02\/Garlock-Style-9900_1200x900-150x150.jpg\" class=\"attachment-thumbnail size-thumbnail\" alt=\"\" \/><\/a>\n\t\t\t<\/dt><\/dl><dl class='gallery-item'>\n\t\t\t<dt class='gallery-icon landscape'>\n\t\t\t\t<a href='https:\/\/www.technidor.com\/wp-content\/uploads\/2018\/02\/papeloes_hid.png'><img loading=\"lazy\" decoding=\"async\" width=\"150\" height=\"150\" src=\"https:\/\/www.technidor.com\/wp-content\/uploads\/2018\/02\/papeloes_hid-150x150.png\" class=\"attachment-thumbnail size-thumbnail\" alt=\"\" \/><\/a>\n\t\t\t<\/dt><\/dl><br style=\"clear: both\" \/>\n\t\t<\/div>\n<\/div><\/div><div id=\"pgc-561-0-1\"  class=\"panel-grid-cell\" ><div id=\"panel-561-0-1-0\" class=\"so-panel widget widget_sow-headline panel-first-child\" data-index=\"2\" ><div\n\t\t\t\n\t\t\tclass=\"so-widget-sow-headline so-widget-sow-headline-default-517b58a142f6-561\"\n\t\t\t\n\t\t><div class=\"sow-headline-container \">\n\t\t\t\t\t\t\t<h3 class=\"sow-headline\">\n\t\t\t\t\t\tLas fibras sint\u00e9ticas se emplean para la fabricaci\u00f3n de juntas blandas (no met\u00e1licas) en servicios de baja y media presi\u00f3n.\t\t\t\t\t\t<\/h3>\n\t\t\t\t\t\t\t\t\t\t\t<div class=\"decoration\">\n\t\t\t\t\t\t<div class=\"decoration-inside\"><\/div>\n\t\t\t\t\t<\/div>\n\t\t\t\t\t<\/div>\n<\/div><\/div><div id=\"panel-561-0-1-1\" class=\"so-panel widget widget_sow-editor panel-last-child\" data-index=\"3\" ><div\n\t\t\t\n\t\t\tclass=\"so-widget-sow-editor so-widget-sow-editor-base\"\n\t\t\t\n\t\t>\n<div class=\"siteorigin-widget-tinymce textwidget\">\n\t<p>Con frecuencia, la junta resultante no es \u201csolo\u201d una fibra sint\u00e9tica comprimida sino que se le a\u00f1aden cargas y un aglutinante.<\/p>\n<p><strong><u>FORMATOS<\/u><\/strong><\/p>\n<ul>\n<li><strong>Planchas<\/strong> en diferentes medidas siendo la standard 1500 x 1500 mm<\/li>\n<li><strong>Juntas cortadas<\/strong> medidas standard seg\u00fan normativas y en medidas especiales seg\u00fan planos (a consultar)<\/li>\n<li><strong>Diferentes espesores<\/strong> :\u00a00,8mm\u00a0 1mm 1,6mm 2mm 3,2mm\u00a0<\/li>\n<\/ul>\n<p><em>En la actualidad, el amianto est\u00e1 prohibido y en su lugar se emplean otras fibras:<\/em><\/p>\n<table width=\"568\">\n<tbody>\n<tr>\n<td width=\"138\">\n<p><strong>Aramida<\/strong><\/p>\n<\/td>\n<td width=\"314\">\n<p>Fibra sint\u00e9tica de alta resistencia mec\u00e1nica y estabilidad, apta para temperaturas de hasta 250 \u00baC. Las fibras puras pueden fibrilar.<\/p>\n<\/td>\n<td width=\"115\">\u00a0<img loading=\"lazy\" decoding=\"async\" class=\"size-full wp-image-737 alignright\" src=\"http:\/\/www.technidor.com\/wp-content\/uploads\/2018\/02\/EESTATICA_MAT_Fibras-sint\u00e9ticas-ARAMIDA-e1519738674494.jpg\" alt=\"\" width=\"80\" height=\"89\" \/><\/td>\n<\/tr>\n<tr>\n<td width=\"138\">\n<p><strong>Celulosa<\/strong><\/p>\n<\/td>\n<td width=\"314\">\n<p>Fibra natural para bajas temperaturas. Las fibras puras pueden fibrilar. No recomendable para temperaturas superiores a 120 \u00baC.<\/p>\n<\/td>\n<td width=\"115\">\u00a0<img loading=\"lazy\" decoding=\"async\" class=\"alignnone size-full wp-image-740\" src=\"http:\/\/www.technidor.com\/wp-content\/uploads\/2018\/02\/EESTATICA_MAT_Fibras-sint\u00e9ticas-CELULOSA.jpg\" alt=\"\" width=\"189\" height=\"126\" \/><\/td>\n<\/tr>\n<tr>\n<td width=\"138\">\n<p><strong>Fibra de carbono<\/strong><\/p>\n<\/td>\n<td width=\"314\">\n<p>Apto para el servicio a alta temperatura. Buena resistencia qu\u00edmica, excepto en medios oxidantes.<\/p>\n<\/td>\n<td width=\"115\">\u00a0<img loading=\"lazy\" decoding=\"async\" class=\"alignnone wp-image-741\" src=\"http:\/\/www.technidor.com\/wp-content\/uploads\/2018\/02\/EESTATICA_MAT_Fibras-sint\u00e9ticas-FIBRA-CARBONO-e1519738487233.jpg\" alt=\"\" width=\"102\" height=\"57\" \/><\/td>\n<\/tr>\n<tr>\n<td width=\"138\">\n<p><strong>Mica<\/strong><\/p>\n<\/td>\n<td width=\"314\">\n<p>Silicatos mixtos de aluminio de origen natural. Excelente estabilidad t\u00e9rmica y resistencia qu\u00edmica.<\/p>\n<\/td>\n<td width=\"115\">\u00a0<img loading=\"lazy\" decoding=\"async\" class=\"alignnone wp-image-739\" src=\"http:\/\/www.technidor.com\/wp-content\/uploads\/2018\/02\/EESTATICA_MAT_Fibras-sint\u00e9ticas-MICA-e1519738562137.jpg\" alt=\"\" width=\"87\" height=\"87\" \/><\/td>\n<\/tr>\n<tr>\n<td width=\"138\">\n<p><strong>Fibra de vidrio<\/strong><\/p>\n<\/td>\n<td width=\"314\">\n<p>Excelente resistencia t\u00e9rmica, incombustible y resistente a \u00e1cidos, aceites, disolventes, vapor, intemperie etc... reblandece a 815 \u00baC.<\/p>\n<\/td>\n<td width=\"115\">\u00a0<img loading=\"lazy\" decoding=\"async\" class=\"alignnone size-full wp-image-744\" src=\"http:\/\/www.technidor.com\/wp-content\/uploads\/2018\/02\/EESTATICA_MAT_Fibras-sint\u00e9ticas-FIBRA-VIDRIO-e1519738537173.jpg\" alt=\"\" width=\"100\" height=\"100\" \/><\/td>\n<\/tr>\n<tr>\n<td width=\"138\">\n<p><strong>Fibra mineral<\/strong><\/p>\n<\/td>\n<td width=\"314\">\n<p>Fibras de basalto amorfas y altamente homog\u00e9neas. No arden y qu\u00edmicamente son inertes. Resistentes a 500 \u00baC.<\/p>\n<\/td>\n<td width=\"115\">\u00a0<img loading=\"lazy\" decoding=\"async\" class=\"alignnone size-full wp-image-742\" src=\"http:\/\/www.technidor.com\/wp-content\/uploads\/2018\/02\/EESTATICA_MAT_Fibras-sint\u00e9ticas-FIBRA-MINERAL-e1519738589581.jpg\" alt=\"\" width=\"100\" height=\"87\" \/><\/td>\n<\/tr>\n<tr>\n<td width=\"138\">\n<p><strong>Nylon<\/strong><\/p>\n<\/td>\n<td width=\"314\">\n<p>Resistente a disolventes, hidrocarburos, aceites. No apto para \u00e1cidos y bases fuertes, oxidantes, fenol y \u00e1cido f\u00f3rmico.<\/p>\n<\/td>\n<td width=\"115\">\u00a0<img loading=\"lazy\" decoding=\"async\" class=\"alignnone size-full wp-image-743\" src=\"http:\/\/www.technidor.com\/wp-content\/uploads\/2018\/02\/EESTATICA_MAT_Fibras-sint\u00e9ticas-FIBRA-NYLON-e1519738606913.jpg\" alt=\"\" width=\"100\" height=\"75\" \/><\/td>\n<\/tr>\n<\/tbody>\n<\/table>\n<p><u><br \/>Agentes aglutinantes<\/u>, se utilizan elast\u00f3meros tales como : NBR (nitrilo) -\u00a0 EPDM -\u00a0 SBR - FKM (caucho fluorado) - NR (caucho natural) - CR (neopreno) - MVQ (metil vinil silicona).<u><br \/>Cargas m\u00e1s habituales<\/u>: silicato de aluminio - sulfato de bario - carbonato de calcio - negro de humo - fibra cer\u00e1mica - corcho - grafito - s\u00edlica.<strong><u><br \/><\/u><\/strong><\/p>\n<p><strong><u>VARIEDAD DE MATERIALES<\/u><\/strong>\u00a0Las cargas o aditivos son componentes que se a\u00f1aden a la formulaci\u00f3n del material para mejorar la calidad . Pueden ser de extrema importancia en la mejora de las propiedades f\u00edsicas y de la resistencia qu\u00edmica del material resultante, consiguiendo una estanqueidad m\u00e1s eficiente. Su formato suele ser en polvo, en fibras o la combinaci\u00f3n de ambos.<\/p>\n<\/div>\n<\/div><\/div><\/div><div id=\"pgc-561-0-2\"  class=\"panel-grid-cell\" ><div id=\"panel-561-0-2-0\" class=\"so-panel widget widget_sow-editor panel-first-child panel-last-child\" data-index=\"4\" ><div class=\"panel-widget-style panel-widget-style-for-561-0-2-0\" ><div\n\t\t\t\n\t\t\tclass=\"so-widget-sow-editor so-widget-sow-editor-base\"\n\t\t\t\n\t\t>\n<div class=\"siteorigin-widget-tinymce textwidget\">\n\t<h3 style=\"text-align: center;\">Necesitas m\u00e1s informaci\u00f3n?<\/h3>\n<p style=\"text-align: center;\">\n<div class=\"wpcf7 no-js\" id=\"wpcf7-f1642-o1\" lang=\"es-ES\" dir=\"ltr\" data-wpcf7-id=\"1642\">\n<div class=\"screen-reader-response\"><p role=\"status\" aria-live=\"polite\" aria-atomic=\"true\"><\/p> <ul><\/ul><\/div>\n<form action=\"\/index.php\/wp-json\/wp\/v2\/pages\/561#wpcf7-f1642-o1\" method=\"post\" class=\"wpcf7-form init\" aria-label=\"Formulario de contacto\" novalidate=\"novalidate\" data-status=\"init\">\n<fieldset class=\"hidden-fields-container\"><input type=\"hidden\" name=\"_wpcf7\" value=\"1642\" \/><input type=\"hidden\" name=\"_wpcf7_version\" value=\"6.1.5\" \/><input type=\"hidden\" name=\"_wpcf7_locale\" value=\"es_ES\" \/><input type=\"hidden\" name=\"_wpcf7_unit_tag\" value=\"wpcf7-f1642-o1\" \/><input type=\"hidden\" name=\"_wpcf7_container_post\" value=\"0\" \/><input type=\"hidden\" name=\"_wpcf7_posted_data_hash\" value=\"\" \/><input type=\"hidden\" name=\"_wpcf7_recaptcha_response\" value=\"\" \/>\n<\/fieldset>\n<p><label> Nombre (requerido)<br \/>\n<span class=\"wpcf7-form-control-wrap\" data-name=\"your-name\"><input size=\"40\" maxlength=\"400\" class=\"wpcf7-form-control wpcf7-text wpcf7-validates-as-required\" aria-required=\"true\" aria-invalid=\"false\" value=\"\" type=\"text\" name=\"your-name\" \/><\/span> <\/label>\n<\/p>\n<p><label> Tu correo electr\u00f3nico (requerido)<br \/>\n<span class=\"wpcf7-form-control-wrap\" data-name=\"your-email\"><input size=\"40\" maxlength=\"400\" class=\"wpcf7-form-control wpcf7-email wpcf7-validates-as-required wpcf7-text wpcf7-validates-as-email\" aria-required=\"true\" aria-invalid=\"false\" value=\"\" type=\"email\" name=\"your-email\" \/><\/span> <\/label>\n<\/p>\n<p><label> Tel\u00e9fono (requerido)<br \/>\n<span class=\"wpcf7-form-control-wrap\" data-name=\"Telefono\"><input size=\"40\" maxlength=\"400\" class=\"wpcf7-form-control wpcf7-tel wpcf7-validates-as-required wpcf7-text wpcf7-validates-as-tel\" aria-required=\"true\" aria-invalid=\"false\" value=\"\" type=\"tel\" name=\"Telefono\" \/><\/span> <\/label>\n<\/p>\n<p><label> Asunto<br \/>\n<span class=\"wpcf7-form-control-wrap\" data-name=\"your-subject\"><input size=\"40\" maxlength=\"400\" class=\"wpcf7-form-control wpcf7-text\" aria-invalid=\"false\" value=\"\" type=\"text\" name=\"your-subject\" \/><\/span> <\/label>\n<\/p>\n<p><label> Mensaje<br \/>\n<span class=\"wpcf7-form-control-wrap\" data-name=\"your-message\"><textarea cols=\"40\" rows=\"10\" maxlength=\"2000\" class=\"wpcf7-form-control wpcf7-textarea\" aria-invalid=\"false\" name=\"your-message\"><\/textarea><\/span> <\/label>\n<\/p>\n<p><small><b>Reglamento General de Protecci\u00f3n de Datos:<\/b><br \/>\nEn nombre de la empresa TECHNIDOR, S.L., propietaria del dominio web www.technidor.com y en virtud de lo establecido en el Reglamento General de Protecci\u00f3n de Datos (UE 1679\/2016) les informamos que tratamos los datos que nos facilita en el presente formulario con el fin de poder hacer efectiva su solicitud de informaci\u00f3n. Los datos proporcionados se conservar\u00e1n mientras se realiza el procesamiento de su solicitud y se le da respuesta. Usted tiene derecho a obtener confirmaci\u00f3n sobre si en TECHNIDOR, S.L. estamos tratando sus datos personales por tanto tiene derecho a acceder a sus datos personales, rectificar los inexactos o solicitar su supresi\u00f3n cuando ya no sean necesarios.<\/small>\n<\/p>\n<p><span class=\"wpcf7-form-control-wrap\" data-name=\"Consentimiento\"><span class=\"wpcf7-form-control wpcf7-acceptance\"><span class=\"wpcf7-list-item\"><label><input type=\"checkbox\" name=\"Consentimiento\" value=\"1\" aria-invalid=\"false\" \/><span class=\"wpcf7-list-item-label\">He le\u00eddo y acepto la pol\u00edtica de privacidad<\/span><\/label><\/span><\/span><\/span>\n<\/p>\n<p><input class=\"wpcf7-form-control wpcf7-submit has-spinner\" type=\"submit\" value=\"Solicitar informaci\u00f3n\" \/>\n<\/p><div class=\"wpcf7-response-output\" aria-hidden=\"true\"><\/div>\n<\/form>\n<\/div>\n<\/p>\n<\/div>\n<\/div><\/div><\/div><\/div><\/div><\/div>","protected":false},"excerpt":{"rendered":"<p>Con frecuencia, la junta resultante no es \u201csolo\u201d una fibra sint\u00e9tica comprimida sino que se le a\u00f1aden cargas y un aglutinante. FORMATOS Planchas en diferentes medidas siendo la standard 1500 x 1500 mm Juntas cortadas medidas standard seg\u00fan normativas y en medidas especiales seg\u00fan planos (a consultar) Diferentes espesores :\u00a00,8mm\u00a0 1mm 1,6mm 2mm 3,2mm\u00a0 En&hellip;<\/p>\n<p class=\"more-link\"><a href=\"https:\/\/www.technidor.com\/index.php\/estanqueidad-dinamica-y-estatica\/estanqueidad-estatica\/materiales-para-juntas-fibras-sinteticas\/\" class=\"themebutton2\">Leer m\u00e1s<\/a><\/p>\n","protected":false},"author":2,"featured_media":738,"parent":182,"menu_order":2,"comment_status":"closed","ping_status":"closed","template":"","meta":{"_uf_show_specific_survey":0,"_uf_disable_surveys":false,"footnotes":""},"class_list":["post-561","page","type-page","status-publish","has-post-thumbnail","hentry"],"aioseo_notices":[],"_links":{"self":[{"href":"https:\/\/www.technidor.com\/index.php\/wp-json\/wp\/v2\/pages\/561","targetHints":{"allow":["GET"]}}],"collection":[{"href":"https:\/\/www.technidor.com\/index.php\/wp-json\/wp\/v2\/pages"}],"about":[{"href":"https:\/\/www.technidor.com\/index.php\/wp-json\/wp\/v2\/types\/page"}],"author":[{"embeddable":true,"href":"https:\/\/www.technidor.com\/index.php\/wp-json\/wp\/v2\/users\/2"}],"replies":[{"embeddable":true,"href":"https:\/\/www.technidor.com\/index.php\/wp-json\/wp\/v2\/comments?post=561"}],"version-history":[{"count":27,"href":"https:\/\/www.technidor.com\/index.php\/wp-json\/wp\/v2\/pages\/561\/revisions"}],"predecessor-version":[{"id":1683,"href":"https:\/\/www.technidor.com\/index.php\/wp-json\/wp\/v2\/pages\/561\/revisions\/1683"}],"up":[{"embeddable":true,"href":"https:\/\/www.technidor.com\/index.php\/wp-json\/wp\/v2\/pages\/182"}],"wp:featuredmedia":[{"embeddable":true,"href":"https:\/\/www.technidor.com\/index.php\/wp-json\/wp\/v2\/media\/738"}],"wp:attachment":[{"href":"https:\/\/www.technidor.com\/index.php\/wp-json\/wp\/v2\/media?parent=561"}],"curies":[{"name":"wp","href":"https:\/\/api.w.org\/{rel}","templated":true}]}}