{"id":569,"date":"2018-01-24T08:55:24","date_gmt":"2018-01-24T08:55:24","guid":{"rendered":"http:\/\/www.technidor.com\/?page_id=569"},"modified":"2018-05-14T15:43:07","modified_gmt":"2018-05-14T15:43:07","slug":"juntas-especiales-cinta-adhesiva-ptfe","status":"publish","type":"page","link":"https:\/\/www.technidor.com\/index.php\/estanqueidad-dinamica-y-estatica\/estanqueidad-estatica\/juntas-especiales-cinta-adhesiva-ptfe\/","title":{"rendered":"Juntas Especiales  &#8211; Cinta Adhesiva PTFE"},"content":{"rendered":"<div id=\"pl-569\"  class=\"panel-layout\" ><div id=\"pg-569-0\"  class=\"panel-grid panel-no-style\" ><div id=\"pgc-569-0-0\"  class=\"panel-grid-cell\" ><div id=\"panel-569-0-0-0\" class=\"so-panel widget widget_sow-hero panel-first-child\" data-index=\"0\" ><div\n\t\t\t\n\t\t\tclass=\"so-widget-sow-hero so-widget-sow-hero-default-eb77c8863727-569 so-widget-fittext-wrapper\"\n\t\t\t data-fit-text-compressor=\"0.85\"\n\t\t>\t\t\t\t<div class=\"sow-slider-base\" style=\"display: none\" tabindex=\"0\">\n\t\t\t\t\t<ul\n\t\t\t\t\tclass=\"sow-slider-images\"\n\t\t\t\t\tdata-settings=\"{&quot;pagination&quot;:true,&quot;speed&quot;:800,&quot;timeout&quot;:8000,&quot;paused&quot;:false,&quot;pause_on_hover&quot;:false,&quot;swipe&quot;:true,&quot;nav_always_show_desktop&quot;:&quot;&quot;,&quot;nav_always_show_mobile&quot;:&quot;&quot;,&quot;breakpoint&quot;:&quot;780px&quot;,&quot;unmute&quot;:false,&quot;anchor&quot;:null}\"\n\t\t\t\t\t\t\t\t\t\tdata-anchor-id=\"\"\n\t\t\t\t>\t\t<li class=\"sow-slider-image\" style=\"visibility: visible;;background-color: #ffffff\" >\n\t\t\t\t\t<div class=\"sow-slider-image-container\">\n\t\t\t<div class=\"sow-slider-image-wrapper\">\n\t\t\t\t<p><img loading=\"lazy\" decoding=\"async\" class=\"size-medium wp-image-988 aligncenter\" src=\"http:\/\/www.technidor.com\/wp-content\/uploads\/2018\/03\/Cinta-adhesiva-PTFE-300x256.jpg\" alt=\"\" width=\"300\" height=\"256\" \/><\/p>\t\t\t<\/div>\n\t\t<\/div>\n\t\t\t\t<\/li>\n\t\t<\/ul>\t\t\t\t<ol class=\"sow-slider-pagination\">\n\t\t\t\t\t\t\t\t\t\t\t<li><a href=\"#\" data-goto=\"0\" aria-label=\"mostrar diapositiva 1\"><\/a><\/li>\n\t\t\t\t\t\t\t\t\t<\/ol>\n\n\t\t\t\t<div class=\"sow-slide-nav sow-slide-nav-next\">\n\t\t\t\t\t<a href=\"#\" data-goto=\"next\" aria-label=\"diapositiva siguiente\" data-action=\"next\">\n\t\t\t\t\t\t<em class=\"sow-sld-icon-thin-right\"><\/em>\n\t\t\t\t\t<\/a>\n\t\t\t\t<\/div>\n\n\t\t\t\t<div class=\"sow-slide-nav sow-slide-nav-prev\">\n\t\t\t\t\t<a href=\"#\" data-goto=\"previous\" aria-label=\"diapositiva anterior\" data-action=\"prev\">\n\t\t\t\t\t\t<em class=\"sow-sld-icon-thin-left\"><\/em>\n\t\t\t\t\t<\/a>\n\t\t\t\t<\/div>\n\t\t\t\t<\/div><\/div><\/div><div id=\"panel-569-0-0-1\" class=\"so-panel widget widget_media_gallery panel-last-child\" data-index=\"1\" >\n\t\t<style type=\"text\/css\">\n\t\t\t#gallery-1 {\n\t\t\t\tmargin: auto;\n\t\t\t}\n\t\t\t#gallery-1 .gallery-item {\n\t\t\t\tfloat: left;\n\t\t\t\tmargin-top: 10px;\n\t\t\t\ttext-align: center;\n\t\t\t\twidth: 50%;\n\t\t\t}\n\t\t\t#gallery-1 img {\n\t\t\t\tborder: 2px solid #cfcfcf;\n\t\t\t}\n\t\t\t#gallery-1 .gallery-caption {\n\t\t\t\tmargin-left: 0;\n\t\t\t}\n\t\t\t\/* see gallery_shortcode() in wp-includes\/media.php *\/\n\t\t<\/style>\n\t\t<div id='gallery-1' class='gallery galleryid-569 gallery-columns-2 gallery-size-medium'><dl class='gallery-item'>\n\t\t\t<dt class='gallery-icon landscape'>\n\t\t\t\t<a href='https:\/\/www.technidor.com\/wp-content\/uploads\/2018\/02\/EESTATICA_JESP_Cinta-adhesiva-de-PTFE-FOTO.jpg'><img loading=\"lazy\" decoding=\"async\" width=\"300\" height=\"219\" src=\"https:\/\/www.technidor.com\/wp-content\/uploads\/2018\/02\/EESTATICA_JESP_Cinta-adhesiva-de-PTFE-FOTO-300x219.jpg\" class=\"attachment-medium size-medium\" alt=\"\" srcset=\"https:\/\/www.technidor.com\/wp-content\/uploads\/2018\/02\/EESTATICA_JESP_Cinta-adhesiva-de-PTFE-FOTO-300x219.jpg 300w, https:\/\/www.technidor.com\/wp-content\/uploads\/2018\/02\/EESTATICA_JESP_Cinta-adhesiva-de-PTFE-FOTO.jpg 350w\" sizes=\"auto, (max-width: 300px) 100vw, 300px\" \/><\/a>\n\t\t\t<\/dt><\/dl><dl class='gallery-item'>\n\t\t\t<dt class='gallery-icon landscape'>\n\t\t\t\t<a href='https:\/\/www.technidor.com\/wp-content\/uploads\/2018\/02\/EESTATICA_JESP_Cinta-adhesiva-de-PTFE-FOTO-2.jpg'><img loading=\"lazy\" decoding=\"async\" width=\"288\" height=\"175\" src=\"https:\/\/www.technidor.com\/wp-content\/uploads\/2018\/02\/EESTATICA_JESP_Cinta-adhesiva-de-PTFE-FOTO-2.jpg\" class=\"attachment-medium size-medium\" alt=\"\" \/><\/a>\n\t\t\t<\/dt><\/dl><br style=\"clear: both\" \/>\n\t\t<\/div>\n<\/div><\/div><div id=\"pgc-569-0-1\"  class=\"panel-grid-cell\" ><div id=\"panel-569-0-1-0\" class=\"so-panel widget widget_sow-headline panel-first-child\" data-index=\"2\" ><div\n\t\t\t\n\t\t\tclass=\"so-widget-sow-headline so-widget-sow-headline-default-11ef186fff24-569\"\n\t\t\t\n\t\t><div class=\"sow-headline-container \">\n\t\t\t\t\t\t\t<h3 class=\"sow-headline\">\n\t\t\t\t\t\tCinta adhesiva de PTFE\t\t\t\t\t\t<\/h3>\n\t\t\t\t\t\t\t\t\t\t\t<div class=\"decoration\">\n\t\t\t\t\t\t<div class=\"decoration-inside\"><\/div>\n\t\t\t\t\t<\/div>\n\t\t\t\t\t\t\t\t\t\t\t<h3 class=\"sow-sub-headline\">\n\t\t\t\t\t\t \t\t\t\t\t\t<\/h3>\n\t\t\t\t\t\t<\/div>\n<\/div><\/div><div id=\"panel-569-0-1-1\" class=\"so-panel widget widget_sow-editor panel-last-child\" data-index=\"3\" ><div\n\t\t\t\n\t\t\tclass=\"so-widget-sow-editor so-widget-sow-editor-base\"\n\t\t\t\n\t\t>\n<div class=\"siteorigin-widget-tinymce textwidget\">\n\t<p><img loading=\"lazy\" decoding=\"async\" class=\"size-medium wp-image-701 alignright\" src=\"http:\/\/www.technidor.com\/wp-content\/uploads\/2018\/02\/EESTATICA_JESP_Cinta-adhesiva-de-PTFE-FOTO-300x219.jpg\" alt=\"\" width=\"300\" height=\"219\" srcset=\"https:\/\/www.technidor.com\/wp-content\/uploads\/2018\/02\/EESTATICA_JESP_Cinta-adhesiva-de-PTFE-FOTO-300x219.jpg 300w, https:\/\/www.technidor.com\/wp-content\/uploads\/2018\/02\/EESTATICA_JESP_Cinta-adhesiva-de-PTFE-FOTO.jpg 350w\" sizes=\"auto, (max-width: 300px) 100vw, 300px\" \/><\/p>\n<p>El PTFE expandido (<strong>ePTFE<\/strong>), en su versi\u00f3n de cinta con adhesivo en una cara, aporta la soluci\u00f3n definitiva al sellado de bocas de hombre o en superficies de gran tama\u00f1o, donde ser\u00eda caro o t\u00e9cnicamente inviable emplear juntas cortadas a partir de planchas.<\/p>\n<p>Seg\u00fan sea el proceso de fabricaci\u00f3n del ePTFE, se consigue una u otra orientaci\u00f3n de fibras:<\/p>\n<ul>\n<li><em>- Estructura de fibras uniformes y orientadas en la misma direcci\u00f3n (<strong>MONODIRECCIONAL<\/strong>)<\/em><\/li>\n<li><em>- Estructura de fibras uniformes y en m\u00faltiples direcciones (<strong>MULTIDIRECCIONAL<\/strong>)<\/em><\/li>\n<\/ul>\n<p>\u00a0<\/p>\n<p><img loading=\"lazy\" decoding=\"async\" class=\"size-full wp-image-700 alignright\" src=\"http:\/\/www.technidor.com\/wp-content\/uploads\/2018\/02\/EESTATICA_JESP_Cinta-adhesiva-de-PTFE-FOTO-2.jpg\" alt=\"\" width=\"288\" height=\"175\" \/><\/p>\n<p>El <strong>ePTFE MULTIDIRECCIONAL<\/strong>, presenta una extrema resistencia longitudinal y a la relajaci\u00f3n y en consecuencia, la cinta adhesiva, bajo apriete, no se expande lateralmente y mantiene su ancho y su espesor.<\/p>\n<ul>\n<li>- Estabilidad t\u00e9rmica comprendida entre -240 \u00baC - +270 \u00baC y, puntualmente hasta +315 \u00baC<\/li>\n<li>- Qu\u00edmicamente inerte a la mayor\u00eda de sustancias en el rango completo de pH (0 a 14).<\/li>\n<li>- Apto para agentes corrosivos, hidrocarburos, \u00e1cidos, vapor, ox\u00edgeno etc.., exceptuando sales fundidas de metales alcalinos, sales de fl\u00faor y gas fl\u00faor a alta temperatura.<\/li>\n<li>- Presi\u00f3n de trabajo: desde vac\u00edo hasta 200 bar<\/li>\n<li>- Es ligero, blando y muy flexible. Garantiza un buen sellado en superficies rugosas e irregulares.<\/li>\n<li>- Certificaciones FDA; EU 1935\/2004; TA-Luft; WRc; BAM; DVGW.<\/li>\n<\/ul>\n<p>\u00a0<\/p>\n<p>La cinta adhesiva de <strong>ePTFE<\/strong> asegura una buena estanqueidad en bridas y contenedores de vidrio, de pl\u00e1stico, de metal y esmaltadas.<\/p>\n<p><em>El formato de la cinta es de secci\u00f3n rectangular y espesores variables desde 0,5 mm hasta 9,0 mm.<\/em><\/p>\n<\/div>\n<\/div><\/div><\/div><div id=\"pgc-569-0-2\"  class=\"panel-grid-cell\" ><div id=\"panel-569-0-2-0\" class=\"so-panel widget widget_sow-editor panel-first-child panel-last-child\" data-index=\"4\" ><div class=\"panel-widget-style panel-widget-style-for-569-0-2-0\" ><div\n\t\t\t\n\t\t\tclass=\"so-widget-sow-editor so-widget-sow-editor-base\"\n\t\t\t\n\t\t>\n<div class=\"siteorigin-widget-tinymce textwidget\">\n\t<h3 style=\"text-align: center;\">Necesitas m\u00e1s informaci\u00f3n?<\/h3>\n<p style=\"text-align: center;\">\n<div class=\"wpcf7 no-js\" id=\"wpcf7-f1642-o1\" lang=\"es-ES\" dir=\"ltr\" data-wpcf7-id=\"1642\">\n<div class=\"screen-reader-response\"><p role=\"status\" aria-live=\"polite\" aria-atomic=\"true\"><\/p> <ul><\/ul><\/div>\n<form action=\"\/index.php\/wp-json\/wp\/v2\/pages\/569#wpcf7-f1642-o1\" method=\"post\" class=\"wpcf7-form init\" aria-label=\"Formulario de contacto\" novalidate=\"novalidate\" data-status=\"init\">\n<fieldset class=\"hidden-fields-container\"><input type=\"hidden\" name=\"_wpcf7\" value=\"1642\" \/><input type=\"hidden\" name=\"_wpcf7_version\" value=\"6.1.5\" \/><input type=\"hidden\" name=\"_wpcf7_locale\" value=\"es_ES\" \/><input type=\"hidden\" name=\"_wpcf7_unit_tag\" value=\"wpcf7-f1642-o1\" \/><input type=\"hidden\" name=\"_wpcf7_container_post\" value=\"0\" \/><input type=\"hidden\" name=\"_wpcf7_posted_data_hash\" value=\"\" \/><input type=\"hidden\" name=\"_wpcf7_recaptcha_response\" value=\"\" \/>\n<\/fieldset>\n<p><label> Nombre (requerido)<br \/>\n<span class=\"wpcf7-form-control-wrap\" data-name=\"your-name\"><input size=\"40\" maxlength=\"400\" class=\"wpcf7-form-control wpcf7-text wpcf7-validates-as-required\" aria-required=\"true\" aria-invalid=\"false\" value=\"\" type=\"text\" name=\"your-name\" \/><\/span> <\/label>\n<\/p>\n<p><label> Tu correo electr\u00f3nico (requerido)<br \/>\n<span class=\"wpcf7-form-control-wrap\" data-name=\"your-email\"><input size=\"40\" maxlength=\"400\" class=\"wpcf7-form-control wpcf7-email wpcf7-validates-as-required wpcf7-text wpcf7-validates-as-email\" aria-required=\"true\" aria-invalid=\"false\" value=\"\" type=\"email\" name=\"your-email\" \/><\/span> <\/label>\n<\/p>\n<p><label> Tel\u00e9fono (requerido)<br \/>\n<span class=\"wpcf7-form-control-wrap\" data-name=\"Telefono\"><input size=\"40\" maxlength=\"400\" class=\"wpcf7-form-control wpcf7-tel wpcf7-validates-as-required wpcf7-text wpcf7-validates-as-tel\" aria-required=\"true\" aria-invalid=\"false\" value=\"\" type=\"tel\" name=\"Telefono\" \/><\/span> <\/label>\n<\/p>\n<p><label> Asunto<br \/>\n<span class=\"wpcf7-form-control-wrap\" data-name=\"your-subject\"><input size=\"40\" maxlength=\"400\" class=\"wpcf7-form-control wpcf7-text\" aria-invalid=\"false\" value=\"\" type=\"text\" name=\"your-subject\" \/><\/span> <\/label>\n<\/p>\n<p><label> Mensaje<br \/>\n<span class=\"wpcf7-form-control-wrap\" data-name=\"your-message\"><textarea cols=\"40\" rows=\"10\" maxlength=\"2000\" class=\"wpcf7-form-control wpcf7-textarea\" aria-invalid=\"false\" name=\"your-message\"><\/textarea><\/span> <\/label>\n<\/p>\n<p><small><b>Reglamento General de Protecci\u00f3n de Datos:<\/b><br \/>\nEn nombre de la empresa TECHNIDOR, S.L., propietaria del dominio web www.technidor.com y en virtud de lo establecido en el Reglamento General de Protecci\u00f3n de Datos (UE 1679\/2016) les informamos que tratamos los datos que nos facilita en el presente formulario con el fin de poder hacer efectiva su solicitud de informaci\u00f3n. Los datos proporcionados se conservar\u00e1n mientras se realiza el procesamiento de su solicitud y se le da respuesta. Usted tiene derecho a obtener confirmaci\u00f3n sobre si en TECHNIDOR, S.L. estamos tratando sus datos personales por tanto tiene derecho a acceder a sus datos personales, rectificar los inexactos o solicitar su supresi\u00f3n cuando ya no sean necesarios.<\/small>\n<\/p>\n<p><span class=\"wpcf7-form-control-wrap\" data-name=\"Consentimiento\"><span class=\"wpcf7-form-control wpcf7-acceptance\"><span class=\"wpcf7-list-item\"><label><input type=\"checkbox\" name=\"Consentimiento\" value=\"1\" aria-invalid=\"false\" \/><span class=\"wpcf7-list-item-label\">He le\u00eddo y acepto la pol\u00edtica de privacidad<\/span><\/label><\/span><\/span><\/span>\n<\/p>\n<p><input class=\"wpcf7-form-control wpcf7-submit has-spinner\" type=\"submit\" value=\"Solicitar informaci\u00f3n\" \/>\n<\/p><div class=\"wpcf7-response-output\" aria-hidden=\"true\"><\/div>\n<\/form>\n<\/div>\n<\/p>\n<\/div>\n<\/div><\/div><\/div><\/div><\/div><\/div>","protected":false},"excerpt":{"rendered":"<p>El PTFE expandido (ePTFE), en su versi\u00f3n de cinta con adhesivo en una cara, aporta la soluci\u00f3n definitiva al sellado de bocas de hombre o en superficies de gran tama\u00f1o, donde ser\u00eda caro o t\u00e9cnicamente inviable emplear juntas cortadas a partir de planchas. Seg\u00fan sea el proceso de fabricaci\u00f3n del ePTFE, se consigue una u&hellip;<\/p>\n<p class=\"more-link\"><a href=\"https:\/\/www.technidor.com\/index.php\/estanqueidad-dinamica-y-estatica\/estanqueidad-estatica\/juntas-especiales-cinta-adhesiva-ptfe\/\" class=\"themebutton2\">Leer m\u00e1s<\/a><\/p>\n","protected":false},"author":2,"featured_media":988,"parent":182,"menu_order":6,"comment_status":"closed","ping_status":"closed","template":"","meta":{"_uf_show_specific_survey":0,"_uf_disable_surveys":false,"footnotes":""},"class_list":["post-569","page","type-page","status-publish","has-post-thumbnail","hentry"],"aioseo_notices":[],"_links":{"self":[{"href":"https:\/\/www.technidor.com\/index.php\/wp-json\/wp\/v2\/pages\/569","targetHints":{"allow":["GET"]}}],"collection":[{"href":"https:\/\/www.technidor.com\/index.php\/wp-json\/wp\/v2\/pages"}],"about":[{"href":"https:\/\/www.technidor.com\/index.php\/wp-json\/wp\/v2\/types\/page"}],"author":[{"embeddable":true,"href":"https:\/\/www.technidor.com\/index.php\/wp-json\/wp\/v2\/users\/2"}],"replies":[{"embeddable":true,"href":"https:\/\/www.technidor.com\/index.php\/wp-json\/wp\/v2\/comments?post=569"}],"version-history":[{"count":17,"href":"https:\/\/www.technidor.com\/index.php\/wp-json\/wp\/v2\/pages\/569\/revisions"}],"predecessor-version":[{"id":1691,"href":"https:\/\/www.technidor.com\/index.php\/wp-json\/wp\/v2\/pages\/569\/revisions\/1691"}],"up":[{"embeddable":true,"href":"https:\/\/www.technidor.com\/index.php\/wp-json\/wp\/v2\/pages\/182"}],"wp:featuredmedia":[{"embeddable":true,"href":"https:\/\/www.technidor.com\/index.php\/wp-json\/wp\/v2\/media\/988"}],"wp:attachment":[{"href":"https:\/\/www.technidor.com\/index.php\/wp-json\/wp\/v2\/media?parent=569"}],"curies":[{"name":"wp","href":"https:\/\/api.w.org\/{rel}","templated":true}]}}